{"id":100541,"date":"2026-03-20T11:18:53","date_gmt":"2026-03-20T11:18:53","guid":{"rendered":"https:\/\/soydeaqui.ddns.net\/pachuca\/index.php\/producto\/ptz-ip-4-megapixel-42x-zoom-500-mts-ir-autoseguimiento-3-0-wdr-140-db-ois-deep-learning-exterior-ip67-ik10-rapid-focus-hi-poe-micro-sd-anticorrosivo-nema-4x-wf2-2\/"},"modified":"2026-03-20T11:18:55","modified_gmt":"2026-03-20T11:18:55","slug":"ptz-ip-4-megapixel-42x-zoom-500-mts-ir-autoseguimiento-3-0-wdr-140-db-ois-deep-learning-exterior-ip67-ik10-rapid-focus-hi-poe-micro-sd-anticorrosivo-nema-4x-wf2-2","status":"publish","type":"product","link":"https:\/\/soydeaqui.ddns.net\/pachuca\/index.php\/producto\/ptz-ip-4-megapixel-42x-zoom-500-mts-ir-autoseguimiento-3-0-wdr-140-db-ois-deep-learning-exterior-ip67-ik10-rapid-focus-hi-poe-micro-sd-anticorrosivo-nema-4x-wf2-2\/","title":{"rendered":"PTZ IP 4 Megapixel \/ 42X Zoom \/ 500 mts IR \/ AutoSeguimiento 3.0 \/ WDR 140 dB \/ OIS \/ Deep Learning \/ Exterior IP67 \/ IK10 \/ Rapid Focus \/ Hi-PoE  \/ Micro SD \/ Anticorrosivo \/ NEMA 4X \/ WF2"},"content":{"rendered":"<div style=\"width: 100%; max-width: 1200px; margin: 0 auto; font-family: sans-serif; line-height: 1.6; color: inherit; background-color: transparent;\"><!-- Logo --><\/p>\n<div style=\"text-align: center; margin: 20px 0;\"><img decoding=\"async\" style=\"width: 45%; height: auto; border: 1px solid rgba(150&comma; 150&comma; 150&comma; 0.3); border-radius: 8px;\" src=\"https:\/\/ftp3.syscom.mx\/usuarios\/jsosa\/HIKVISION\/imagenes\/logo\/hikvision%20see%20far.png\" alt=\"Logo Hikvision\" class=\"fr-fic fr-dii\"><\/div>\n<p><!-- Videos --><\/p>\n<div style=\"display: grid; grid-template-columns: repeat(auto-fill&comma; minmax(300px&comma; 1fr)); gap: 20px; margin: 30px 0;\"><!-- Video 1 --><\/p>\n<div style=\"position: relative; padding-bottom: 56.25%; height: 0; overflow: hidden;\"> <\/div>\n<p><!-- Video 2 --><\/p>\n<div style=\"position: relative; padding-bottom: 56.25%; height: 0; overflow: hidden;\"> <\/div>\n<p><!-- Video 3 --><\/p>\n<div style=\"position: relative; padding-bottom: 56.25%; height: 0; overflow: hidden;\"> <\/div>\n<p><!-- Video 4 --><\/p>\n<div style=\"position: relative; padding-bottom: 56.25%; height: 0; overflow: hidden;\"> <\/div>\n<p><!-- Video 5 --><\/p>\n<div style=\"position: relative; padding-bottom: 56.25%; height: 0; overflow: hidden;\"> <\/div>\n<p><!-- Video 6 --><\/p>\n<div style=\"position: relative; padding-bottom: 56.25%; height: 0; overflow: hidden;\"> <\/div>\n<\/div>\n<p><!-- Secciones principales --><\/p>\n<div style=\"display: flex; flex-wrap: wrap; gap: 30px; margin: 30px 0;\"><!-- Caracter\u00edsticas principales --><\/p>\n<div style=\"flex: 1 1 300px; min-width: 280px;\">\n<div style=\"border: 1px solid rgba(150&comma; 150&comma; 150&comma; 0.4); border-radius: 8px; overflow: hidden;\">\n<div style=\"padding: 15px; border-bottom: 1px solid rgba(150&comma; 150&comma; 150&comma; 0.2); font-weight: bold; font-size: 18px; color: inherit; background-color: rgba(255&comma; 0&comma; 0&comma; 0.1);\">Caracter&iacute;sticas principales:<\/div>\n<div style=\"padding: 15px; color: inherit;\">\n<ul style=\"padding-left: 20px; margin: 0; font-size: 14px; list-style-type: disc;\">\n<li style=\"margin-bottom: 5px;\"><span style=\"color: inherit;\">Sensor de imagen: 1\/1.8&#39; CMOS Scan Progresivo.<\/span><\/li>\n<li style=\"margin-bottom: 5px;\"><span style=\"color: inherit;\">Iluminaci&oacute;n m&iacute;nima: Color:0.001 Lux @F1.2 AGC&comma;ON) B\/N:0.0005 Lux @(F1.2&comma; AGC ON).<\/span><\/li>\n<li style=\"margin-bottom: 5px;\"><span style=\"color: inherit;\">Distancia focal: 6 a 252 mm (42X zoom &oacute;ptico \/ 16X zoom digital).<\/span><\/li>\n<li style=\"margin-bottom: 5px;\"><span style=\"color: inherit;\">Distancia de IR: 500 m IR inteligente.<\/span><\/li>\n<li style=\"margin-bottom: 5px;\"><span style=\"color: inherit;\">Funciones: dWDR \/ 3D-DNR \/ EIS \/ HLC \/ BLC \/ Auto-Seguimiento 3.0 \/ Defog \/ Rapid Focus.<\/span><\/li>\n<\/ul>\n<\/div>\n<\/div>\n<\/div>\n<p><!-- Caracter\u00edsticas F\u00edsicas y El\u00e9ctricas --><\/p>\n<div style=\"flex: 1 1 300px; min-width: 280px;\">\n<div style=\"border: 1px solid rgba(150&comma; 150&comma; 150&comma; 0.4); border-radius: 8px; overflow: hidden;\">\n<div style=\"padding: 15px; border-bottom: 1px solid rgba(150&comma; 150&comma; 150&comma; 0.2); font-weight: bold; font-size: 18px; color: inherit; background-color: rgba(255&comma; 0&comma; 0&comma; 0.1);\">Caracter&iacute;sticas F&iacute;sicas y El&eacute;ctricas:<\/div>\n<div style=\"padding: 15px; color: inherit;\">\n<ul style=\"padding-left: 20px; margin: 0; font-size: 14px; list-style-type: disc;\">\n<li style=\"margin-bottom: 5px;\"><span style=\"color: inherit;\">Aplicaci&oacute;n: Interior \/ Exterior.<\/span><\/li>\n<li style=\"margin-bottom: 5px;\"><span style=\"color: inherit;\">Protecci&oacute;n: IP67.<\/span><\/li>\n<li style=\"margin-bottom: 5px;\"><span style=\"color: inherit;\">Antivand&aacute;lico IK10.<\/span><\/li>\n<li style=\"margin-bottom: 5px;\"><span style=\"color: inherit;\">Temperatura de operaci&oacute;n: -40&deg;C a 70&deg;C.<\/span><\/li>\n<li style=\"margin-bottom: 5px;\"><span style=\"color: inherit;\">Alimentaci&oacute;n \/ Consumo: 24 Vca \/ 60 W \/ Hi-PoE.<\/span><\/li>\n<li style=\"margin-bottom: 5px;\"><span style=\"color: inherit;\">Dimensiones: 267 mm &times; 405 mm<\/span><\/li>\n<li style=\"margin-bottom: 5px;\"><span style=\"color: inherit;\">Peso: 8.5 kgs.<\/span><\/li>\n<li style=\"margin-bottom: 5px;\"><span style=\"color: inherit;\">El PTZ no incluye brazo de pared.<\/span><\/li>\n<li style=\"margin-bottom: 5px;\"><span style=\"color: inherit;\">No incluye fuente de alimentaci&oacute;n.<\/span><\/li>\n<li style=\"margin-bottom: 5px;\"><span style=\"color: inherit;\">Red: 1 puerto RJ45 (10 \/ 100 Mbps).<\/span><\/li>\n<li style=\"margin-bottom: 5px;\"><span style=\"color: inherit;\">7 entradas y 2 salidas de alarma.<\/span><\/li>\n<li style=\"margin-bottom: 5px;\"><span style=\"color: inherit;\">1 entrada y 1 salida de audio.<\/span><\/li>\n<li style=\"margin-bottom: 5px;\"><span style=\"color: inherit;\">1 salida en BNC&comma; resoluci&oacute;n m&aacute;xima de 4 CIF.<\/span><\/li>\n<\/ul>\n<\/div>\n<\/div>\n<p><!-- Accesorios --><\/p>\n<div style=\"margin-top: 20px;\">\n<div style=\"padding: 15px; border: 1px solid rgba(150&comma; 150&comma; 150&comma; 0.4); border-radius: 8px; overflow: hidden; background-color: rgba(255&comma; 0&comma; 0&comma; 0.1); font-weight: bold; font-size: 18px; color: inherit;\">Accesorios:<\/div>\n<ul style=\"padding-left: 20px; margin: 15px 0 0 0; font-size: 14px; list-style-type: disc; color: inherit;\">\n<li style=\"margin-bottom: 5px;\"><span style=\"color: inherit;\">Montaje de pared&comma; modelo: DS-1602ZJ-AKS<\/span><\/li>\n<li style=\"margin-bottom: 5px;\"><span style=\"color: inherit;\">Montaje de pared&comma; modelo: DS-1604ZJ-BOX-Y<\/span><\/li>\n<li style=\"margin-bottom: 5px;\"><span style=\"color: inherit;\">Montaje de pared con montaje de esquina&comma; modelo: DS-1604ZJ-BOX-CORNER-Y<\/span><\/li>\n<\/ul>\n<\/div>\n<\/div>\n<p><!-- Funciones de red y almacenamiento --><\/p>\n<div style=\"flex: 1 1 300px; min-width: 280px;\">\n<div style=\"border: 1px solid rgba(150&comma; 150&comma; 150&comma; 0.4); border-radius: 8px; overflow: hidden;\">\n<div style=\"padding: 15px; border-bottom: 1px solid rgba(150&comma; 150&comma; 150&comma; 0.2); font-weight: bold; font-size: 18px; color: inherit; background-color: rgba(255&comma; 0&comma; 0&comma; 0.1);\">Funciones de red y almacenamiento:<\/div>\n<div style=\"padding: 15px; color: inherit;\">\n<ul style=\"padding-left: 20px; margin: 0; font-size: 14px; list-style-type: disc;\">\n<li style=\"margin-bottom: 5px;\"><span style=\"color: inherit;\">Protocolos: IPv4\/IPv6&comma; HTTP&comma; HTTPS&comma; 802.1x&comma; Qos&comma; FTP&comma; SMTP&comma; UPnP&comma; SNMP&comma; DNS&comma; DDNS&comma; NTP&comma; RTSP&comma; RTCP&comma; RTP&comma; TCP\/IP&comma; DHCP&comma; PPPoE&comma; UDP&comma; IGMP&comma; ICMP&comma; Bonjour<\/span><\/li>\n<li style=\"margin-bottom: 5px;\"><span style=\"color: inherit;\">Soporta ONVIF (Profile S&comma; Profile G&comma; Profile T) \/ ISAPI \/ SDK.<\/span><\/li>\n<li style=\"margin-bottom: 5px;\"><span style=\"color: inherit;\">Soporta navegadores: IE 8 a 11&comma; Chrome 31.0+&comma; Firefox 30+&comma; Edge 16.16299+&comma; Safari 11+.<\/span><\/li>\n<li style=\"margin-bottom: 5px;\"><span style=\"color: inherit;\">Soporta triple streaming.<\/span><\/li>\n<li style=\"margin-bottom: 5px;\"><span style=\"color: inherit;\">Soporta 20 usuarios simult&aacute;neos.<\/span><\/li>\n<li style=\"margin-bottom: 5px;\"><span style=\"color: inherit;\">Soporta Micro SD de hasta 256GB (no incluida) \/ NAS (NPS&comma; SMB \/CIPS) \/ ANR<\/span><\/li>\n<\/ul>\n<\/div>\n<\/div>\n<\/div>\n<\/div>\n<p><!-- PAN \/ TILT --><\/p>\n<div style=\"margin: 30px 0;\">\n<div style=\"border: 1px solid rgba(150&comma; 150&comma; 150&comma; 0.4); border-radius: 8px; overflow: hidden;\">\n<div style=\"padding: 15px; border-bottom: 1px solid rgba(150&comma; 150&comma; 150&comma; 0.2); font-weight: bold; font-size: 18px; color: inherit; background-color: rgba(255&comma; 0&comma; 0&comma; 0.1);\">PAN \/ TILT:<\/div>\n<div style=\"padding: 15px; color: inherit;\">\n<ul style=\"padding-left: 20px; margin: 0; font-size: 14px; list-style-type: disc;\">\n<li style=\"margin-bottom: 5px;\"><span style=\"color: inherit;\">Rango: Pan:360&deg;endless; Tilt: -20&deg;~90&deg;(Auto Flip).<\/span><\/li>\n<li style=\"margin-bottom: 5px;\"><span style=\"color: inherit;\">Velocidad:Pan Manual Speed: 0.1&deg;~210&deg;\/s&comma; Pan Preset Speed: 280&deg;\/s. Tilt Manual Speed: 0.1&deg;~150&deg;\/s&comma; Tilt Preset Speed: 250&deg;\/s.<\/span><\/li>\n<li style=\"margin-bottom: 5px;\"><span style=\"color: inherit;\">Presets: 300<\/span><\/li>\n<li style=\"margin-bottom: 5px;\"><span style=\"color: inherit;\">patrol: 8 ( hasta 32 presets por patrol).<\/span><\/li>\n<li style=\"margin-bottom: 5px;\"><span style=\"color: inherit;\">Pattern: 4 (hasta 10 minutos por pattern).<\/span><\/li>\n<li style=\"margin-bottom: 5px;\"><span style=\"color: inherit;\">PARK ACT: Preset \/ Patrol \/ Pattern \/ Auto scan \/ Tilt scan \/ Random scan \/ Frame scan \/ Panorama scan.<\/span><\/li>\n<\/ul>\n<\/div>\n<\/div>\n<\/div>\n<p><!-- Banner final --><\/p>\n<div style=\"text-align: center; margin: 30px 0;\"><img decoding=\"async\" style=\"width: 100%; height: auto; border: 1px solid rgba(150&comma; 150&comma; 150&comma; 0.3); border-radius: 8px;\" src=\"https:\/\/ftp3.syscom.mx\/usuarios\/jsosa\/HIKVISION\/imagenes\/banners\/solution%20complete.png\" alt=\"Banner Hikvision\" class=\"fr-fic fr-dii\"><\/div>\n<\/div>\n","protected":false},"excerpt":{"rendered":"<p>PTZ IP 4 Megapixel \/ 42X Zoom \/ 500 mts IR \/ AutoSeguimiento 3.0 \/ WDR 140 dB \/ OIS \/ Deep Learning \/ Exterior IP67 \/ IK10 \/ Rapid Focus \/ Hi-PoE  \/ Micro SD \/ Anticorrosivo \/ NEMA 4X \/ WF2<\/p>\n","protected":false},"featured_media":100540,"comment_status":"open","ping_status":"closed","template":"","meta":[],"product_brand":[],"product_cat":[1224],"product_tag":[122,54,1225],"class_list":{"0":"post-100541","1":"product","2":"type-product","3":"status-publish","4":"has-post-thumbnail","6":"product_cat-ptz","7":"product_tag-camaras-ip-y-nvrs","8":"product_tag-hikvision","9":"product_tag-ptz","11":"first","12":"outofstock","13":"sale","14":"shipping-taxable","15":"purchasable","16":"product-type-simple"},"_links":{"self":[{"href":"https:\/\/soydeaqui.ddns.net\/pachuca\/index.php\/wp-json\/wp\/v2\/product\/100541","targetHints":{"allow":["GET"]}}],"collection":[{"href":"https:\/\/soydeaqui.ddns.net\/pachuca\/index.php\/wp-json\/wp\/v2\/product"}],"about":[{"href":"https:\/\/soydeaqui.ddns.net\/pachuca\/index.php\/wp-json\/wp\/v2\/types\/product"}],"replies":[{"embeddable":true,"href":"https:\/\/soydeaqui.ddns.net\/pachuca\/index.php\/wp-json\/wp\/v2\/comments?post=100541"}],"wp:featuredmedia":[{"embeddable":true,"href":"https:\/\/soydeaqui.ddns.net\/pachuca\/index.php\/wp-json\/wp\/v2\/media\/100540"}],"wp:attachment":[{"href":"https:\/\/soydeaqui.ddns.net\/pachuca\/index.php\/wp-json\/wp\/v2\/media?parent=100541"}],"wp:term":[{"taxonomy":"product_brand","embeddable":true,"href":"https:\/\/soydeaqui.ddns.net\/pachuca\/index.php\/wp-json\/wp\/v2\/product_brand?post=100541"},{"taxonomy":"product_cat","embeddable":true,"href":"https:\/\/soydeaqui.ddns.net\/pachuca\/index.php\/wp-json\/wp\/v2\/product_cat?post=100541"},{"taxonomy":"product_tag","embeddable":true,"href":"https:\/\/soydeaqui.ddns.net\/pachuca\/index.php\/wp-json\/wp\/v2\/product_tag?post=100541"}],"curies":[{"name":"wp","href":"https:\/\/api.w.org\/{rel}","templated":true}]}}