{"id":100531,"date":"2026-03-20T11:18:19","date_gmt":"2026-03-20T11:18:19","guid":{"rendered":"https:\/\/soydeaqui.ddns.net\/pachuca\/index.php\/producto\/proteccion-activa-domo-ptz-ip-4-megapixel-32x-zoom-200-mts-ir-potente-alerta-audible-y-luz-estroboscopica-hasta-100-metros-acusense-ip67-ik10-autoseguimiento-2-0-hi-poe-darkfi\/"},"modified":"2026-03-20T11:18:32","modified_gmt":"2026-03-20T11:18:32","slug":"proteccion-activa-domo-ptz-ip-4-megapixel-32x-zoom-200-mts-ir-potente-alerta-audible-y-luz-estroboscopica-hasta-100-metros-acusense-ip67-ik10-autoseguimiento-2-0-hi-poe-darkfi","status":"publish","type":"product","link":"https:\/\/soydeaqui.ddns.net\/pachuca\/index.php\/producto\/proteccion-activa-domo-ptz-ip-4-megapixel-32x-zoom-200-mts-ir-potente-alerta-audible-y-luz-estroboscopica-hasta-100-metros-acusense-ip67-ik10-autoseguimiento-2-0-hi-poe-darkfi\/","title":{"rendered":"[ PROTECCI\u00d3N ACTIVA ] Domo PTZ IP 4 Megapixel \/ 32X Zoom \/ 200 mts IR \/ Potente Alerta Audible y Luz Estrobosc\u00f3pica hasta 100 Metros \/ ACUSENSE \/ IP67 \/ IK10 \/  \/ Autoseguimiento 2.0 \/ Hi-PoE \/ DARKFIGHTER \/ Rapid Focus \/ Micro SD"},"content":{"rendered":"<div style='width: 100%; max-width: 1200px; margin: 0 auto; font-family: sans-serif; line-height: 1.6; color: inherit; background-color: transparent;'> <!-- Banner inicial --> <\/p>\n<p style='text-align: center; margin: 0;'> <span style='display: flex; justify-content: center;'> <img style='width: 45%; height: auto; border: 1px solid rgba(150&comma;150&comma;150&comma;0.3); border-radius: 8px;' src='https:\/\/ftp3.syscom.mx\/usuarios\/jsosa\/HIKVISION\/imagenes\/logo\/hikvision%20see%20far.png' alt='Banner Inicial'> <\/span> <\/p>\n<p> <!-- T\u00edtulo --> <\/p>\n<div style='width: 100%; text-align: center; margin: 30px 0;'>\n<h1 style='font-size: 24px; color: #232a6f; font-weight: bold; margin: 0; opacity: 0.9;'>Especif\u00edcaciones<\/h1>\n<\/p><\/div>\n<p> <!-- Caracter\u00edsticas Principales y F\u00edsicas --> <\/p>\n<div style='display: flex; flex-wrap: wrap; gap: 30px; margin-bottom: 30px;'> <!-- Caracter\u00edsticas Principales --> <\/p>\n<div style='flex: 1 1 300px; min-width: 280px;'>\n<div style='border: 1px solid rgba(150&comma;150&comma;150&comma;0.4); border-radius: 8px; overflow: hidden; display: flex; flex-direction: column;'>\n<div style='padding: 15px; background: #df001e; border-bottom: 1px solid rgba(150&comma;150&comma;150&comma;0.2); font-size: 18px; font-weight: bold; color: #ffffff;'>Caracter\u00edsticas Principales:<\/div>\n<div style='padding: 15px; flex-grow: 1; color: inherit;'>\n<ul style='padding-left: 20px; margin: 0; font-size: 14px; list-style-type: disc;'>\n<li style='margin-bottom: 5px;'>Resoluci\u00f3n m\u00e1xima: 4 Megapixel (2560 \u00d7 1440)<\/li>\n<li style='margin-bottom: 5px;'>Iluminaci\u00f3n m\u00ednima: color 0.005 Lux @ (F1.2&comma; AGC ON)<\/li>\n<li style='margin-bottom: 5px;'>D\u00eda \/ Noche Real (filtro ICR)<\/li>\n<li style='margin-bottom: 5px;'>Distancia focal: 5.9 a 188.8 mm (32X zoom \u00f3ptico \/ 16X zoom digital)<\/li>\n<li style='margin-bottom: 5px;'>Distancia de infrarrojo: 200 mts Smart IR<\/li>\n<li style='margin-bottom: 5px;'>Funciones normales: HLC \/ ROI \/ WDR 120 dB \/ BLC \/ Intrusi\u00f3n de \u00e1rea \/ Cruece de l\u00ednea \/ Defog \/ EIS<\/li>\n<li style='margin-bottom: 5px;'>Compresi\u00f3n: H.265+ \/ H.265 \/ H.264+ \/ H.264<\/li>\n<li style='margin-bottom: 5px;'>Compatible con la plataforma de Hik-Connect <a style='color: #0d6efd; text-decoration: none;' href='https:\/\/appstore.hikvision.com\/' target='_blank' rel='noopener'>https:\/\/appstore.hikvision.com\/<\/a><\/li>\n<li style='margin-bottom: 5px; font-weight: bold;'>Alerta audible (bocina integrada)<\/li>\n<li style='margin-bottom: 5px; font-weight: bold;'>Luz estrobosc\u00f3pica (luz blanca)<\/li>\n<\/ul><\/div>\n<\/p><\/div>\n<\/p><\/div>\n<p> <!-- Caracter\u00edsticas F\u00edsicas y El\u00e9ctricas --> <\/p>\n<div style='flex: 1 1 300px; min-width: 280px;'>\n<div style='border: 1px solid rgba(150&comma;150&comma;150&comma;0.4); border-radius: 8px; overflow: hidden; display: flex; flex-direction: column;'>\n<div style='padding: 15px; background: #df001e; border-bottom: 1px solid rgba(150&comma;150&comma;150&comma;0.2); font-size: 18px; font-weight: bold; color: #ffffff;'>Caracter\u00edsticas F\u00edsicas y El\u00e9ctricas:<\/div>\n<div style='padding: 15px; flex-grow: 1; color: inherit;'>\n<ul style='padding-left: 20px; margin: 0; font-size: 14px; list-style-type: disc;'>\n<li style='margin-bottom: 5px;'>Alimentaci\u00f3n: 24 VCA \/ Hi-PoE \/ 42 W<\/li>\n<li style='margin-bottom: 5px;'>Temperatura de operaci\u00f3n: -30\u00b0C a 65\u00b0C \/ Humedad al 90% m\u00e1ximo<\/li>\n<li style='margin-bottom: 5px;'>Uso en exterior IP67<\/li>\n<li style='margin-bottom: 5px;'>Antivand\u00e1lico IK10<\/li>\n<li style='margin-bottom: 5px;'>El PTZ incluye brazo de pared <a style='color: #0d6efd; text-decoration: none;' href='https:\/\/www.syscom.mx\/producto\/DS-1602ZJ-HIKVISION-77700.html' target='_blank' rel='noopener'>DS-1602ZJ<\/a><\/li>\n<li style='margin-bottom: 5px;'>Se recomienda usar el modelo <a style='color: #0d6efd; text-decoration: none;' href='https:\/\/www.syscom.mx\/producto\/LAS60-57CN-RJ45-HIKVISION-72655.html' target='_blank' rel='noopener'>LAS-6057-CNRJ45<\/a> en caso de que requieran alimentar el domo por medio de PoE<\/li>\n<li style='margin-bottom: 5px; font-weight: bold;'>No incluye fuente de alimentaci\u00f3n&comma; Se recomienda usar <a style='color: #0d6efd; text-decoration: none;' href='https:\/\/www.syscom.mx\/products\/229336' target='_blank' rel='noopener'>RT2470LS<\/a><\/li>\n<li style='margin-bottom: 5px; font-weight: bold;'>Consulte la ficha t\u00e9cnica para validar los accesorios compatibles&comma; de clic <a style='color: #0d6efd; text-decoration: none;' href='https:\/\/ftp3.syscom.mx\/usuarios\/alexh\/Hikvision\/Specsheet\/DS-2DE7A432IWG-EB_SL_Datasheet_20250113.pdf' target='_blank' rel='noopener'>Aqu\u00ed<\/a><\/li>\n<\/ul><\/div>\n<\/p><\/div>\n<\/p><\/div>\n<\/p><\/div>\n<p> <!-- Interfaces y Caracter\u00edsticas Generales --> <\/p>\n<div style='display: flex; flex-wrap: wrap; gap: 30px; margin-bottom: 30px;'> <!-- Interfaces Entradas y Salidas --> <\/p>\n<div style='flex: 1 1 300px; min-width: 280px;'>\n<div style='border: 1px solid rgba(150&comma;150&comma;150&comma;0.4); border-radius: 8px; overflow: hidden; display: flex; flex-direction: column;'>\n<div style='padding: 15px; background: #df001e; border-bottom: 1px solid rgba(150&comma;150&comma;150&comma;0.2); font-size: 18px; font-weight: bold; color: #ffffff;'>Interfaces Entradas y Salidas:<\/div>\n<div style='padding: 15px; flex-grow: 1; color: inherit;'>\n<ul style='padding-left: 20px; margin: 0; font-size: 14px; list-style-type: disc;'>\n<li style='margin-bottom: 5px;'>Entradas de alarma: 2<\/li>\n<li style='margin-bottom: 5px;'>Salidas de alarma: 1<\/li>\n<li style='margin-bottom: 5px;'>Entradas de audio: 1<\/li>\n<li style='margin-bottom: 5px;'>Salidas de audio: 1<\/li>\n<li style='margin-bottom: 5px;'>Puerto de red: 1 (10 \/ 100 Mbps \/ Hi-PoE)<\/li>\n<li style='margin-bottom: 5px;'>Almacenamiento micro SD de hasta 256 GB \/ ANR (Automatic Network Recovery)<\/li>\n<li style='margin-bottom: 5px;'>Soporta ONVIF (Profile S&comma; Profile G&comma; Profile T) \/ ISUP<\/li>\n<\/ul><\/div>\n<\/p><\/div>\n<\/p><\/div>\n<p> <!-- Caracter\u00edsticas Generales --> <\/p>\n<div style='flex: 1 1 300px; min-width: 280px;'>\n<div style='border: 1px solid rgba(150&comma;150&comma;150&comma;0.4); border-radius: 8px; overflow: hidden; display: flex; flex-direction: column;'>\n<div style='padding: 15px; background: #df001e; border-bottom: 1px solid rgba(150&comma;150&comma;150&comma;0.2); font-size: 18px; font-weight: bold; color: #ffffff;'>Caracter\u00edsticas Generales:<\/div>\n<div style='padding: 15px; flex-grow: 1; color: inherit;'>\n<ul style='padding-left: 20px; margin: 0; font-size: 14px; list-style-type: disc;'>\n<li style='margin-bottom: 5px;'>Paneo: 360\u00b0<\/li>\n<li style='margin-bottom: 5px;'>Tildeo: -15\u00b0 a 90\u00ba (auto flip)<\/li>\n<li style='margin-bottom: 5px;'>Preset \/ Patrol \/ Pattern: 300 \/ 8 \/ 4<\/li>\n<li style='margin-bottom: 5px;'>Reducci\u00f3n de falsas alarmas (ACUSENSE)<\/li>\n<li style='margin-bottom: 5px;'>Funci\u00f3n de PARK ACTION (funci\u00f3n de casa)<\/li>\n<li style='margin-bottom: 5px;'>Soporta tareas calendarizadas<\/li>\n<li style='margin-bottom: 5px;'>Soporta hasta 20 usuarios simult\u00e1neos<\/li>\n<\/ul><\/div>\n<\/p><\/div>\n<\/p><\/div>\n<\/p><\/div>\n<p> <!-- Caracter\u00edsticas Destacadas --> <\/p>\n<div style='margin-bottom: 30px;'>\n<div style='border: 1px solid rgba(150&comma;150&comma;150&comma;0.4); border-radius: 8px; overflow: hidden; display: flex; flex-direction: column;'>\n<div style='padding: 15px; background: #df001e; border-bottom: 1px solid rgba(150&comma;150&comma;150&comma;0.2); font-size: 18px; font-weight: bold; color: #ffffff;'>Caracter\u00edsticas Destacadas:<\/div>\n<div style='padding: 15px; color: inherit;'>\n<h3 style='font-size: 18px; margin-top: 0; margin-bottom: 15px; color: inherit; opacity: 0.8;'>ACUSENSE &#8211; Con la tecnolog\u00eda Deep Learning<\/h3>\n<ul style='padding-left: 20px; margin: 0 0 15px; font-size: 14px; list-style-type: disc;'>\n<li style='margin-bottom: 5px;'>Podremos evitar las falsas alarmas ocasionadas por los movimientos de pixeles como son el movimiento de las ramas de un \u00e1rbol&comma; movimiento de cortinas&comma; lluvias&comma; animales&comma; etc.<\/li>\n<li style='margin-bottom: 5px;'>Con la tecnolog\u00eda ACUSENSE tendremos una detecci\u00f3n efectiva ya que solo se activar\u00e1 el evento o grabaci\u00f3n cuando detecte cuerpos humanos o veh\u00edculos para as\u00ed poder evitar falsas alarmas.<\/li>\n<\/ul>\n<p style='margin: 15px 0; font-weight: bold;'>Al momento de detectar un humano o veh\u00edculo&comma; podemos activar de manera autom\u00e1tica la alerta audible y tambi\u00e9n encender la luz estrobosc\u00f3pica.<\/p>\n<h3 style='font-size: 18px; margin: 15px 0; color: inherit; opacity: 0.8;'>Tecnolog\u00eda DarkFighter y alcance IR de 200 m<\/h3>\n<ul style='padding-left: 20px; margin: 0 0 15px; font-size: 14px; list-style-type: disc;'>\n<li style='margin-bottom: 5px;'>DarkFighter para visi\u00f3n en ultrabaja luminosidad (0.001 lux en B\/N&comma; 0 lux con IR)<\/li>\n<li style='margin-bottom: 5px;'>Iluminadores IR con alcance de 200 m&comma; ideal para vigilancia nocturna en \u00e1reas extensas<\/li>\n<\/ul>\n<ul style='padding-left: 20px; margin: 15px 0; font-size: 14px; list-style-type: disc;'>\n<li style='margin-bottom: 5px;'>Se recomienda usar NVR\u00b4s NXI-K&comma; NI-K&comma; NI-I&comma; NI-M&comma; NXI-I&comma; NXI-M<\/li>\n<\/ul><\/div>\n<\/p><\/div>\n<\/p><\/div>\n<p> <!-- Videos --> <\/p>\n<div style='margin-bottom: 30px;'>\n<h3 style='font-size: 18px; margin-bottom: 15px; color: inherit; opacity: 0.8;'>Videos<\/h3>\n<div style='display: flex; flex-wrap: wrap; gap: 20px; justify-content: center;'> <!-- Zoom \u00d3ptico --> <\/p>\n<div style='flex: 1 1 300px; min-width: 280px;'>\n<div style='position: relative; padding-bottom: 56.25%; height: 0; overflow: hidden;'>   <\/div>\n<p style='text-align: center; margin-top: 10px; font-size: 14px; color: inherit;'>Zoom \u00d3ptico<\/p>\n<\/p><\/div>\n<p> <!-- DARK FIGHTER Evidencia a Color --> <\/p>\n<div style='flex: 1 1 300px; min-width: 280px;'>\n<div style='position: relative; padding-bottom: 56.25%; height: 0; overflow: hidden;'>   <\/div>\n<p style='text-align: center; margin-top: 10px; font-size: 14px; color: inherit;'>DARK FIGHTER Evidencia a Color<\/p>\n<\/p><\/div>\n<p> <!-- Hikvision DARK FIGHTER --> <\/p>\n<div style='flex: 1 1 300px; min-width: 280px;'>\n<div style='position: relative; padding-bottom: 56.25%; height: 0; overflow: hidden;'>   <\/div>\n<p style='text-align: center; margin-top: 10px; font-size: 14px; color: inherit;'>Hikvision DARK FIGHTER<\/p>\n<\/p><\/div>\n<p> <!-- Auto Seguimiento de Noche --> <\/p>\n<div style='flex: 1 1 300px; min-width: 280px;'>\n<div style='position: relative; padding-bottom: 56.25%; height: 0; overflow: hidden;'>   <\/div>\n<p style='text-align: center; margin-top: 10px; font-size: 14px; color: inherit;'>Auto Seguimiento de Noche<\/p>\n<\/p><\/div>\n<p> <!-- DARK FIGHTER 8MP --> <\/p>\n<div style='flex: 1 1 300px; min-width: 280px;'>\n<div style='position: relative; padding-bottom: 56.25%; height: 0; overflow: hidden;'>   <\/div>\n<p style='text-align: center; margin-top: 10px; font-size: 14px; color: inherit;'>DARK FIGHTER 8MP<\/p>\n<\/p><\/div>\n<p> <!-- DARK FIGHTER 2MP --> <\/p>\n<div style='flex: 1 1 300px; min-width: 280px;'>\n<div style='position: relative; padding-bottom: 56.25%; height: 0; overflow: hidden;'>   <\/div>\n<p style='text-align: center; margin-top: 10px; font-size: 14px; color: inherit;'>DARK FIGHTER 2MP<\/p>\n<\/p><\/div>\n<\/p><\/div>\n<\/p><\/div>\n<p> <!-- Imagen DARKFIGHTER --> <\/p>\n<div style='margin-bottom: 30px;'>\n<div style='display: flex; justify-content: center;'> <img style='width: 100%; max-width: 600px; height: auto; border: 1px solid rgba(150&comma;150&comma;150&comma;0.3); border-radius: 8px;' src='https:\/\/ftp3.syscom.mx\/usuarios\/jsosa\/HIKVISION\/videos\/ids\/4%20MP%20DarkFighter%20Performance%20Test.gif' alt='DarkFighter Performance'> <\/div>\n<\/p><\/div>\n<p> <!-- Banner Final --> <\/p>\n<div style='margin-bottom: 30px;'>\n<div style='display: flex; justify-content: center;'> <img style='width: 100%; max-width: 600px; height: auto; border: 1px solid rgba(150&comma;150&comma;150&comma;0.3); border-radius: 8px;' src='https:\/\/ftp3.syscom.mx\/usuarios\/jsosa\/HIKVISION\/imagenes\/banners\/solution%20complete.png' alt='Banner Final'> <\/div>\n<\/p><\/div>\n<\/p><\/div>\n","protected":false},"excerpt":{"rendered":"<p>[ PROTECCI\u00d3N ACTIVA ] Domo PTZ IP 4 Megapixel \/ 32X Zoom \/ 200 mts IR \/ Potente Alerta Audible y Luz Estrobosc\u00f3pica hasta 100 Metros \/ ACUSENSE \/ IP67 \/ IK10 \/  \/ Autoseguimiento 2.0 \/ Hi-PoE \/ DARKFIGHTER \/ Rapid Focus \/ Micro SD<\/p>\n","protected":false},"featured_media":100530,"comment_status":"open","ping_status":"closed","template":"","meta":[],"product_brand":[],"product_cat":[1224],"product_tag":[122,54,1225],"class_list":{"0":"post-100531","1":"product","2":"type-product","3":"status-publish","4":"has-post-thumbnail","6":"product_cat-ptz","7":"product_tag-camaras-ip-y-nvrs","8":"product_tag-hikvision","9":"product_tag-ptz","11":"first","12":"instock","13":"sale","14":"shipping-taxable","15":"purchasable","16":"product-type-simple"},"_links":{"self":[{"href":"https:\/\/soydeaqui.ddns.net\/pachuca\/index.php\/wp-json\/wp\/v2\/product\/100531","targetHints":{"allow":["GET"]}}],"collection":[{"href":"https:\/\/soydeaqui.ddns.net\/pachuca\/index.php\/wp-json\/wp\/v2\/product"}],"about":[{"href":"https:\/\/soydeaqui.ddns.net\/pachuca\/index.php\/wp-json\/wp\/v2\/types\/product"}],"replies":[{"embeddable":true,"href":"https:\/\/soydeaqui.ddns.net\/pachuca\/index.php\/wp-json\/wp\/v2\/comments?post=100531"}],"wp:featuredmedia":[{"embeddable":true,"href":"https:\/\/soydeaqui.ddns.net\/pachuca\/index.php\/wp-json\/wp\/v2\/media\/100530"}],"wp:attachment":[{"href":"https:\/\/soydeaqui.ddns.net\/pachuca\/index.php\/wp-json\/wp\/v2\/media?parent=100531"}],"wp:term":[{"taxonomy":"product_brand","embeddable":true,"href":"https:\/\/soydeaqui.ddns.net\/pachuca\/index.php\/wp-json\/wp\/v2\/product_brand?post=100531"},{"taxonomy":"product_cat","embeddable":true,"href":"https:\/\/soydeaqui.ddns.net\/pachuca\/index.php\/wp-json\/wp\/v2\/product_cat?post=100531"},{"taxonomy":"product_tag","embeddable":true,"href":"https:\/\/soydeaqui.ddns.net\/pachuca\/index.php\/wp-json\/wp\/v2\/product_tag?post=100531"}],"curies":[{"name":"wp","href":"https:\/\/api.w.org\/{rel}","templated":true}]}}