{"id":100505,"date":"2026-03-20T11:17:00","date_gmt":"2026-03-20T11:17:00","guid":{"rendered":"https:\/\/soydeaqui.ddns.net\/pachuca\/index.php\/producto\/dual-light-turret-ip-6-megapixel-imagen-panoramica-180-poe-microfono-y-bocina-integrado-exterior-ip67-audio-bidireccional-alarma-visual-y-auditiva-integrada-smart-supplement-light\/"},"modified":"2026-03-20T11:17:06","modified_gmt":"2026-03-20T11:17:06","slug":"dual-light-turret-ip-6-megapixel-imagen-panoramica-180-poe-microfono-y-bocina-integrado-exterior-ip67-audio-bidireccional-alarma-visual-y-auditiva-integrada-smart-supplement-light","status":"publish","type":"product","link":"https:\/\/soydeaqui.ddns.net\/pachuca\/index.php\/producto\/dual-light-turret-ip-6-megapixel-imagen-panoramica-180-poe-microfono-y-bocina-integrado-exterior-ip67-audio-bidireccional-alarma-visual-y-auditiva-integrada-smart-supplement-light\/","title":{"rendered":"[Dual Light] Turret IP 6 Megapixel \/ Imagen Panor\u00e1mica 180\u00b0\/ PoE \/ Micr\u00f3fono y Bocina Integrado \/ Exterior IP67 \/ Audio Bidireccional \/ Alarma Visual y Auditiva Integrada \/ Smart Supplement Light \/ Micro SD 512 GB"},"content":{"rendered":"<div style='width: 100%; max-width: 1200px; margin: 0 auto; font-family: sans-serif; line-height: 1.6; color: inherit; background-color: transparent;'> <!-- Imagen principal --> <\/p>\n<div style='width: 100%; margin-bottom: 30px;'> <img style='width: 100%; height: auto; border: 1px solid rgba(150&comma;150&comma;150&comma;0.3); border-radius: 8px;' src='https:\/\/ftp3.syscom.mx\/usuarios\/fotos\/IPCB120\/143291-hilook.png' alt=''> <\/div>\n<p> <!-- Im\u00e1genes adicionales --> <\/p>\n<div style='display: flex; flex-wrap: wrap; gap: 20px; margin-bottom: 30px;'>\n<div style='flex: 1 1 300px; min-width: 280px;'> <img style='width: 100%; height: auto; border: 1px solid rgba(150&comma;150&comma;150&comma;0.3); border-radius: 8px;' src='https:\/\/ftp3.syscom.mx\/usuarios\/yvalenzuela\/Hilook\/panoramica%20.png' alt=''> <\/div>\n<div style='flex: 1 1 300px; min-width: 280px;'> <img style='width: 100%; height: auto; border: 1px solid rgba(150&comma;150&comma;150&comma;0.3); border-radius: 8px;' src='https:\/\/ftp3.syscom.mx\/usuarios\/yvalenzuela\/Hilook\/panoramica%201%20.png' alt=''> <\/div>\n<\/p><\/div>\n<p> <!-- Videos --> <\/p>\n<div style='display: flex; flex-wrap: wrap; gap: 20px; margin-bottom: 30px;'>\n<div style='flex: 1 1 300px; min-width: 280px;'>\n<div style='position: relative; padding-bottom: 56.25%; height: 0; overflow: hidden;'>   <\/div>\n<\/p><\/div>\n<div style='flex: 1 1 300px; min-width: 280px;'>\n<div style='position: relative; padding-bottom: 56.25%; height: 0; overflow: hidden;'>   <\/div>\n<\/p><\/div>\n<div style='flex: 1 1 300px; min-width: 280px;'>\n<div style='position: relative; padding-bottom: 56.25%; height: 0; overflow: hidden;'>   <\/div>\n<\/p><\/div>\n<div style='flex: 1 1 300px; min-width: 280px;'>\n<div style='position: relative; padding-bottom: 56.25%; height: 0; overflow: hidden;'>   <\/div>\n<\/p><\/div>\n<div style='flex: 1 1 300px; min-width: 280px;'>\n<div style='position: relative; padding-bottom: 56.25%; height: 0; overflow: hidden;'>   <\/div>\n<\/p><\/div>\n<div style='flex: 1 1 300px; min-width: 280px;'>\n<div style='position: relative; padding-bottom: 56.25%; height: 0; overflow: hidden;'>   <\/div>\n<\/p><\/div>\n<\/p><\/div>\n<p> <!-- Secci\u00f3n de especificaciones --> <\/p>\n<div style='display: flex; flex-wrap: wrap; gap: 30px; margin-bottom: 30px;'> <!-- Columna 1 --> <\/p>\n<div style='flex: 1 1 400px; min-width: 300px;'>\n<div style='border: 1px solid rgba(150&comma; 150&comma; 150&comma; 0.4); border-radius: 8px; overflow: hidden; margin-bottom: 20px;'>\n<div style='padding: 15px; background-color: #266ca9; color: white; font-size: 18px; font-weight: bold; border-bottom: 1px solid rgba(150&comma; 150&comma; 150&comma; 0.2);'>Caracter\u00edsticas Principales<\/div>\n<div style='padding: 15px; color: inherit;'>\n<ul style='padding-left: 20px; margin: 0; font-size: 14px; list-style-type: disc;'>\n<li style='margin-bottom: 5px;'><strong>Resoluci\u00f3n m\u00e1xima:<\/strong> 6 Megap\u00edxeles (3632 \u00d7 1632)<\/li>\n<li style='margin-bottom: 5px;'><strong>Lente fijo:<\/strong> 2.8 mm (\u00e1ngulo de visi\u00f3n 180\u00b0)<\/li>\n<li style='margin-bottom: 5px;'><strong>Dual light:<\/strong> 30 m Smart IR + 30m luz blanca<\/li>\n<li style='margin-bottom: 5px;'><strong>Procesamiento de imagen:<\/strong> 3D DNR \/ BLC \/ HLC \/ dWDR<\/li>\n<li style='margin-bottom: 5px;'><strong>Audio:<\/strong> Bidireccional (Micr\u00f3fono y altavoz integrados)<\/li>\n<li style='margin-bottom: 5px;'><strong>Detecci\u00f3n:<\/strong> Movimiento con filtro humano<\/li>\n<li style='margin-bottom: 5px;'><strong>Notificaciones:<\/strong> Push en app HiLook Vision<\/li>\n<\/ul><\/div>\n<\/p><\/div>\n<div style='border: 1px solid rgba(150&comma; 150&comma; 150&comma; 0.4); border-radius: 8px; overflow: hidden;'>\n<div style='padding: 15px; background-color: #266ca9; color: white; font-size: 18px; font-weight: bold; border-bottom: 1px solid rgba(150&comma; 150&comma; 150&comma; 0.2);'>Caracter\u00edsticas Destacadas<\/div>\n<div style='padding: 15px; color: inherit;'>\n<ul style='padding-left: 20px; margin: 0; font-size: 14px; list-style-type: disc;'>\n<li style='margin-bottom: 5px;'>Tecnolog\u00eda Smart IR para visi\u00f3n nocturna<\/li>\n<li style='margin-bottom: 5px;'>Compresi\u00f3n H.265+ para ahorro de almacenamiento<\/li>\n<li style='margin-bottom: 5px;'>Soporte para montaje en pared\/techo<\/li>\n<li style='margin-bottom: 5px;'>Integraci\u00f3n con sistemas de seguridad<\/li>\n<li style='margin-bottom: 5px;'>Soporta memoria micro SD de hasta 512 GB (no incluida)<\/li>\n<\/ul><\/div>\n<\/p><\/div>\n<\/p><\/div>\n<p> <!-- Columna 2 --> <\/p>\n<div style='flex: 1 1 400px; min-width: 300px;'>\n<div style='border: 1px solid rgba(150&comma; 150&comma; 150&comma; 0.4); border-radius: 8px; overflow: hidden; margin-bottom: 20px;'>\n<div style='padding: 15px; background-color: #266ca9; color: white; font-size: 18px; font-weight: bold; border-bottom: 1px solid rgba(150&comma; 150&comma; 150&comma; 0.2);'>Caracter\u00edsticas F\u00edsicas y El\u00e9ctricas<\/div>\n<div style='padding: 15px; color: inherit;'>\n<ul style='padding-left: 20px; margin: 0; font-size: 14px; list-style-type: disc;'>\n<li style='margin-bottom: 5px;'><strong>Alimentaci\u00f3n:<\/strong> 12 VDC \/ 10 Watts | POE 11.5 W<\/li>\n<li style='margin-bottom: 5px;'><strong>Protecci\u00f3n:<\/strong> IP67 (interior\/exterior)<\/li>\n<li style='margin-bottom: 5px;'><strong>Material:<\/strong> Policarbonato reforzado<\/li>\n<li style='margin-bottom: 5px;'><strong>Peso:<\/strong> 808 gramos<\/li>\n<li style='margin-bottom: 5px;'><strong>Temperatura operativa:<\/strong> -30\u00b0C a 60\u00b0C<\/li>\n<\/ul><\/div>\n<\/p><\/div>\n<div style='border: 1px solid rgba(150&comma; 150&comma; 150&comma; 0.4); border-radius: 8px; overflow: hidden;'>\n<div style='padding: 15px; background-color: #266ca9; color: white; font-size: 18px; font-weight: bold; border-bottom: 1px solid rgba(150&comma; 150&comma; 150&comma; 0.2);'>Accesorios Opcionales<\/div>\n<div style='padding: 15px; color: inherit;'>\n<ul style='padding-left: 20px; margin: 0; font-size: 14px; list-style-type: disc;'>\n<li style='margin-bottom: 5px;'>Montaje de pared para exterior &#8211; <a href='https:\/\/www.syscom.mx\/producto\/DS-1273ZJ-130TRL-HIKVISION-75317.html' style='color: #266ca9; text-decoration: none; font-weight: bold;'>DS-1273ZJ-130-TRL<\/a><\/li>\n<li style='margin-bottom: 5px;'>Caja de Conexiones de Exterior &#8211; <a href='https:\/\/www.syscom.mx\/producto\/DS-1280ZJ-DM21-HIKVISION-84929.html' style='color: #266ca9; text-decoration: none; font-weight: bold;'>DS-1280ZJ-DM21<\/a><\/li>\n<li style='margin-bottom: 5px;'>Montaje Inclinado para Techo &#8211; <a href='https:\/\/www.syscom.mx\/producto\/DS-1281ZJ-M-HIKVISION-84935.html' style='color: #266ca9; text-decoration: none; font-weight: bold;'>DS-1281ZJ-M<\/a><\/li>\n<\/ul><\/div>\n<\/p><\/div>\n<\/p><\/div>\n<\/p><\/div>\n<p> <!-- Consideraciones --> <\/p>\n<div style='border: 1px solid rgba(150&comma; 150&comma; 150&comma; 0.4); border-radius: 8px; overflow: hidden; margin-bottom: 30px;'>\n<div style='padding: 15px; background-color: #266ca9; color: white; font-size: 18px; font-weight: bold; border-bottom: 1px solid rgba(150&comma; 150&comma; 150&comma; 0.2);'>Consideraciones<\/div>\n<div style='padding: 15px; color: inherit;'>\n<p style='margin: 0 0 10px 0;'><strong>Modelos compatibles solo para grabaci\u00f3n:<\/strong><\/p>\n<p style='margin: 0 0 10px 0;'>Estos NVRs son compatibles para grabar las c\u00e1maras&comma; pero no permiten monitoreo en vivo por HDMI debido a limitaciones de decodificaci\u00f3n:<\/p>\n<p style='margin: 0 0 10px 0;'>Serie NI-Q (ej: DS-7608NI-Q1\/8P(D) (hasta 128 canales)&comma; NI-I (hasta 256 canales)&comma; NI-K1<\/p>\n<p style='margin: 0 0 10px 0;'><strong>Puedes visualizar en vivo desde:<\/strong><\/p>\n<p style='margin: 0 0 10px 0;'>App m\u00f3vil&comma; Navegador web&comma; Software iVMS-4200<\/p>\n<p style='margin: 0 0 10px 0;'><strong>Modelos compatibles con grabaci\u00f3n + monitoreo por HDMI.<\/strong><\/p>\n<p style='margin: 0 0 10px 0;'>Si necesitas ver el video en un monitor local directamente desde el NVR&comma; estos modelos s\u00ed son compatibles:<\/p>\n<p style='margin: 0 0 10px 0;'>Serie NXI-I&comma; NI-M&comma; NI-I&comma; NXI-K2&comma; NI-K&comma; NXI-M (EJ: DS-7616NXI-K2(D))<\/p>\n<p style='margin: 0;'><strong>No compatibles con DVR<\/strong><\/p>\n<\/p><\/div>\n<\/p><\/div>\n<p> <!-- Tabla DORI --> <\/p>\n<div style='border: 1px solid rgba(150&comma; 150&comma; 150&comma; 0.4); border-radius: 8px; overflow: hidden; margin-bottom: 30px;'>\n<div style='padding: 15px; background-color: #266ca9; color: white; font-size: 18px; font-weight: bold; border-bottom: 1px solid rgba(150&comma; 150&comma; 150&comma; 0.2);'>Distancias DORI<\/div>\n<div style='padding: 15px; color: inherit;'>\n<p style='margin-bottom: 15px;'>DORI es un est\u00e1ndar utilizado para definir la distancia a la cual se puede detectar&comma; observar&comma; reconocer e identificar personas y objetos con claridad utilizando una c\u00e1mara de vigilancia<\/p>\n<div style='overflow-x: auto;'>\n<table style='width: 100%; border-collapse: collapse; color: inherit;'>\n<thead>\n<tr>\n<th style='text-align: center; border: 1px solid rgba(150&comma;150&comma;150&comma;0.3); padding: 8px; min-width: 120px;'>Distancia Focal<\/th>\n<th style='text-align: center; border: 1px solid rgba(150&comma;150&comma;150&comma;0.3); padding: 8px; min-width: 120px;'>Detectar<\/th>\n<th style='text-align: center; border: 1px solid rgba(150&comma;150&comma;150&comma;0.3); padding: 8px; min-width: 120px;'>Observar<\/th>\n<th style='text-align: center; border: 1px solid rgba(150&comma;150&comma;150&comma;0.3); padding: 8px; min-width: 120px;'>Reconocer<\/th>\n<th style='text-align: center; border: 1px solid rgba(150&comma;150&comma;150&comma;0.3); padding: 8px; min-width: 120px;'>Identificar<\/th>\n<\/tr>\n<\/thead>\n<tbody>\n<tr>\n<td style='text-align: center; border: 1px solid rgba(150&comma;150&comma;150&comma;0.3); padding: 8px;'>2.8mm<\/td>\n<td style='text-align: center; border: 1px solid rgba(150&comma;150&comma;150&comma;0.3); padding: 8px;'>42 metros<\/td>\n<td style='text-align: center; border: 1px solid rgba(150&comma;150&comma;150&comma;0.3); padding: 8px;'>16 metros<\/td>\n<td style='text-align: center; border: 1px solid rgba(150&comma;150&comma;150&comma;0.3); padding: 8px;'>8 metros<\/td>\n<td style='text-align: center; border: 1px solid rgba(150&comma;150&comma;150&comma;0.3); padding: 8px;'>4 metros<\/td>\n<\/tr>\n<\/tbody>\n<\/table><\/div>\n<\/p><\/div>\n<\/p><\/div>\n<p> <!-- Banner final --> <\/p>\n<div style='width: 100%; margin-top: 30px;'> <img style='width: 100%; height: auto; border: 1px solid rgba(150&comma;150&comma;150&comma;0.3); border-radius: 8px;' src='https:\/\/ftp3.syscom.mx\/usuarios\/yvalenzuela\/Hilook\/hiklook.jpg' alt=''> <\/div>\n<\/p><\/div>\n","protected":false},"excerpt":{"rendered":"<p>[Dual Light] Turret IP 6 Megapixel \/ Imagen Panor\u00e1mica 180\u00b0\/ PoE \/ Micr\u00f3fono y Bocina Integrado \/ Exterior IP67 \/ Audio Bidireccional \/ Alarma Visual y Auditiva Integrada \/ Smart Supplement Light \/ Micro SD 512 GB<\/p>\n","protected":false},"featured_media":100504,"comment_status":"open","ping_status":"closed","template":"","meta":[],"product_brand":[],"product_cat":[2248],"product_tag":[122,2249,715],"class_list":{"0":"post-100505","1":"product","2":"type-product","3":"status-publish","4":"has-post-thumbnail","6":"product_cat-fisheye-y-hemisfericas","7":"product_tag-camaras-ip-y-nvrs","8":"product_tag-fisheye-y-hemisfericas","9":"product_tag-hilook-by-hikvision","11":"first","12":"instock","13":"sale","14":"shipping-taxable","15":"purchasable","16":"product-type-simple"},"_links":{"self":[{"href":"https:\/\/soydeaqui.ddns.net\/pachuca\/index.php\/wp-json\/wp\/v2\/product\/100505","targetHints":{"allow":["GET"]}}],"collection":[{"href":"https:\/\/soydeaqui.ddns.net\/pachuca\/index.php\/wp-json\/wp\/v2\/product"}],"about":[{"href":"https:\/\/soydeaqui.ddns.net\/pachuca\/index.php\/wp-json\/wp\/v2\/types\/product"}],"replies":[{"embeddable":true,"href":"https:\/\/soydeaqui.ddns.net\/pachuca\/index.php\/wp-json\/wp\/v2\/comments?post=100505"}],"wp:featuredmedia":[{"embeddable":true,"href":"https:\/\/soydeaqui.ddns.net\/pachuca\/index.php\/wp-json\/wp\/v2\/media\/100504"}],"wp:attachment":[{"href":"https:\/\/soydeaqui.ddns.net\/pachuca\/index.php\/wp-json\/wp\/v2\/media?parent=100505"}],"wp:term":[{"taxonomy":"product_brand","embeddable":true,"href":"https:\/\/soydeaqui.ddns.net\/pachuca\/index.php\/wp-json\/wp\/v2\/product_brand?post=100505"},{"taxonomy":"product_cat","embeddable":true,"href":"https:\/\/soydeaqui.ddns.net\/pachuca\/index.php\/wp-json\/wp\/v2\/product_cat?post=100505"},{"taxonomy":"product_tag","embeddable":true,"href":"https:\/\/soydeaqui.ddns.net\/pachuca\/index.php\/wp-json\/wp\/v2\/product_tag?post=100505"}],"curies":[{"name":"wp","href":"https:\/\/api.w.org\/{rel}","templated":true}]}}