{"id":100499,"date":"2026-03-20T11:16:46","date_gmt":"2026-03-20T11:16:46","guid":{"rendered":"https:\/\/soydeaqui.ddns.net\/pachuca\/index.php\/producto\/unidad-de-captura-checkpoint-anpr-ir-5-mp-lente-motorizado-11-40-mm-flash-y-estrobo-reconocimiento-de-placas-y-vehiculos-deteccion-de-comportamiento-en-carreteras\/"},"modified":"2026-03-20T11:16:48","modified_gmt":"2026-03-20T11:16:48","slug":"unidad-de-captura-checkpoint-anpr-ir-5-mp-lente-motorizado-11-40-mm-flash-y-estrobo-reconocimiento-de-placas-y-vehiculos-deteccion-de-comportamiento-en-carreteras","status":"publish","type":"product","link":"https:\/\/soydeaqui.ddns.net\/pachuca\/index.php\/producto\/unidad-de-captura-checkpoint-anpr-ir-5-mp-lente-motorizado-11-40-mm-flash-y-estrobo-reconocimiento-de-placas-y-vehiculos-deteccion-de-comportamiento-en-carreteras\/","title":{"rendered":"Unidad de Captura Checkpoint ANPR IR 5 MP \/ Lente Motorizado 11-40 mm \/ Flash y Estrobo \/ Reconocimiento de Placas y Veh\u00edculos \/ Detecci\u00f3n de Comportamiento en Carreteras"},"content":{"rendered":"<div style='width: 100%; max-width: 1200px; margin: 0 auto; font-family: sans-serif; line-height: 1.6; color: inherit; background-color: transparent;'> <!-- Banner inicio --> <\/p>\n<p style='text-align: center; margin: 0 0 20px 0;'> <span> <img style='width: 45%; height: auto; border: 1px solid rgba(150&comma;150&comma;150&comma;0.3); border-radius: 8px;' src='https:\/\/ftp3.syscom.mx\/usuarios\/jsosa\/HIKVISION\/imagenes\/logo\/hikvision%20see%20far.png' alt='Logo Hikvision'> <\/span> <\/p>\n<p> <!-- Imagen principal --> <\/p>\n<div style='text-align: center; margin: 0 0 30px 0;'> <img style='width: 100%; max-width: 800px; height: auto; border: 1px solid rgba(150&comma;150&comma;150&comma;0.3); border-radius: 8px;' src='https:\/\/ftp3.syscom.mx\/usuarios\/smendoza\/smendozaro\/ANPR\/ITS%20IDS500.png' alt='Escenario de aplicaci\u00f3n'> <\/div>\n<p> <!-- Videos --> <\/p>\n<div style='margin: 0 0 30px 0;'>\n<div style='position: relative; padding-bottom: 56.25%; height: 0; overflow: hidden; margin-bottom: 30px;'> <video style='position: absolute; top: 0; left: 0; width: 100%; height: 100%; border: none; border-radius: 8px; overflow: hidden;' controls><source src='https:\/\/ftp3.syscom.mx\/usuarios\/smendoza\/smendozaro\/ANPR\/Camara%20Its%202.mp4' type='video\/mp4'>Tu navegador no soporta el elemento de video.<\/video> <\/div>\n<div style='position: relative; padding-bottom: 56.25%; height: 0; overflow: hidden; margin-bottom: 30px;'> <video style='position: absolute; top: 0; left: 0; width: 100%; height: 100%; border: none; border-radius: 8px; overflow: hidden;' controls><source src='https:\/\/ftp3.syscom.mx\/usuarios\/smendoza\/smendozaro\/ANPR\/Camara%20ITS.mp4' type='video\/mp4'>Tu navegador no soporta el elemento de video.<\/video> <\/div>\n<\/p><\/div>\n<p> <!-- Caracter\u00edsticas --> <\/p>\n<div style='display: flex; flex-wrap: wrap; gap: 30px; margin-bottom: 30px;'>\n<div style='flex: 1 1 300px; min-width: 280px;'>\n<h3 style='font-size: 22px; border-bottom: 2px solid currentColor; padding-bottom: 5px; margin-top: 0; color: inherit; opacity: 0.8;'>Caracter\u00edsticas Generales<\/h3>\n<ul style='padding-left: 20px; font-size: 15px; color: inherit;'>\n<li style='margin-bottom: 5px;'>C\u00e1mara 5 MP (2\/3&#8242; GMOS) con rendimiento excelente en baja luz<\/li>\n<li style='margin-bottom: 5px;'>Tecnolog\u00eda de compresi\u00f3n H.265 eficiente<\/li>\n<li style='margin-bottom: 5px;'>Reconocimiento de matr\u00edculas (LPR) avanzado<\/li>\n<li style='margin-bottom: 5px;'>Tecnolog\u00eda 3D DNR para im\u00e1genes limpias y n\u00edtidas<\/li>\n<li style='margin-bottom: 5px;'>Cobertura de hasta 2 carriles simult\u00e1neos<\/li>\n<\/ul><\/div>\n<div style='flex: 1 1 300px; min-width: 280px;'>\n<h3 style='font-size: 22px; border-bottom: 2px solid currentColor; padding-bottom: 5px; margin-top: 0; color: inherit; opacity: 0.8;'>Caracter\u00edsticas F\u00edsicas y El\u00e9ctricas<\/h3>\n<ul style='padding-left: 20px; font-size: 15px; color: inherit;'>\n<li style='margin-bottom: 5px;'>Alimentaci\u00f3n: DC 24V (2A&comma; max. 47W) o AC 100-240V (2.9A&comma; max. 27W)<\/li>\n<li style='margin-bottom: 5px;'>Temperatura de funcionamiento: De -30 \u00b0C a 70 \u00b0C (de -22 \u00b0F a 158 \u00b0F). Humedad: del 5% al 95% (sin condensaci\u00f3n).<\/li>\n<li style='margin-bottom: 5px;'>Nivel de protecci\u00f3n IK10 IP67<\/li>\n<li style='margin-bottom: 5px;'>Material: Aleaci\u00f3n de aluminio<\/li>\n<\/ul><\/div>\n<\/p><\/div>\n<p> <!-- Caracter\u00edsticas destacadas --> <\/p>\n<div style='margin-bottom: 30px;'>\n<h3 style='font-size: 22px; border-bottom: 2px solid currentColor; padding-bottom: 5px; margin-top: 0; margin-bottom: 15px; color: inherit; opacity: 0.8;'>Caracter\u00edsticas destacadas<\/h3>\n<ul style='padding-left: 20px; font-size: 15px; color: inherit;'>\n<li style='margin-bottom: 5px;'>Imagen de alta calidad con resoluci\u00f3n 5 MP<\/li>\n<li style='margin-bottom: 5px;'>Rendimiento excepcional en condiciones de poca luz (Color: 0.001 Lux @ F1.4)<\/li>\n<li style='margin-bottom: 5px;'>Reconocimiento de placas vehiculares y caracter\u00edsticas del veh\u00edculo<\/li>\n<li style='margin-bottom: 5px;'>Detecci\u00f3n de hasta 212 fabricantes de veh\u00edculos<\/li>\n<\/ul>\n<p style='margin: 15px 0 5px 0; font-weight: bold;'>Detecci\u00f3n de comportamientos de infracci\u00f3n:<\/p>\n<ul style='padding-left: 20px; font-size: 15px; color: inherit;'>\n<li style='margin-bottom: 5px;'>Conducir sobre la l\u00ednea del carril (solo modo luz estrobosc\u00f3pica)<\/li>\n<li style='margin-bottom: 5px;'>Cambio de carril ilegal (solo modo luz estrobosc\u00f3pica)<\/li>\n<li style='margin-bottom: 5px;'>Detecci\u00f3n de manejo en sentido contrario<\/li>\n<li style='margin-bottom: 5px;'>Uso del cintur\u00f3n de seguridad (con luz de flash)<\/li>\n<li style='margin-bottom: 5px;'>Uso del celular (con luz de flash)<\/li>\n<li style='margin-bottom: 5px;'>Vueltas en U (solo modo E-Police)<\/li>\n<li style='margin-bottom: 5px;'>Paso sem\u00e1foro en rojo (solo modo E-Police)<\/li>\n<li style='margin-bottom: 5px;'>No ceder el paso a peatones (solo modo E-Police)<\/li>\n<li style='margin-bottom: 5px;'>No seguir se\u00f1ales direccionales (solo modo E-Police)<\/li>\n<li style='margin-bottom: 5px;'>Detecci\u00f3n de veh\u00edculos detenidos en intersecciones (solo modo E-Police)<\/li>\n<\/ul><\/div>\n<p> <!-- Banner final --> <\/p>\n<div style='margin: 30px 0;'> <img style='width: 100%; height: auto; border: 1px solid rgba(150&comma;150&comma;150&comma;0.3); border-radius: 8px;' src='https:\/\/ftp3.syscom.mx\/usuarios\/jsosa\/HIKVISION\/imagenes\/banners\/solution%20complete.png' alt='Soluci\u00f3n completa'> <\/div>\n<\/p><\/div>\n","protected":false},"excerpt":{"rendered":"<p>Unidad de Captura Checkpoint ANPR IR 5 MP \/ Lente Motorizado 11-40 mm \/ Flash y Estrobo \/ Reconocimiento de Placas y Veh\u00edculos \/ Detecci\u00f3n de Comportamiento en Carreteras<\/p>\n","protected":false},"featured_media":100498,"comment_status":"open","ping_status":"closed","template":"","meta":[],"product_brand":[],"product_cat":[2323],"product_tag":[122,54,2324],"class_list":{"0":"post-100499","1":"product","2":"type-product","3":"status-publish","4":"has-post-thumbnail","6":"product_cat-lente-motorizado","7":"product_tag-camaras-ip-y-nvrs","8":"product_tag-hikvision","9":"product_tag-lente-motorizado","11":"first","12":"outofstock","13":"sale","14":"shipping-taxable","15":"purchasable","16":"product-type-simple"},"_links":{"self":[{"href":"https:\/\/soydeaqui.ddns.net\/pachuca\/index.php\/wp-json\/wp\/v2\/product\/100499","targetHints":{"allow":["GET"]}}],"collection":[{"href":"https:\/\/soydeaqui.ddns.net\/pachuca\/index.php\/wp-json\/wp\/v2\/product"}],"about":[{"href":"https:\/\/soydeaqui.ddns.net\/pachuca\/index.php\/wp-json\/wp\/v2\/types\/product"}],"replies":[{"embeddable":true,"href":"https:\/\/soydeaqui.ddns.net\/pachuca\/index.php\/wp-json\/wp\/v2\/comments?post=100499"}],"wp:featuredmedia":[{"embeddable":true,"href":"https:\/\/soydeaqui.ddns.net\/pachuca\/index.php\/wp-json\/wp\/v2\/media\/100498"}],"wp:attachment":[{"href":"https:\/\/soydeaqui.ddns.net\/pachuca\/index.php\/wp-json\/wp\/v2\/media?parent=100499"}],"wp:term":[{"taxonomy":"product_brand","embeddable":true,"href":"https:\/\/soydeaqui.ddns.net\/pachuca\/index.php\/wp-json\/wp\/v2\/product_brand?post=100499"},{"taxonomy":"product_cat","embeddable":true,"href":"https:\/\/soydeaqui.ddns.net\/pachuca\/index.php\/wp-json\/wp\/v2\/product_cat?post=100499"},{"taxonomy":"product_tag","embeddable":true,"href":"https:\/\/soydeaqui.ddns.net\/pachuca\/index.php\/wp-json\/wp\/v2\/product_tag?post=100499"}],"curies":[{"name":"wp","href":"https:\/\/api.w.org\/{rel}","templated":true}]}}