{"id":100497,"date":"2026-03-20T11:16:41","date_gmt":"2026-03-20T11:16:41","guid":{"rendered":"https:\/\/soydeaqui.ddns.net\/pachuca\/index.php\/producto\/pantalla-profesional-led-de-75-uhd-4k-brillo-4000-nits-entradas-de-video-hdmi-displayport-uso-24-7-compatible-vesa-compatible-con-software-magicinfo\/"},"modified":"2026-03-20T11:16:42","modified_gmt":"2026-03-20T11:16:42","slug":"pantalla-profesional-led-de-75-uhd-4k-brillo-4000-nits-entradas-de-video-hdmi-displayport-uso-24-7-compatible-vesa-compatible-con-software-magicinfo","status":"publish","type":"product","link":"https:\/\/soydeaqui.ddns.net\/pachuca\/index.php\/producto\/pantalla-profesional-led-de-75-uhd-4k-brillo-4000-nits-entradas-de-video-hdmi-displayport-uso-24-7-compatible-vesa-compatible-con-software-magicinfo\/","title":{"rendered":"Pantalla Profesional LED de 75&#8243;, UHD 4K \/ Brillo 4000 nits \/ Entradas de Video HDMI\/DisplayPort \/ USO 24\/7 \/ Compatible VESA \/ Compatible con software MagicInfo"},"content":{"rendered":"<div style='width: 100%; max-width: 1200px; margin: 0 auto; font-family: sans-serif; line-height: 1.6; color: inherit; background-color: transparent;'> <!-- Secci\u00f3n de im\u00e1genes y t\u00edtulos --> <\/p>\n<div style='display: flex; flex-direction: column; gap: 20px; margin-bottom: 30px;'>\n<div style='text-align: center;'>\n<h2 style='font-size: 24px; margin: 0; color: inherit; opacity: 0.9;'>El mejor Escaparate<\/h2>\n<\/p><\/div>\n<div> <img style='width: 100%; height: auto; border: 1px solid rgba(150&comma;150&comma;150&comma;0.3); border-radius: 8px;' src='https:\/\/images.samsung.com\/is\/image\/samsung\/p6pim\/es\/feature\/164505690\/es-feature-promote-content-in-any-storefront-window-536098323?$FB_TYPE_A_JPG$' alt=''> <\/div>\n<div style='text-align: center;'>\n<h2 style='font-size: 24px; margin: 0; color: inherit; opacity: 0.9;'>Presentaciones Brillantes<\/h2>\n<\/p><\/div>\n<div> <img style='width: 100%; height: auto; border: 1px solid rgba(150&comma;150&comma;150&comma;0.3); border-radius: 8px;' src='https:\/\/images.samsung.com\/is\/image\/samsung\/p6pim\/es\/feature\/164505696\/es-feature-foster-brilliant-presentation-for-al-536098337?$FB_TYPE_A_JPG$' alt=''> <\/div>\n<\/p><\/div>\n<p> <!-- Secci\u00f3n de garant\u00eda --> <\/p>\n<div style='margin-bottom: 30px;'>\n<div style='display: flex; flex-direction: column; gap: 15px;'>\n<div style='text-align: center;'>\n<h3 style='font-size: 20px; border-bottom: 2px solid currentColor; padding-bottom: 5px; margin-top: 0; margin-bottom: 15px; color: inherit; opacity: 0.8;'>Pol\u00edtica de Garant\u00eda<\/h3>\n<\/p><\/div>\n<div style='font-size: 14px;'>\n<p style='margin: 0 0 10px 0; color: inherit;'>SYSCOM se apega a las pol\u00edticas de garant\u00eda de cada proveedor de la marca y\/o f\u00e1brica.<\/p>\n<p style='margin: 0 0 10px 0; color: inherit;'>La cobertura de garant\u00eda por defecto de f\u00e1brica y\/o mal funcionamiento es de 90 d\u00edas con Syscom. Posterior a este periodo&comma; la garant\u00eda es directa con el fabricante.<\/p>\n<p style='margin: 0; color: inherit;'>En quebraduras&comma; da\u00f1os f\u00edsicos de equipo y\/o empaque da\u00f1ado&comma; reportarlo dentro de las 24 horas posteriores a la fecha de recepci\u00f3n para el reclamo a paqueter\u00eda.<\/p>\n<\/p><\/div>\n<\/p><\/div>\n<\/p><\/div>\n<p> <!-- Secci\u00f3n de caracter\u00edsticas --> <\/p>\n<div style='display: flex; flex-wrap: wrap; gap: 20px; margin-bottom: 30px;'>\n<div style='flex: 1 1 300px; min-width: 280px;'>\n<div style='border: 1px solid rgba(150&comma; 150&comma; 150&comma; 0.4); border-radius: 8px; overflow: hidden; display: flex; flex-direction: column; height: 100%;'>\n<div style='padding: 15px; border-bottom: 1px solid rgba(150&comma; 150&comma; 150&comma; 0.2); font-weight: bold; font-size: 18px; color: inherit; background-color: rgba(4&comma; 17&comma; 250&comma; 0.05);'>Caracter\u00edsticas principales:<\/div>\n<div style='padding: 15px; color: inherit; flex-grow: 1;'>\n<ul style='padding-left: 20px; margin: 0; font-size: 14px; list-style-type: disc;'>\n<li style='margin-bottom: 5px;'>Tama\u00f1o diagonal 75&#8242;<\/li>\n<li style='margin-bottom: 5px;'>Resoluci\u00f3n 4K (3840 x 2160 pix.)<\/li>\n<li style='margin-bottom: 5px;'>Relaci\u00f3n de aspecto 16:9<\/li>\n<li style='margin-bottom: 5px;'>Brillo 4000 nits.<\/li>\n<li style='margin-bottom: 5px;'>Relaci\u00f3n de contraste 1&comma;200:1<\/li>\n<li style='margin-bottom: 5px;'>Compatible con Magicinfo (Licencia no incluida).<\/li>\n<li style='margin-bottom: 5px;'>Operaci\u00f3n <strong style='color: inherit;'>24\/7<\/strong><\/li>\n<li style='margin-bottom: 5px;'>Sistema operativo: Tizen 5.0<\/li>\n<\/ul><\/div>\n<\/p><\/div>\n<\/p><\/div>\n<div style='flex: 1 1 300px; min-width: 280px;'>\n<div style='border: 1px solid rgba(150&comma; 150&comma; 150&comma; 0.4); border-radius: 8px; overflow: hidden; display: flex; flex-direction: column; height: 100%;'>\n<div style='padding: 15px; border-bottom: 1px solid rgba(150&comma; 150&comma; 150&comma; 0.2); font-weight: bold; font-size: 18px; color: inherit; background-color: rgba(4&comma; 17&comma; 250&comma; 0.05);'>Conectividad:<\/div>\n<div style='padding: 15px; color: inherit; flex-grow: 1;'>\n<ul style='padding-left: 20px; margin: 0; font-size: 14px; list-style-type: disc;'>\n<li style='margin-bottom: 5px;'>Entradas de Video Display y HDMI 2.0<\/li>\n<li style='margin-bottom: 5px;'>Puerto USB 2.0<\/li>\n<li style='margin-bottom: 5px;'>Salidas de Audio mini Jack Estereo<\/li>\n<li style='margin-bottom: 5px;'>Puerto LAN RJ45 10\/100 Mbps<\/li>\n<li style='margin-bottom: 5px;'>Wifi: Si<\/li>\n<\/ul>\n<p style='margin: 15px 0 5px 0; font-weight: bold; color: inherit;'>Montajes compatibles:<\/p>\n<ul style='padding-left: 20px; margin: 0; font-size: 14px; list-style-type: disc;'>\n<li style='margin-bottom: 5px;'>Montaje de techo dual: <a href='https:\/\/www.syscom.mx\/producto\/EPB64PD-EPCOM-233773.html' style='color: inherit; text-decoration: none;'>EPB64PD<\/a><\/li>\n<li style='margin-bottom: 5px;'>Montaje de techo: <a href='https:\/\/www.syscom.mx\/producto\/EPB40FP-EPCOM-95122.html' style='color: inherit; text-decoration: none;'>EPB40FP<\/a><\/li>\n<li style='margin-bottom: 5px;'>Montaje movil: <a href='https:\/\/www.syscom.mx\/producto\/AVA1800-70-1PNB-EPCOM-228570.html' style='color: inherit; text-decoration: none;'>AVA1800-70-1PNB<\/a><\/li>\n<li style='margin-bottom: 5px;'>Montaje movil: <a href='https:\/\/www.syscom.mx\/producto\/G85NB-EPCOM-231866.html' style='color: inherit; text-decoration: none;'>G85NB<\/a><\/li>\n<li style='margin-bottom: 5px;'>Montaje de pared Fijo: <a href='https:\/\/www.syscom.mx\/producto\/EPB64FW-EPCOM-95120.html' style='color: inherit; text-decoration: none;'>EPB64FW<\/a><\/li>\n<li style='margin-bottom: 5px;'>Montaje de pared articulado: <a href='https:\/\/www.syscom.mx\/producto\/SP5-NB-EPCOM-220768.html' style='color: inherit; text-decoration: none;'>SP5-NB<\/a><\/li>\n<li style='margin-bottom: 5px;'>Montaje de pared articulado: <a href='https:\/\/www.syscom.mx\/producto\/EPB64EW-EPCOM-95121.html' style='color: inherit; text-decoration: none;'>EPB64EW<\/a><\/li>\n<li style='margin-bottom: 5px;'>Montaje de piso a techo: <a href='https:\/\/www.syscom.mx\/producto\/EMWS1U-EPCOM-INDUSTRIAL-236041.html' style='color: inherit; text-decoration: none;'>EMWS1U<\/a><\/li>\n<\/ul><\/div>\n<\/p><\/div>\n<\/p><\/div>\n<div style='flex: 1 1 300px; min-width: 280px;'>\n<div style='border: 1px solid rgba(150&comma; 150&comma; 150&comma; 0.4); border-radius: 8px; overflow: hidden; display: flex; flex-direction: column; height: 100%;'>\n<div style='padding: 15px; border-bottom: 1px solid rgba(150&comma; 150&comma; 150&comma; 0.2); font-weight: bold; font-size: 18px; color: inherit; background-color: rgba(4&comma; 17&comma; 250&comma; 0.05);'>Caracter\u00edsticas f\u00edsicas y el\u00e9ctricas:<\/div>\n<div style='padding: 15px; color: inherit; flex-grow: 1;'>\n<ul style='padding-left: 20px; margin: 0; font-size: 14px; list-style-type: disc;'>\n<li style='margin-bottom: 5px;'>Temperatura de operaci\u00f3n: 0 a 40 \u00b0C<\/li>\n<li style='margin-bottom: 5px;'>Alimentaci\u00f3n: 100-240 Vca<\/li>\n<li style='margin-bottom: 5px;'>Consumo de energia: 900W.<\/li>\n<li style='margin-bottom: 5px;'>Compatible con montajes VESA 400 x 400 mm. No incluye Tornilleria.<\/li>\n<li style='margin-bottom: 5px;'>Dimensiones de producto: 1703.1 x 981.1 x 85.4 mm.<\/li>\n<li style='margin-bottom: 5px;'>Dimensiones del empaque: 1890 x 1144 x 215 mm.<\/li>\n<li style='margin-bottom: 5px;'>Peso del equipo: 37.2 Kg.<\/li>\n<li style='margin-bottom: 5px;'>Peso del empaque: 48.5 Kg.<\/li>\n<li style='margin-bottom: 5px;'>No incluye montajes de pared ni de escritorio<\/li>\n<\/ul><\/div>\n<\/p><\/div>\n<div style='margin-top: 15px;'>\n<div style='border: 1px solid rgba(150&comma; 150&comma; 150&comma; 0.4); border-radius: 8px; overflow: hidden; padding: 15px; background-color: rgba(243&comma; 121&comma; 52&comma; 0.05);'>\n<p style='margin: 0 0 10px 0; font-weight: bold; color: inherit;'>3 A\u00f1os de garantia con fabricante<\/p>\n<p style='margin: 0; font-weight: bold; color: inherit;'>Informacion de soporte y garantia: <a href='https:\/\/www.samsung.com\/mx\/support\/warranty\/' style='color: inherit; text-decoration: none;'>GARANTIA<\/a><\/p>\n<\/p><\/div>\n<\/p><\/div>\n<\/p><\/div>\n<\/p><\/div>\n<p> <!-- Separador final --> <\/p>\n<hr style='border: 0; border-top: 1px solid rgba(150&comma; 150&comma; 150&comma; 0.3); margin: 30px 0;'> <\/div>\n","protected":false},"excerpt":{"rendered":"<p>Pantalla Profesional LED de 75&#8243;, UHD 4K \/ Brillo 4000 nits \/ Entradas de Video HDMI\/DisplayPort \/ USO 24\/7 \/ Compatible VESA \/ Compatible con software MagicInfo<\/p>\n","protected":false},"featured_media":32,"comment_status":"open","ping_status":"closed","template":"","meta":[],"product_brand":[],"product_cat":[2293],"product_tag":[2161,2294,2193],"class_list":{"0":"post-100497","1":"product","2":"type-product","3":"status-publish","4":"has-post-thumbnail","6":"product_cat-publicidad-digital","7":"product_tag-pantallas-monitores","8":"product_tag-publicidad-digital","9":"product_tag-samsung-electronics","11":"first","12":"outofstock","13":"sale","14":"shipping-taxable","15":"purchasable","16":"product-type-simple"},"_links":{"self":[{"href":"https:\/\/soydeaqui.ddns.net\/pachuca\/index.php\/wp-json\/wp\/v2\/product\/100497","targetHints":{"allow":["GET"]}}],"collection":[{"href":"https:\/\/soydeaqui.ddns.net\/pachuca\/index.php\/wp-json\/wp\/v2\/product"}],"about":[{"href":"https:\/\/soydeaqui.ddns.net\/pachuca\/index.php\/wp-json\/wp\/v2\/types\/product"}],"replies":[{"embeddable":true,"href":"https:\/\/soydeaqui.ddns.net\/pachuca\/index.php\/wp-json\/wp\/v2\/comments?post=100497"}],"wp:featuredmedia":[{"embeddable":true,"href":"https:\/\/soydeaqui.ddns.net\/pachuca\/index.php\/wp-json\/wp\/v2\/media\/32"}],"wp:attachment":[{"href":"https:\/\/soydeaqui.ddns.net\/pachuca\/index.php\/wp-json\/wp\/v2\/media?parent=100497"}],"wp:term":[{"taxonomy":"product_brand","embeddable":true,"href":"https:\/\/soydeaqui.ddns.net\/pachuca\/index.php\/wp-json\/wp\/v2\/product_brand?post=100497"},{"taxonomy":"product_cat","embeddable":true,"href":"https:\/\/soydeaqui.ddns.net\/pachuca\/index.php\/wp-json\/wp\/v2\/product_cat?post=100497"},{"taxonomy":"product_tag","embeddable":true,"href":"https:\/\/soydeaqui.ddns.net\/pachuca\/index.php\/wp-json\/wp\/v2\/product_tag?post=100497"}],"curies":[{"name":"wp","href":"https:\/\/api.w.org\/{rel}","templated":true}]}}