{"id":100481,"date":"2026-03-20T11:15:52","date_gmt":"2026-03-20T11:15:52","guid":{"rendered":"https:\/\/soydeaqui.ddns.net\/pachuca\/index.php\/producto\/dual-light-bala-ip-8-megapixel-imagen-panoramica-180-poe-microfono-y-bocina-integrado-exterior-ip67-audio-bidireccional-alarma-visual-y-auditiva-integrada-smart-supplement-light\/"},"modified":"2026-03-20T11:15:58","modified_gmt":"2026-03-20T11:15:58","slug":"dual-light-bala-ip-8-megapixel-imagen-panoramica-180-poe-microfono-y-bocina-integrado-exterior-ip67-audio-bidireccional-alarma-visual-y-auditiva-integrada-smart-supplement-light","status":"publish","type":"product","link":"https:\/\/soydeaqui.ddns.net\/pachuca\/index.php\/producto\/dual-light-bala-ip-8-megapixel-imagen-panoramica-180-poe-microfono-y-bocina-integrado-exterior-ip67-audio-bidireccional-alarma-visual-y-auditiva-integrada-smart-supplement-light\/","title":{"rendered":"[Dual Light] Bala IP 8 Megapixel \/ Imagen Panor\u00e1mica 180\u00b0\/ PoE \/ Micr\u00f3fono y Bocina Integrado \/ Exterior IP67 \/ Audio Bidireccional \/ Alarma Visual y Auditiva Integrada \/ Smart Supplement Light \/ Micro SD 512 GB"},"content":{"rendered":"<div style='width: 100%; max-width: 1200px; margin: 0 auto; font-family: sans-serif; line-height: 1.6; color: inherit; background-color: transparent;'> <!-- Im\u00e1genes principales --> <\/p>\n<div style='width: 100%; margin-bottom: 30px;'> <img style='width: 100%; height: auto; border: 1px solid rgba(150&comma;150&comma;150&comma;0.3); border-radius: 8px;' src='https:\/\/ftp3.syscom.mx\/usuarios\/fotos\/IPCB120\/143291-hilook.png' alt=''> <img style='width: 100%; height: auto; border: 1px solid rgba(150&comma;150&comma;150&comma;0.3); border-radius: 8px; margin-top: 15px;' src='https:\/\/ftp3.syscom.mx\/usuarios\/yvalenzuela\/Hilook\/panoramica%20.png' alt=''> <img style='width: 100%; height: auto; border: 1px solid rgba(150&comma;150&comma;150&comma;0.3); border-radius: 8px; margin-top: 15px;' src='https:\/\/ftp3.syscom.mx\/usuarios\/yvalenzuela\/Hilook\/panoramica%201%20.png' alt=''> <\/div>\n<p> <!-- Videos --> <\/p>\n<div style='display: grid; grid-template-columns: repeat(auto-fill&comma; minmax(280px&comma; 1fr)); gap: 20px; margin-bottom: 40px;'>\n<div style='position: relative; padding-bottom: 56.25%; height: 0; overflow: hidden; border: 2px solid #266CA9; border-radius: 8px;'>   <\/div>\n<div style='position: relative; padding-bottom: 56.25%; height: 0; overflow: hidden; border: 2px solid #266CA9; border-radius: 8px;'>   <\/div>\n<div style='position: relative; padding-bottom: 56.25%; height: 0; overflow: hidden; border: 2px solid #266CA9; border-radius: 8px;'>   <\/div>\n<div style='position: relative; padding-bottom: 56.25%; height: 0; overflow: hidden; border: 2px solid #266CA9; border-radius: 8px;'>   <\/div>\n<div style='position: relative; padding-bottom: 56.25%; height: 0; overflow: hidden; border: 2px solid #266CA9; border-radius: 8px;'>   <\/div>\n<div style='position: relative; padding-bottom: 56.25%; height: 0; overflow: hidden; border: 2px solid #266CA9; border-radius: 8px;'>   <\/div>\n<\/p><\/div>\n<p> <!-- Secci\u00f3n de especificaciones --> <\/p>\n<div style='display: flex; flex-wrap: wrap; gap: 30px; margin-bottom: 40px;'>\n<div style='flex: 1 1 300px; min-width: 280px;'>\n<div style='border: 1px solid rgba(150&comma;150&comma;150&comma;0.4); border-radius: 8px; overflow: hidden;'>\n<div style='padding: 15px; border-bottom: 1px solid rgba(150&comma;150&comma;150&comma;0.2); font-weight: bold; font-size: 18px; color: inherit; background-color: #266ca9; color: white;'>Caracter\u00edsticas Principales<\/div>\n<div style='padding: 15px; color: inherit;'>\n<ul style='padding-left: 20px; margin: 0; font-size: 14px; list-style-type: disc; color: inherit;'>\n<li style='margin-bottom: 5px; color: inherit;'>Resoluci\u00f3n m\u00e1xima: 8 Megap\u00edxeles (4256 \u00d7 1888)<\/li>\n<li style='margin-bottom: 5px; color: inherit;'>Lente fijo: 2 mm (\u00e1ngulo de visi\u00f3n 180\u00b0)<\/li>\n<li style='margin-bottom: 5px; color: inherit;'>Dual light (30 m Smart IR + 30m luz blanca)<\/li>\n<li style='margin-bottom: 5px; color: inherit;'>3D DNR \/ BLC \/ HLC \/ dWDR<\/li>\n<li style='margin-bottom: 5px; color: inherit;'>Audio bidireccional (Micr\u00f3fono y altavoz integrados)<\/li>\n<li style='margin-bottom: 5px; color: inherit;'>Detecci\u00f3n de movimiento con filtro humano<\/li>\n<li style='margin-bottom: 5px; color: inherit;'>Notificaciones push en app HiLook Vision<\/li>\n<\/ul><\/div>\n<\/p><\/div>\n<\/p><\/div>\n<div style='flex: 1 1 300px; min-width: 280px;'>\n<div style='border: 1px solid rgba(150&comma;150&comma;150&comma;0.4); border-radius: 8px; overflow: hidden;'>\n<div style='padding: 15px; border-bottom: 1px solid rgba(150&comma;150&comma;150&comma;0.2); font-weight: bold; font-size: 18px; color: inherit; background-color: #266ca9; color: white;'>Caracter\u00edsticas Destacadas<\/div>\n<div style='padding: 15px; color: inherit;'>\n<ul style='padding-left: 20px; margin: 0; font-size: 14px; list-style-type: disc; color: inherit;'>\n<li style='margin-bottom: 5px; color: inherit;'>Tecnolog\u00eda Smart IR para visi\u00f3n nocturna<\/li>\n<li style='margin-bottom: 5px; color: inherit;'>Compresi\u00f3n H.265+ para ahorro de almacenamiento<\/li>\n<li style='margin-bottom: 5px; color: inherit;'>Soporte para montaje en pared\/techo<\/li>\n<li style='margin-bottom: 5px; color: inherit;'>Integraci\u00f3n con sistemas de seguridad<\/li>\n<li style='margin-bottom: 5px; color: inherit;'>Soporta memoria micro SD de hasta 512 GB (no incluida)<\/li>\n<\/ul><\/div>\n<\/p><\/div>\n<\/p><\/div>\n<div style='flex: 1 1 300px; min-width: 280px;'>\n<div style='border: 1px solid rgba(150&comma;150&comma;150&comma;0.4); border-radius: 8px; overflow: hidden;'>\n<div style='padding: 15px; border-bottom: 1px solid rgba(150&comma;150&comma;150&comma;0.2); font-weight: bold; font-size: 18px; color: inherit; background-color: #266ca9; color: white;'>Caracter\u00edsticas F\u00edsicas y El\u00e9ctricas<\/div>\n<div style='padding: 15px; color: inherit;'>\n<ul style='padding-left: 20px; margin: 0; font-size: 14px; list-style-type: disc; color: inherit;'>\n<li style='margin-bottom: 5px; color: inherit;'>Alimentaci\u00f3n: 12 VDC \/ PoE 802.3 af \/11.5 W<\/li>\n<li style='margin-bottom: 5px; color: inherit;'>Protecci\u00f3n IP67 (interior\/exterior)<\/li>\n<li style='margin-bottom: 5px; color: inherit;'>Material: Policarbonato reforzado<\/li>\n<li style='margin-bottom: 5px; color: inherit;'>Peso total: 833 gramos<\/li>\n<li style='margin-bottom: 5px; color: inherit;'>Temperatura operativa: -30\u00b0C a 60\u00b0C<\/li>\n<\/ul><\/div>\n<\/p><\/div>\n<\/p><\/div>\n<div style='flex: 1 1 300px; min-width: 280px;'>\n<div style='border: 1px solid rgba(150&comma;150&comma;150&comma;0.4); border-radius: 8px; overflow: hidden;'>\n<div style='padding: 15px; border-bottom: 1px solid rgba(150&comma;150&comma;150&comma;0.2); font-weight: bold; font-size: 18px; color: inherit; background-color: #266ca9; color: white;'>Accesorios Opcionales<\/div>\n<div style='padding: 15px; color: inherit;'>\n<ul style='padding-left: 20px; margin: 0; font-size: 14px; list-style-type: disc; color: inherit;'>\n<li style='margin-bottom: 5px; color: inherit;'>Caja de Conexiones: <a href='https:\/\/www.syscom.mx\/producto\/DS-1280ZJ-XS-HIKVISION-84491.html' style='color: #0066cc; text-decoration: underline;'>DS-1280ZJ-XS<\/a><\/li>\n<li style='margin-bottom: 5px; color: inherit;'>Montaje de Pared de Pl\u00e1stico: <a href='https:\/\/www.syscom.mx\/producto\/DS-2280ZJ-HIKVISION-224434.html' style='color: #0066cc; text-decoration: underline;'>DS-2280ZJ<\/a><\/li>\n<\/ul><\/div>\n<\/p><\/div>\n<\/p><\/div>\n<\/p><\/div>\n<p> <!-- Consideraciones --> <\/p>\n<div style='margin-bottom: 40px;'>\n<div style='border: 1px solid rgba(150&comma;150&comma;150&comma;0.4); border-radius: 8px; overflow: hidden;'>\n<div style='padding: 15px; border-bottom: 1px solid rgba(150&comma;150&comma;150&comma;0.2); font-weight: bold; font-size: 18px; color: inherit; background-color: #266ca9; color: white;'>Consideraciones<\/div>\n<div style='padding: 15px; color: inherit;'>\n<p><strong>Modelos compatibles solo para grabaci\u00f3n:<\/strong><\/p>\n<p>Estos NVRs son compatibles para grabar las c\u00e1maras&comma; pero no permiten monitoreo en vivo por HDMI debido a limitaciones de decodificaci\u00f3n:<\/p>\n<p>Serie NI-Q (ej: DS-7608NI-Q1\/8P(D) (hasta 128 canales)&comma; NI-I (hasta 256 canales)&comma; NI-K1<\/p>\n<p><strong>Puedes visualizar en vivo desde:<\/strong><\/p>\n<p>App m\u00f3vil&comma; Navegador web&comma; Software iVMS-4200<\/p>\n<p><strong>Modelos compatibles con grabaci\u00f3n + monitoreo por HDMI.<\/strong><\/p>\n<p>Si necesitas ver el video en un monitor local directamente desde el NVR&comma; estos modelos s\u00ed son compatibles:<\/p>\n<p>Serie NXI-I&comma; NI-M&comma; NI-I&comma; NXI-K2&comma; NI-K&comma; NXI-M (EJ: DS-7616NXI-K2(D))<\/p>\n<p>No compatibles con DVR<\/p>\n<\/p><\/div>\n<\/p><\/div>\n<\/p><\/div>\n<p> <!-- Distancias DORI --> <\/p>\n<div style='margin-bottom: 40px;'>\n<div style='border: 1px solid rgba(150&comma;150&comma;150&comma;0.4); border-radius: 8px; overflow: hidden;'>\n<div style='padding: 15px; border-bottom: 1px solid rgba(150&comma;150&comma;150&comma;0.2); font-weight: bold; font-size: 18px; color: inherit; background-color: #266ca9; color: white;'>Distancias DORI<\/div>\n<div style='padding: 15px; color: inherit;'>\n<p style='margin-top: 0;'>DORI es un est\u00e1ndar utilizado para definir la distancia a la cual se puede detectar&comma; observar&comma; reconocer e identificar personas y objetos con claridad utilizando una c\u00e1mara de vigilancia<\/p>\n<table style='width: 100%; border: 1px solid rgba(150&comma;150&comma;150&comma;0.3); border-collapse: collapse; margin-top: 15px;'>\n<thead>\n<tr>\n<th style='border: 1px solid rgba(150&comma;150&comma;150&comma;0.3); padding: 10px; text-align: center; color: inherit;'>Distancia Focal<\/th>\n<th style='border: 1px solid rgba(150&comma;150&comma;150&comma;0.3); padding: 10px; text-align: center; color: inherit;'>Detectar<\/th>\n<th style='border: 1px solid rgba(150&comma;150&comma;150&comma;0.3); padding: 10px; text-align: center; color: inherit;'>Observar<\/th>\n<th style='border: 1px solid rgba(150&comma;150&comma;150&comma;0.3); padding: 10px; text-align: center; color: inherit;'>Reconocer<\/th>\n<th style='border: 1px solid rgba(150&comma;150&comma;150&comma;0.3); padding: 10px; text-align: center; color: inherit;'>Identificar<\/th>\n<\/tr>\n<\/thead>\n<tbody>\n<tr>\n<td style='border: 1px solid rgba(150&comma;150&comma;150&comma;0.3); padding: 8px; text-align: center; color: inherit;'>2 mm<\/td>\n<td style='border: 1px solid rgba(150&comma;150&comma;150&comma;0.3); padding: 8px; text-align: center; color: inherit;'>50 metros<\/td>\n<td style='border: 1px solid rgba(150&comma;150&comma;150&comma;0.3); padding: 8px; text-align: center; color: inherit;'>20 metros<\/td>\n<td style='border: 1px solid rgba(150&comma;150&comma;150&comma;0.3); padding: 8px; text-align: center; color: inherit;'>10 metros<\/td>\n<td style='border: 1px solid rgba(150&comma;150&comma;150&comma;0.3); padding: 8px; text-align: center; color: inherit;'>5 metros<\/td>\n<\/tr>\n<\/tbody>\n<\/table><\/div>\n<\/p><\/div>\n<\/p><\/div>\n<p> <!-- Banner final --> <\/p>\n<div style='width: 100%; margin-top: 40px;'> <img style='width: 100%; height: auto; border: 1px solid rgba(150&comma;150&comma;150&comma;0.3); border-radius: 8px;' src='https:\/\/ftp3.syscom.mx\/usuarios\/yvalenzuela\/Hilook\/hiklook.jpg' alt=''> <\/div>\n<\/p><\/div>\n","protected":false},"excerpt":{"rendered":"<p>[Dual Light] Bala IP 8 Megapixel \/ Imagen Panor\u00e1mica 180\u00b0\/ PoE \/ Micr\u00f3fono y Bocina Integrado \/ Exterior IP67 \/ Audio Bidireccional \/ Alarma Visual y Auditiva Integrada \/ Smart Supplement Light \/ Micro SD 512 GB<\/p>\n","protected":false},"featured_media":100480,"comment_status":"open","ping_status":"closed","template":"","meta":[],"product_brand":[],"product_cat":[2248],"product_tag":[122,2249,715],"class_list":{"0":"post-100481","1":"product","2":"type-product","3":"status-publish","4":"has-post-thumbnail","6":"product_cat-fisheye-y-hemisfericas","7":"product_tag-camaras-ip-y-nvrs","8":"product_tag-fisheye-y-hemisfericas","9":"product_tag-hilook-by-hikvision","11":"first","12":"instock","13":"sale","14":"shipping-taxable","15":"purchasable","16":"product-type-simple"},"_links":{"self":[{"href":"https:\/\/soydeaqui.ddns.net\/pachuca\/index.php\/wp-json\/wp\/v2\/product\/100481","targetHints":{"allow":["GET"]}}],"collection":[{"href":"https:\/\/soydeaqui.ddns.net\/pachuca\/index.php\/wp-json\/wp\/v2\/product"}],"about":[{"href":"https:\/\/soydeaqui.ddns.net\/pachuca\/index.php\/wp-json\/wp\/v2\/types\/product"}],"replies":[{"embeddable":true,"href":"https:\/\/soydeaqui.ddns.net\/pachuca\/index.php\/wp-json\/wp\/v2\/comments?post=100481"}],"wp:featuredmedia":[{"embeddable":true,"href":"https:\/\/soydeaqui.ddns.net\/pachuca\/index.php\/wp-json\/wp\/v2\/media\/100480"}],"wp:attachment":[{"href":"https:\/\/soydeaqui.ddns.net\/pachuca\/index.php\/wp-json\/wp\/v2\/media?parent=100481"}],"wp:term":[{"taxonomy":"product_brand","embeddable":true,"href":"https:\/\/soydeaqui.ddns.net\/pachuca\/index.php\/wp-json\/wp\/v2\/product_brand?post=100481"},{"taxonomy":"product_cat","embeddable":true,"href":"https:\/\/soydeaqui.ddns.net\/pachuca\/index.php\/wp-json\/wp\/v2\/product_cat?post=100481"},{"taxonomy":"product_tag","embeddable":true,"href":"https:\/\/soydeaqui.ddns.net\/pachuca\/index.php\/wp-json\/wp\/v2\/product_tag?post=100481"}],"curies":[{"name":"wp","href":"https:\/\/api.w.org\/{rel}","templated":true}]}}