{"id":100456,"date":"2026-03-20T11:14:28","date_gmt":"2026-03-20T11:14:28","guid":{"rendered":"https:\/\/soydeaqui.ddns.net\/pachuca\/index.php\/producto\/camara-ip-dual-4k-funcion-para-reconocimiento-de-codigos-de-barra-bcr-2-lentes-25mm-luz-blanca-incluida\/"},"modified":"2026-03-20T11:14:42","modified_gmt":"2026-03-20T11:14:42","slug":"camara-ip-dual-4k-funcion-para-reconocimiento-de-codigos-de-barra-bcr-2-lentes-25mm-luz-blanca-incluida","status":"publish","type":"product","link":"https:\/\/soydeaqui.ddns.net\/pachuca\/index.php\/producto\/camara-ip-dual-4k-funcion-para-reconocimiento-de-codigos-de-barra-bcr-2-lentes-25mm-luz-blanca-incluida\/","title":{"rendered":"Camara IP Dual 4K, Funcion para reconocimiento de Codigos de Barra BCR \/ 2 lentes 25mm \/ Luz Blanca incluida \/"},"content":{"rendered":"<div style='width: 100%; max-width: 1200px; margin: 0 auto; font-family: sans-serif; line-height: 1.6; color: inherit; background-color: transparent;'> <!-- Secci\u00f3n de encabezado --> <\/p>\n<div style='width: 100%; display: flex; justify-content: center; margin: 30px 0;'>\n<h2 style='font-size: 24px; font-weight: bold; color: inherit; text-align: center; max-width: 800px;'> Un solo Dispositivo para una soluci\u00f3n completa de log\u00edstica <\/h2>\n<\/p><\/div>\n<p> <!-- Imagen principal --> <\/p>\n<div style='width: 100%; max-width: 1000px; margin: 0 auto 30px; overflow: hidden; border-radius: 8px; border: 1px solid rgba(150&comma;150&comma;150&comma;0.3);'> <img style='width: 100%; height: auto; border: none;' src='https:\/\/hanwhavisionamerica.com\/wp-content\/uploads\/2024\/07\/02-Logistics-Solution-1-1-2048x817.jpg' alt=''> <\/div>\n<p> <!-- Secci\u00f3n NDAA --> <\/p>\n<div style='width: 100%; display: flex; flex-direction: column; align-items: center; margin-bottom: 30px;'>\n<h2 style='font-size: 24px; font-weight: bold; color: inherit; text-align: center; margin-bottom: 15px;'> Cumplimiento de NDAA <\/h2>\n<div style='width: 100%; max-width: 800px; overflow: hidden; border-radius: 8px; border: 1px solid rgba(150&comma;150&comma;150&comma;0.3);'> <img style='width: 100%; height: auto;' src='https:\/\/hanwhavisionamerica.com\/wp-content\/uploads\/2024\/01\/CyberSecurity-PPC-Horiz-InPage-1-1-2048x554.png' alt=''> <\/div>\n<\/p><\/div>\n<p> <!-- Secci\u00f3n de caracter\u00edsticas t\u00e9cnicas --> <\/p>\n<div style='width: 100%; display: flex; flex-direction: column; align-items: center; margin-bottom: 30px;'>\n<h3 style='font-size: 18px; font-weight: bold; color: inherit; text-align: center; margin-bottom: 20px;'> Caracter\u00edsticas t\u00e9cnicas <\/h3>\n<p> <!-- Grid de caracter\u00edsticas --> <\/p>\n<div style='display: flex; flex-wrap: wrap; gap: 20px; justify-content: center;'> <!-- Secci\u00f3n Video --> <\/p>\n<div style='flex: 1 1 300px; min-width: 280px; border: 1px solid rgba(150&comma;150&comma;150&comma;0.4); border-radius: 8px; overflow: hidden;'>\n<div style='padding: 15px; border-bottom: 1px solid rgba(150&comma;150&comma;150&comma;0.2); font-weight: bold; font-size: 18px; color: inherit;'> Video <\/div>\n<div style='padding: 15px; color: inherit;'>\n<ul style='padding-left: 20px; margin: 0; font-size: 14px;'>\n<li style='margin-bottom: 5px;'>Sensor Mono 1&#8242; CMOS<\/li>\n<li style='margin-bottom: 5px;'>Sensor Color 1&#8242; CMOS<\/li>\n<li style='margin-bottom: 5px;'>Resoluci\u00f3n: 4K Ambos sensores<\/li>\n<li style='margin-bottom: 5px;'>Velocidad de cuadros: 20 FPS ambos sensores<\/li>\n<li style='margin-bottom: 5px;'>Compresi\u00f3n: H.265 &#038; WiseStream II \/ H.264 \/ MJPEG<\/li>\n<li style='margin-bottom: 5px;'>Lentes: fijos 25mm<\/li>\n<li style='margin-bottom: 5px;'>\u00c1ngulo de visi\u00f3n: Horizontal 30.4\u00b0 \/ Vertical 16.6\u00b0 (ambos lentes)<\/li>\n<li style='margin-bottom: 5px;'>Luz Blanca<\/li>\n<\/ul><\/div>\n<\/p><\/div>\n<p> <!-- Secci\u00f3n Interfaces y Caracter\u00edsticas F\u00edsicas --> <\/p>\n<div style='flex: 1 1 300px; min-width: 280px; border: 1px solid rgba(150&comma;150&comma;150&comma;0.4); border-radius: 8px; overflow: hidden;'>\n<div style='padding: 15px; border-bottom: 1px solid rgba(150&comma;150&comma;150&comma;0.2); font-weight: bold; font-size: 18px; color: inherit;'> Interfaces <\/div>\n<div style='padding: 15px; color: inherit;'>\n<ul style='padding-left: 20px; margin: 0; font-size: 14px;'>\n<li style='margin-bottom: 5px;'>1 Puerto M12 8pin connector (10\/100\/1000BASE-T)<\/li>\n<\/ul><\/div>\n<div style='padding: 15px; border-top: 1px solid rgba(150&comma;150&comma;150&comma;0.2); border-bottom: 1px solid rgba(150&comma;150&comma;150&comma;0.2); font-weight: bold; font-size: 18px; color: inherit;'> Caracter\u00edsticas F\u00edsicas y El\u00e9ctricas <\/div>\n<div style='padding: 15px; color: inherit;'>\n<ul style='padding-left: 20px; margin: 0; font-size: 14px;'>\n<li style='margin-bottom: 5px;'>Memoria RAM 4GB<\/li>\n<li style='margin-bottom: 5px;'>Memoria Flash 512MB<\/li>\n<li style='margin-bottom: 5px;'>Temperatura de Operaci\u00f3n: -40 a 55\u00b0C<\/li>\n<li style='margin-bottom: 5px;'>Certificaci\u00f3n: IP66 \/ IP67 \/ IK10&comma; NEMA4X<\/li>\n<li style='margin-bottom: 5px;'>Alimentaci\u00f3n: 24VCD<\/li>\n<li style='margin-bottom: 5px;'>Consumo: 28.6W Max \/ 13.7W t\u00edpico<\/li>\n<li style='margin-bottom: 5px;'>Dimensiones de la c\u00e1mara: 218&#215;104.1&#215;127.1mm&comma; Peso 1897g<\/li>\n<li style='margin-bottom: 5px;'>Dimensiones del iluminador LED: 255.8&#215;73.8&#215;49.8mm&comma; Peso 996g<\/li>\n<li style='margin-bottom: 5px;'>Dimensiones totales del equipo armado: 255.8x181x127.1mm&comma; 3438g<\/li>\n<\/ul><\/div>\n<\/p><\/div>\n<p> <!-- Secci\u00f3n Anal\u00edticos y Seguridad --> <\/p>\n<div style='flex: 1 1 300px; min-width: 280px; border: 1px solid rgba(150&comma;150&comma;150&comma;0.4); border-radius: 8px; overflow: hidden;'>\n<div style='padding: 15px; border-bottom: 1px solid rgba(150&comma;150&comma;150&comma;0.2); font-weight: bold; font-size: 18px; color: inherit;'> Anal\u00edticos <\/div>\n<div style='padding: 15px; color: inherit;'>\n<ul style='padding-left: 20px; margin: 0; font-size: 14px;'>\n<li style='margin-bottom: 5px;'>Reconocimiento de c\u00f3digos de barra<\/li>\n<\/ul>\n<p style='margin: 10px 0 5px 20px; font-size: 14px;'>Tipo de c\u00f3digo:<\/p>\n<ul style='padding-left: 20px; margin: 0 0 15px; font-size: 14px;'>\n<li style='margin-bottom: 5px;'>1D Code<\/li>\n<li style='margin-bottom: 5px;'>Code128<\/li>\n<li style='margin-bottom: 5px;'>Codabar<\/li>\n<li style='margin-bottom: 5px;'>ITF (Interleaved 2 de 5)<\/li>\n<\/ul>\n<div style='border-top: 1px solid rgba(150&comma;150&comma;150&comma;0.2); padding-top: 15px;'>\n<div style='font-weight: bold; font-size: 18px; margin-bottom: 10px; color: inherit;'>Seguridad<\/div>\n<ul style='padding-left: 20px; margin: 0; font-size: 14px;'>\n<li style='margin-bottom: 5px;'>OS \/ Protecci\u00f3n de firmware: Secure boot&comma; Signed firmware&comma; Encriptaci\u00f3n de firmware<\/li>\n<li style='margin-bottom: 5px;'>Autenticaci\u00f3n de Usuarios: Digest Authentication&comma; Prevent brute-force attack<\/li>\n<li style='margin-bottom: 5px;'>Autenticaci\u00f3n de red: 802.1X Authentication (EAP-TLS&comma; EAP-LEAP&comma; EAP-PEAP MSCHAPv2)<\/li>\n<li style='margin-bottom: 5px;'>Comunicaci\u00f3n Segura: HTTPS&comma; SRTP&comma; WSS (Websocket secure)<\/li>\n<li style='margin-bottom: 5px;'>Control de acceso: IP address filtering<\/li>\n<li style='margin-bottom: 5px;'>Protecci\u00f3n de datos: Authentication information encryption&comma; ZIP compression encryption<\/li>\n<li style='margin-bottom: 5px;'>Auditor\u00eda: User Access\/System\/Event log<\/li>\n<li style='margin-bottom: 5px;'>Device ID: Device Certificate (Hanwha Techwin Root CA&comma; pre-installed)<\/li>\n<li style='margin-bottom: 5px;'>Almacenamiento seguro: HTPM (Hanwha Trusted Platform Module)<\/li>\n<li style='margin-bottom: 5px;'>Certificado de seguridad: Secure by default<\/li>\n<\/ul><\/div>\n<\/p><\/div>\n<\/p><\/div>\n<\/p><\/div>\n<\/p><\/div>\n<p> <!-- Separador final --> <\/p>\n<hr style='border: 0; border-top: 1px solid rgba(150&comma;150&comma;150&comma;0.3); margin: 30px 0;'> <\/div>\n","protected":false},"excerpt":{"rendered":"<p>Camara IP Dual 4K, Funcion para reconocimiento de Codigos de Barra BCR \/ 2 lentes 25mm \/ Luz Blanca incluida \/<\/p>\n","protected":false},"featured_media":100455,"comment_status":"open","ping_status":"closed","template":"","meta":[],"product_brand":[],"product_cat":[438],"product_tag":[439,122,1055],"class_list":{"0":"post-100456","1":"product","2":"type-product","3":"status-publish","4":"has-post-thumbnail","6":"product_cat-bala","7":"product_tag-bala","8":"product_tag-camaras-ip-y-nvrs","9":"product_tag-hanwha-vision","11":"first","12":"outofstock","13":"sale","14":"shipping-taxable","15":"purchasable","16":"product-type-simple"},"_links":{"self":[{"href":"https:\/\/soydeaqui.ddns.net\/pachuca\/index.php\/wp-json\/wp\/v2\/product\/100456","targetHints":{"allow":["GET"]}}],"collection":[{"href":"https:\/\/soydeaqui.ddns.net\/pachuca\/index.php\/wp-json\/wp\/v2\/product"}],"about":[{"href":"https:\/\/soydeaqui.ddns.net\/pachuca\/index.php\/wp-json\/wp\/v2\/types\/product"}],"replies":[{"embeddable":true,"href":"https:\/\/soydeaqui.ddns.net\/pachuca\/index.php\/wp-json\/wp\/v2\/comments?post=100456"}],"wp:featuredmedia":[{"embeddable":true,"href":"https:\/\/soydeaqui.ddns.net\/pachuca\/index.php\/wp-json\/wp\/v2\/media\/100455"}],"wp:attachment":[{"href":"https:\/\/soydeaqui.ddns.net\/pachuca\/index.php\/wp-json\/wp\/v2\/media?parent=100456"}],"wp:term":[{"taxonomy":"product_brand","embeddable":true,"href":"https:\/\/soydeaqui.ddns.net\/pachuca\/index.php\/wp-json\/wp\/v2\/product_brand?post=100456"},{"taxonomy":"product_cat","embeddable":true,"href":"https:\/\/soydeaqui.ddns.net\/pachuca\/index.php\/wp-json\/wp\/v2\/product_cat?post=100456"},{"taxonomy":"product_tag","embeddable":true,"href":"https:\/\/soydeaqui.ddns.net\/pachuca\/index.php\/wp-json\/wp\/v2\/product_tag?post=100456"}],"curies":[{"name":"wp","href":"https:\/\/api.w.org\/{rel}","templated":true}]}}