{"id":100424,"date":"2026-03-20T11:13:01","date_gmt":"2026-03-20T11:13:01","guid":{"rendered":"https:\/\/soydeaqui.ddns.net\/pachuca\/index.php\/producto\/bala-ip-termica-dual-termico-9-7-mm-256-x-192-optico-8-mm-4-mp-termometrica-deteccion-de-temperatura-ip68-30-mts-ir-antiexplosion-anticorrosion-2\/"},"modified":"2026-03-20T11:13:02","modified_gmt":"2026-03-20T11:13:02","slug":"bala-ip-termica-dual-termico-9-7-mm-256-x-192-optico-8-mm-4-mp-termometrica-deteccion-de-temperatura-ip68-30-mts-ir-antiexplosion-anticorrosion-2","status":"publish","type":"product","link":"https:\/\/soydeaqui.ddns.net\/pachuca\/index.php\/producto\/bala-ip-termica-dual-termico-9-7-mm-256-x-192-optico-8-mm-4-mp-termometrica-deteccion-de-temperatura-ip68-30-mts-ir-antiexplosion-anticorrosion-2\/","title":{"rendered":"Bala IP T\u00e9rmica Dual \/ Termico 9.7 mm (256 X 192) + \u00d3ptico 8 mm (4 MP) \/ Termom\u00e9trica \/ Detecci\u00f3n de Temperatura \/ IP68 \/ 30 mts IR \/ Antiexplosi\u00f3n \/ Anticorrosi\u00f3n"},"content":{"rendered":"<div style='width: 100%; max-width: 1200px; margin: 0 auto; font-family: sans-serif; line-height: 1.6; color: inherit; background-color: transparent;'>\n<p style='text-align: center;'><img style='width: 45%; height: auto; border: 1px solid rgba(150&comma;150&comma;150&comma;0.3); border-radius: 8px;' src='https:\/\/ftp3.syscom.mx\/usuarios\/jsosa\/HIKVISION\/imagenes\/logo\/hikvision%20see%20far.png' alt='Logo Hikvision'><\/p>\n<div style='display: flex; flex-wrap: wrap; gap: 30px; margin: 30px 0;'>\n<div style='flex: 1 1 45%; min-width: 300px;'>\n<div style='position: relative; padding-bottom: 56.25%; height: 0; overflow: hidden;'>   <\/div>\n<\/p><\/div>\n<div style='flex: 1 1 45%; min-width: 300px;'>\n<div style='position: relative; padding-bottom: 56.25%; height: 0; overflow: hidden;'>   <\/div>\n<\/p><\/div>\n<\/p><\/div>\n<div style='display: flex; flex-wrap: wrap; gap: 30px; margin-bottom: 30px;'>\n<div style='flex: 1 1 300px; min-width: 280px;'>\n<h3 style='font-size: 22px; border-bottom: 2px solid currentColor; padding-bottom: 5px; margin-top: 0; color: inherit; opacity: 0.8;'>Caracter\u00edsticas de la c\u00e1mara t\u00e9rmica<\/h3>\n<ul style='padding-left: 20px; font-size: 15px; color: inherit;'>\n<li style='margin-bottom: 5px;'><strong>Lente fijo:<\/strong> 15 mm<\/li>\n<li style='margin-bottom: 5px;'><strong>Resoluci\u00f3n:<\/strong> 384 X 288<\/li>\n<li style='margin-bottom: 5px;'><strong>Sensor de imagen:<\/strong> oxido de vanadio&comma; detector de plano focal no refrigerado<\/li>\n<li style='margin-bottom: 5px;'><strong>Identificaci\u00f3n de personas:<\/strong> 55 mts aproximado<\/li>\n<li style='margin-bottom: 5px;'><strong>Identificaci\u00f3n de veh\u00edculos:<\/strong> 169 mts aproximado<\/li>\n<\/ul>\n<h3 style='font-size: 22px; border-bottom: 2px solid currentColor; padding-bottom: 5px; margin-top: 25px; color: inherit; opacity: 0.8;'>Caracter\u00edsticas de la c\u00e1mara \u00f3ptica<\/h3>\n<ul style='padding-left: 20px; font-size: 15px; color: inherit;'>\n<li style='margin-bottom: 5px;'><strong>Lente fijo:<\/strong> 15 mm<\/li>\n<li style='margin-bottom: 5px;'><strong>Resoluci\u00f3n:<\/strong> 2688 X 1520<\/li>\n<li style='margin-bottom: 5px;'><strong>WDR:<\/strong> 120dB<\/li>\n<li style='margin-bottom: 5px;'><strong>IR:<\/strong> 30m<\/li>\n<\/ul>\n<h3 style='font-size: 22px; border-bottom: 2px solid currentColor; padding-bottom: 5px; margin-top: 25px; color: inherit; opacity: 0.8;'>Funciones avanzadas<\/h3>\n<ul style='padding-left: 20px; font-size: 15px; color: inherit;'>\n<li style='margin-bottom: 5px;'><strong>Videoanal\u00edticos:<\/strong> 4 integrados (Cruce de linea&comma; Intrusi\u00f3n de \u00e1rea&comma; Regi\u00f3n de entrada \/ Regi\u00f3n de salida)<\/li>\n<li style='margin-bottom: 5px;'><strong>Rango de temperatura:<\/strong> -20\u00baC a 150\u00baC (-4\u00baF a 302\u00baF)<\/li>\n<li style='margin-bottom: 5px;'><strong>Eficiencia de rango:<\/strong> 2\u00baC<\/li>\n<li style='margin-bottom: 5px;'><strong>Detecci\u00f3n de fuego:<\/strong> Detecci\u00f3n din\u00e1mico de incendio&comma; hasta 10 puntos de incendio detectables<\/li>\n<li style='margin-bottom: 5px;'><strong>Temperatura:<\/strong> Muestra la temperatura del escenario a visualizar<\/li>\n<\/ul><\/div>\n<div style='flex: 1 1 300px; min-width: 280px;'>\n<h3 style='font-size: 22px; border-bottom: 2px solid currentColor; padding-bottom: 5px; margin-top: 0; color: inherit; opacity: 0.8;'>Caracter\u00edsticas F\u00edsicas y El\u00e9ctricas<\/h3>\n<ul style='padding-left: 20px; font-size: 15px; color: inherit;'>\n<li style='margin-bottom: 5px;'><strong>Alimentaci\u00f3n:<\/strong> PoE+ (802.3 af) \/ 8 watts<\/li>\n<li style='margin-bottom: 5px;'><strong>Temperatura de operaci\u00f3n:<\/strong> -40\u00baC a 60\u00baC<\/li>\n<li style='margin-bottom: 5px;'><strong>Dimensiones:<\/strong> 310 X 25 X 263 mm<\/li>\n<li style='margin-bottom: 5px;'><strong>Protecci\u00f3n:<\/strong> IP68<\/li>\n<li style='margin-bottom: 5px;'><strong>Material:<\/strong> Acero inoxidable (316L) para cumplir con la norma antiexplosi\u00f3n<\/li>\n<li style='margin-bottom: 5px;'><strong>Peso:<\/strong> 6.1 Kg<\/li>\n<li style='margin-bottom: 5px;'><strong>Incluye:<\/strong> Brazo de pared (DS-1707ZJ-Y)<\/li>\n<\/ul><\/div>\n<div style='flex: 1 1 300px; min-width: 280px;'>\n<h3 style='font-size: 22px; border-bottom: 2px solid currentColor; padding-bottom: 5px; margin-top: 0; color: inherit; opacity: 0.8;'>Imagen y compresi\u00f3n<\/h3>\n<ul style='padding-left: 20px; font-size: 15px; color: inherit;'>\n<li style='margin-bottom: 5px;'><strong>Imagen t\u00e9rmica:<\/strong> 25 fps (704 X 576 \/ 640 \u00d7 512 \/ 352 X 288)<\/li>\n<li style='margin-bottom: 5px;'><strong>Imagen \u00f3ptica:<\/strong> 25 fps (2688 \u00d7 1520&comma; 1920 \u00d7 1080&comma; 1280 \u00d7 720)<\/li>\n<li style='margin-bottom: 5px;'><strong>Compresi\u00f3n:<\/strong> H.265+ \/ H.265 \/ H.264+ \/ H.264<\/li>\n<li style='margin-bottom: 5px;'><strong>Usuarios:<\/strong> Hasta 20 simult\u00e1neos<\/li>\n<\/ul>\n<h3 style='font-size: 22px; border-bottom: 2px solid currentColor; padding-bottom: 5px; margin-top: 25px; color: inherit; opacity: 0.8;'>Integraci\u00f3n<\/h3>\n<ul style='padding-left: 20px; font-size: 15px; color: inherit;'>\n<li style='margin-bottom: 5px;'><strong>Entradas de alarma:<\/strong> 2 (0 &#8211; 5 Vcc)<\/li>\n<li style='margin-bottom: 5px;'><strong>Salidas de alarma:<\/strong> 2<\/li>\n<li style='margin-bottom: 5px;'><strong>Entrada de audio:<\/strong> 1<\/li>\n<li style='margin-bottom: 5px;'><strong>Salidas de audio:<\/strong> 1<\/li>\n<li style='margin-bottom: 5px;'><strong>Puerto de red:<\/strong> 1 (10 \/ 100 Mbps)<\/li>\n<\/ul><\/div>\n<\/p><\/div>\n<hr style='border: 0; border-top: 1px solid rgba(150&comma; 150&comma; 150&comma; 0.3); margin: 30px 0;'>\n<div style='display: flex; flex-wrap: wrap; margin-top: 30px;'>\n<div style='flex: 1 1 100%;'> <img style='width: 100%; height: auto; border: 1px solid rgba(150&comma;150&comma;150&comma;0.3); border-radius: 8px;' src='https:\/\/ftp3.syscom.mx\/usuarios\/jsosa\/banners\/solucion-termica.jpg' alt='Soluci\u00f3n t\u00e9rmica'> <\/div>\n<\/p><\/div>\n<\/p><\/div>\n","protected":false},"excerpt":{"rendered":"<p>Bala IP T\u00e9rmica Dual \/ Termico 9.7 mm (256 X 192) + \u00d3ptico 8 mm (4 MP) \/ Termom\u00e9trica \/ Detecci\u00f3n de Temperatura \/ IP68 \/ 30 mts IR \/ Antiexplosi\u00f3n \/ Anticorrosi\u00f3n<\/p>\n","protected":false},"featured_media":100423,"comment_status":"open","ping_status":"closed","template":"","meta":[],"product_brand":[],"product_cat":[1049],"product_tag":[122,54,1050],"class_list":{"0":"post-100424","1":"product","2":"type-product","3":"status-publish","4":"has-post-thumbnail","6":"product_cat-termicas","7":"product_tag-camaras-ip-y-nvrs","8":"product_tag-hikvision","9":"product_tag-termicas","11":"first","12":"outofstock","13":"sale","14":"shipping-taxable","15":"purchasable","16":"product-type-simple"},"_links":{"self":[{"href":"https:\/\/soydeaqui.ddns.net\/pachuca\/index.php\/wp-json\/wp\/v2\/product\/100424","targetHints":{"allow":["GET"]}}],"collection":[{"href":"https:\/\/soydeaqui.ddns.net\/pachuca\/index.php\/wp-json\/wp\/v2\/product"}],"about":[{"href":"https:\/\/soydeaqui.ddns.net\/pachuca\/index.php\/wp-json\/wp\/v2\/types\/product"}],"replies":[{"embeddable":true,"href":"https:\/\/soydeaqui.ddns.net\/pachuca\/index.php\/wp-json\/wp\/v2\/comments?post=100424"}],"wp:featuredmedia":[{"embeddable":true,"href":"https:\/\/soydeaqui.ddns.net\/pachuca\/index.php\/wp-json\/wp\/v2\/media\/100423"}],"wp:attachment":[{"href":"https:\/\/soydeaqui.ddns.net\/pachuca\/index.php\/wp-json\/wp\/v2\/media?parent=100424"}],"wp:term":[{"taxonomy":"product_brand","embeddable":true,"href":"https:\/\/soydeaqui.ddns.net\/pachuca\/index.php\/wp-json\/wp\/v2\/product_brand?post=100424"},{"taxonomy":"product_cat","embeddable":true,"href":"https:\/\/soydeaqui.ddns.net\/pachuca\/index.php\/wp-json\/wp\/v2\/product_cat?post=100424"},{"taxonomy":"product_tag","embeddable":true,"href":"https:\/\/soydeaqui.ddns.net\/pachuca\/index.php\/wp-json\/wp\/v2\/product_tag?post=100424"}],"curies":[{"name":"wp","href":"https:\/\/api.w.org\/{rel}","templated":true}]}}