{"id":100419,"date":"2026-03-20T11:12:46","date_gmt":"2026-03-20T11:12:46","guid":{"rendered":"https:\/\/soydeaqui.ddns.net\/pachuca\/index.php\/producto\/cargador-de-100w-serie-nexode-s-4-puertos-de-carga-rapida-3-usb-c-1-usb-a-tecnologia-gan-ii-pd3-0-qc4-0-fcp-scp-afc-pps-pps2-0-tecnologia-de-proteccion-termica-optimiza-la-carga-ca\/"},"modified":"2026-03-20T11:12:51","modified_gmt":"2026-03-20T11:12:51","slug":"cargador-de-100w-serie-nexode-s-4-puertos-de-carga-rapida-3-usb-c-1-usb-a-tecnologia-gan-ii-pd3-0-qc4-0-fcp-scp-afc-pps-pps2-0-tecnologia-de-proteccion-termica-optimiza-la-carga-ca","status":"publish","type":"product","link":"https:\/\/soydeaqui.ddns.net\/pachuca\/index.php\/producto\/cargador-de-100w-serie-nexode-s-4-puertos-de-carga-rapida-3-usb-c-1-usb-a-tecnologia-gan-ii-pd3-0-qc4-0-fcp-scp-afc-pps-pps2-0-tecnologia-de-proteccion-termica-optimiza-la-carga-ca\/","title":{"rendered":"Cargador de 100W serie Nexode S | 4 Puertos de Carga R\u00e1pida | 3 USB-C | 1 USB-A | Tecnolog\u00eda GaN II | PD3.0 | QC4.0 | FCP\/SCP\/AFC\/PPS\/PPS2.0 | Tecnolog\u00eda de Protecci\u00f3n T\u00e9rmica | Optimiza la Carga | Carcasa Ignifuga."},"content":{"rendered":"<div style='width: 100%; max-width: 1200px; margin: 0 auto; font-family: sans-serif; line-height: 1.6; color: inherit; background-color: transparent;'> <!-- Secci\u00f3n de caracter\u00edsticas principales --> <\/p>\n<div style='display: flex; flex-wrap: wrap; gap: 30px; margin-bottom: 30px;'>\n<div style='flex: 1 1 300px; min-width: 280px;'>\n<h3 style='font-size: 22px; border-bottom: 2px solid currentColor; padding-bottom: 5px; margin-top: 0; color: inherit; opacity: 0.8;'>Caracter\u00edsticas Generales<\/h3>\n<ul style='padding-left: 20px; font-size: 15px; color: inherit;'>\n<li style='margin-bottom: 5px;'>4 puertos de carga: 3 USB-C y 1 USB-A<\/li>\n<li style='margin-bottom: 5px;'>Potencia total: 100W m\u00e1x.<\/li>\n<li style='margin-bottom: 5px;'>Tecnolog\u00eda GaN II para tama\u00f1o compacto y reducci\u00f3n de calor<\/li>\n<li style='margin-bottom: 5px;'>Protecci\u00f3n t\u00e9rmica con monitoreo de temperatura 800 veces\/segundo<\/li>\n<li style='margin-bottom: 5px;'>Carcasa ign\u00edfuga de PC grado V0<\/li>\n<li style='margin-bottom: 5px;'>Temperatura de operaci\u00f3n: -10\u00b0C a 25\u00b0C<\/li>\n<li style='margin-bottom: 5px;'>Altitud de operaci\u00f3n: hasta 5000 metros<\/li>\n<\/ul><\/div>\n<div style='flex: 1 1 300px; min-width: 280px;'>\n<h3 style='font-size: 22px; border-bottom: 2px solid currentColor; padding-bottom: 5px; margin-top: 0; color: inherit; opacity: 0.8;'>Especificaciones El\u00e9ctricas<\/h3>\n<ul style='padding-left: 20px; font-size: 15px; color: inherit;'>\n<li style='margin-bottom: 5px;'><strong>Entrada:<\/strong> 100-240V AC&comma; 50\/60Hz&comma; 2.3A m\u00e1x.<\/li>\n<li style='margin-bottom: 5px;'><strong>Consumo en espera:<\/strong> \u22640.3W<\/li>\n<li style='margin-bottom: 5px;'><strong>Rango de tensi\u00f3n:<\/strong> \u00b15% de nominal<\/li>\n<li style='margin-bottom: 5px;'><strong>Ondulaci\u00f3n:<\/strong> 5V\/9V\/12V \u2264150mV&comma; 15V\/20V\/SCP \u2264200mV<\/li>\n<li style='margin-bottom: 5px;'><strong>Eficiencia:<\/strong> 5V \u226578%&comma; 9V\/12V \u226580%&comma; 15V\/20V \u226585%<\/li>\n<li style='margin-bottom: 5px;'><strong>Temperatura carcasa:<\/strong> 77\u00b0C m\u00e1x. (25\u00b0C ambiente)<\/li>\n<li style='margin-bottom: 5px;'><strong>Protecci\u00f3n contra sobretemperatura:<\/strong> 100\u00b0C aprox.<\/li>\n<\/ul><\/div>\n<\/p><\/div>\n<p> <!-- Secci\u00f3n de puertos --> <\/p>\n<div style='display: flex; flex-wrap: wrap; gap: 20px; margin-bottom: 30px;'>\n<div style='flex: 1 1 250px; border: 1px solid rgba(150&comma; 150&comma; 150&comma; 0.4); border-radius: 8px; overflow: hidden; display: flex; flex-direction: column;'>\n<div style='padding: 15px; border-bottom: 1px solid rgba(150&comma; 150&comma; 150&comma; 0.2); font-weight: bold; font-size: 18px; color: inherit;'>USB-C1\/C2<\/div>\n<div style='padding: 15px; color: inherit;'>\n<ul style='padding-left: 20px; margin: 0; font-size: 14px; list-style-type: disc;'>\n<li style='margin-bottom: 5px;'>5V\/3A<\/li>\n<li style='margin-bottom: 5px;'>9V\/3A<\/li>\n<li style='margin-bottom: 5px;'>12V\/3A<\/li>\n<li style='margin-bottom: 5px;'>15V\/3A<\/li>\n<li style='margin-bottom: 5px;'>20V\/5A<\/li>\n<li style='margin-bottom: 5px;'><strong>Max:<\/strong> 100W<\/li>\n<\/ul><\/div>\n<\/p><\/div>\n<div style='flex: 1 1 250px; border: 1px solid rgba(150&comma; 150&comma; 150&comma; 0.4); border-radius: 8px; overflow: hidden; display: flex; flex-direction: column;'>\n<div style='padding: 15px; border-bottom: 1px solid rgba(150&comma; 150&comma; 150&comma; 0.2); font-weight: bold; font-size: 18px; color: inherit;'>USB-C3<\/div>\n<div style='padding: 15px; color: inherit;'>\n<ul style='padding-left: 20px; margin: 0; font-size: 14px; list-style-type: disc;'>\n<li style='margin-bottom: 5px;'>5V\/3A<\/li>\n<li style='margin-bottom: 5px;'>9V\/2.5A<\/li>\n<li style='margin-bottom: 5px;'>12V\/1.87A<\/li>\n<li style='margin-bottom: 5px;'>15V\/1.5A<\/li>\n<li style='margin-bottom: 5px;'><strong>Max:<\/strong> 22.5W<\/li>\n<\/ul><\/div>\n<\/p><\/div>\n<div style='flex: 1 1 250px; border: 1px solid rgba(150&comma; 150&comma; 150&comma; 0.4); border-radius: 8px; overflow: hidden; display: flex; flex-direction: column;'>\n<div style='padding: 15px; border-bottom: 1px solid rgba(150&comma; 150&comma; 150&comma; 0.2); font-weight: bold; font-size: 18px; color: inherit;'>USB-A<\/div>\n<div style='padding: 15px; color: inherit;'>\n<ul style='padding-left: 20px; margin: 0; font-size: 14px; list-style-type: disc;'>\n<li style='margin-bottom: 5px;'>Versi\u00f3n A0: 4.5V\/5A (SCP)&comma; 5V\/4.5A (SCP)&comma; 5V\/3A&comma; 9V\/2A&comma; 12V\/1.5A<\/li>\n<li style='margin-bottom: 5px;'>Versi\u00f3n A1: 5V\/3A&comma; 9V\/2A&comma; 12V\/1.5A&comma; 10V\/2.25A (SCP)<\/li>\n<li style='margin-bottom: 5px;'><strong>Max:<\/strong> 22.5W<\/li>\n<\/ul><\/div>\n<\/p><\/div>\n<\/p><\/div>\n<p> <!-- Secci\u00f3n de protecci\u00f3n --> <\/p>\n<div style='display: flex; flex-wrap: wrap; gap: 20px; margin-bottom: 30px;'>\n<div style='flex: 1 1 250px; border: 1px solid rgba(150&comma; 150&comma; 150&comma; 0.4); border-radius: 8px; overflow: hidden; display: flex; flex-direction: column;'>\n<div style='padding: 15px; border-bottom: 1px solid rgba(150&comma; 150&comma; 150&comma; 0.2); font-weight: bold; font-size: 18px; color: inherit;'>Protecciones<\/div>\n<div style='padding: 15px; color: inherit;'>\n<ul style='padding-left: 20px; margin: 0; font-size: 14px; list-style-type: disc;'>\n<li style='margin-bottom: 5px;'>Protecci\u00f3n contra sobretemperatura<\/li>\n<li style='margin-bottom: 5px;'>Protecci\u00f3n contra sobretensi\u00f3n (110-125% de nominal)<\/li>\n<li style='margin-bottom: 5px;'>Protecci\u00f3n contra sobrecorriente (105-130% de nominal)<\/li>\n<li style='margin-bottom: 5px;'>Protecci\u00f3n contra cortocircuito<\/li>\n<li style='margin-bottom: 5px;'>Funci\u00f3n de filtrado<\/li>\n<\/ul><\/div>\n<\/p><\/div>\n<div style='flex: 1 1 250px; border: 1px solid rgba(150&comma; 150&comma; 150&comma; 0.4); border-radius: 8px; overflow: hidden; display: flex; flex-direction: column;'>\n<div style='padding: 15px; border-bottom: 1px solid rgba(150&comma; 150&comma; 150&comma; 0.2); font-weight: bold; font-size: 18px; color: inherit;'>Protocolos Soportados<\/div>\n<div style='padding: 15px; color: inherit;'>\n<ul style='padding-left: 20px; margin: 0; font-size: 14px; list-style-type: disc;'>\n<li style='margin-bottom: 5px;'>USB-C1\/C2\/C3: PD2.0\/3.0&comma; PPS&comma; QC3.0\/4.0+&comma; AFC&comma; APPLE2.4A&comma; BC1.2&comma; FCP&comma; SCP&comma; Samsung5V\/2A<\/li>\n<li style='margin-bottom: 5px;'>USB-A: QC2.0\/3.0&comma; AFC&comma; FCP&comma; SCP&comma; APPLE2.4A&comma; Samsung5V\/2A&comma; BC1.2<\/li>\n<\/ul><\/div>\n<\/p><\/div>\n<div style='flex: 1 1 250px; border: 1px solid rgba(150&comma; 150&comma; 150&comma; 0.4); border-radius: 8px; overflow: hidden; display: flex; flex-direction: column;'>\n<div style='padding: 15px; border-bottom: 1px solid rgba(150&comma; 150&comma; 150&comma; 0.2); font-weight: bold; font-size: 18px; color: inherit;'>Conector y Dimensiones<\/div>\n<div style='padding: 15px; color: inherit;'>\n<ul style='padding-left: 20px; margin: 0; font-size: 14px; list-style-type: disc;'>\n<li style='margin-bottom: 5px;'>Tipo de clavija: Tipo C<\/li>\n<li style='margin-bottom: 5px;'>Conector tipo C\/E\/F\/H\/J\/K\/L\/N\/O<\/li>\n<li style='margin-bottom: 5px;'>USB-C: 16 pines<\/li>\n<li style='margin-bottom: 5px;'>USB-A: 4 pines<\/li>\n<li style='margin-bottom: 5px;'>Tama\u00f1o: 69x69x35.6mm \u00b11mm<\/li>\n<\/ul><\/div>\n<\/p><\/div>\n<\/p><\/div>\n<p> <!-- Separador --> <\/p>\n<hr style='border: 0; border-top: 1px solid rgba(150&comma; 150&comma; 150&comma; 0.3); margin: 30px 0;'> <\/div>\n","protected":false},"excerpt":{"rendered":"<p>Cargador de 100W serie Nexode S | 4 Puertos de Carga R\u00e1pida | 3 USB-C | 1 USB-A | Tecnolog\u00eda GaN II | PD3.0 | QC4.0 | FCP\/SCP\/AFC\/PPS\/PPS2.0 | Tecnolog\u00eda de Protecci\u00f3n T\u00e9rmica | Optimiza la Carga | Carcasa Ignifuga.<\/p>\n","protected":false},"featured_media":100418,"comment_status":"open","ping_status":"closed","template":"","meta":[],"product_brand":[],"product_cat":[1235],"product_tag":[417,1236,650],"class_list":{"0":"post-100419","1":"product","2":"type-product","3":"status-publish","4":"has-post-thumbnail","6":"product_cat-accesorios-para-computadora-y-smartphones","7":"product_tag-accesorios-generales","8":"product_tag-accesorios-para-computadora-y-smartphones","9":"product_tag-ugreen","11":"first","12":"outofstock","13":"sale","14":"shipping-taxable","15":"purchasable","16":"product-type-simple"},"_links":{"self":[{"href":"https:\/\/soydeaqui.ddns.net\/pachuca\/index.php\/wp-json\/wp\/v2\/product\/100419","targetHints":{"allow":["GET"]}}],"collection":[{"href":"https:\/\/soydeaqui.ddns.net\/pachuca\/index.php\/wp-json\/wp\/v2\/product"}],"about":[{"href":"https:\/\/soydeaqui.ddns.net\/pachuca\/index.php\/wp-json\/wp\/v2\/types\/product"}],"replies":[{"embeddable":true,"href":"https:\/\/soydeaqui.ddns.net\/pachuca\/index.php\/wp-json\/wp\/v2\/comments?post=100419"}],"wp:featuredmedia":[{"embeddable":true,"href":"https:\/\/soydeaqui.ddns.net\/pachuca\/index.php\/wp-json\/wp\/v2\/media\/100418"}],"wp:attachment":[{"href":"https:\/\/soydeaqui.ddns.net\/pachuca\/index.php\/wp-json\/wp\/v2\/media?parent=100419"}],"wp:term":[{"taxonomy":"product_brand","embeddable":true,"href":"https:\/\/soydeaqui.ddns.net\/pachuca\/index.php\/wp-json\/wp\/v2\/product_brand?post=100419"},{"taxonomy":"product_cat","embeddable":true,"href":"https:\/\/soydeaqui.ddns.net\/pachuca\/index.php\/wp-json\/wp\/v2\/product_cat?post=100419"},{"taxonomy":"product_tag","embeddable":true,"href":"https:\/\/soydeaqui.ddns.net\/pachuca\/index.php\/wp-json\/wp\/v2\/product_tag?post=100419"}],"curies":[{"name":"wp","href":"https:\/\/api.w.org\/{rel}","templated":true}]}}