{"id":100411,"date":"2026-03-20T11:12:27","date_gmt":"2026-03-20T11:12:27","guid":{"rendered":"https:\/\/soydeaqui.ddns.net\/pachuca\/index.php\/producto\/bala-ip-termica-dual-termico-7-mm-256-x-192-optico-4-mm-4-mp-termometrica-deteccion-de-temperatura-ip68-30-mts-ir-antiexplosion-anticorrosion-2\/"},"modified":"2026-03-20T11:12:30","modified_gmt":"2026-03-20T11:12:30","slug":"bala-ip-termica-dual-termico-7-mm-256-x-192-optico-4-mm-4-mp-termometrica-deteccion-de-temperatura-ip68-30-mts-ir-antiexplosion-anticorrosion-2","status":"publish","type":"product","link":"https:\/\/soydeaqui.ddns.net\/pachuca\/index.php\/producto\/bala-ip-termica-dual-termico-7-mm-256-x-192-optico-4-mm-4-mp-termometrica-deteccion-de-temperatura-ip68-30-mts-ir-antiexplosion-anticorrosion-2\/","title":{"rendered":"Bala IP T\u00e9rmica Dual \/ Termico 7 mm (256 X 192) + \u00d3ptico 4 mm (4 MP) \/ Termom\u00e9trica \/ Detecci\u00f3n de Temperatura \/ IP68 \/ 30 mts IR \/ Antiexplosi\u00f3n \/ Anticorrosi\u00f3n"},"content":{"rendered":"<div style='width: 100%; max-width: 1200px; margin: 0 auto; font-family: sans-serif; line-height: 1.6; color: inherit; background-color: transparent;'>\n<p style='text-align: center;'><img style='width: 45%; height: auto; border: 1px solid rgba(150&comma;150&comma;150&comma;0.3); border-radius: 8px;' src='https:\/\/ftp3.syscom.mx\/usuarios\/jsosa\/HIKVISION\/imagenes\/logo\/hikvision%20see%20far.png' alt=''><\/p>\n<p style='margin: 30px 0;'>\n<div style='display: flex; flex-wrap: wrap; gap: 20px; justify-content: center;'>\n<div style='position: relative; padding-bottom: 56.25%; height: 0; overflow: hidden; flex: 1 1 300px; max-width: 560px;'>   <\/div>\n<div style='position: relative; padding-bottom: 56.25%; height: 0; overflow: hidden; flex: 1 1 300px; max-width: 560px;'>   <\/div>\n<\/p><\/div>\n<p style='margin: 30px 0;'>\n<div style='display: flex; flex-wrap: wrap; gap: 30px;'>\n<div style='flex: 1 1 300px; min-width: 280px;'>\n<h3 style='font-size: 22px; border-bottom: 2px solid currentColor; padding-bottom: 5px; margin-top: 0; color: inherit; opacity: 0.8;'>Caracter\u00edsticas de la c\u00e1mara t\u00e9rmica<\/h3>\n<ul style='padding-left: 20px; font-size: 15px; color: inherit;'>\n<li style='margin-bottom: 5px;'><span style='color: inherit;'>Lente fijo: 15 mm.<\/span><\/li>\n<li style='margin-bottom: 5px;'><span style='color: inherit;'>Resoluci\u00f3n: 384 X 288.<\/span><\/li>\n<li style='margin-bottom: 5px;'><span style='color: inherit;'>Sensor de imagen: oxido de vanadio&comma; detector de plano focal no refrigerado.<\/span><\/li>\n<li style='margin-bottom: 5px;'><span style='color: inherit;'>Identificaci\u00f3n de personas: 55 mts aproximado.<\/span><\/li>\n<li style='margin-bottom: 5px;'><span style='color: inherit;'>Identificaci\u00f3n de veh\u00edculos: 169 mts aproximado.<\/span><\/li>\n<\/ul>\n<h3 style='font-size: 22px; border-bottom: 2px solid currentColor; padding-bottom: 5px; margin-top: 25px; margin-bottom: 15px; color: inherit; opacity: 0.8;'>Caracter\u00edsticas de la c\u00e1mara \u00f3ptica<\/h3>\n<ul style='padding-left: 20px; font-size: 15px; color: inherit;'>\n<li style='margin-bottom: 5px;'><span style='color: inherit;'>Lente fijo: 15 mm.<\/span><\/li>\n<li style='margin-bottom: 5px;'><span style='color: inherit;'>Resoluci\u00f3n: 2688 X 1520.<\/span><\/li>\n<li style='margin-bottom: 5px;'><span style='color: inherit;'>WDR 120dB<\/span><\/li>\n<li style='margin-bottom: 5px;'><span style='color: inherit;'>IR 30m.<\/span><\/li>\n<\/ul>\n<h3 style='font-size: 22px; border-bottom: 2px solid currentColor; padding-bottom: 5px; margin-top: 25px; margin-bottom: 15px; color: inherit; opacity: 0.8;'>Funciones avanzadas<\/h3>\n<ul style='padding-left: 20px; font-size: 15px; color: inherit;'>\n<li style='margin-bottom: 5px;'><span style='color: inherit;'>4 Videoanaliticos integrados (Cruce de linea&comma; Intrusi\u00f3n de \u00e1rea&comma; Regi\u00f3n de entrada \/ Regi\u00f3n de salida).<\/span><\/li>\n<li style='margin-bottom: 5px;'><span style='color: inherit;'>Rango de temperatura: -20\u00baC a 150\u00baC (-4\u00baF a 302\u00baF).<\/span><\/li>\n<li style='margin-bottom: 5px;'><span style='color: inherit;'>Eficiencia de rango: 2\u00baC.<\/span><\/li>\n<li style='margin-bottom: 5px;'><span style='color: inherit;'>Detecci\u00f3n de fuego: Detecci\u00f3n din\u00e1mico de incendio&comma; hasta 10 puntos de incendio detectables.<\/span><\/li>\n<li style='margin-bottom: 5px;'><span style='color: inherit;'>Muestra la temperatura del escenario a visualizar.<\/span><\/li>\n<\/ul><\/div>\n<div style='flex: 1 1 300px; min-width: 280px;'>\n<h3 style='font-size: 22px; border-bottom: 2px solid currentColor; padding-bottom: 5px; margin-top: 0; margin-bottom: 15px; color: inherit; opacity: 0.8;'>Caracter\u00edsticas F\u00edsicas y El\u00e9ctricas<\/h3>\n<ul style='padding-left: 20px; font-size: 15px; color: inherit;'>\n<li style='margin-bottom: 5px;'><span style='color: inherit;'>Alimentaci\u00f3n: PoE+ (802.3 af) \/ 8 watts.<\/span><\/li>\n<li style='margin-bottom: 5px;'><span style='color: inherit;'>Temperatura de operaci\u00f3n: -40\u00baC a 60\u00baC.<\/span><\/li>\n<li style='margin-bottom: 5px;'><span style='color: inherit;'>Dimensiones: 310 X 25 X 263 mm.<\/span><\/li>\n<li style='margin-bottom: 5px;'><span style='color: inherit;'>Protecci\u00f3n: IP68.<\/span><\/li>\n<li style='margin-bottom: 5px;'><span style='color: inherit;'>Fabricado en material de acero inoxidable (316L) para cumplir con la norma antiexplosi\u00f3n.<\/span><\/li>\n<li style='margin-bottom: 5px;'><span style='color: inherit;'>Peso: 6.1 Kg.<\/span><\/li>\n<li style='margin-bottom: 5px;'><span style='color: inherit;'>Incluye brazo de pared (DS-1707ZJ-Y).<\/span><\/li>\n<\/ul><\/div>\n<div style='flex: 1 1 300px; min-width: 280px;'>\n<h3 style='font-size: 22px; border-bottom: 2px solid currentColor; padding-bottom: 5px; margin-top: 0; margin-bottom: 15px; color: inherit; opacity: 0.8;'>Imagen y compresi\u00f3n<\/h3>\n<ul style='padding-left: 20px; font-size: 15px; color: inherit;'>\n<li style='margin-bottom: 5px;'><span style='color: inherit;'>Imagen t\u00e9rmica: 25 fps (704 X 576 \/ 640 \u00d7 512 \/ 352 X 288).<\/span><\/li>\n<li style='margin-bottom: 5px;'><span style='color: inherit;'>Imagen \u00f3ptica: 25 fps (2688 \u00d7 1520&comma; 1920 \u00d7 1080&comma; 1280 \u00d7 720).<\/span><\/li>\n<li style='margin-bottom: 5px;'><span style='color: inherit;'>Compresi\u00f3n: H.265+ \/ H.265 \/ H.264+ \/ H.264.<\/span><\/li>\n<li style='margin-bottom: 5px;'><span style='color: inherit;'>Soporta hasta 20 usuarios simult\u00e1neos.<\/span><\/li>\n<\/ul>\n<h3 style='font-size: 22px; border-bottom: 2px solid currentColor; padding-bottom: 5px; margin-top: 25px; margin-bottom: 15px; color: inherit; opacity: 0.8;'>Integraci\u00f3n<\/h3>\n<ul style='padding-left: 20px; font-size: 15px; color: inherit;'>\n<li style='margin-bottom: 5px;'><span style='color: inherit;'>2 entradas de alarma (0 &#8211; 5 Vcc).<\/span><\/li>\n<li style='margin-bottom: 5px;'><span style='color: inherit;'>2 salidas de alarma.<\/span><\/li>\n<li style='margin-bottom: 5px;'><span style='color: inherit;'>1 entrada de audio.<\/span><\/li>\n<li style='margin-bottom: 5px;'><span style='color: inherit;'>1 salidas de audio.<\/span><\/li>\n<li style='margin-bottom: 5px;'><span style='color: inherit;'>1 puerto de red (10 \/ 100 Mbps).<\/span><\/li>\n<\/ul><\/div>\n<\/p><\/div>\n<hr style='border: 0; border-top: 1px solid rgba(150&comma; 150&comma; 150&comma; 0.3); margin: 30px 0;'>\n<div style='display: flex; flex-wrap: wrap; gap: 30px; justify-content: center;'> <img style='width: 100%; height: auto; border: 1px solid rgba(150&comma;150&comma;150&comma;0.3); border-radius: 8px;' src='https:\/\/ftp3.syscom.mx\/usuarios\/jsosa\/banners\/solucion-termica.jpg' alt=''> <\/div>\n<\/p><\/div>\n","protected":false},"excerpt":{"rendered":"<p>Bala IP T\u00e9rmica Dual \/ Termico 7 mm (256 X 192) + \u00d3ptico 4 mm (4 MP) \/ Termom\u00e9trica \/ Detecci\u00f3n de Temperatura \/ IP68 \/ 30 mts IR \/ Antiexplosi\u00f3n \/ Anticorrosi\u00f3n<\/p>\n","protected":false},"featured_media":100410,"comment_status":"open","ping_status":"closed","template":"","meta":[],"product_brand":[],"product_cat":[1049],"product_tag":[122,54,1050],"class_list":{"0":"post-100411","1":"product","2":"type-product","3":"status-publish","4":"has-post-thumbnail","6":"product_cat-termicas","7":"product_tag-camaras-ip-y-nvrs","8":"product_tag-hikvision","9":"product_tag-termicas","11":"first","12":"outofstock","13":"sale","14":"shipping-taxable","15":"purchasable","16":"product-type-simple"},"_links":{"self":[{"href":"https:\/\/soydeaqui.ddns.net\/pachuca\/index.php\/wp-json\/wp\/v2\/product\/100411","targetHints":{"allow":["GET"]}}],"collection":[{"href":"https:\/\/soydeaqui.ddns.net\/pachuca\/index.php\/wp-json\/wp\/v2\/product"}],"about":[{"href":"https:\/\/soydeaqui.ddns.net\/pachuca\/index.php\/wp-json\/wp\/v2\/types\/product"}],"replies":[{"embeddable":true,"href":"https:\/\/soydeaqui.ddns.net\/pachuca\/index.php\/wp-json\/wp\/v2\/comments?post=100411"}],"wp:featuredmedia":[{"embeddable":true,"href":"https:\/\/soydeaqui.ddns.net\/pachuca\/index.php\/wp-json\/wp\/v2\/media\/100410"}],"wp:attachment":[{"href":"https:\/\/soydeaqui.ddns.net\/pachuca\/index.php\/wp-json\/wp\/v2\/media?parent=100411"}],"wp:term":[{"taxonomy":"product_brand","embeddable":true,"href":"https:\/\/soydeaqui.ddns.net\/pachuca\/index.php\/wp-json\/wp\/v2\/product_brand?post=100411"},{"taxonomy":"product_cat","embeddable":true,"href":"https:\/\/soydeaqui.ddns.net\/pachuca\/index.php\/wp-json\/wp\/v2\/product_cat?post=100411"},{"taxonomy":"product_tag","embeddable":true,"href":"https:\/\/soydeaqui.ddns.net\/pachuca\/index.php\/wp-json\/wp\/v2\/product_tag?post=100411"}],"curies":[{"name":"wp","href":"https:\/\/api.w.org\/{rel}","templated":true}]}}