{"id":100402,"date":"2026-03-20T11:12:01","date_gmt":"2026-03-20T11:12:01","guid":{"rendered":"https:\/\/soydeaqui.ddns.net\/pachuca\/index.php\/producto\/camara-ip-unifi-g5-domo-ultra-color-negro-bajo-perfil-para-interior-2k-4mpx-angulo-amplio-102-4-vision-nocturna-ir-hasta-20mts-deteccion-de-eventos-para-pared-o-techo\/"},"modified":"2026-03-20T11:12:17","modified_gmt":"2026-03-20T11:12:17","slug":"camara-ip-unifi-g5-domo-ultra-color-negro-bajo-perfil-para-interior-2k-4mpx-angulo-amplio-102-4-vision-nocturna-ir-hasta-20mts-deteccion-de-eventos-para-pared-o-techo","status":"publish","type":"product","link":"https:\/\/soydeaqui.ddns.net\/pachuca\/index.php\/producto\/camara-ip-unifi-g5-domo-ultra-color-negro-bajo-perfil-para-interior-2k-4mpx-angulo-amplio-102-4-vision-nocturna-ir-hasta-20mts-deteccion-de-eventos-para-pared-o-techo\/","title":{"rendered":"C\u00e1mara IP UniFi G5 Domo Ultra Color Negro, Bajo Perfil para Interior, 2K (4MPX), \u00c1ngulo Amplio 102.4\u00b0, Visi\u00f3n Nocturna IR Hasta 20mts, Detecci\u00f3n de Eventos, para Pared o Techo"},"content":{"rendered":"<div style='width: 100%; max-width: 1200px; margin: 0 auto; font-family: sans-serif; line-height: 1.6; color: inherit; background-color: transparent;'>\n<div style='display: flex; flex-direction: column; gap: 30px;'>\n<div style='display: flex; flex-direction: column;'>\n<h3 style='font-size: 22px; border-bottom: 2px solid currentColor; padding-bottom: 5px; margin-top: 0; color: inherit; opacity: 0.8;'>Descripci\u00f3n<\/h3>\n<div style='display: flex; flex-direction: column; gap: 15px; margin-top: 15px;'>\n<p style='font-size: 14px; margin: 0;'>C\u00e1mara PoE 2K HD ultracompacta y resistente a la manipulaci\u00f3n con visi\u00f3n nocturna dise\u00f1ada para una seguridad interior de bajo perfil.<\/p>\n<\/p><\/div>\n<\/p><\/div>\n<div style='display: flex; flex-direction: column;'>\n<h3 style='font-size: 22px; border-bottom: 2px solid currentColor; padding-bottom: 5px; margin-top: 0; color: inherit; opacity: 0.8;'>Caracter\u00edsticas principales<\/h3>\n<div style='display: flex; flex-wrap: wrap; gap: 15px; margin-top: 15px;'>\n<div style='flex: 1 1 250px; border: 1px solid rgba(150&comma; 150&comma; 150&comma; 0.4); border-radius: 8px; overflow: hidden; display: flex; flex-direction: column;'>\n<div style='padding: 15px; border-bottom: 1px solid rgba(150&comma; 150&comma; 150&comma; 0.2); font-weight: bold; font-size: 18px; color: inherit;'>Especificaciones<\/div>\n<div style='padding: 15px; color: inherit;'>\n<ul style='padding-left: 20px; margin: 0; font-size: 14px; list-style-type: disc;'>\n<li style='margin-bottom: 5px; display: flex; align-items: center; gap: 8px;'> <img style='width: 20px; height: 20px; border: 1px solid rgba(150&comma;150&comma;150&comma;0.3); border-radius: 4px;' src='https:\/\/assets.ecomm.ui.com\/static\/key-features\/lens.svg' alt=''> <span style='color: inherit;'>Resoluci\u00f3n de v\u00eddeo 2K (4MP)<\/span> <\/li>\n<li style='margin-bottom: 5px; display: flex; align-items: center; gap: 8px;'> <img style='width: 20px; height: 20px; border: 1px solid rgba(150&comma;150&comma;150&comma;0.3); border-radius: 4px;' src='https:\/\/assets.ecomm.ui.com\/static\/key-features\/wide_angle.svg' alt=''> <span style='color: inherit;'>\u00c1ngulo de visi\u00f3n ultra amplio (102.4\u00b0)<\/span> <\/li>\n<li style='margin-bottom: 5px; display: flex; align-items: center; gap: 8px;'> <img style='width: 20px; height: 20px; border: 1px solid rgba(150&comma;150&comma;150&comma;0.3); border-radius: 4px;' src='https:\/\/assets.ecomm.ui.com\/static\/key-features\/night.svg' alt=''> <span style='color: inherit;'>20 m (65 pies) IR visi\u00f3n nocturna<\/span> <\/li>\n<li style='margin-bottom: 5px; display: flex; align-items: center; gap: 8px;'> <img style='width: 20px; height: 20px; border: 1px solid rgba(150&comma;150&comma;150&comma;0.3); border-radius: 4px;' src='https:\/\/assets.ecomm.ui.com\/static\/key-features\/range.svg' alt=''> <span style='color: inherit;'>Detecciones de eventos de IA<\/span> <\/li>\n<li style='margin-bottom: 5px; display: flex; align-items: center; gap: 8px;'> <img style='width: 20px; height: 20px; border: 1px solid rgba(150&comma;150&comma;150&comma;0.3); border-radius: 4px;' src='https:\/\/assets.ecomm.ui.com\/static\/key-features\/poe.svg' alt=''> <span style='color: inherit;'>Conecte y alimente usando PoE<\/span> <\/li>\n<li style='margin-bottom: 5px; display: flex; align-items: center; gap: 8px;'> <img style='width: 20px; height: 20px; border: 1px solid rgba(150&comma;150&comma;150&comma;0.3); border-radius: 4px;' src='https:\/\/assets.ecomm.ui.com\/static\/key-features\/add.svg' alt=''> <span style='color: inherit;'>Montaje de descarga opcional para la instalaci\u00f3n en el techo<\/span> <\/li>\n<\/ul><\/div>\n<\/p><\/div>\n<\/p><\/div>\n<\/p><\/div>\n<div style='display: flex; flex-direction: column;'>\n<h3 style='font-size: 22px; border-bottom: 2px solid currentColor; padding-bottom: 5px; margin-top: 0; color: inherit; opacity: 0.8;'>Im\u00e1genes del producto<\/h3>\n<div style='display: flex; flex-wrap: wrap; gap: 15px; margin-top: 15px;'>\n<div style='flex: 1 1 300px; min-width: 280px;'> <img style='width: 100%; height: auto; border: 1px solid rgba(150&comma;150&comma;150&comma;0.3); border-radius: 8px;' src='https:\/\/images.svc.ui.com\/?u=https%3A%2F%2Fcdn.ecomm.ui.com%2Fproducts%2Fc2eb7a6f-7d6a-4b84-b1bd-7dc54e26c4e2%2F5fa38eb0-6fab-483a-903b-12800bbbc40f.png&#038;q=75&#038;w=1000' alt=''> <\/div>\n<div style='flex: 1 1 300px; min-width: 280px;'> <img style='width: 100%; height: auto; border: 1px solid rgba(150&comma;150&comma;150&comma;0.3); border-radius: 8px;' src='https:\/\/images.svc.ui.com\/?u=https%3A%2F%2Fcdn.ecomm.ui.com%2Fproducts%2Fc2eb7a6f-7d6a-4b84-b1bd-7dc54e26c4e2%2Fd73a9d2d-1e03-4253-86d9-f9c9dcaa1bcf.png&#038;q=75&#038;w=1000' alt=''> <\/div>\n<div style='flex: 1 1 300px; min-width: 280px;'> <img style='width: 100%; height: auto; border: 1px solid rgba(150&comma;150&comma;150&comma;0.3); border-radius: 8px;' src='https:\/\/images.svc.ui.com\/?u=https%3A%2F%2Fcdn.ecomm.ui.com%2Fproducts%2Fc2eb7a6f-7d6a-4b84-b1bd-7dc54e26c4e2%2F69dd6b58-00ac-4c45-9786-13054e9873d4.png&#038;q=75&#038;w=1000' alt=''> <\/div>\n<div style='flex: 1 1 300px; min-width: 280px;'> <img style='width: 100%; height: auto; border: 1px solid rgba(150&comma;150&comma;150&comma;0.3); border-radius: 8px;' src='https:\/\/images.svc.ui.com\/?u=https%3A%2F%2Fcdn.ecomm.ui.com%2Fproducts%2Fc2eb7a6f-7d6a-4b84-b1bd-7dc54e26c4e2%2Fa20af27c-4a28-41d3-adb6-349bca543f91.png&#038;q=75&#038;w=1000' alt=''> <\/div>\n<div style='flex: 1 1 300px; min-width: 280px;'> <img style='width: 100%; height: auto; border: 1px solid rgba(150&comma;150&comma;150&comma;0.3); border-radius: 8px;' src='https:\/\/images.svc.ui.com\/?u=https%3A%2F%2Fcdn.ecomm.ui.com%2Fproducts%2Fc2eb7a6f-7d6a-4b84-b1bd-7dc54e26c4e2%2F9223dece-d6a0-4a64-8340-865a9723c51e.png&#038;q=75&#038;w=1000' alt=''> <\/div>\n<div style='flex: 1 1 300px; min-width: 280px;'> <img style='width: 100%; height: auto; border: 1px solid rgba(150&comma;150&comma;150&comma;0.3); border-radius: 8px;' src='https:\/\/images.svc.ui.com\/?u=https%3A%2F%2Fcdn.ecomm.ui.com%2Fproducts%2Fc2eb7a6f-7d6a-4b84-b1bd-7dc54e26c4e2%2F208fbe1f-cab2-44bb-a9e7-22dc1125576c.png&#038;q=75&#038;w=1000' alt=''> <\/div>\n<\/p><\/div>\n<\/p><\/div>\n<div style='display: flex; flex-direction: column;'>\n<h3 style='font-size: 22px; border-bottom: 2px solid currentColor; padding-bottom: 5px; margin-top: 0; color: inherit; opacity: 0.8;'>Video de presentaci\u00f3n<\/h3>\n<div style='margin-top: 15px;'>\n<div style='position: relative; padding-bottom: 56.25%; height: 0; overflow: hidden; margin-bottom: 30px;'> <video style='position: absolute; top: 0; left: 0; width: 100%; height: 100%; border: none;' controls><source src='https:\/\/cdn.ecomm.ui.com\/products\/c2eb7a6f-7d6a-4b84-b1bd-7dc54e26c4e2\/12a9db8a-f7ab-4a27-b0a4-0c7ce70d15a8.mp4' type='video\/mp4'><\/video> <\/div>\n<\/p><\/div>\n<\/p><\/div>\n<div style='display: flex; flex-direction: column;'>\n<h3 style='font-size: 22px; border-bottom: 2px solid currentColor; padding-bottom: 5px; margin-top: 0; color: inherit; opacity: 0.8;'>Contenido del paquete<\/h3>\n<div style='margin-top: 15px;'> <img style='width: 100%; height: auto; border: 1px solid rgba(150&comma;150&comma;150&comma;0.3); border-radius: 8px;' src='https:\/\/images.svc.ui.com\/?u=https%3A%2F%2Fcdn.ecomm.ui.com%2Fproducts%2Fc2eb7a6f-7d6a-4b84-b1bd-7dc54e26c4e2%2F488c404a-636d-4742-a700-d524df3d214d.png&#038;q=75&#038;w=1000' alt=''> <\/div>\n<\/p><\/div>\n<\/p><\/div>\n<\/p><\/div>\n","protected":false},"excerpt":{"rendered":"<p>C\u00e1mara IP UniFi G5 Domo Ultra Color Negro, Bajo Perfil para Interior, 2K (4MPX), \u00c1ngulo Amplio 102.4\u00b0, Visi\u00f3n Nocturna IR Hasta 20mts, Detecci\u00f3n de Eventos, para Pared o Techo<\/p>\n","protected":false},"featured_media":100401,"comment_status":"open","ping_status":"closed","template":"","meta":[],"product_brand":[],"product_cat":[2056],"product_tag":[122,2057,166],"class_list":{"0":"post-100402","1":"product","2":"type-product","3":"status-publish","4":"has-post-thumbnail","6":"product_cat-domo-eyeball-turret","7":"product_tag-camaras-ip-y-nvrs","8":"product_tag-domo-eyeball-turret","9":"product_tag-ubiquiti","11":"first","12":"instock","13":"sale","14":"shipping-taxable","15":"purchasable","16":"product-type-simple"},"_links":{"self":[{"href":"https:\/\/soydeaqui.ddns.net\/pachuca\/index.php\/wp-json\/wp\/v2\/product\/100402","targetHints":{"allow":["GET"]}}],"collection":[{"href":"https:\/\/soydeaqui.ddns.net\/pachuca\/index.php\/wp-json\/wp\/v2\/product"}],"about":[{"href":"https:\/\/soydeaqui.ddns.net\/pachuca\/index.php\/wp-json\/wp\/v2\/types\/product"}],"replies":[{"embeddable":true,"href":"https:\/\/soydeaqui.ddns.net\/pachuca\/index.php\/wp-json\/wp\/v2\/comments?post=100402"}],"wp:featuredmedia":[{"embeddable":true,"href":"https:\/\/soydeaqui.ddns.net\/pachuca\/index.php\/wp-json\/wp\/v2\/media\/100401"}],"wp:attachment":[{"href":"https:\/\/soydeaqui.ddns.net\/pachuca\/index.php\/wp-json\/wp\/v2\/media?parent=100402"}],"wp:term":[{"taxonomy":"product_brand","embeddable":true,"href":"https:\/\/soydeaqui.ddns.net\/pachuca\/index.php\/wp-json\/wp\/v2\/product_brand?post=100402"},{"taxonomy":"product_cat","embeddable":true,"href":"https:\/\/soydeaqui.ddns.net\/pachuca\/index.php\/wp-json\/wp\/v2\/product_cat?post=100402"},{"taxonomy":"product_tag","embeddable":true,"href":"https:\/\/soydeaqui.ddns.net\/pachuca\/index.php\/wp-json\/wp\/v2\/product_tag?post=100402"}],"curies":[{"name":"wp","href":"https:\/\/api.w.org\/{rel}","templated":true}]}}