{"id":100395,"date":"2026-03-20T11:11:40","date_gmt":"2026-03-20T11:11:40","guid":{"rendered":"https:\/\/soydeaqui.ddns.net\/pachuca\/index.php\/producto\/bala-ip-termica-dual-termico-9-7-mm-384-x-288-optico-4-mm-4-mp-termometrica-deteccion-de-temperatura-ip68-30-mts-ir-antiexplosion-anticorrosion-2\/"},"modified":"2026-03-20T11:11:42","modified_gmt":"2026-03-20T11:11:42","slug":"bala-ip-termica-dual-termico-9-7-mm-384-x-288-optico-4-mm-4-mp-termometrica-deteccion-de-temperatura-ip68-30-mts-ir-antiexplosion-anticorrosion-2","status":"publish","type":"product","link":"https:\/\/soydeaqui.ddns.net\/pachuca\/index.php\/producto\/bala-ip-termica-dual-termico-9-7-mm-384-x-288-optico-4-mm-4-mp-termometrica-deteccion-de-temperatura-ip68-30-mts-ir-antiexplosion-anticorrosion-2\/","title":{"rendered":"Bala IP T\u00e9rmica Dual \/ Termico 9.7 mm (384 X 288) + \u00d3ptico 4 mm (4 MP) \/ Termom\u00e9trica \/ Detecci\u00f3n de Temperatura \/ IP68 \/ 30 mts IR \/ Antiexplosi\u00f3n \/ Anticorrosi\u00f3n"},"content":{"rendered":"<div style='width: 100%; max-width: 1200px; margin: 0 auto; font-family: sans-serif; line-height: 1.6; color: inherit; background-color: transparent;'> <!-- Logo HIKVISION --> <\/p>\n<p style='text-align: center; margin: 0 0 20px 0;'><img style='width: 100%; max-width: 300px; height: auto; border: 1px solid rgba(150&comma;150&comma;150&comma;0.3); border-radius: 8px;' src='https:\/\/ftp3.syscom.mx\/usuarios\/jsosa\/HIKVISION\/imagenes\/logo\/hikvision%20see%20far.png' alt='Logo Hikvision'><\/p>\n<p> <!-- Videos --> <\/p>\n<div style='display: flex; flex-wrap: wrap; gap: 30px; margin: 30px 0;'>\n<div style='flex: 1 1 300px; min-width: 280px;'>\n<div style='position: relative; padding-bottom: 56.25%; height: 0; overflow: hidden;'>   <\/div>\n<\/p><\/div>\n<div style='flex: 1 1 300px; min-width: 280px;'>\n<div style='position: relative; padding-bottom: 56.25%; height: 0; overflow: hidden;'>   <\/div>\n<\/p><\/div>\n<\/p><\/div>\n<p> <!-- Secci\u00f3n de caracter\u00edsticas --> <\/p>\n<div style='display: flex; flex-wrap: wrap; gap: 30px; margin-bottom: 30px;'>\n<div style='flex: 1 1 300px; min-width: 280px;'>\n<h3 style='font-size: 22px; border-bottom: 2px solid currentColor; padding-bottom: 5px; margin-top: 0; color: inherit; opacity: 0.8;'>Caracter\u00edsticas de la c\u00e1mara t\u00e9rmica<\/h3>\n<ul style='padding-left: 20px; font-size: 15px; color: inherit;'>\n<li style='margin-bottom: 5px;'>Lente fijo: <strong>9.7 mm<\/strong><\/li>\n<li style='margin-bottom: 5px;'>Resoluci\u00f3n: <strong>384 X 288<\/strong><\/li>\n<li style='margin-bottom: 5px;'>Sensor de imagen: <strong>\u00f3xido de vanadio&comma; detector de plano focal no refrigerado<\/strong><\/li>\n<li style='margin-bottom: 5px;'>Identificaci\u00f3n de personas: <strong>36 mts aproximado<\/strong><\/li>\n<li style='margin-bottom: 5px;'>Identificaci\u00f3n de veh\u00edculos: <strong>109 mts aproximado<\/strong><\/li>\n<\/ul>\n<h3 style='font-size: 22px; border-bottom: 2px solid currentColor; padding-bottom: 5px; margin-top: 25px; margin-bottom: 15px; color: inherit; opacity: 0.8;'>Funciones avanzadas<\/h3>\n<ul style='padding-left: 20px; font-size: 15px; color: inherit;'>\n<li style='margin-bottom: 5px;'>4 Videoanal\u00edticos integrados: <strong>Cruce de l\u00ednea&comma; Intrusi\u00f3n de \u00e1rea&comma; Regi\u00f3n de entrada \/ Regi\u00f3n de salida<\/strong><\/li>\n<li style='margin-bottom: 5px;'>Rango de temperatura: <strong>-20\u00baC a 150\u00baC (-4\u00baF a 302\u00baF)<\/strong><\/li>\n<li style='margin-bottom: 5px;'>Eficiencia de rango: <strong>2\u00baC<\/strong><\/li>\n<li style='margin-bottom: 5px;'>Detecci\u00f3n de fuego: <strong>Detecci\u00f3n din\u00e1mica de incendio&comma; hasta 10 puntos de incendio detectables<\/strong><\/li>\n<li style='margin-bottom: 5px;'>Muestra la temperatura del escenario a visualizar<\/li>\n<\/ul><\/div>\n<div style='flex: 1 1 300px; min-width: 280px;'>\n<h3 style='font-size: 22px; border-bottom: 2px solid currentColor; padding-bottom: 5px; margin-top: 0; margin-bottom: 15px; color: inherit; opacity: 0.8;'>Caracter\u00edsticas F\u00edsicas y El\u00e9ctricas<\/h3>\n<ul style='padding-left: 20px; font-size: 15px; color: inherit;'>\n<li style='margin-bottom: 5px;'>Alimentaci\u00f3n: <strong>24 Vca \/ 12 Vcc \/ PoE+ (802.3 at) \/ 24 watts<\/strong><\/li>\n<li style='margin-bottom: 5px;'>Temperatura de operaci\u00f3n: <strong>-40\u00baC a 65\u00baC<\/strong><\/li>\n<li style='margin-bottom: 5px;'>Dimensiones: <strong>310 X 25 X 263 mm<\/strong><\/li>\n<li style='margin-bottom: 5px;'>Protecci\u00f3n: <strong>IP68<\/strong><\/li>\n<li style='margin-bottom: 5px;'>Fabricado en material de acero inoxidable (316L) para cumplir con la norma antiexplosi\u00f3n<\/li>\n<li style='margin-bottom: 5px;'>Peso: <strong>19.11 Kg<\/strong><\/li>\n<li style='margin-bottom: 5px;'>Incluye brazo de pared <strong>DS-1707ZJ-Y<\/strong><\/li>\n<\/ul><\/div>\n<div style='flex: 1 1 300px; min-width: 280px;'>\n<h3 style='font-size: 22px; border-bottom: 2px solid currentColor; padding-bottom: 5px; margin-top: 0; margin-bottom: 15px; color: inherit; opacity: 0.8;'>Imagen y compresi\u00f3n<\/h3>\n<ul style='padding-left: 20px; font-size: 15px; color: inherit;'>\n<li style='margin-bottom: 5px;'>Imagen t\u00e9rmica: <strong>50 fps (1280 X 720 \/ 704 X 576 \/ 640 \u00d7 512 \/ 352 X 288)<\/strong><\/li>\n<li style='margin-bottom: 5px;'>Compresi\u00f3n: <strong>H.265+ \/ H.265 \/ H.264+ \/ H.264<\/strong><\/li>\n<li style='margin-bottom: 5px;'>Soporta hasta <strong>20 usuarios simult\u00e1neos<\/strong><\/li>\n<\/ul>\n<h3 style='font-size: 22px; border-bottom: 2px solid currentColor; padding-bottom: 5px; margin-top: 25px; margin-bottom: 15px; color: inherit; opacity: 0.8;'>Integraci\u00f3n<\/h3>\n<ul style='padding-left: 20px; font-size: 15px; color: inherit;'>\n<li style='margin-bottom: 5px;'>2 entradas de alarma: <strong>0 &#8211; 5 Vcc<\/strong><\/li>\n<li style='margin-bottom: 5px;'>2 salidas de alarma<\/li>\n<li style='margin-bottom: 5px;'>1 entrada de audio<\/li>\n<li style='margin-bottom: 5px;'>1 salida de audio<\/li>\n<li style='margin-bottom: 5px;'>1 puerto de red: <strong>10 \/ 100 Mbps<\/strong><\/li>\n<li style='margin-bottom: 5px;'>Soporta salida de video anal\u00f3gica: <strong>75 \u03a9<\/strong><\/li>\n<\/ul><\/div>\n<\/p><\/div>\n<p> <!-- Imagen final --> <\/p>\n<div style='margin: 30px 0;'> <img style='width: 100%; height: auto; border: 1px solid rgba(150&comma;150&comma;150&comma;0.3); border-radius: 8px;' src='https:\/\/ftp3.syscom.mx\/usuarios\/jsosa\/banners\/solucion-termica.jpg' alt='Soluci\u00f3n t\u00e9rmica'> <\/div>\n<\/p><\/div>\n","protected":false},"excerpt":{"rendered":"<p>Bala IP T\u00e9rmica Dual \/ Termico 9.7 mm (384 X 288) + \u00d3ptico 4 mm (4 MP) \/ Termom\u00e9trica \/ Detecci\u00f3n de Temperatura \/ IP68 \/ 30 mts IR \/ Antiexplosi\u00f3n \/ Anticorrosi\u00f3n<\/p>\n","protected":false},"featured_media":100394,"comment_status":"open","ping_status":"closed","template":"","meta":[],"product_brand":[],"product_cat":[1049],"product_tag":[122,54,1050],"class_list":{"0":"post-100395","1":"product","2":"type-product","3":"status-publish","4":"has-post-thumbnail","6":"product_cat-termicas","7":"product_tag-camaras-ip-y-nvrs","8":"product_tag-hikvision","9":"product_tag-termicas","11":"first","12":"outofstock","13":"sale","14":"shipping-taxable","15":"purchasable","16":"product-type-simple"},"_links":{"self":[{"href":"https:\/\/soydeaqui.ddns.net\/pachuca\/index.php\/wp-json\/wp\/v2\/product\/100395","targetHints":{"allow":["GET"]}}],"collection":[{"href":"https:\/\/soydeaqui.ddns.net\/pachuca\/index.php\/wp-json\/wp\/v2\/product"}],"about":[{"href":"https:\/\/soydeaqui.ddns.net\/pachuca\/index.php\/wp-json\/wp\/v2\/types\/product"}],"replies":[{"embeddable":true,"href":"https:\/\/soydeaqui.ddns.net\/pachuca\/index.php\/wp-json\/wp\/v2\/comments?post=100395"}],"wp:featuredmedia":[{"embeddable":true,"href":"https:\/\/soydeaqui.ddns.net\/pachuca\/index.php\/wp-json\/wp\/v2\/media\/100394"}],"wp:attachment":[{"href":"https:\/\/soydeaqui.ddns.net\/pachuca\/index.php\/wp-json\/wp\/v2\/media?parent=100395"}],"wp:term":[{"taxonomy":"product_brand","embeddable":true,"href":"https:\/\/soydeaqui.ddns.net\/pachuca\/index.php\/wp-json\/wp\/v2\/product_brand?post=100395"},{"taxonomy":"product_cat","embeddable":true,"href":"https:\/\/soydeaqui.ddns.net\/pachuca\/index.php\/wp-json\/wp\/v2\/product_cat?post=100395"},{"taxonomy":"product_tag","embeddable":true,"href":"https:\/\/soydeaqui.ddns.net\/pachuca\/index.php\/wp-json\/wp\/v2\/product_tag?post=100395"}],"curies":[{"name":"wp","href":"https:\/\/api.w.org\/{rel}","templated":true}]}}