{"id":100387,"date":"2026-03-20T11:11:20","date_gmt":"2026-03-20T11:11:20","guid":{"rendered":"https:\/\/soydeaqui.ddns.net\/pachuca\/index.php\/producto\/bala-ip-termica-640-x-512-lente-50-mm-termometrica-deteccion-de-temperatura-poe-exterior-ip67-recubrimiento-anticorrosivo-microsd\/"},"modified":"2026-03-20T11:11:21","modified_gmt":"2026-03-20T11:11:21","slug":"bala-ip-termica-640-x-512-lente-50-mm-termometrica-deteccion-de-temperatura-poe-exterior-ip67-recubrimiento-anticorrosivo-microsd","status":"publish","type":"product","link":"https:\/\/soydeaqui.ddns.net\/pachuca\/index.php\/producto\/bala-ip-termica-640-x-512-lente-50-mm-termometrica-deteccion-de-temperatura-poe-exterior-ip67-recubrimiento-anticorrosivo-microsd\/","title":{"rendered":"Bala IP T\u00e9rmica 640 \u00d7 512 \/ Lente 50 mm \/ Termom\u00e9trica \/ Detecci\u00f3n de Temperatura \/ PoE+ \/ Exterior IP67 \/ Recubrimiento Anticorrosivo \/ MicroSD"},"content":{"rendered":"<div style='width: 100%; max-width: 1200px; margin: 0 auto; font-family: sans-serif; line-height: 1.6; color: inherit; background-color: transparent;'>\n<p style='text-align: center; margin: 0;'><img style='width: 45%; height: auto; border: 1px solid rgba(150&comma;150&comma;150&comma;0.3); border-radius: 8px;' src='https:\/\/ftp3.syscom.mx\/usuarios\/jsosa\/HIKVISION\/imagenes\/logo\/hikvision%20see%20far.png' alt='Logo Hikvision'><\/p>\n<div style='display: flex; flex-wrap: wrap; gap: 30px; margin: 30px 0;'>\n<div style='flex: 1 1 45%; min-width: 300px;'>\n<div style='position: relative; padding-bottom: 56.25%; height: 0; overflow: hidden;'>   <\/div>\n<\/p><\/div>\n<div style='flex: 1 1 45%; min-width: 300px;'>\n<div style='position: relative; padding-bottom: 56.25%; height: 0; overflow: hidden;'>   <\/div>\n<\/p><\/div>\n<\/p><\/div>\n<div style='display: flex; flex-wrap: wrap; gap: 30px;'>\n<div style='flex: 1 1 300px; min-width: 280px;'>\n<div style='border-left: 5px solid #ff0000; border-radius: 8px; padding: 15px; box-shadow: 2px 2px 10px rgba(150&comma;150&comma;150&comma;0.2);'>\n<h3 style='font-size: 18px; margin-top: 0; margin-bottom: 15px; color: inherit; opacity: 0.9;'>Caracter\u00edsticas de la c\u00e1mara t\u00e9rmica<\/h3>\n<ul style='padding-left: 20px; font-size: 15px; color: inherit; list-style-type: disc;'>\n<li style='margin-bottom: 8px;'>Lente fijo: 50 mm<\/li>\n<li style='margin-bottom: 8px;'>Resoluci\u00f3n: 640 x 512<\/li>\n<li style='margin-bottom: 8px;'>Sensor de imagen: oxido de vanadio&comma; detector de plano focal no refrigerado<\/li>\n<li style='margin-bottom: 8px;'>Identificaci\u00f3n de personas: 184 mts aproximado<\/li>\n<li style='margin-bottom: 8px;'>Identificaci\u00f3n de veh\u00edculos: 564 mts aproximado<\/li>\n<\/ul>\n<h4 style='font-size: 16px; margin-top: 20px; margin-bottom: 10px; color: inherit; opacity: 0.8;'>Funciones avanzadas<\/h4>\n<ul style='padding-left: 20px; font-size: 15px; color: inherit; list-style-type: disc;'>\n<li style='margin-bottom: 8px;'>4 Videoanaliticos integrados (Cruce de linea&comma; Intrusi\u00f3n de \u00e1rea&comma; Regi\u00f3n de entrada \/ Regi\u00f3n de salida)<\/li>\n<li style='margin-bottom: 8px;'>Rango de temperatura: -20\u00baC a 150\u00baC (-4\u00baF a 302\u00baF)<\/li>\n<li style='margin-bottom: 8px;'>Eficiencia de rango: 8\u00baC<\/li>\n<li style='margin-bottom: 8px;'>Detecci\u00f3n de fuego: Detecci\u00f3n din\u00e1mico de incendio&comma; hasta 10 puntos de incendio detectables<\/li>\n<li style='margin-bottom: 8px;'>Muestra la temperatura del escenario a visualizar<\/li>\n<\/ul><\/div>\n<\/p><\/div>\n<div style='flex: 1 1 300px; min-width: 280px;'>\n<div style='border-left: 5px solid #ff0000; border-radius: 8px; padding: 15px; box-shadow: 2px 2px 10px rgba(150&comma;150&comma;150&comma;0.2);'>\n<h3 style='font-size: 18px; margin-top: 0; margin-bottom: 15px; color: inherit; opacity: 0.9;'>Caracter\u00edsticas F\u00edsicas y El\u00e9ctricas<\/h3>\n<ul style='padding-left: 20px; font-size: 15px; color: inherit; list-style-type: disc;'>\n<li style='margin-bottom: 8px;'>Alimentaci\u00f3n: 24 Vca \/ 12 Vcc \/ 24 watts<\/li>\n<li style='margin-bottom: 8px;'>Temperatura de operaci\u00f3n: -40\u00baC a 65\u00baC<\/li>\n<li style='margin-bottom: 8px;'>Protecci\u00f3n: IP67<\/li>\n<li style='margin-bottom: 8px;'>Peso: 6.4 Kg<\/li>\n<li style='margin-bottom: 8px;'>Garant\u00eda: 3 a\u00f1os<\/li>\n<\/ul>\n<h4 style='font-size: 16px; margin-top: 20px; margin-bottom: 10px; color: inherit; opacity: 0.8;'>Imagen y compresi\u00f3n<\/h4>\n<ul style='padding-left: 20px; font-size: 15px; color: inherit; list-style-type: disc;'>\n<li style='margin-bottom: 8px;'>Imagen t\u00e9rmica: 25 fps (640 \u00d7 512)<\/li>\n<li style='margin-bottom: 8px;'>Compresi\u00f3n: H.265+ \/ H.265 \/ H.264+ \/ H.264<\/li>\n<li style='margin-bottom: 8px;'>Soporta hasta 20 usuarios simult\u00e1neos<\/li>\n<\/ul>\n<h4 style='font-size: 16px; margin-top: 20px; margin-bottom: 10px; color: inherit; opacity: 0.8;'>Integraci\u00f3n<\/h4>\n<ul style='padding-left: 20px; font-size: 15px; color: inherit; list-style-type: disc;'>\n<li style='margin-bottom: 8px;'>2 entradas de alarma (0 &#8211; 5 Vcc)<\/li>\n<li style='margin-bottom: 8px;'>2 salidas de alarma<\/li>\n<li style='margin-bottom: 8px;'>2 entrada de audio<\/li>\n<li style='margin-bottom: 8px;'>1 salidas de audio<\/li>\n<li style='margin-bottom: 8px;'>1 puerto de red (10 \/ 100 Mbps)<\/li>\n<li style='margin-bottom: 8px;'>Soporta memoria micro SD de hasta 264 Gb<\/li>\n<\/ul><\/div>\n<\/p><\/div>\n<div style='flex: 1 1 300px; min-width: 280px;'>\n<div style='border-left: 5px solid #ff0000; border-radius: 8px; padding: 15px; box-shadow: 2px 2px 10px rgba(150&comma;150&comma;150&comma;0.2);'>\n<h3 style='font-size: 18px; margin-top: 0; margin-bottom: 15px; color: inherit; opacity: 0.9;'>Caracter\u00edsticas Destacadas<\/h3>\n<p style='margin-bottom: 15px; font-size: 15px; color: inherit;'>La c\u00e1mara esta cubierta con recubrimiento especial para poder soportar ambientes salinos (corrosivos) que permite mayor estabilidad y durabilidad al estar expuestas en lugares adversos. Esta c\u00e1mara cuenta con certificado anticorrosion (NEMA 4X).<\/p>\n<p style='margin-bottom: 0; font-size: 15px; color: inherit;'><strong>Nota:<\/strong> Se recomienda colocar la c\u00e1mara en zonas costeras pero no a orilla del mar&comma; tiene que estar a distancias mayores de 2000 metros del mar.<\/p>\n<\/p><\/div>\n<\/p><\/div>\n<\/p><\/div>\n<div style='margin: 30px 0;'>\n<div style='border-left: 5px solid #ff0000; border-radius: 8px; padding: 15px; box-shadow: 2px 2px 10px rgba(150&comma;150&comma;150&comma;0.2);'>\n<h3 style='font-size: 18px; margin-top: 0; margin-bottom: 15px; color: inherit; opacity: 0.9;'>Consideraciones<\/h3>\n<ul style='padding-left: 20px; font-size: 15px; color: inherit; list-style-type: disc;'>\n<li>No hay consideraciones espec\u00edficas registradas<\/li>\n<\/ul><\/div>\n<\/p><\/div>\n<div style='margin: 30px 0;'>\n<h3 style='font-size: 18px; text-align: center; margin-bottom: 20px; color: inherit; opacity: 0.9;'>Recursos<\/h3>\n<div style='display: flex; flex-wrap: wrap; gap: 20px; justify-content: center;'>\n<div style='flex: 1 1 250px; min-width: 200px;'> <a href='https:\/\/www.hikvision.com\/es-la\/support\/download\/software\/ivms4200-series\/?q=serie%20ivms4200&#038;position=1' target='_blank' rel='noopener' style='text-decoration: none;'> <img style='width: 100%; height: auto; border: 1px solid rgba(150&comma;150&comma;150&comma;0.3); border-radius: 8px; margin-bottom: 10px;' src='https:\/\/ftp3.syscom.mx\/usuarios\/gmagos\/HIK\/IP\/IPC\/Imagenes%20pagina\/Descargas%20IVMS4200.jpg' alt='IVMS4200'> <\/a> <\/div>\n<div style='flex: 1 1 250px; min-width: 200px;'> <a href='https:\/\/appstore.hikvision.com\/' target='_blank' rel='noopener' style='text-decoration: none;'> <img style='width: 100%; height: auto; border: 1px solid rgba(150&comma;150&comma;150&comma;0.3); border-radius: 8px; margin-bottom: 10px;' src='https:\/\/ftp3.syscom.mx\/usuarios\/gmagos\/HIK\/IP\/IPC\/Imagenes%20pagina\/Descargas%20de%20app.jpg' alt='App Store Hikvision'> <\/a> <\/div>\n<div style='flex: 1 1 250px; min-width: 200px;'> <a href='https:\/\/ftp3.syscom.mx\/usuarios\/roberto.espino\/Specs\/Bala\/Especificaciones%20Tecnicas%20DS-2TD2367-50_PY_V5.5.42_210812.pdf' target='_blank' rel='noopener' style='text-decoration: none;'> <img style='width: 100%; height: auto; border: 1px solid rgba(150&comma;150&comma;150&comma;0.3); border-radius: 8px; margin-bottom: 10px;' src='https:\/\/ftp3.syscom.mx\/usuarios\/gmagos\/HIK\/IP\/IPC\/Imagenes%20pagina\/Descarga%20de%20PDF.jpg' alt='Especificaciones t\u00e9cnicas'> <\/a> <\/div>\n<\/p><\/div>\n<\/p><\/div>\n<hr style='border: 0; border-top: 1px solid rgba(150&comma; 150&comma; 150&comma; 0.3); margin: 30px 0;'>\n<div style='width: 100%;'> <img style='width: 100%; height: auto; border: 1px solid rgba(150&comma;150&comma;150&comma;0.3); border-radius: 8px;' src='https:\/\/ftp3.syscom.mx\/usuarios\/jsosa\/banners\/solucion-termica.jpg' alt='Soluci\u00f3n t\u00e9rmica'> <\/div>\n<\/p><\/div>\n","protected":false},"excerpt":{"rendered":"<p>Bala IP T\u00e9rmica 640 \u00d7 512 \/ Lente 50 mm \/ Termom\u00e9trica \/ Detecci\u00f3n de Temperatura \/ PoE+ \/ Exterior IP67 \/ Recubrimiento Anticorrosivo \/ MicroSD<\/p>\n","protected":false},"featured_media":100386,"comment_status":"open","ping_status":"closed","template":"","meta":[],"product_brand":[],"product_cat":[1049],"product_tag":[122,158,1050],"class_list":{"0":"post-100387","1":"product","2":"type-product","3":"status-publish","4":"has-post-thumbnail","6":"product_cat-termicas","7":"product_tag-camaras-ip-y-nvrs","8":"product_tag-hikmicro","9":"product_tag-termicas","11":"first","12":"outofstock","13":"sale","14":"shipping-taxable","15":"purchasable","16":"product-type-simple"},"_links":{"self":[{"href":"https:\/\/soydeaqui.ddns.net\/pachuca\/index.php\/wp-json\/wp\/v2\/product\/100387","targetHints":{"allow":["GET"]}}],"collection":[{"href":"https:\/\/soydeaqui.ddns.net\/pachuca\/index.php\/wp-json\/wp\/v2\/product"}],"about":[{"href":"https:\/\/soydeaqui.ddns.net\/pachuca\/index.php\/wp-json\/wp\/v2\/types\/product"}],"replies":[{"embeddable":true,"href":"https:\/\/soydeaqui.ddns.net\/pachuca\/index.php\/wp-json\/wp\/v2\/comments?post=100387"}],"wp:featuredmedia":[{"embeddable":true,"href":"https:\/\/soydeaqui.ddns.net\/pachuca\/index.php\/wp-json\/wp\/v2\/media\/100386"}],"wp:attachment":[{"href":"https:\/\/soydeaqui.ddns.net\/pachuca\/index.php\/wp-json\/wp\/v2\/media?parent=100387"}],"wp:term":[{"taxonomy":"product_brand","embeddable":true,"href":"https:\/\/soydeaqui.ddns.net\/pachuca\/index.php\/wp-json\/wp\/v2\/product_brand?post=100387"},{"taxonomy":"product_cat","embeddable":true,"href":"https:\/\/soydeaqui.ddns.net\/pachuca\/index.php\/wp-json\/wp\/v2\/product_cat?post=100387"},{"taxonomy":"product_tag","embeddable":true,"href":"https:\/\/soydeaqui.ddns.net\/pachuca\/index.php\/wp-json\/wp\/v2\/product_tag?post=100387"}],"curies":[{"name":"wp","href":"https:\/\/api.w.org\/{rel}","templated":true}]}}