{"id":100384,"date":"2026-03-20T11:11:12","date_gmt":"2026-03-20T11:11:12","guid":{"rendered":"https:\/\/soydeaqui.ddns.net\/pachuca\/index.php\/producto\/nvr-de-12-megapixel-hasta-8-canales-con-licencias-wave-incluye-1-licencia-wave-pro-04-4tb-incluidos-8-puertos-poe-h-265-wisestream-sistema-operativo-ubuntu-22-04-lts\/"},"modified":"2026-03-20T11:11:17","modified_gmt":"2026-03-20T11:11:17","slug":"nvr-de-12-megapixel-hasta-8-canales-con-licencias-wave-incluye-1-licencia-wave-pro-04-4tb-incluidos-8-puertos-poe-h-265-wisestream-sistema-operativo-ubuntu-22-04-lts","status":"publish","type":"product","link":"https:\/\/soydeaqui.ddns.net\/pachuca\/index.php\/producto\/nvr-de-12-megapixel-hasta-8-canales-con-licencias-wave-incluye-1-licencia-wave-pro-04-4tb-incluidos-8-puertos-poe-h-265-wisestream-sistema-operativo-ubuntu-22-04-lts\/","title":{"rendered":"NVR de 12 Megap\u00edxel hasta 8 canales con Licencias WAVE \/ Incluye 1 Licencia WAVE-PRO-04 \/ 4TB Incluidos \/ 8 puertos PoE+ \/ H.265 &#038; WiseStream \/ Sistema operativo Ubuntu 22.04 LTS"},"content":{"rendered":"<div style='width: 100%; max-width: 1200px; margin: 0 auto; font-family: sans-serif; line-height: 1.6; color: inherit; background-color: transparent;'>\n<div style='display: flex; flex-direction: column; gap: 30px;'>\n<div style='text-align: center;'>\n<p><span style='font-size: 20px;'><strong>Un NVR con un VMS integrado para usted<\/strong><\/span><\/p>\n<p><span style='font-size: 18px;'>Cada caracter\u00edstica de WAVE est\u00e1 dise\u00f1ada cuidadosamente para proporcionar una experiencia simple pero poderosa&comma; ya sea usuario final&comma; integrador de sistemas o socio tecnol\u00f3gico.<\/span><\/p>\n<\/p><\/div>\n<div style='text-align: center;'>\n<p><span style='font-size: 30px;'><strong>Funciones principales<\/strong><\/span><\/p>\n<\/p><\/div>\n<div style='display: flex; flex-wrap: wrap; gap: 30px;'>\n<div style='flex: 1 1 400px; min-width: 300px;'>\n<div style='position: relative; padding-bottom: 56.25%; height: 0; overflow: hidden; margin-bottom: 30px;'>   <\/div>\n<\/p><\/div>\n<div style='flex: 1 1 400px; min-width: 300px;'>\n<h2 style='font-size: 24px; color: inherit; margin-top: 0;'>F\u00e1cil manejo de PTZ<\/h2>\n<p style='color: inherit; font-size: 15px;'>Controle las PTZ de su sistema con el rat\u00f3n de su NVR&comma; es m\u00e1s sencillo que utilizar un controlador. Solamente <strong><span style='color: #f37934;'>dibuje<\/span><\/strong> un cuadro hacia d\u00f3nde quiere que la PTZ haga zoom&comma; presione un solo <span style='color: #f37934;'><strong>click<\/strong><\/span> para que se mueva a donde el cursor indica&comma; <strong><span style='color: #f37934;'>doble click<\/span><\/strong> para regresar el zoom y haga el enfoque de manera autom\u00e1tica.<\/p>\n<\/p><\/div>\n<\/p><\/div>\n<div style='display: flex; flex-wrap: wrap; gap: 30px;'>\n<div style='flex: 1 1 400px; min-width: 300px;'>\n<h2 style='font-size: 24px; color: inherit; margin-top: 0;'>El acomodo de c\u00e1maras m\u00e1s \u00e1gil del mercado<\/h2>\n<ul style='padding-left: 20px; font-size: 15px; color: inherit; list-style-type: disc;'>\n<li style='margin-bottom: 5px;'>El monitorista gozar\u00e1 del acomodo de c\u00e1maras m\u00e1s f\u00e1cil e intuitivo que existe en un software&comma; con dar solamente <span style='color: #f37934;'><strong>doble click<\/strong><\/span> sobre las c\u00e1maras el software se encargar\u00e1 de acomodarlas sobre el panel de visualizaci\u00f3n.<\/li>\n<li style='margin-bottom: 5px;'><span style='color: #f37934;'><strong>Arrastre<\/strong><\/span> las im\u00e1genes para hacerlas m\u00e1s grandes o peque\u00f1as.<\/li>\n<li style='margin-bottom: 5px;'><span style='color: #f37934;'><strong>Dibuje<\/strong><\/span> un recuadro sobre un punto de inter\u00e9s para que el software abra una ventana especial solo para visualizar ese punto.<\/li>\n<\/ul><\/div>\n<div style='flex: 1 1 400px; min-width: 300px;'>\n<div style='position: relative; padding-bottom: 56.25%; height: 0; overflow: hidden; margin-bottom: 30px;'>   <\/div>\n<\/p><\/div>\n<\/p><\/div>\n<div style='display: flex; flex-wrap: wrap; gap: 30px;'>\n<div style='flex: 1 1 400px; min-width: 300px;'>\n<div style='position: relative; padding-bottom: 56.25%; height: 0; overflow: hidden; margin-bottom: 30px;'>   <\/div>\n<\/p><\/div>\n<div style='flex: 1 1 400px; min-width: 300px;'>\n<h2 style='font-size: 24px; color: inherit; margin-top: 0;'>Integre sus c\u00e1maras en 2 pasos al sistema<\/h2>\n<p style='color: inherit; font-size: 15px;'>Con ayuda del buscador de c\u00e1maras IP en la red&comma; encuentre todos los dispositivos que tenga conectados en red para as\u00ed solamente tenga que ingresar el usuario y contrase\u00f1a para poder integrar sus c\u00e1maras al sistema. <span style='color: #f37934;'><strong>Facilitando la configuraci\u00f3n del sistema<\/strong><\/span>.<\/p>\n<\/p><\/div>\n<\/p><\/div>\n<div style='display: flex; flex-wrap: wrap; gap: 30px;'>\n<div style='flex: 1 1 400px; min-width: 300px;'>\n<h2 style='font-size: 24px; color: inherit; margin-top: 0;'>B\u00fasqueda inteligente de grabaciones.<\/h2>\n<p style='color: inherit; font-size: 15px;'><span style='color: #f37934;'><strong>Ahorre tiempo<\/strong><\/span> en buscar un evento utilizando la funci\u00f3n de b\u00fasqueda inteligente. Ingrese a la grabaci\u00f3n y dibuje un \u00e1rea en donde ocurri\u00f3 el evento&comma; el software se encargar\u00e1 de filtrar y mostrar todos los videos en donde haya habido movimiento dentro de esa \u00e1rea.<\/p>\n<\/p><\/div>\n<div style='flex: 1 1 400px; min-width: 300px;'>\n<div style='position: relative; padding-bottom: 56.25%; height: 0; overflow: hidden; margin-bottom: 30px;'>   <\/div>\n<\/p><\/div>\n<\/p><\/div>\n<div style='display: flex; flex-wrap: wrap; gap: 20px;'>\n<div style='flex: 1 1 300px; border: 1px solid rgba(150&comma; 150&comma; 150&comma; 0.4); border-radius: 8px; overflow: hidden; display: flex; flex-direction: column;'>\n<div style='padding: 15px; border-bottom: 1px solid rgba(150&comma; 150&comma; 150&comma; 0.2); font-weight: bold; font-size: 18px; color: inherit;'>Caracter\u00edsticas principales:<\/div>\n<div style='padding: 15px; color: inherit;'>\n<ul style='padding-left: 20px; margin: 0; font-size: 14px; list-style-type: disc;'>\n<li style='margin-bottom: 5px;'>Soporta M\u00e1ximo 8 c\u00e1maras de hasta 12 MP<\/li>\n<li style='margin-bottom: 5px;'>Soporta Meta data de c\u00e1maras con IA.<\/li>\n<li style='margin-bottom: 5px;'>Soporta 2 HDD de hasta 10TB cada uno <strong>(Incluye un HDD de 4TB)<\/strong><\/li>\n<li style='margin-bottom: 5px;'>Cuenta con 8 puertos POE \/ POE+ \/ capacidad m\u00e1xima 100W totales<\/li>\n<li style='margin-bottom: 5px;'>Ancho de banda para grabaci\u00f3n m\u00e1ximo <strong>150 Mbps<\/strong><\/li>\n<li style='margin-bottom: 5px;'>Formatos de compresi\u00f3n H.265 y H.264<\/li>\n<li style='margin-bottom: 5px;'>Salida de video: HDMI \/ DP (recomendada para configuraci\u00f3n y visualizaci\u00f3n b\u00e1sica)<\/li>\n<li style='margin-bottom: 5px;'>Sistema operativo Ubuntu 22.04 LTS<\/li>\n<li style='margin-bottom: 5px;'>Incluye 1 licencia WAVE-PRO04 WAVE VMS client &#038; server<\/li>\n<li style='margin-bottom: 5px;'>2 puertos RJ45 LAN<\/li>\n<li style='margin-bottom: 5px;'>Procesador: Dual Core<\/li>\n<li style='margin-bottom: 5px;'>Ram: DDR4 8GB<\/li>\n<\/ul><\/div>\n<\/p><\/div>\n<div style='flex: 1 1 300px; border: 1px solid rgba(150&comma; 150&comma; 150&comma; 0.4); border-radius: 8px; overflow: hidden; display: flex; flex-direction: column;'>\n<div style='padding: 15px; border-bottom: 1px solid rgba(150&comma; 150&comma; 150&comma; 0.2); font-weight: bold; font-size: 18px; color: inherit;'>Funciones especiales:<\/div>\n<div style='padding: 15px; color: inherit;'>\n<ul style='padding-left: 20px; margin: 0; font-size: 14px; list-style-type: disc;'>\n<li style='margin-bottom: 5px;'>Soporta m\u00faltiples instancias de cliente.<\/li>\n<li style='margin-bottom: 5px;'>Dewarping de c\u00e1maras fisheye.<\/li>\n<li style='margin-bottom: 5px;'>Vistas administrables por el usuario.<\/li>\n<li style='margin-bottom: 5px;'>Administraci\u00f3n de eventos.<\/li>\n<li style='margin-bottom: 5px;'>Control PTZ avanzado.<\/li>\n<li style='margin-bottom: 5px;'>Soporta m\u00faltiples marcas de c\u00e1maras (verificar lista de compatibilidad)<\/li>\n<li style='margin-bottom: 5px;'>Compatible con ONVIF<\/li>\n<\/ul><\/div>\n<\/p><\/div>\n<div style='flex: 1 1 300px; border: 1px solid rgba(150&comma; 150&comma; 150&comma; 0.4); border-radius: 8px; overflow: hidden; display: flex; flex-direction: column;'>\n<div style='padding: 15px; border-bottom: 1px solid rgba(150&comma; 150&comma; 150&comma; 0.2); font-weight: bold; font-size: 18px; color: inherit;'>Funciones especiales:<\/div>\n<div style='padding: 15px; color: inherit;'>\n<ul style='padding-left: 20px; margin: 0; font-size: 14px; list-style-type: disc;'>\n<li style='margin-bottom: 5px;'>B\u00fasqueda inteligente de movimiento.<\/li>\n<li style='margin-bottom: 5px;'>M\u00faltiples actualizaciones en un solo click.<\/li>\n<li style='margin-bottom: 5px;'>WAVE Sync para visualizaci\u00f3n remota.<\/li>\n<li style='margin-bottom: 5px;'>Ventanas de zoom digital.<\/li>\n<li style='margin-bottom: 5px;'>Auto-discovery de c\u00e1maras para f\u00e1cil configuraci\u00f3n.<\/li>\n<\/ul><\/div>\n<\/p><\/div>\n<\/p><\/div>\n<div style='text-align: center;'> <a href='https:\/\/sync.wavevms.com\/ipvd' target='_blank' rel='noopener' style='display: inline-block;'> <img style='width: 100%; max-width: 374px; height: auto; border: 1px solid rgba(150&comma;150&comma;150&comma;0.3); border-radius: 8px;' src='https:\/\/ftp3.syscom.mx\/usuarios\/imendez\/Hanwha\/Click%20aqui%203.jpg' alt=''> <\/a> <\/div>\n<div style='text-align: center;'>\n<p><span style='font-size: 18px;'><strong>Otros videos<\/strong><\/span><\/p>\n<\/p><\/div>\n<div style='display: flex; flex-wrap: wrap; justify-content: center; gap: 20px; margin-bottom: 30px;'>\n<div style='border-left: 5px solid #F37934; border-radius: 5px; padding: 5px; box-shadow: 2px 2px 10px rgba(216&comma;216&comma;216&comma;0.4); -webkit-box-shadow: 2px 2px 10px rgba(216&comma;216&comma;216&comma;0.4);'> <strong>Audio de 2 V\u00edas:<\/strong> <\/div>\n<div style='border-left: 5px solid #F37934; border-radius: 5px; padding: 5px; box-shadow: 2px 2px 10px rgba(216&comma;216&comma;216&comma;0.4); -webkit-box-shadow: 2px 2px 10px rgba(216&comma;216&comma;216&comma;0.4);'> <strong>Mapas Digitales:<\/strong> <\/div>\n<div style='border-left: 5px solid #F37934; border-radius: 5px; padding: 5px; box-shadow: 2px 2px 10px rgba(216&comma;216&comma;216&comma;0.4); -webkit-box-shadow: 2px 2px 10px rgba(216&comma;216&comma;216&comma;0.4);'> <strong>Dewarping en Fisheyes:<\/strong> <\/div>\n<\/p><\/div>\n<div style='display: flex; flex-wrap: wrap; gap: 20px; justify-content: center;'>\n<div style='flex: 1 1 300px; max-width: 370px;'>\n<div style='position: relative; padding-bottom: 56.25%; height: 0; overflow: hidden;'>   <\/div>\n<\/p><\/div>\n<div style='flex: 1 1 300px; max-width: 370px;'>\n<div style='position: relative; padding-bottom: 56.25%; height: 0; overflow: hidden;'>   <\/div>\n<\/p><\/div>\n<div style='flex: 1 1 300px; max-width: 370px;'>\n<div style='position: relative; padding-bottom: 56.25%; height: 0; overflow: hidden;'>   <\/div>\n<\/p><\/div>\n<\/p><\/div>\n<div style='display: flex; flex-wrap: wrap; justify-content: center; gap: 20px; margin-top: 30px;'>\n<div style='border-left: 5px solid #F37934; border-radius: 5px; padding: 5px; box-shadow: 2px 2px 10px rgba(216&comma;216&comma;216&comma;0.4); -webkit-box-shadow: 2px 2px 10px rgba(216&comma;216&comma;216&comma;0.4);'> <strong>Salud del Sistema:<\/strong> <\/div>\n<div style='border-left: 5px solid #F37934; border-radius: 5px; padding: 5px; box-shadow: 2px 2px 10px rgba(216&comma;216&comma;216&comma;0.4); -webkit-box-shadow: 2px 2px 10px rgba(216&comma;216&comma;216&comma;0.4);'> <strong>Integraci\u00f3n de Video Anal\u00edticos:<\/strong> <\/div>\n<div style='border-left: 5px solid #F37934; border-radius: 5px; padding: 5px; box-shadow: 2px 2px 10px rgba(216&comma;216&comma;216&comma;0.4); -webkit-box-shadow: 2px 2px 10px rgba(216&comma;216&comma;216&comma;0.4);'> <strong>Exportaci\u00f3n de Videos:<\/strong> <\/div>\n<\/p><\/div>\n<div style='display: flex; flex-wrap: wrap; gap: 20px; justify-content: center;'>\n<div style='flex: 1 1 300px; max-width: 370px;'>\n<div style='position: relative; padding-bottom: 56.25%; height: 0; overflow: hidden;'>   <\/div>\n<\/p><\/div>\n<div style='flex: 1 1 300px; max-width: 370px;'>\n<div style='position: relative; padding-bottom: 56.25%; height: 0; overflow: hidden;'>   <\/div>\n<\/p><\/div>\n<div style='flex: 1 1 300px; max-width: 370px;'>\n<div style='position: relative; padding-bottom: 56.25%; height: 0; overflow: hidden;'>   <\/div>\n<\/p><\/div>\n<\/p><\/div>\n<div style='text-align: center; margin-top: 30px;'> <strong>Garant\u00eda: 3 a\u00f1os.<\/strong> <\/div>\n<\/p><\/div>\n<\/p><\/div>\n","protected":false},"excerpt":{"rendered":"<p>NVR de 12 Megap\u00edxel hasta 8 canales con Licencias WAVE \/ Incluye 1 Licencia WAVE-PRO-04 \/ 4TB Incluidos \/ 8 puertos PoE+ \/ H.265 &#038; WiseStream \/ Sistema operativo Ubuntu 22.04 LTS<\/p>\n","protected":false},"featured_media":100383,"comment_status":"open","ping_status":"closed","template":"","meta":[],"product_brand":[],"product_cat":[2234],"product_tag":[122,1055,2235],"class_list":{"0":"post-100384","1":"product","2":"type-product","3":"status-publish","4":"has-post-thumbnail","6":"product_cat-nvrs-network-video-recorders","7":"product_tag-camaras-ip-y-nvrs","8":"product_tag-hanwha-vision","9":"product_tag-nvrs-network-video-recorders","11":"first","12":"outofstock","13":"sale","14":"shipping-taxable","15":"purchasable","16":"product-type-simple"},"_links":{"self":[{"href":"https:\/\/soydeaqui.ddns.net\/pachuca\/index.php\/wp-json\/wp\/v2\/product\/100384","targetHints":{"allow":["GET"]}}],"collection":[{"href":"https:\/\/soydeaqui.ddns.net\/pachuca\/index.php\/wp-json\/wp\/v2\/product"}],"about":[{"href":"https:\/\/soydeaqui.ddns.net\/pachuca\/index.php\/wp-json\/wp\/v2\/types\/product"}],"replies":[{"embeddable":true,"href":"https:\/\/soydeaqui.ddns.net\/pachuca\/index.php\/wp-json\/wp\/v2\/comments?post=100384"}],"wp:featuredmedia":[{"embeddable":true,"href":"https:\/\/soydeaqui.ddns.net\/pachuca\/index.php\/wp-json\/wp\/v2\/media\/100383"}],"wp:attachment":[{"href":"https:\/\/soydeaqui.ddns.net\/pachuca\/index.php\/wp-json\/wp\/v2\/media?parent=100384"}],"wp:term":[{"taxonomy":"product_brand","embeddable":true,"href":"https:\/\/soydeaqui.ddns.net\/pachuca\/index.php\/wp-json\/wp\/v2\/product_brand?post=100384"},{"taxonomy":"product_cat","embeddable":true,"href":"https:\/\/soydeaqui.ddns.net\/pachuca\/index.php\/wp-json\/wp\/v2\/product_cat?post=100384"},{"taxonomy":"product_tag","embeddable":true,"href":"https:\/\/soydeaqui.ddns.net\/pachuca\/index.php\/wp-json\/wp\/v2\/product_tag?post=100384"}],"curies":[{"name":"wp","href":"https:\/\/api.w.org\/{rel}","templated":true}]}}