{"id":100374,"date":"2026-03-20T11:10:43","date_gmt":"2026-03-20T11:10:43","guid":{"rendered":"https:\/\/soydeaqui.ddns.net\/pachuca\/index.php\/producto\/nvr-32-megapixel-8k-256-canales-ip-30-bahias-de-disco-duro-600-tb-4-puertos-de-red-soporta-raid-con-hot-swap-acusense-anpr\/"},"modified":"2026-03-20T11:10:51","modified_gmt":"2026-03-20T11:10:51","slug":"nvr-32-megapixel-8k-256-canales-ip-30-bahias-de-disco-duro-600-tb-4-puertos-de-red-soporta-raid-con-hot-swap-acusense-anpr","status":"publish","type":"product","link":"https:\/\/soydeaqui.ddns.net\/pachuca\/index.php\/producto\/nvr-32-megapixel-8k-256-canales-ip-30-bahias-de-disco-duro-600-tb-4-puertos-de-red-soporta-raid-con-hot-swap-acusense-anpr\/","title":{"rendered":"NVR 32 Megapixel (8K) \/ 256 canales IP \/ 30 Bah\u00edas de Disco Duro (600 TB) \/ 4 Puertos de Red \/ Soporta RAID con Hot Swap \/ ACUSENSE \/ ANPR"},"content":{"rendered":"<div style='width: 100%; max-width: 1200px; margin: 0 auto; font-family: sans-serif; line-height: 1.6; color: inherit; background-color: transparent;'>\n<div style='display: flex; flex-wrap: wrap; gap: 30px; margin-bottom: 30px;'>\n<div style='flex: 1 1 300px; min-width: 280px;'>\n<h3 style='font-size: 22px; border-bottom: 2px solid currentColor; padding-bottom: 5px; margin-top: 0; color: inherit; opacity: 0.8;'>Caracter\u00edsticas Principales<\/h3>\n<ul style='padding-left: 20px; font-size: 15px; color: inherit;'>\n<li style='margin-bottom: 5px;'>Compresi\u00f3n: H.265+ \/ H.265 \/ H.264+ \/ H.264<\/li>\n<li style='margin-bottom: 5px;'>Soporta mouse USB para operar el NVR (Incluido)<\/li>\n<li style='margin-bottom: 5px;'>Soporta PTZ<\/li>\n<li style='margin-bottom: 5px;'>Soporta grabaci\u00f3n redundante<\/li>\n<li style='margin-bottom: 5px;'>Soporta b\u00fasqueda de agenda en forma local o remota<\/li>\n<li style='margin-bottom: 5px;'>Soporta Hot Swap con RAID: 0&comma;1&comma;5&comma;6&comma;10 (Capacidad de disco duro m\u00ednima de 4 TB para RAID)<\/li>\n<li style='margin-bottom: 5px;'>Soporta Hot Spare para que nunca se pierda la grabaci\u00f3n en caso de que el NVR este fallando (se requiere otro NVR que tambi\u00e9n soporte la funci\u00f3n)<\/li>\n<li style='margin-bottom: 5px;'>Software cliente multi sitio IVMS-4200 (gratuito)<\/li>\n<li style='margin-bottom: 5px;'>Cuenta con sistema DAS de 24 bah\u00edas internas de hasta 10 TB c\/u (240 TB en total)<\/li>\n<li style='margin-bottom: 5px;'>Soporta ONVIF (Versi\u00f3n 2.5)<\/li>\n<li style='margin-bottom: 5px;'>Soporta m\u00faltiples marcas como: HIKVISION&comma; ACTi&comma; ARECONT&comma; AXIS&comma; BOSCH&comma; BRICKCOM&comma; CANON&comma; HUNT&comma; PANASONIC&comma; PELCO&comma; PSIA&comma; RTSP&comma; SAMSUNG&comma; SONY&comma; VIVOTEK&comma; ZAVIO<\/li>\n<\/ul><\/div>\n<div style='flex: 1 1 300px; min-width: 280px;'>\n<h3 style='font-size: 22px; border-bottom: 2px solid currentColor; padding-bottom: 5px; margin-top: 0; color: inherit; opacity: 0.8;'>Interfaces Entradas y Salidas<\/h3>\n<ul style='padding-left: 20px; font-size: 15px; color: inherit;'>\n<li style='margin-bottom: 5px;'>HDMI 1 y HDMI 2 (salidas independientes): 4K \/ 1080p \/ 720p<\/li>\n<li style='margin-bottom: 5px;'>VGA: 1080p \/ 720p<\/li>\n<li style='margin-bottom: 5px;'>Entradas de alarma: 16<\/li>\n<li style='margin-bottom: 5px;'>Salidas de alarma: 8<\/li>\n<li style='margin-bottom: 5px;'>Soporta entrada y salida de audio en RCA (audio bidireccional)<\/li>\n<\/ul><\/div>\n<div style='flex: 1 1 300px; min-width: 280px;'>\n<h3 style='font-size: 22px; border-bottom: 2px solid currentColor; padding-bottom: 5px; margin-top: 0; color: inherit; opacity: 0.8;'>Capacidad de procesamiento y funciones de red<\/h3>\n<ul style='padding-left: 20px; font-size: 15px; color: inherit;'>\n<li style='margin-bottom: 5px;'>Throughput entrada: 768 Mbps (768 Mbps en modo RAID)<\/li>\n<li style='margin-bottom: 5px;'>Throughput salida: 768 Mbps (768 Mbps en modo RAID)<\/li>\n<li style='margin-bottom: 5px;'>Soporta 4 tarjetas de red 10\/100\/1000 Mbps<\/li>\n<li style='margin-bottom: 5px;'>Soporta Failover (tolerancia a fallos)&comma; Multi address y Balanceo de cargas<\/li>\n<li style='margin-bottom: 5px;'>Protocolos: IPv6&comma; HTTPS&comma; UPnP&comma; SNMP&comma; NTP&comma; SADP&comma; SMTP&comma; NFS&comma; iSCSI&comma; PPPoE<\/li>\n<li style='margin-bottom: 5px;'>Soporta DDNS: DynDNS&comma; No-IP&comma; entre otros<\/li>\n<\/ul><\/div>\n<div style='flex: 1 1 300px; min-width: 280px;'>\n<h3 style='font-size: 22px; border-bottom: 2px solid currentColor; padding-bottom: 5px; margin-top: 0; color: inherit; opacity: 0.8;'>Caracter\u00edsticas F\u00edsicas y El\u00e9ctricas<\/h3>\n<ul style='padding-left: 20px; font-size: 15px; color: inherit;'>\n<li style='margin-bottom: 5px;'>Soporta fuentes redundante y ventilador para enfriamiento (incluidos)<\/li>\n<li style='margin-bottom: 5px;'>Dimensiones: 447 \u00d7 528 \u00d7 172 mm (4U rack)<\/li>\n<li style='margin-bottom: 5px;'>Consumo: 140 W sin discos duros<\/li>\n<li style='margin-bottom: 5px;'>Alimentaci\u00f3n: 100 a 240 Vca&comma; 550 W<\/li>\n<li style='margin-bottom: 5px;'>Temperatura de operaci\u00f3n: 0 a 50 \u00b0C<\/li>\n<li style='margin-bottom: 5px;'>Peso: 23 Kg sin discos duros<\/li>\n<\/ul><\/div>\n<div style='flex: 1 1 300px; min-width: 280px;'>\n<h3 style='font-size: 22px; border-bottom: 2px solid currentColor; padding-bottom: 5px; margin-top: 0; color: inherit; opacity: 0.8;'>Funci\u00f3n de Grabaci\u00f3n y Visualizaci\u00f3n<\/h3>\n<ul style='padding-left: 20px; font-size: 15px; color: inherit;'>\n<li style='margin-bottom: 5px;'>Detecci\u00f3n de movimiento multizona<\/li>\n<li style='margin-bottom: 5px;'>Zoom digital en visualizaci\u00f3n y grabaci\u00f3n<\/li>\n<li style='margin-bottom: 5px;'>Soporta m\u00faltiples tipos de grabaci\u00f3n&comma; incluyendo tiempo real&comma; grabaci\u00f3n manual&comma; video sensor&comma; alarma externa&comma; video sensor y alarma&comma; video sensor o alarma<\/li>\n<li style='margin-bottom: 5px;'>Reproducci\u00f3n de grabaci\u00f3n hasta 16 canales simult\u00e1neos<\/li>\n<li style='margin-bottom: 5px;'>Soporta grabaci\u00f3n de hasta 12 MP por canal<\/li>\n<\/ul><\/div>\n<div style='flex: 1 1 300px; min-width: 280px;'>\n<h3 style='font-size: 22px; border-bottom: 2px solid currentColor; padding-bottom: 5px; margin-top: 0; color: inherit; opacity: 0.8;'>Resoluci\u00f3n de Grabaci\u00f3n por Canal (recomendado con H.265)<\/h3>\n<ul style='padding-left: 20px; font-size: 15px; color: inherit;'>\n<li style='margin-bottom: 5px;'>1 Megapixel: 256 canales @ 30 IPS<\/li>\n<li style='margin-bottom: 5px;'>2 Megapixel: 256 canales @ 30 IPS<\/li>\n<li style='margin-bottom: 5px;'>5 Megapixel: 256 canales @ 15 IPS<\/li>\n<li style='margin-bottom: 5px;'>8 Megapixel (4K): 200 canales @ 10 IPS<\/li>\n<\/ul>\n<p style='font-size: 14px; margin-top: 15px; color: inherit;'><strong>Nota:<\/strong> El n\u00famero de canales en grabaci\u00f3n puede variar dependiendo de la resoluci\u00f3n de las c\u00e1maras&comma; IPS y bit rate&comma; para mayor informaci\u00f3n consulte con el departamento de Ingenier\u00eda SYSCOM.<\/p>\n<\/p><\/div>\n<div style='flex: 1 1 300px; min-width: 280px;'>\n<h3 style='font-size: 22px; border-bottom: 2px solid currentColor; padding-bottom: 5px; margin-top: 0; color: inherit; opacity: 0.8;'>Caracter\u00edsticas destacadas<\/h3>\n<p style='font-size: 15px; margin-top: 15px; color: inherit;'><strong>ACUSENSE (Filtro de Falsas Alarmas):<\/strong><\/p>\n<ul style='padding-left: 20px; font-size: 15px; color: inherit;'>\n<li style='margin-bottom: 5px;'>Con tecnolog\u00eda ACUSENSE podemos evitar falsas alarmas como movimiento de \u00e1rboles&comma; animales&comma; etc.<\/li>\n<li style='margin-bottom: 5px;'>Al activar la tecnolog\u00eda ACUSENSE solo detecta cuerpo humano y veh\u00edculos para detectar realmente eventos importantes y as\u00ed eliminar falsas alarmas<\/li>\n<li style='margin-bottom: 5px;'>Soporta hasta 256 canales con la tecnolog\u00eda ACUSENSE utilizando c\u00e1maras: DS-2CD3XX \/ DS-2CD2XX3G2 \/ DS-2CD2XX3G7 (que soporte ACUSENSE)<\/li>\n<li style='margin-bottom: 5px;'><strong>Nota:<\/strong> La serie de grabadores DS96XXX trabaja bajo una arquitectura cliente servidor&comma; por lo que es necesario workstation para su correcto funcionamiento&comma; cualquier duda favor de comunicarse al departamento de ingenier\u00eda seguridad.<\/li>\n<\/ul><\/div>\n<\/p><\/div>\n<hr style='border: 0; border-top: 1px solid rgba(150&comma; 150&comma; 150&comma; 0.3); margin: 30px 0;'>\n<div style='display: flex; flex-wrap: wrap; justify-content: center; gap: 20px; margin-top: 30px;'> <img style='width: 100%; max-width: 600px; height: auto; border: 1px solid rgba(150&comma;150&comma;150&comma;0.3); border-radius: 8px;' src='https:\/\/ftp3.syscom.mx\/usuarios\/jsosa\/HIKVISION\/imagenes\/logo\/hikvision%20see%20far.png' alt='Logo Hikvision'> <img style='width: 100%; max-width: 600px; height: auto; border: 1px solid rgba(150&comma;150&comma;150&comma;0.3); border-radius: 8px;' src='https:\/\/ftp3.syscom.mx\/usuarios\/jsosa\/HIKVISION\/imagenes\/banners\/solution%20complete.png' alt='Soluci\u00f3n Completa Hikvision'> <\/div>\n<\/p><\/div>\n","protected":false},"excerpt":{"rendered":"<p>NVR 32 Megapixel (8K) \/ 256 canales IP \/ 30 Bah\u00edas de Disco Duro (600 TB) \/ 4 Puertos de Red \/ Soporta RAID con Hot Swap \/ ACUSENSE \/ ANPR<\/p>\n","protected":false},"featured_media":100373,"comment_status":"open","ping_status":"closed","template":"","meta":[],"product_brand":[],"product_cat":[2234],"product_tag":[122,54,2235],"class_list":{"0":"post-100374","1":"product","2":"type-product","3":"status-publish","4":"has-post-thumbnail","6":"product_cat-nvrs-network-video-recorders","7":"product_tag-camaras-ip-y-nvrs","8":"product_tag-hikvision","9":"product_tag-nvrs-network-video-recorders","11":"first","12":"outofstock","13":"sale","14":"shipping-taxable","15":"purchasable","16":"product-type-simple"},"_links":{"self":[{"href":"https:\/\/soydeaqui.ddns.net\/pachuca\/index.php\/wp-json\/wp\/v2\/product\/100374","targetHints":{"allow":["GET"]}}],"collection":[{"href":"https:\/\/soydeaqui.ddns.net\/pachuca\/index.php\/wp-json\/wp\/v2\/product"}],"about":[{"href":"https:\/\/soydeaqui.ddns.net\/pachuca\/index.php\/wp-json\/wp\/v2\/types\/product"}],"replies":[{"embeddable":true,"href":"https:\/\/soydeaqui.ddns.net\/pachuca\/index.php\/wp-json\/wp\/v2\/comments?post=100374"}],"wp:featuredmedia":[{"embeddable":true,"href":"https:\/\/soydeaqui.ddns.net\/pachuca\/index.php\/wp-json\/wp\/v2\/media\/100373"}],"wp:attachment":[{"href":"https:\/\/soydeaqui.ddns.net\/pachuca\/index.php\/wp-json\/wp\/v2\/media?parent=100374"}],"wp:term":[{"taxonomy":"product_brand","embeddable":true,"href":"https:\/\/soydeaqui.ddns.net\/pachuca\/index.php\/wp-json\/wp\/v2\/product_brand?post=100374"},{"taxonomy":"product_cat","embeddable":true,"href":"https:\/\/soydeaqui.ddns.net\/pachuca\/index.php\/wp-json\/wp\/v2\/product_cat?post=100374"},{"taxonomy":"product_tag","embeddable":true,"href":"https:\/\/soydeaqui.ddns.net\/pachuca\/index.php\/wp-json\/wp\/v2\/product_tag?post=100374"}],"curies":[{"name":"wp","href":"https:\/\/api.w.org\/{rel}","templated":true}]}}