{"id":100370,"date":"2026-03-20T11:10:35","date_gmt":"2026-03-20T11:10:35","guid":{"rendered":"https:\/\/soydeaqui.ddns.net\/pachuca\/index.php\/producto\/cargador-mini-de-20w-1-usb-c-de-carga-rapida-tecnologia-gan-ii-carga-inteligente-multiple-proteccion-mayor-eficiencia-energetica-tamano-compacto\/"},"modified":"2026-03-20T11:10:37","modified_gmt":"2026-03-20T11:10:37","slug":"cargador-mini-de-20w-1-usb-c-de-carga-rapida-tecnologia-gan-ii-carga-inteligente-multiple-proteccion-mayor-eficiencia-energetica-tamano-compacto","status":"publish","type":"product","link":"https:\/\/soydeaqui.ddns.net\/pachuca\/index.php\/producto\/cargador-mini-de-20w-1-usb-c-de-carga-rapida-tecnologia-gan-ii-carga-inteligente-multiple-proteccion-mayor-eficiencia-energetica-tamano-compacto\/","title":{"rendered":"Cargador Mini de 20W | 1 USB-C de Carga R\u00e1pida | Tecnolog\u00eda GaN II | Carga Inteligente | M\u00faltiple Protecci\u00f3n  | Mayor Eficiencia Energ\u00e9tica | Tama\u00f1o Compacto."},"content":{"rendered":"<div style=\"width: 100%; max-width: 1200px; margin: 0 auto; font-family: sans-serif; line-height: 1.6; color: inherit; background-color: transparent;\">\n<div style=\"display: flex; flex-wrap: wrap; gap: 30px; margin-bottom: 30px;\">\n<div style=\"flex: 1 1 300px; min-width: 280px;\">\n<h3 style=\"font-size: 22px; border-bottom: 2px solid currentColor; padding-bottom: 5px; margin-top: 0; color: inherit; opacity: 0.8;\">Caracter&iacute;sticas Principales<\/h3>\n<ul style=\"padding-left: 20px; font-size: 15px; color: inherit;\">\n<li style=\"margin-bottom: 5px;\">Carga r&aacute;pida de 20W con Power Delivery<\/li>\n<li style=\"margin-bottom: 5px;\">Tecnolog&iacute;a GaN II para mayor eficiencia y menor generaci&oacute;n de calor<\/li>\n<li style=\"margin-bottom: 5px;\">Tecnolog&iacute;a Thermal Guard para protecci&oacute;n contra sobrecalentamiento<\/li>\n<li style=\"margin-bottom: 5px;\">Dise&ntilde;o compacto y port&aacute;til<\/li>\n<li style=\"margin-bottom: 5px;\">Soporta m&uacute;ltiples protocolos de carga r&aacute;pida<\/li>\n<\/ul><\/div>\n<div style=\"flex: 1 1 300px; min-width: 280px;\">\n<h3 style=\"font-size: 22px; border-bottom: 2px solid currentColor; padding-bottom: 5px; margin-top: 0; color: inherit; opacity: 0.8;\">Especificaciones T&eacute;cnicas<\/h3>\n<ul style=\"padding-left: 20px; font-size: 15px; color: inherit;\">\n<li style=\"margin-bottom: 5px;\"><strong>Entrada CA:<\/strong> 100~240 V CA&comma; 50 Hz&comma; 500 mA m&aacute;x.<\/li>\n<li style=\"margin-bottom: 5px;\"><strong>Salida USB-C:<\/strong> 5 V\/3 A&comma; 9 V\/2&comma;22 A&comma; 12 V\/1&comma;67 A m&aacute;x.<\/li>\n<li style=\"margin-bottom: 5px;\"><strong>Potencia m&aacute;xima:<\/strong> 20 W<\/li>\n<li style=\"margin-bottom: 5px;\"><strong>Eficiencia energ&eacute;tica:<\/strong> Nivel 6<\/li>\n<li style=\"margin-bottom: 5px;\"><strong>Temperatura de operaci&oacute;n:<\/strong> -10 ~ 25 &deg;C<\/li>\n<li style=\"margin-bottom: 5px;\"><strong>Temperatura de almacenamiento:<\/strong> -20 ~ 80 &deg;C<\/li>\n<li style=\"margin-bottom: 5px;\"><strong>Altitud:<\/strong> &le; 2000 metros<\/li>\n<li style=\"margin-bottom: 5px;\"><strong>Consumo en espera:<\/strong> &le;0&comma;1 W<\/li>\n<li style=\"margin-bottom: 5px;\"><strong>Material de carcasa:<\/strong> PC\/V0 ign&iacute;fugo<\/li>\n<\/ul><\/div>\n<div style=\"flex: 1 1 300px; min-width: 280px;\">\n<h3 style=\"font-size: 22px; border-bottom: 2px solid currentColor; padding-bottom: 5px; margin-top: 0; color: inherit; opacity: 0.8;\">Protecciones y Seguridad<\/h3>\n<ul style=\"padding-left: 20px; font-size: 15px; color: inherit;\">\n<li style=\"margin-bottom: 5px;\"><strong>Protecci&oacute;n contra sobretensi&oacute;n:<\/strong> 105%-130% del voltaje nominal<\/li>\n<li style=\"margin-bottom: 5px;\"><strong>Protecci&oacute;n contra sobrecorriente:<\/strong> 105%-135% de la corriente nominal<\/li>\n<li style=\"margin-bottom: 5px;\"><strong>Protecci&oacute;n contra cortocircuito:<\/strong> S&iacute;<\/li>\n<li style=\"margin-bottom: 5px;\"><strong>Protecci&oacute;n contra sobrecalentamiento:<\/strong> S&iacute; (Thermal Guard)<\/li>\n<li style=\"margin-bottom: 5px;\"><strong>Temperatura m&aacute;xima de la carcasa:<\/strong> 77 &deg;C (en prueba de carga)<\/li>\n<li style=\"margin-bottom: 5px;\"><strong>Filtrado:<\/strong> S&iacute;<\/li>\n<\/ul><\/div>\n<\/p><\/div>\n<div style=\"display: flex; flex-wrap: wrap; gap: 20px; margin-bottom: 30px;\">\n<div style=\"flex: 1 1 250px; border: 1px solid rgba(150&comma; 150&comma; 150&comma; 0.4); border-radius: 8px; overflow: hidden; display: flex; flex-direction: column;\">\n<div style=\"padding: 15px; border-bottom: 1px solid rgba(150&comma; 150&comma; 150&comma; 0.2); font-weight: bold; font-size: 18px; color: inherit;\">Protocolos Compatibles<\/div>\n<div style=\"padding: 15px; color: inherit;\">\n<ul style=\"padding-left: 20px; margin: 0; font-size: 14px; list-style-type: disc;\">\n<li style=\"margin-bottom: 5px;\">USB-C PD3.0<\/li>\n<li style=\"margin-bottom: 5px;\">QC3.0 (3&comma;6 V~12 V)<\/li>\n<li style=\"margin-bottom: 5px;\">QC2.0 (5 V\/9 V\/12 V)<\/li>\n<li style=\"margin-bottom: 5px;\">AFC (9 V\/12 V&comma; m&aacute;x. 18 W)<\/li>\n<li style=\"margin-bottom: 5px;\">SCP (5&comma;5 V~10 V&comma; m&aacute;x. 20 W)<\/li>\n<li style=\"margin-bottom: 5px;\">FCP (9 V\/12 V&comma; m&aacute;x. 18 W)<\/li>\n<li style=\"margin-bottom: 5px;\">APPLE 2&comma;4 A<\/li>\n<li style=\"margin-bottom: 5px;\">SAMSUNG 5 V\/2 A<\/li>\n<li style=\"margin-bottom: 5px;\">BC1.2 (5 V\/1&comma;5 A)<\/li>\n<\/ul><\/div>\n<\/p><\/div>\n<div style=\"flex: 1 1 250px; border: 1px solid rgba(150&comma; 150&comma; 150&comma; 0.4); border-radius: 8px; overflow: hidden; display: flex; flex-direction: column;\">\n<div style=\"padding: 15px; border-bottom: 1px solid rgba(150&comma; 150&comma; 150&comma; 0.2); font-weight: bold; font-size: 18px; color: inherit;\">Detalles F&iacute;sicos<\/div>\n<div style=\"padding: 15px; color: inherit;\">\n<ul style=\"padding-left: 20px; margin: 0; font-size: 14px; list-style-type: disc;\">\n<li style=\"margin-bottom: 5px;\"><strong>Dimensiones:<\/strong> 40&comma;5 x 33&comma;6 x 32&comma;5 mm &plusmn;0&comma;5 mm<\/li>\n<li style=\"margin-bottom: 5px;\"><strong>Peso:<\/strong> No especificado<\/li>\n<li style=\"margin-bottom: 5px;\"><strong>Pines USB-C:<\/strong> 16 pines<\/li>\n<li style=\"margin-bottom: 5px;\"><strong>Material:<\/strong> PC\/V0 ign&iacute;fugo<\/li>\n<\/ul><\/div>\n<\/p><\/div>\n<\/p><\/div>\n<hr style=\"border: 0; border-top: 1px solid rgba(150&comma; 150&comma; 150&comma; 0.3); margin: 30px 0;\" \/>\n<div style=\"display: flex; flex-wrap: wrap; gap: 30px; margin-bottom: 30px;\">\n<div style=\"flex: 1 1 300px; min-width: 280px;\">\n<h3 style=\"font-size: 22px; border-bottom: 2px solid currentColor; padding-bottom: 5px; margin-top: 0; color: inherit; opacity: 0.8;\">Aplicaciones<\/h3>\n<ul style=\"padding-left: 20px; font-size: 15px; color: inherit;\">\n<li style=\"margin-bottom: 5px;\">Carga r&aacute;pida para smartphones y tablets<\/li>\n<li style=\"margin-bottom: 5px;\">Uso dom&eacute;stico&comma; de oficina y en viajes<\/li>\n<li style=\"margin-bottom: 5px;\">Carga de dispositivos Apple&comma; Samsung y otros compatibles<\/li>\n<li style=\"margin-bottom: 5px;\">Uso en ambientes con temperaturas entre -10&deg;C y 25&deg;C<\/li>\n<\/ul><\/div>\n<div style=\"flex: 1 1 300px; min-width: 280px;\">\n<h3 style=\"font-size: 22px; border-bottom: 2px solid currentColor; padding-bottom: 5px; margin-top: 0; color: inherit; opacity: 0.8;\">Certificaciones<\/h3>\n<ul style=\"padding-left: 20px; font-size: 15px; color: inherit;\">\n<li style=\"margin-bottom: 5px;\">Cumple con los est&aacute;ndares internacionales de seguridad<\/li>\n<li style=\"margin-bottom: 5px;\">Certificaci&oacute;n MFI para modelos 65003\/65005<\/li>\n<\/ul><\/div>\n<\/p><\/div>\n<\/p><\/div>\n","protected":false},"excerpt":{"rendered":"<p>Cargador Mini de 20W | 1 USB-C de Carga R\u00e1pida | Tecnolog\u00eda GaN II | Carga Inteligente | M\u00faltiple Protecci\u00f3n  | Mayor Eficiencia Energ\u00e9tica | Tama\u00f1o Compacto.<\/p>\n","protected":false},"featured_media":100369,"comment_status":"open","ping_status":"closed","template":"","meta":[],"product_brand":[],"product_cat":[1235],"product_tag":[417,1236,650],"class_list":{"0":"post-100370","1":"product","2":"type-product","3":"status-publish","4":"has-post-thumbnail","6":"product_cat-accesorios-para-computadora-y-smartphones","7":"product_tag-accesorios-generales","8":"product_tag-accesorios-para-computadora-y-smartphones","9":"product_tag-ugreen","11":"first","12":"outofstock","13":"sale","14":"shipping-taxable","15":"purchasable","16":"product-type-simple"},"_links":{"self":[{"href":"https:\/\/soydeaqui.ddns.net\/pachuca\/index.php\/wp-json\/wp\/v2\/product\/100370","targetHints":{"allow":["GET"]}}],"collection":[{"href":"https:\/\/soydeaqui.ddns.net\/pachuca\/index.php\/wp-json\/wp\/v2\/product"}],"about":[{"href":"https:\/\/soydeaqui.ddns.net\/pachuca\/index.php\/wp-json\/wp\/v2\/types\/product"}],"replies":[{"embeddable":true,"href":"https:\/\/soydeaqui.ddns.net\/pachuca\/index.php\/wp-json\/wp\/v2\/comments?post=100370"}],"wp:featuredmedia":[{"embeddable":true,"href":"https:\/\/soydeaqui.ddns.net\/pachuca\/index.php\/wp-json\/wp\/v2\/media\/100369"}],"wp:attachment":[{"href":"https:\/\/soydeaqui.ddns.net\/pachuca\/index.php\/wp-json\/wp\/v2\/media?parent=100370"}],"wp:term":[{"taxonomy":"product_brand","embeddable":true,"href":"https:\/\/soydeaqui.ddns.net\/pachuca\/index.php\/wp-json\/wp\/v2\/product_brand?post=100370"},{"taxonomy":"product_cat","embeddable":true,"href":"https:\/\/soydeaqui.ddns.net\/pachuca\/index.php\/wp-json\/wp\/v2\/product_cat?post=100370"},{"taxonomy":"product_tag","embeddable":true,"href":"https:\/\/soydeaqui.ddns.net\/pachuca\/index.php\/wp-json\/wp\/v2\/product_tag?post=100370"}],"curies":[{"name":"wp","href":"https:\/\/api.w.org\/{rel}","templated":true}]}}