{"id":100344,"date":"2026-03-20T11:09:17","date_gmt":"2026-03-20T11:09:17","guid":{"rendered":"https:\/\/soydeaqui.ddns.net\/pachuca\/index.php\/producto\/inyector-poe-industrial-ideal-para-aplicaciones-solares-entrada-9-42-vcc-salida-poe-48v-conexion-plug-and-play-ideales-para-conectar-camaras-poe\/"},"modified":"2026-03-20T11:09:25","modified_gmt":"2026-03-20T11:09:25","slug":"inyector-poe-industrial-ideal-para-aplicaciones-solares-entrada-9-42-vcc-salida-poe-48v-conexion-plug-and-play-ideales-para-conectar-camaras-poe","status":"publish","type":"product","link":"https:\/\/soydeaqui.ddns.net\/pachuca\/index.php\/producto\/inyector-poe-industrial-ideal-para-aplicaciones-solares-entrada-9-42-vcc-salida-poe-48v-conexion-plug-and-play-ideales-para-conectar-camaras-poe\/","title":{"rendered":"Inyector PoE Industrial \/ Ideal para Aplicaciones Solares \/ Entrada 9-42 Vcc \/ Salida PoE 48V \/ Conexi\u00f3n plug and play \/ Ideales para Conectar C\u00e1maras PoE"},"content":{"rendered":"<div style='width: 100%; max-width: 1200px; margin: 0 auto; font-family: sans-serif; line-height: 1.6; color: inherit;'>\n<div style='display: flex; flex-direction: column; align-items: center; text-align: center; padding: 15px 0;'>\n<h2 style='font-size: 24px; margin: 0 0 10px; color: inherit;'>Ideal para conectar Puntos de Acceso 802.3af\/at PoE<\/h2>\n<p style='font-size: 18px; margin: 0; color: inherit; opacity: 0.8;'>La instalaci\u00f3n no es complicada&comma; solamente conectamos de nuestro switch PoE estandarizado un cable UTP hac\u00eda el convertidor&comma; posterirmente del convertidor un cable UTP hac\u00eda nuetra antena.<\/p>\n<\/p><\/div>\n<div style='display: flex; justify-content: center; padding: 15px 0;'> <img style='width: 100%; max-width: 600px; height: auto; border: 1px solid rgba(150&comma;150&comma;150&comma;0.3); border-radius: 8px;' src='https:\/\/ftp3.syscom.mx\/usuarios\/fotos\/WIPOE6248V\/237719-poe_48v.jpg' alt=''> <\/div>\n<div style='display: flex; flex-direction: column; align-items: center; text-align: center; padding: 15px 0;'>\n<h2 style='font-size: 24px; margin: 0; color: inherit;'>Especificaciones<\/h2>\n<\/p><\/div>\n<div style='display: flex; flex-wrap: wrap; gap: 20px; margin-top: 20px;'>\n<div style='flex: 1 1 250px; border: 1px solid rgba(150&comma; 150&comma; 150&comma; 0.4); border-radius: 8px; overflow: hidden; display: flex; flex-direction: column;'>\n<div style='padding: 15px; border-bottom: 1px solid rgba(150&comma; 150&comma; 150&comma; 0.2); font-weight: bold; font-size: 18px; color: inherit;'>Otros<\/div>\n<div style='padding: 15px; color: inherit;'>\n<ul style='padding-left: 20px; margin: 0; font-size: 14px; list-style-type: disc;'>\n<li style='margin-bottom: 5px;'><strong>Dimensiones:<\/strong> 78 * 83.2 * 28 mm<\/li>\n<li style='margin-bottom: 5px;'><strong>Interfaces de Red:<\/strong> (2) Puertos RJ45 100\/1000 Mbps<\/li>\n<li style='margin-bottom: 5px;'><strong>Alimentaci\u00f3n:<\/strong> DC 9-42V 5A Max.<\/li>\n<li style='margin-bottom: 5px;'><strong>PIN PoE:<\/strong> 1\/2(+)&comma; 2\/6(-)<\/li>\n<li style='margin-bottom: 5px;'><strong>Puertos PoE (RJ45):<\/strong> (1) Puerto de Entrada Datos&comma; (1) Salida PoE 802.3af\/at PoE<\/li>\n<li style='margin-bottom: 5px;'><strong>Temperatura de operaci\u00f3n:<\/strong> -20\u2103 to 70\u2103<\/li>\n<li style='margin-bottom: 5px;'><strong>Certificaciones:<\/strong> CE&comma; FCC&comma; RoHS<\/li>\n<li style='margin-bottom: 5px;'><strong>Contenido del Paquete:<\/strong> Inyector PoE WI-POE62-48V&comma; Gu\u00eda de instalaci\u00f3n<\/li>\n<\/ul><\/div>\n<\/p><\/div>\n<\/p><\/div>\n<hr style='border: 0; border-top: 1px solid rgba(150&comma; 150&comma; 150&comma; 0.3); margin: 30px 0;'> <\/div>\n","protected":false},"excerpt":{"rendered":"<p>Inyector PoE Industrial \/ Ideal para Aplicaciones Solares \/ Entrada 9-42 Vcc \/ Salida PoE 48V \/ Conexi\u00f3n plug and play \/ Ideales para Conectar C\u00e1maras PoE<\/p>\n","protected":false},"featured_media":100343,"comment_status":"open","ping_status":"closed","template":"","meta":[],"product_brand":[],"product_cat":[1260],"product_tag":[1261,664,1262],"class_list":{"0":"post-100344","1":"product","2":"type-product","3":"status-publish","4":"has-post-thumbnail","6":"product_cat-inyectores-poe","7":"product_tag-inyectores-poe","8":"product_tag-networking","9":"product_tag-wi-tek","11":"first","12":"instock","13":"sale","14":"shipping-taxable","15":"purchasable","16":"product-type-simple"},"_links":{"self":[{"href":"https:\/\/soydeaqui.ddns.net\/pachuca\/index.php\/wp-json\/wp\/v2\/product\/100344","targetHints":{"allow":["GET"]}}],"collection":[{"href":"https:\/\/soydeaqui.ddns.net\/pachuca\/index.php\/wp-json\/wp\/v2\/product"}],"about":[{"href":"https:\/\/soydeaqui.ddns.net\/pachuca\/index.php\/wp-json\/wp\/v2\/types\/product"}],"replies":[{"embeddable":true,"href":"https:\/\/soydeaqui.ddns.net\/pachuca\/index.php\/wp-json\/wp\/v2\/comments?post=100344"}],"wp:featuredmedia":[{"embeddable":true,"href":"https:\/\/soydeaqui.ddns.net\/pachuca\/index.php\/wp-json\/wp\/v2\/media\/100343"}],"wp:attachment":[{"href":"https:\/\/soydeaqui.ddns.net\/pachuca\/index.php\/wp-json\/wp\/v2\/media?parent=100344"}],"wp:term":[{"taxonomy":"product_brand","embeddable":true,"href":"https:\/\/soydeaqui.ddns.net\/pachuca\/index.php\/wp-json\/wp\/v2\/product_brand?post=100344"},{"taxonomy":"product_cat","embeddable":true,"href":"https:\/\/soydeaqui.ddns.net\/pachuca\/index.php\/wp-json\/wp\/v2\/product_cat?post=100344"},{"taxonomy":"product_tag","embeddable":true,"href":"https:\/\/soydeaqui.ddns.net\/pachuca\/index.php\/wp-json\/wp\/v2\/product_tag?post=100344"}],"curies":[{"name":"wp","href":"https:\/\/api.w.org\/{rel}","templated":true}]}}