{"id":100341,"date":"2026-03-20T11:09:10","date_gmt":"2026-03-20T11:09:10","guid":{"rendered":"https:\/\/soydeaqui.ddns.net\/pachuca\/index.php\/producto\/audio-bidireccional-dual-light-colorvu-bala-turbohd-3k-5-megapixel-lente-2-8mm-30-mts-ir-exir-20-mts-luz-blanca-microfono-y-bocina-integrado-exterior-ip67-metal-dwdr\/"},"modified":"2026-03-20T11:09:14","modified_gmt":"2026-03-20T11:09:14","slug":"audio-bidireccional-dual-light-colorvu-bala-turbohd-3k-5-megapixel-lente-2-8mm-30-mts-ir-exir-20-mts-luz-blanca-microfono-y-bocina-integrado-exterior-ip67-metal-dwdr","status":"publish","type":"product","link":"https:\/\/soydeaqui.ddns.net\/pachuca\/index.php\/producto\/audio-bidireccional-dual-light-colorvu-bala-turbohd-3k-5-megapixel-lente-2-8mm-30-mts-ir-exir-20-mts-luz-blanca-microfono-y-bocina-integrado-exterior-ip67-metal-dwdr\/","title":{"rendered":"[Audio Bidireccional + Dual Light + ColorVu] Bala TURBOHD 3K (5 Megapixel) \/ Lente 2.8mm \/ 30 mts IR EXIR + 20 mts Luz Blanca \/ Micr\u00f3fono y Bocina Integrado \/ Exterior IP67 \/ Metal \/ dWDR"},"content":{"rendered":"<div style='width: 100%; max-width: 1200px; margin: 0 auto; font-family: sans-serif&comma; Arial&comma; Helvetica; line-height: 1.6; color: inherit; background-color: transparent;'> <!-- Contenedor principal --> <\/p>\n<div style='display: flex; flex-direction: column; gap: 30px;'> <!-- Videos principales --> <\/p>\n<div style='display: flex; flex-direction: column; gap: 30px;'>\n<div style='position: relative; padding-bottom: 56.25%; height: 0; overflow: hidden; margin-bottom: 30px;'> <video style='position: absolute; top: 0; left: 0; width: 100%; height: 100%; border: 1px solid rgba(150&comma;150&comma;150&comma;0.3); border-radius: 8px;' muted controls><source src='https:\/\/ftp3.syscom.mx\/usuarios\/nicolas.jimenez\/Turbo8\/Turbo8%20animacion.mp4' type='video\/mp4'><\/video> <\/div>\n<div style='position: relative; padding-bottom: 56.25%; height: 0; overflow: hidden; margin-bottom: 30px;'> <video style='position: absolute; top: 0; left: 0; width: 100%; height: 100%; border: 1px solid rgba(150&comma;150&comma;150&comma;0.3); border-radius: 8px;' controls><source src='https:\/\/ftp3.syscom.mx\/usuarios\/nicolas.jimenez\/Turbo8\/Turbo%20HD%208.0-Audio%20bidireccional%20TVI%20Doblaje.mp4' type='video\/mp4'><\/video> <\/div>\n<\/p><\/div>\n<p> <!-- Imagen --> <\/p>\n<div style='width: 100%;'> <img style='width: 100%; height: auto; border: 1px solid rgba(150&comma;150&comma;150&comma;0.3); border-radius: 8px;' src='https:\/\/ftp3.syscom.mx\/usuarios\/emendoza\/elesbanmch\/HIKVISON\/IMAGENES\/COAXITRON-audio.jpg' alt=''> <\/div>\n<p> <!-- Videos de YouTube --> <\/p>\n<div style='display: flex; flex-wrap: wrap; gap: 30px; margin-top: 30px;'>\n<div style='flex: 1 1 300px; min-width: 280px; max-width: 380px;'>\n<div style='position: relative; padding-bottom: 56.25%; height: 0; overflow: hidden; margin-bottom: 30px;'>   <\/div>\n<\/p><\/div>\n<div style='flex: 1 1 300px; min-width: 280px; max-width: 380px;'>\n<div style='position: relative; padding-bottom: 56.25%; height: 0; overflow: hidden; margin-bottom: 30px;'>   <\/div>\n<\/p><\/div>\n<div style='flex: 1 1 300px; min-width: 280px; max-width: 380px;'>\n<div style='position: relative; padding-bottom: 56.25%; height: 0; overflow: hidden; margin-bottom: 30px;'>   <\/div>\n<\/p><\/div>\n<\/p><\/div>\n<p> <!-- Tarjetas de especificaciones --> <\/p>\n<div style='display: flex; flex-wrap: wrap; gap: 20px; margin-top: 30px;'>\n<div style='flex: 1 1 300px; border: 1px solid rgba(150&comma; 150&comma; 150&comma; 0.4); border-radius: 8px; overflow: hidden; display: flex; flex-direction: column;'>\n<div style='padding: 15px; border-bottom: 1px solid rgba(150&comma; 150&comma; 150&comma; 0.2); font-weight: bold; font-size: 18px; color: inherit; background-color: #266ca9; color: white;'>Caracter\u00edsticas Principales<\/div>\n<div style='padding: 15px; color: inherit;'>\n<ul style='padding-left: 20px; margin: 0; font-size: 14px; list-style-type: disc;'>\n<li style='margin-bottom: 5px;'>Resoluci\u00f3n m\u00e1xima: 3K \/ 5 Megap\u00edxeles (2960 x 1665)<\/li>\n<li style='margin-bottom: 5px;'>Lente fijo: 2.8 mm (\u00e1ngulo de visi\u00f3n 112\u00b0)<\/li>\n<li style='margin-bottom: 5px;'>Dual light (30 m Smart IR + 20 m luz blanca)<\/li>\n<li style='margin-bottom: 5px;'>dWDR \/ BLC \/ HLC<\/li>\n<li style='margin-bottom: 5px;'>Audio bidireccional full duplex (micr\u00f3fono y bocina integrados&comma; para una distancia de 5 metros)<\/li>\n<\/ul><\/div>\n<\/p><\/div>\n<div style='flex: 1 1 300px; border: 1px solid rgba(150&comma; 150&comma; 150&comma; 0.4); border-radius: 8px; overflow: hidden; display: flex; flex-direction: column;'>\n<div style='padding: 15px; border-bottom: 1px solid rgba(150&comma; 150&comma; 150&comma; 0.2); font-weight: bold; font-size: 18px; color: inherit; background-color: #266ca9; color: white;'>Especificaciones<\/div>\n<div style='padding: 15px; color: inherit;'>\n<ul style='padding-left: 20px; margin: 0; font-size: 14px; list-style-type: disc;'>\n<li style='margin-bottom: 5px;'>Alimentaci\u00f3n\/Consumo: 12 VCC \/ 5.4 Watts<\/li>\n<li style='margin-bottom: 5px;'>Protecci\u00f3n: IP67 (interior\/exterior)<\/li>\n<li style='margin-bottom: 5px;'>Fabricada en metal<\/li>\n<li style='margin-bottom: 5px;'>Peso: 410 gramos<\/li>\n<li style='margin-bottom: 5px;'>Garant\u00eda: 3 a\u00f1os<\/li>\n<\/ul><\/div>\n<\/p><\/div>\n<div style='flex: 1 1 300px; border: 1px solid rgba(150&comma; 150&comma; 150&comma; 0.4); border-radius: 8px; overflow: hidden; display: flex; flex-direction: column;'>\n<div style='padding: 15px; border-bottom: 1px solid rgba(150&comma; 150&comma; 150&comma; 0.2); font-weight: bold; font-size: 18px; color: inherit; background-color: #266ca9; color: white;'>Accesorios Opcionales<\/div>\n<div style='padding: 15px; color: inherit;'>\n<ul style='padding-left: 20px; margin: 0; font-size: 14px; list-style-type: disc;'>\n<li style='margin-bottom: 5px;'>Montaje para poste&comma; modelo: DS-1275ZJ-SUS<\/li>\n<li style='margin-bottom: 5px;'>Montaje de esquina&comma; modelo: DS-1276ZJ-SUS<\/li>\n<li style='margin-bottom: 5px;'>Caja de conexiones&comma; modelo: DS-1280ZJ-XS<\/li>\n<\/ul><\/div>\n<\/p><\/div>\n<div style='flex: 1 1 300px; border: 1px solid rgba(150&comma; 150&comma; 150&comma; 0.4); border-radius: 8px; overflow: hidden; display: flex; flex-direction: column;'>\n<div style='padding: 15px; border-bottom: 1px solid rgba(150&comma; 150&comma; 150&comma; 0.2); font-weight: bold; font-size: 18px; color: inherit; background-color: #266ca9; color: white;'>Caracter\u00edsticas Destacadas<\/div>\n<div style='padding: 15px; color: inherit;'>\n<ul style='padding-left: 20px; margin: 0; font-size: 14px; list-style-type: disc;'>\n<li style='margin-bottom: 5px;'>La c\u00e1mara cuenta con micr\u00f3fono y bocina integrados que permiten comunicaci\u00f3n bidireccional sin cables adicionales.<\/li>\n<li style='margin-bottom: 5px;'>El audio bidireccional tiene un alcance efectivo de hasta 5 metros.<\/li>\n<li style='margin-bottom: 5px;'>La funci\u00f3n Dual Light permite grabaci\u00f3n a color en modo noche durante eventos.<\/li>\n<li style='margin-bottom: 5px;'>Distancia m\u00e1xima soportada entre grabador y c\u00e1mara: 120 metros.<\/li>\n<li style='margin-bottom: 5px;'>Nota: El audio de dos v\u00edas solo es compatible con DVRs de la serie T Hilook&comma; XT\/T de HIKVISION y EX-5000 (ejemplo DVR-204G-M1\/T \/ IDS-7204HQHI\/XT DS-7204HGHI-M1(T) \/ EX-5004TURBO)<\/li>\n<\/ul><\/div>\n<\/p><\/div>\n<\/p><\/div>\n<p> <!-- Videos adicionales --> <\/p>\n<div style='display: flex; flex-wrap: wrap; gap: 30px; margin-top: 30px;'>\n<div style='flex: 1 1 100%;'>\n<h3 style='font-size: 20px; border-bottom: 2px solid currentColor; padding-bottom: 5px; margin-top: 0; color: inherit; opacity: 0.8;'>Configuraciones<\/h3>\n<\/p><\/div>\n<div style='flex: 1 1 45%; min-width: 280px;'>\n<h4 style='font-size: 18px; margin-top: 0; margin-bottom: 15px; color: inherit;'>Audio dos v\u00edas<\/h4>\n<div style='position: relative; padding-bottom: 56.25%; height: 0; overflow: hidden; margin-bottom: 30px;'>   <\/div>\n<\/p><\/div>\n<div style='flex: 1 1 45%; min-width: 280px;'>\n<h4 style='font-size: 18px; margin-top: 0; margin-bottom: 15px; color: inherit;'>Dual Light<\/h4>\n<div style='position: relative; padding-bottom: 56.25%; height: 0; overflow: hidden; margin-bottom: 30px;'>   <\/div>\n<\/p><\/div>\n<\/p><\/div>\n<p> <!-- Banner final --> <\/p>\n<div style='width: 100%;'> <img style='width: 100%; height: auto; border: 1px solid rgba(150&comma;150&comma;150&comma;0.3); border-radius: 8px;' src='https:\/\/ftp3.syscom.mx\/usuarios\/yvalenzuela\/Hilook\/hiklook.jpg' alt=''> <\/div>\n<\/p><\/div>\n<\/p><\/div>\n","protected":false},"excerpt":{"rendered":"<p>[Audio Bidireccional + Dual Light + ColorVu] Bala TURBOHD 3K (5 Megapixel) \/ Lente 2.8mm \/ 30 mts IR EXIR + 20 mts Luz Blanca \/ Micr\u00f3fono y Bocina Integrado \/ Exterior IP67 \/ Metal \/ dWDR<\/p>\n","protected":false},"featured_media":100340,"comment_status":"open","ping_status":"closed","template":"","meta":[],"product_brand":[],"product_cat":[2268],"product_tag":[439,2255,715],"class_list":{"0":"post-100341","1":"product","2":"type-product","3":"status-publish","4":"has-post-thumbnail","6":"product_cat-bala-camaras-y-dvrs-hd-turbohd-ahd-hd-tvi","7":"product_tag-bala","8":"product_tag-camaras-y-dvrs-hd-turbohd-ahd-hd-tvi","9":"product_tag-hilook-by-hikvision","11":"first","12":"instock","13":"sale","14":"shipping-taxable","15":"purchasable","16":"product-type-simple"},"_links":{"self":[{"href":"https:\/\/soydeaqui.ddns.net\/pachuca\/index.php\/wp-json\/wp\/v2\/product\/100341","targetHints":{"allow":["GET"]}}],"collection":[{"href":"https:\/\/soydeaqui.ddns.net\/pachuca\/index.php\/wp-json\/wp\/v2\/product"}],"about":[{"href":"https:\/\/soydeaqui.ddns.net\/pachuca\/index.php\/wp-json\/wp\/v2\/types\/product"}],"replies":[{"embeddable":true,"href":"https:\/\/soydeaqui.ddns.net\/pachuca\/index.php\/wp-json\/wp\/v2\/comments?post=100341"}],"wp:featuredmedia":[{"embeddable":true,"href":"https:\/\/soydeaqui.ddns.net\/pachuca\/index.php\/wp-json\/wp\/v2\/media\/100340"}],"wp:attachment":[{"href":"https:\/\/soydeaqui.ddns.net\/pachuca\/index.php\/wp-json\/wp\/v2\/media?parent=100341"}],"wp:term":[{"taxonomy":"product_brand","embeddable":true,"href":"https:\/\/soydeaqui.ddns.net\/pachuca\/index.php\/wp-json\/wp\/v2\/product_brand?post=100341"},{"taxonomy":"product_cat","embeddable":true,"href":"https:\/\/soydeaqui.ddns.net\/pachuca\/index.php\/wp-json\/wp\/v2\/product_cat?post=100341"},{"taxonomy":"product_tag","embeddable":true,"href":"https:\/\/soydeaqui.ddns.net\/pachuca\/index.php\/wp-json\/wp\/v2\/product_tag?post=100341"}],"curies":[{"name":"wp","href":"https:\/\/api.w.org\/{rel}","templated":true}]}}