{"id":100335,"date":"2026-03-20T11:08:54","date_gmt":"2026-03-20T11:08:54","guid":{"rendered":"https:\/\/soydeaqui.ddns.net\/pachuca\/index.php\/producto\/audio-bidireccional-dual-light-colorvu-bala-turbohd-3k-5-megapixel-lente-2-8mm-40-mts-ir-exir-40-mts-luz-blanca-microfono-y-bocina-integrado-exterior-ip67-metal-dwdr\/"},"modified":"2026-03-20T11:09:00","modified_gmt":"2026-03-20T11:09:00","slug":"audio-bidireccional-dual-light-colorvu-bala-turbohd-3k-5-megapixel-lente-2-8mm-40-mts-ir-exir-40-mts-luz-blanca-microfono-y-bocina-integrado-exterior-ip67-metal-dwdr","status":"publish","type":"product","link":"https:\/\/soydeaqui.ddns.net\/pachuca\/index.php\/producto\/audio-bidireccional-dual-light-colorvu-bala-turbohd-3k-5-megapixel-lente-2-8mm-40-mts-ir-exir-40-mts-luz-blanca-microfono-y-bocina-integrado-exterior-ip67-metal-dwdr\/","title":{"rendered":"[Audio Bidireccional + Dual Light + ColorVu] Bala TURBOHD 3K (5 Megapixel) \/ Lente 2.8mm \/ 40 mts IR EXIR + 40 mts Luz Blanca \/ Micr\u00f3fono y Bocina Integrado \/ Exterior  IP67 \/ Metal \/ dWDR"},"content":{"rendered":"<div style='width: 100%; max-width: 1200px; margin: 0 auto; font-family: sans-serif; line-height: 1.6; color: inherit; background-color: transparent;'> <!-- Videos de demostraci\u00f3n --> <\/p>\n<div style='display: flex; flex-wrap: wrap; gap: 30px; margin-bottom: 30px;'>\n<div style='flex: 1 1 400px; min-width: 300px;'>\n<div style='position: relative; padding-bottom: 56.25%; height: 0; overflow: hidden; margin-bottom: 30px;'> <video style='position: absolute; top: 0; left: 0; width: 100%; height: 100%; border: 1px solid rgba(150&comma;150&comma;150&comma;0.3); border-radius: 8px;' muted controls><source src='https:\/\/ftp3.syscom.mx\/usuarios\/nicolas.jimenez\/Turbo8\/Turbo8%20animacion.mp4' type='video\/mp4'><\/video> <\/div>\n<\/p><\/div>\n<div style='flex: 1 1 400px; min-width: 300px;'>\n<div style='position: relative; padding-bottom: 56.25%; height: 0; overflow: hidden; margin-bottom: 30px;'> <video style='position: absolute; top: 0; left: 0; width: 100%; height: 100%; border: 1px solid rgba(150&comma;150&comma;150&comma;0.3); border-radius: 8px;' muted controls><source src='https:\/\/ftp3.syscom.mx\/usuarios\/nicolas.jimenez\/Turbo8\/Turbo%20HD%208.0-Audio%20bidireccional%20TVI%20Doblaje.mp4' type='video\/mp4'><\/video> <\/div>\n<\/p><\/div>\n<\/p><\/div>\n<p> <!-- Imagen principal --> <\/p>\n<div style='margin-bottom: 30px;'> <img style='width: 100%; height: auto; border: 1px solid rgba(150&comma;150&comma;150&comma;0.3); border-radius: 8px;' src='https:\/\/ftp3.syscom.mx\/usuarios\/emendoza\/elesbanmch\/HIKVISON\/IMAGENES\/COAXITRON-audio.jpg' alt=''> <\/div>\n<p> <!-- Secci\u00f3n de videos de YouTube --> <\/p>\n<div style='display: flex; flex-wrap: wrap; gap: 20px; margin-bottom: 30px;'>\n<div style='flex: 1 1 400px; min-width: 300px;'>\n<div style='position: relative; padding-bottom: 56.25%; height: 0; overflow: hidden; margin-bottom: 30px;'>   <\/div>\n<\/p><\/div>\n<div style='flex: 1 1 400px; min-width: 300px;'>\n<div style='position: relative; padding-bottom: 56.25%; height: 0; overflow: hidden; margin-bottom: 30px;'>   <\/div>\n<\/p><\/div>\n<div style='flex: 1 1 400px; min-width: 300px;'>\n<div style='position: relative; padding-bottom: 56.25%; height: 0; overflow: hidden; margin-bottom: 30px;'>   <\/div>\n<\/p><\/div>\n<div style='flex: 1 1 400px; min-width: 300px;'>\n<div style='position: relative; padding-bottom: 56.25%; height: 0; overflow: hidden; margin-bottom: 30px;'>   <\/div>\n<\/p><\/div>\n<\/p><\/div>\n<p> <!-- Secci\u00f3n de caracter\u00edsticas --> <\/p>\n<div style='display: flex; flex-wrap: wrap; gap: 30px; margin-bottom: 30px;'>\n<div style='flex: 1 1 400px; min-width: 280px;'>\n<h3 style='font-size: 22px; border-bottom: 2px solid currentColor; padding-bottom: 5px; margin-top: 0; color: inherit; opacity: 0.8;'>Caracter\u00edsticas Principales:<\/h3>\n<ul style='padding-left: 20px; font-size: 15px; color: inherit;'>\n<li style='margin-bottom: 5px;'><strong>Resoluci\u00f3n m\u00e1xima:<\/strong> 3K\/ 5 Megapixel (2960 x 1665)<\/li>\n<li style='margin-bottom: 5px;'><strong>Lente fijo:<\/strong> 2.8 mm (\u00e1ngulo de visi\u00f3n 105\u00b0)<\/li>\n<li style='margin-bottom: 5px;'><strong>Dual light:<\/strong> 40 mts smart IR + 40 mts luz blanca<\/li>\n<li style='margin-bottom: 5px;'><strong>Funciones:<\/strong> dWDR \/ BLC \/ HLC<\/li>\n<li style='margin-bottom: 5px;'><strong>Audio bidireccional:<\/strong> Full duplex (micr\u00f3fono y bocina integrado)<\/li>\n<\/ul><\/div>\n<div style='flex: 1 1 400px; min-width: 280px;'>\n<h3 style='font-size: 22px; border-bottom: 2px solid currentColor; padding-bottom: 5px; margin-top: 0; color: inherit; opacity: 0.8;'>Caracter\u00edsticas F\u00edsicas y El\u00e9ctricas:<\/h3>\n<ul style='padding-left: 20px; font-size: 15px; color: inherit;'>\n<li style='margin-bottom: 5px;'><strong>Alimentaci\u00f3n \/ Consumo:<\/strong> 12 Vcc \/ 9 Watts<\/li>\n<li style='margin-bottom: 5px;'><strong>Protecci\u00f3n:<\/strong> IP67 (interior \/ exterior)<\/li>\n<li style='margin-bottom: 5px;'><strong>Material:<\/strong> Metal y policarbonato<\/li>\n<li style='margin-bottom: 5px;'><strong>Peso:<\/strong> 425 gramos<\/li>\n<\/ul><\/div>\n<\/p><\/div>\n<p> <!-- Secci\u00f3n de accesorios opcionales --> <\/p>\n<div style='margin-bottom: 30px;'>\n<h3 style='font-size: 22px; border-bottom: 2px solid currentColor; padding-bottom: 5px; margin-top: 0; color: inherit; opacity: 0.8;'>Accesorios Opcionales:<\/h3>\n<ul style='padding-left: 20px; font-size: 15px; color: inherit;'>\n<li style='margin-bottom: 5px;'><strong>Montaje para poste:<\/strong> <a href='https:\/\/www.syscom.mx\/producto\/DS-1275ZJ-SUS-HIKVISION-156172.html' target='_blank' rel='noopener' style='color: inherit; text-decoration: underline;'>Modelo DS-1275ZJ-SUS<\/a><\/li>\n<li style='margin-bottom: 5px;'><strong>Montaje de esquina:<\/strong> <a href='https:\/\/www.syscom.mx\/producto\/DS-1276ZJ-SUS-HIKVISION-156173.html' target='_blank' rel='noopener' style='color: inherit; text-decoration: underline;'>Modelo DS-1276ZJ-SUS<\/a><\/li>\n<li style='margin-bottom: 5px;'><strong>Caja de conexiones:<\/strong> <a href='https:\/\/www.syscom.mx\/producto\/DS-1280ZJ-XS-HIKVISION-84491.html' target='_blank' rel='noopener' style='color: inherit; text-decoration: underline;'>Modelo DS-1280ZJ-XS<\/a><\/li>\n<\/ul><\/div>\n<p> <!-- Secci\u00f3n de caracter\u00edsticas destacadas --> <\/p>\n<div style='margin-bottom: 30px;'>\n<h3 style='font-size: 22px; border-bottom: 2px solid currentColor; padding-bottom: 5px; margin-top: 0; color: inherit; opacity: 0.8;'>Caracter\u00edsticas Destacadas:<\/h3>\n<ul style='padding-left: 20px; font-size: 15px; color: inherit;'>\n<li style='margin-bottom: 15px;'>La c\u00e1mara cuenta con un micr\u00f3fono y bocina interconstruido&comma; el cual no requiere cables adicionales para poder transmitir el audio y video. Podemos tener una comunicaci\u00f3n bidireccional desde la App (Hik-Connect) usando el DVR de por medio para la interconexi\u00f3n.<\/li>\n<li style='margin-bottom: 15px;'><strong>Nota:<\/strong> El audio de dos v\u00edas solo es compatible con DVRs de la serie T Hilook&comma; XT\/T de HIKVISION y EX-5000 (ejemplo DVR-204G-M1\/T \/ IDS-7204HQHI\/XT DS-7204HGHI-M1(T) \/ EX-5004TURBO)<\/li>\n<li style='margin-bottom: 15px;'><strong>Nota:<\/strong> La funci\u00f3n de audio bidireccional tiene un alcance efectivo de hasta <strong>5 metros<\/strong>. Aseg\u00farese de ubicar la c\u00e1mara en un lugar estrat\u00e9gico para maximizar la claridad del sonido y garantizar una comunicaci\u00f3n fluida.<\/li>\n<li style='margin-bottom: 15px;'><strong>Nota:<\/strong> Para la funci\u00f3n de audio bidireccional&comma; la distancia m\u00e1xima soportada entre el grabador y la c\u00e1mara es de <strong>120 metros<\/strong>.<\/li>\n<li style='margin-bottom: 15px;'>La funci\u00f3n de Dual Light permite que la c\u00e1mara&comma; cuando est\u00e9 en modo noche (con IR encendido)&comma; pueda activar su luz blanca para grabar a color cuando ocurra un evento (detecci\u00f3n de movimiento&comma; cruce de l\u00ednea&comma; entrada de \u00e1rea). La comunicaci\u00f3n para activar luz blanca funciona \u00fanicamente en modo TVI (TURBOHD) y con grabadores que sean de la serie ACUSENSE&comma; serie XT de HIKVISION y EX de epcom.<\/li>\n<\/ul><\/div>\n<p> <!-- Secci\u00f3n de configuraciones --> <\/p>\n<div style='margin-bottom: 30px;'>\n<h3 style='font-size: 22px; border-bottom: 2px solid currentColor; padding-bottom: 5px; margin-top: 0; color: inherit; opacity: 0.8;'>Configuraciones<\/h3>\n<\/p><\/div>\n<p> <!-- Videos de configuraciones --> <\/p>\n<div style='display: flex; flex-wrap: wrap; gap: 20px; margin-bottom: 30px;'>\n<div style='flex: 1 1 400px; min-width: 300px;'>\n<h4 style='font-size: 18px; margin-top: 0; margin-bottom: 10px; color: inherit; opacity: 0.8;'>Audio dos v\u00edas<\/h4>\n<div style='position: relative; padding-bottom: 56.25%; height: 0; overflow: hidden;'>   <\/div>\n<\/p><\/div>\n<div style='flex: 1 1 400px; min-width: 300px;'>\n<h4 style='font-size: 18px; margin-top: 0; margin-bottom: 10px; color: inherit; opacity: 0.8;'>Dual Light<\/h4>\n<div style='position: relative; padding-bottom: 56.25%; height: 0; overflow: hidden;'>   <\/div>\n<\/p><\/div>\n<\/p><\/div>\n<p> <!-- Imagen final --> <\/p>\n<div style='margin-bottom: 30px;'> <img style='width: 100%; height: auto; border: 1px solid rgba(150&comma;150&comma;150&comma;0.3); border-radius: 8px;' src='https:\/\/ftp3.syscom.mx\/usuarios\/yvalenzuela\/Hilook\/hiklook.jpg' alt=''> <\/div>\n<\/p><\/div>\n","protected":false},"excerpt":{"rendered":"<p>[Audio Bidireccional + Dual Light + ColorVu] Bala TURBOHD 3K (5 Megapixel) \/ Lente 2.8mm \/ 40 mts IR EXIR + 40 mts Luz Blanca \/ Micr\u00f3fono y Bocina Integrado \/ Exterior  IP67 \/ Metal \/ dWDR<\/p>\n","protected":false},"featured_media":100334,"comment_status":"open","ping_status":"closed","template":"","meta":[],"product_brand":[],"product_cat":[2268],"product_tag":[439,2255,715],"class_list":{"0":"post-100335","1":"product","2":"type-product","3":"status-publish","4":"has-post-thumbnail","6":"product_cat-bala-camaras-y-dvrs-hd-turbohd-ahd-hd-tvi","7":"product_tag-bala","8":"product_tag-camaras-y-dvrs-hd-turbohd-ahd-hd-tvi","9":"product_tag-hilook-by-hikvision","11":"first","12":"instock","13":"sale","14":"shipping-taxable","15":"purchasable","16":"product-type-simple"},"_links":{"self":[{"href":"https:\/\/soydeaqui.ddns.net\/pachuca\/index.php\/wp-json\/wp\/v2\/product\/100335","targetHints":{"allow":["GET"]}}],"collection":[{"href":"https:\/\/soydeaqui.ddns.net\/pachuca\/index.php\/wp-json\/wp\/v2\/product"}],"about":[{"href":"https:\/\/soydeaqui.ddns.net\/pachuca\/index.php\/wp-json\/wp\/v2\/types\/product"}],"replies":[{"embeddable":true,"href":"https:\/\/soydeaqui.ddns.net\/pachuca\/index.php\/wp-json\/wp\/v2\/comments?post=100335"}],"wp:featuredmedia":[{"embeddable":true,"href":"https:\/\/soydeaqui.ddns.net\/pachuca\/index.php\/wp-json\/wp\/v2\/media\/100334"}],"wp:attachment":[{"href":"https:\/\/soydeaqui.ddns.net\/pachuca\/index.php\/wp-json\/wp\/v2\/media?parent=100335"}],"wp:term":[{"taxonomy":"product_brand","embeddable":true,"href":"https:\/\/soydeaqui.ddns.net\/pachuca\/index.php\/wp-json\/wp\/v2\/product_brand?post=100335"},{"taxonomy":"product_cat","embeddable":true,"href":"https:\/\/soydeaqui.ddns.net\/pachuca\/index.php\/wp-json\/wp\/v2\/product_cat?post=100335"},{"taxonomy":"product_tag","embeddable":true,"href":"https:\/\/soydeaqui.ddns.net\/pachuca\/index.php\/wp-json\/wp\/v2\/product_tag?post=100335"}],"curies":[{"name":"wp","href":"https:\/\/api.w.org\/{rel}","templated":true}]}}