{"id":100327,"date":"2026-03-20T11:08:33","date_gmt":"2026-03-20T11:08:33","guid":{"rendered":"https:\/\/soydeaqui.ddns.net\/pachuca\/index.php\/producto\/audio-bidireccional-dual-light-colorvu-turret-turbohd-3k-5-megapixel-lente-2-8-mm-40-mts-ir-exir-40-mts-luz-blanca-microfono-y-bocina-integrado-exterior-ip67-dwd\/"},"modified":"2026-03-20T11:08:41","modified_gmt":"2026-03-20T11:08:41","slug":"audio-bidireccional-dual-light-colorvu-turret-turbohd-3k-5-megapixel-lente-2-8-mm-40-mts-ir-exir-40-mts-luz-blanca-microfono-y-bocina-integrado-exterior-ip67-dwd","status":"publish","type":"product","link":"https:\/\/soydeaqui.ddns.net\/pachuca\/index.php\/producto\/audio-bidireccional-dual-light-colorvu-turret-turbohd-3k-5-megapixel-lente-2-8-mm-40-mts-ir-exir-40-mts-luz-blanca-microfono-y-bocina-integrado-exterior-ip67-dwd\/","title":{"rendered":"[Audio Bidireccional + Dual Light + ColorVu] Turret TURBOHD 3K \/ 5 Megapixel \/ Lente 2.8 mm \/ 40 mts IR EXIR + 40 mts Luz Blanca \/ Micr\u00f3fono y Bocina Integrado \/ Exterior IP67 \/ dWD"},"content":{"rendered":"<div style='width: 100%; max-width: 1200px; margin: 0 auto; font-family: sans-serif; line-height: 1.6; color: inherit; background-color: transparent;'> <!-- Header --> <\/p>\n<div style='width: 100%; padding: 20px 0; text-align: center;'> <img style='max-height: 6rem; width: auto; height: auto;' src='https:\/\/ftp3.syscom.mx\/usuarios\/fotos\/logotipos\/hilook_by_hikvision.png' alt='Logo' \/> <\/p>\n<h1 style='font-size: 2.5rem; font-weight: bold; margin: 1rem 0 0.5rem; color: inherit;'>Controla y monitorea tus dispositivos de seguridad<\/h1>\n<p style='font-size: 1.25rem; margin: 0; color: inherit;'>Descarga la app oficial y aprovecha al m\u00e1ximo tu producto inteligente<\/p>\n<\/p><\/div>\n<p> <!-- Features --> <\/p>\n<div style='width: 100%; padding: 20px 0;'>\n<h2 style='text-align: center; font-size: 2rem; margin-bottom: 2rem; border-bottom: 2px solid currentColor; padding-bottom: 0.5rem; color: inherit;'>Beneficios principales<\/h2>\n<div style='display: flex; flex-wrap: wrap; gap: 1.5rem; justify-content: center;'>\n<div style='flex: 1 1 200px; min-width: 180px; text-align: center;'>\n<div style='width: 60px; height: 60px; margin: 0 auto 1rem; background-color: #0d6efd; border-radius: 50%;'><\/div>\n<h5 style='font-size: 1.1rem; margin-bottom: 0.5rem; color: inherit;'>Control remoto<\/h5>\n<p style='margin: 0; color: inherit;'>Controla tus dispositivos desde cualquier lugar<\/p>\n<\/p><\/div>\n<div style='flex: 1 1 200px; min-width: 180px; text-align: center;'>\n<div style='width: 60px; height: 60px; margin: 0 auto 1rem; background-color: #198754; border-radius: 50%;'><\/div>\n<h5 style='font-size: 1.1rem; margin-bottom: 0.5rem; color: inherit;'>Monitoreo en tiempo real<\/h5>\n<p style='margin: 0; color: inherit;'>Visualiza tus dispositivos al instante<\/p>\n<\/p><\/div>\n<div style='flex: 1 1 200px; min-width: 180px; text-align: center;'>\n<div style='width: 60px; height: 60px; margin: 0 auto 1rem; background-color: #0dcaf0; border-radius: 50%;'><\/div>\n<h5 style='font-size: 1.1rem; margin-bottom: 0.5rem; color: inherit;'>Notificaciones<\/h5>\n<p style='margin: 0; color: inherit;'>Recibe notificaciones y alertas de los eventos que registra tu dispositivo.<\/p>\n<\/p><\/div>\n<div style='flex: 1 1 200px; min-width: 180px; text-align: center;'>\n<div style='width: 60px; height: 60px; margin: 0 auto 1rem; background-color: #ffc107; border-radius: 50%;'><\/div>\n<h5 style='font-size: 1.1rem; margin-bottom: 0.5rem; color: inherit;'>Interfaz de usuario sencilla<\/h5>\n<p style='margin: 0; color: inherit;'>Amigable para usuarios finales<\/p>\n<\/p><\/div>\n<\/p><\/div>\n<\/p><\/div>\n<p> <!-- Image Gallery --> <\/p>\n<div style='width: 100%; padding: 20px 0; margin-bottom: 30px;'>\n<div style='display: flex; flex-wrap: wrap; gap: 1rem;'>\n<div style='flex: 1 1 20%; min-width: 250px;'> <img style='width: 100%; height: auto; border: 1px solid rgba(150&comma;150&comma;150&comma;0.3); border-radius: 8px;' src='https:\/\/ftp3.syscom.mx\/usuarios\/ftp\/single_page\/hilook\/interfaz.jpg' alt='Imagen 1' \/> <\/div>\n<div style='flex: 1 1 20%; min-width: 250px;'> <img style='width: 100%; height: auto; border: 1px solid rgba(150&comma;150&comma;150&comma;0.3); border-radius: 8px;' src='https:\/\/ftp3.syscom.mx\/usuarios\/ftp\/single_page\/hilook\/grabaciones.jpg' alt='Imagen 2' \/> <\/div>\n<div style='flex: 1 1 20%; min-width: 250px;'> <img style='width: 100%; height: auto; border: 1px solid rgba(150&comma;150&comma;150&comma;0.3); border-radius: 8px;' src='https:\/\/ftp3.syscom.mx\/usuarios\/ftp\/single_page\/hilook\/directo.jpg' alt='Imagen 3' \/> <\/div>\n<div style='flex: 1 1 20%; min-width: 250px;'> <img style='width: 100%; height: auto; border: 1px solid rgba(150&comma;150&comma;150&comma;0.3); border-radius: 8px;' src='https:\/\/ftp3.syscom.mx\/usuarios\/ftp\/single_page\/hilook\/notificaciones2.jpg' alt='Imagen 4' \/> <\/div>\n<\/p><\/div>\n<\/p><\/div>\n<p> <!-- Video Section --> <\/p>\n<div style='width: 100%; padding: 20px 0; margin-bottom: 30px;'>\n<div style='display: flex; flex-wrap: wrap; gap: 20px; justify-content: center;'>\n<div style='flex: 1 1 45%; min-width: 300px;'>\n<div style='position: relative; padding-bottom: 56.25%; height: 0; overflow: hidden;'>   <\/div>\n<\/p><\/div>\n<div style='flex: 1 1 45%; min-width: 300px;'>\n<div style='position: relative; padding-bottom: 56.25%; height: 0; overflow: hidden;'>   <\/div>\n<\/p><\/div>\n<\/p><\/div>\n<\/p><\/div>\n<p> <!-- Image Audio Bidireccional --> <\/p>\n<div style='width: 100%; padding: 20px 0; text-align: center; margin-bottom: 30px;'> <img style='width: 100%; height: auto; border: 1px solid rgba(150&comma;150&comma;150&comma;0.3); border-radius: 8px;' src='https:\/\/ftp3.syscom.mx\/usuarios\/emendoza\/elesbanmch\/HIKVISON\/IMAGENES\/COAXITRON-audio.jpg' alt='' \/> <\/div>\n<p> <!-- Specifications Cards --> <\/p>\n<div style='width: 100%; padding: 20px 0; margin-bottom: 30px;'>\n<div style='display: flex; flex-wrap: wrap; gap: 20px;'>\n<div style='flex: 1 1 45%; min-width: 300px;'>\n<div style='border: 1px solid rgba(150&comma;150&comma;150&comma;0.4); border-radius: 8px; overflow: hidden; display: flex; flex-direction: column;'>\n<div style='padding: 15px; border-bottom: 1px solid rgba(150&comma;150&comma;150&comma;0.2); font-weight: bold; font-size: 18px; color: inherit;'>Caracter\u00edsticas Principales<\/div>\n<div style='padding: 15px; color: inherit;'>\n<ul style='padding-left: 20px; margin: 0; list-style-type: disc;'>\n<li style='margin-bottom: 5px;'>Resoluci\u00f3n m\u00e1xima: 3K\/ 5 Megap\u00edxeles (2960 \u00d7 1665)<\/li>\n<li style='margin-bottom: 5px;'>Lente fijo: 2.8 mm (\u00e1ngulo de visi\u00f3n 112\u00b0)<\/li>\n<li style='margin-bottom: 5px;'>IR 40 Metros \/ 40 Metros Luz blanca<\/li>\n<li style='margin-bottom: 5px;'>Funciones: 2D DNR \/ BLC \/ HLC \/ dWDR<\/li>\n<li style='margin-bottom: 5px;'>Audio de dos v\u00edas (micr\u00f3fono y bocina integrado).<\/li>\n<li style='margin-bottom: 5px;'>Nota: El audio de dos v\u00edas por coaxitron se env\u00eda \u00fanicamente por tecnolog\u00eda TVI.<\/li>\n<\/ul><\/div>\n<\/p><\/div>\n<\/p><\/div>\n<div style='flex: 1 1 45%; min-width: 300px;'>\n<div style='border: 1px solid rgba(150&comma;150&comma;150&comma;0.4); border-radius: 8px; overflow: hidden; display: flex; flex-direction: column;'>\n<div style='padding: 15px; border-bottom: 1px solid rgba(150&comma;150&comma;150&comma;0.2); font-weight: bold; font-size: 18px; color: inherit;'>Caracter\u00edsticas F\u00edsicas y El\u00e9ctricas<\/div>\n<div style='padding: 15px; color: inherit;'>\n<ul style='padding-left: 20px; margin: 0; list-style-type: disc;'>\n<li style='margin-bottom: 5px;'>Alimentaci\u00f3n: 12 VDC \/ 6.4 Watts<\/li>\n<li style='margin-bottom: 5px;'>Protecci\u00f3n IP67 (interior\/exterior)<\/li>\n<li style='margin-bottom: 5px;'>Material: Cuerpo principal Metal<\/li>\n<li style='margin-bottom: 5px;'>Peso total: 292 gramos<\/li>\n<li style='margin-bottom: 5px;'>Garant\u00eda: 3 a\u00f1os<\/li>\n<li style='margin-bottom: 5px;'>Temperatura operativa: -40\u00b0C a 60\u00b0C<\/li>\n<\/ul><\/div>\n<\/p><\/div>\n<\/p><\/div>\n<\/p><\/div>\n<\/p><\/div>\n<p> <!-- Optional Accessories --> <\/p>\n<div style='width: 100%; padding: 20px 0; margin-bottom: 30px;'>\n<div style='border: 1px solid rgba(150&comma;150&comma;150&comma;0.4); border-radius: 8px; overflow: hidden;'>\n<div style='padding: 15px; border-bottom: 1px solid rgba(150&comma;150&comma;150&comma;0.2); font-weight: bold; font-size: 18px; color: inherit;'>Accesorios Opcionales<\/div>\n<div style='padding: 15px; color: inherit;'>\n<ul style='padding-left: 20px; margin: 0; list-style-type: disc;'>\n<li style='margin-bottom: 5px;'>Montaje met\u00e1lico de pared: <a style='color: #0d6efd; text-decoration: none;' href='https:\/\/www.syscom.mx\/producto\/DS-1272ZJ-110-TRS-HIKVISION-139817.html'>DS-1272ZJ-110-TRS<\/a><\/li>\n<li style='margin-bottom: 5px;'>Montaje para Poste: <a style='color: #0d6efd; text-decoration: none;' href='https:\/\/www.syscom.mx\/producto\/DS-1275ZJ-SUS-HIKVISION-156172.html'>DS-1275ZJ-SUS<\/a><\/li>\n<li style='margin-bottom: 5px;'>Montaje de Esquina: <a style='color: #0d6efd; text-decoration: none;' href='https:\/\/www.syscom.mx\/producto\/DS-1276ZJ-SUS-HIKVISION-156173.html'>DS-1276ZJ-SUS<\/a><\/li>\n<li style='margin-bottom: 5px;'>Caja de Conexiones: <a style='color: #0d6efd; text-decoration: none;' href='https:\/\/www.syscom.mx\/producto\/DS-1280ZJ-S-HIKVISION-84927.html'>DS-1280ZJ-S<\/a><\/li>\n<li style='margin-bottom: 5px;'>Caja de Conexi\u00f3n Inclinada: <a style='color: #0d6efd; text-decoration: none;' href='https:\/\/www.syscom.mx\/producto\/DS-1281ZJ-S-HIKVISION-93443.html'>DS-1281ZJ-S<\/a><\/li>\n<\/ul><\/div>\n<\/p><\/div>\n<\/p><\/div>\n<p> <!-- Featured Features --> <\/p>\n<div style='width: 100%; padding: 20px 0; margin-bottom: 30px;'>\n<div style='border: 1px solid rgba(150&comma;150&comma;150&comma;0.4); border-radius: 8px; overflow: hidden;'>\n<div style='padding: 15px; border-bottom: 1px solid rgba(150&comma;150&comma;150&comma;0.2); font-weight: bold; font-size: 18px; color: inherit;'>Caracter\u00edsticas Destacadas<\/div>\n<div style='padding: 15px; color: inherit;'>\n<ul style='padding-left: 20px; margin: 0; list-style-type: disc;'>\n<li style='margin-bottom: 15px;'>La c\u00e1mara cuenta con un micr\u00f3fono y bocina interconstruido&comma; el cual no requiere cables adicionales para poder transmitir el audio y video. Podemos tener una comunicaci\u00f3n bidireccional desde la App (Hik-Connect) usando el DVR de por medio para la interconexi\u00f3n.<\/li>\n<li style='margin-bottom: 15px;'><strong style='color: #df001e;'>Nota:<\/strong> El audio de dos v\u00edas solo es compatible con DVRs de la serie XT de HIKVISION y EX-5000 (ejemplo IDS-7204HQHI\/<strong>XT<\/strong>\/<strong>T<\/strong>\/<strong>EX<\/strong>-5004TURBO)<\/li>\n<li style='margin-bottom: 15px;'><strong style='color: #df001e;'>Nota:<\/strong> La funci\u00f3n de audio bidireccional tiene un alcance efectivo de hasta <strong>5 metros<\/strong>. Aseg\u00farese de ubicar la c\u00e1mara en un lugar estrat\u00e9gico para maximizar la claridad del sonido y garantizar una comunicaci\u00f3n fluida.<\/li>\n<li style='margin-bottom: 15px;'><strong style='color: #df001e;'>Nota:<\/strong> Para la funci\u00f3n de audio de 2 v\u00edas&comma; la distancia m\u00e1xima soportada entre el grabador y la c\u00e1mara es de <strong>120 metros<\/strong>.<\/li>\n<li style='margin-bottom: 0;'><strong style='color: #df001e;'>Nota:<\/strong> La funci\u00f3n de Dual Light permite que la c\u00e1mara&comma; cuando est\u00e9 en modo noche (con IR encendido)&comma; pueda activar su luz blanca para grabar a color cuando ocurra un evento (detecci\u00f3n de movimiento&comma; cruce de l\u00ednea&comma; entrada de \u00e1rea). La comunicaci\u00f3n para activar luz blanca funciona \u00fanicamente en modo TVI (TURBOHD) y con grabadores que sean de la serie ACUSENSE&comma; serie XT \/T de HIKVISION y EX de epcom.<\/li>\n<\/ul><\/div>\n<\/p><\/div>\n<\/p><\/div>\n<\/p><\/div>\n","protected":false},"excerpt":{"rendered":"<p>[Audio Bidireccional + Dual Light + ColorVu] Turret TURBOHD 3K \/ 5 Megapixel \/ Lente 2.8 mm \/ 40 mts IR EXIR + 40 mts Luz Blanca \/ Micr\u00f3fono y Bocina Integrado \/ Exterior IP67 \/ dWD<\/p>\n","protected":false},"featured_media":100326,"comment_status":"open","ping_status":"closed","template":"","meta":[],"product_brand":[],"product_cat":[2269],"product_tag":[2255,2057,715],"class_list":{"0":"post-100327","1":"product","2":"type-product","3":"status-publish","4":"has-post-thumbnail","6":"product_cat-domo-eyeball-turret-camaras-y-dvrs-hd-turbohd-ahd-hd-tvi","7":"product_tag-camaras-y-dvrs-hd-turbohd-ahd-hd-tvi","8":"product_tag-domo-eyeball-turret","9":"product_tag-hilook-by-hikvision","11":"first","12":"outofstock","13":"sale","14":"shipping-taxable","15":"purchasable","16":"product-type-simple"},"_links":{"self":[{"href":"https:\/\/soydeaqui.ddns.net\/pachuca\/index.php\/wp-json\/wp\/v2\/product\/100327","targetHints":{"allow":["GET"]}}],"collection":[{"href":"https:\/\/soydeaqui.ddns.net\/pachuca\/index.php\/wp-json\/wp\/v2\/product"}],"about":[{"href":"https:\/\/soydeaqui.ddns.net\/pachuca\/index.php\/wp-json\/wp\/v2\/types\/product"}],"replies":[{"embeddable":true,"href":"https:\/\/soydeaqui.ddns.net\/pachuca\/index.php\/wp-json\/wp\/v2\/comments?post=100327"}],"wp:featuredmedia":[{"embeddable":true,"href":"https:\/\/soydeaqui.ddns.net\/pachuca\/index.php\/wp-json\/wp\/v2\/media\/100326"}],"wp:attachment":[{"href":"https:\/\/soydeaqui.ddns.net\/pachuca\/index.php\/wp-json\/wp\/v2\/media?parent=100327"}],"wp:term":[{"taxonomy":"product_brand","embeddable":true,"href":"https:\/\/soydeaqui.ddns.net\/pachuca\/index.php\/wp-json\/wp\/v2\/product_brand?post=100327"},{"taxonomy":"product_cat","embeddable":true,"href":"https:\/\/soydeaqui.ddns.net\/pachuca\/index.php\/wp-json\/wp\/v2\/product_cat?post=100327"},{"taxonomy":"product_tag","embeddable":true,"href":"https:\/\/soydeaqui.ddns.net\/pachuca\/index.php\/wp-json\/wp\/v2\/product_tag?post=100327"}],"curies":[{"name":"wp","href":"https:\/\/api.w.org\/{rel}","templated":true}]}}