{"id":100316,"date":"2026-03-20T11:08:04","date_gmt":"2026-03-20T11:08:04","guid":{"rendered":"https:\/\/soydeaqui.ddns.net\/pachuca\/index.php\/producto\/audio-bidireccional-dvr-4-canales-turbohd-1-canal-ip-2-megapixel-1080p-lite-acusense-lite-busqueda-inteligente-personas-vehiculos-1-bahia-de-disco-duro-h-265-salida-de-video-full-hd\/"},"modified":"2026-03-20T11:08:19","modified_gmt":"2026-03-20T11:08:19","slug":"audio-bidireccional-dvr-4-canales-turbohd-1-canal-ip-2-megapixel-1080p-lite-acusense-lite-busqueda-inteligente-personas-vehiculos-1-bahia-de-disco-duro-h-265-salida-de-video-full-hd","status":"publish","type":"product","link":"https:\/\/soydeaqui.ddns.net\/pachuca\/index.php\/producto\/audio-bidireccional-dvr-4-canales-turbohd-1-canal-ip-2-megapixel-1080p-lite-acusense-lite-busqueda-inteligente-personas-vehiculos-1-bahia-de-disco-duro-h-265-salida-de-video-full-hd\/","title":{"rendered":"[Audio Bidireccional] DVR 4 Canales TurboHD + 1 Canal IP \/ 2 Megapixel (1080p) Lite \/ Acusense Lite (Busqueda Inteligente Personas Vehiculos) \/ 1 Bahia de Disco Duro \/ H.265+ \/ Salida de V\u00eddeo Full HD"},"content":{"rendered":"<div style='width: 100%; max-width: 1200px; margin: 0 auto; font-family: sans-serif; line-height: 1.6; color: inherit; background-color: transparent;'> <!-- Header --> <\/p>\n<header style='padding: 2rem 0;'>\n<div style='text-align: center;'> <img style='max-height: 6rem; width: auto; margin-bottom: 1.5rem;' src='https:\/\/ftp3.syscom.mx\/usuarios\/fotos\/logotipos\/hilook_by_hikvision.png' alt='Logo'> <\/p>\n<h1 style='font-size: 2.5rem; font-weight: bold; margin-bottom: 1rem; color: inherit;'>Controla y monitorea tus dispositivos de seguridad<\/h1>\n<p style='font-size: 1.25rem; margin-bottom: 0; color: inherit;'>Descarga la app oficial y aprovecha al m\u00e1ximo tu producto inteligente<\/p>\n<\/p><\/div>\n<\/header>\n<p> <!-- Features --> <\/p>\n<section style='padding: 3rem 0; background-color: rgba(128&comma;128&comma;128&comma;0.05);'>\n<h2 style='text-align: center; font-size: 2rem; border-bottom: 2px solid currentColor; padding-bottom: 0.5rem; margin-bottom: 2rem; color: inherit; opacity: 0.8;'>Beneficios principales<\/h2>\n<div style='display: flex; flex-wrap: wrap; gap: 1.5rem; justify-content: center;'>\n<div style='flex: 1 1 250px; min-width: 200px; text-align: center;'>\n<div style='width: 56px; height: 56px; margin: 0 auto 1rem; background: rgba(0&comma;123&comma;255&comma;0.1); border-radius: 50%; display: flex; align-items: center; justify-content: center;'><\/div>\n<h5 style='margin-bottom: 0.5rem; color: inherit;'>Control remoto<\/h5>\n<p style='margin: 0; color: inherit; opacity: 0.7;'>Controla tus dispositivos desde cualquier lugar<\/p>\n<\/p><\/div>\n<div style='flex: 1 1 250px; min-width: 200px; text-align: center;'>\n<div style='width: 56px; height: 56px; margin: 0 auto 1rem; background: rgba(25&comma;135&comma;84&comma;0.1); border-radius: 50%; display: flex; align-items: center; justify-content: center;'><\/div>\n<h5 style='margin-bottom: 0.5rem; color: inherit;'>Monitoreo en tiempo real<\/h5>\n<p style='margin: 0; color: inherit; opacity: 0.7;'>Visualiza tus dispositivos al instante<\/p>\n<\/p><\/div>\n<div style='flex: 1 1 250px; min-width: 200px; text-align: center;'>\n<div style='width: 56px; height: 56px; margin: 0 auto 1rem; background: rgba(13&comma;202&comma;240&comma;0.1); border-radius: 50%; display: flex; align-items: center; justify-content: center;'><\/div>\n<h5 style='margin-bottom: 0.5rem; color: inherit;'>Notificaciones<\/h5>\n<p style='margin: 0; color: inherit; opacity: 0.7;'>Recibe notificaciones y alertas de los eventos que registra tu dispositivo.<\/p>\n<\/p><\/div>\n<div style='flex: 1 1 250px; min-width: 200px; text-align: center;'>\n<div style='width: 56px; height: 56px; margin: 0 auto 1rem; background: rgba(255&comma;193&comma;7&comma;0.1); border-radius: 50%; display: flex; align-items: center; justify-content: center;'><\/div>\n<h5 style='margin-bottom: 0.5rem; color: inherit;'>Interfaz de usuario sencilla<\/h5>\n<p style='margin: 0; color: inherit; opacity: 0.7;'>Amigable para usuarios finales<\/p>\n<\/p><\/div>\n<\/p><\/div>\n<\/section>\n<p> <!-- Galer\u00eda de im\u00e1genes --> <\/p>\n<section style='padding: 3rem 0;'>\n<div style='display: flex; flex-wrap: wrap; gap: 1.5rem;'>\n<div style='flex: 1 1 25%; min-width: 200px;'> <img style='width: 100%; height: auto; border: 1px solid rgba(150&comma;150&comma;150&comma;0.3); border-radius: 8px;' src='https:\/\/ftp3.syscom.mx\/usuarios\/ftp\/single_page\/hilook\/interfaz.jpg' alt='Imagen 1'> <\/div>\n<div style='flex: 1 1 25%; min-width: 200px;'> <img style='width: 100%; height: auto; border: 1px solid rgba(150&comma;150&comma;150&comma;0.3); border-radius: 8px;' src='https:\/\/ftp3.syscom.mx\/usuarios\/ftp\/single_page\/hilook\/grabaciones.jpg' alt='Imagen 2'> <\/div>\n<div style='flex: 1 1 25%; min-width: 200px;'> <img style='width: 100%; height: auto; border: 1px solid rgba(150&comma;150&comma;150&comma;0.3); border-radius: 8px;' src='https:\/\/ftp3.syscom.mx\/usuarios\/ftp\/single_page\/hilook\/directo.jpg' alt='Imagen 3'> <\/div>\n<div style='flex: 1 1 25%; min-width: 200px;'> <img style='width: 100%; height: auto; border: 1px solid rgba(150&comma;150&comma;150&comma;0.3); border-radius: 8px;' src='https:\/\/ftp3.syscom.mx\/usuarios\/ftp\/single_page\/hilook\/notificaciones2.jpg' alt='Imagen 4'> <\/div>\n<\/p><\/div>\n<\/section>\n<p> <!-- Cards de caracter\u00edsticas --> <\/p>\n<div style='display: grid; grid-template-columns: repeat(auto-fill&comma; minmax(250px&comma; 1fr)); gap: 1.5rem; margin: 3rem 0;'> <!-- Card --> <\/p>\n<div style='background: transparent; border: 1px solid rgba(150&comma;150&comma;150&comma;0.3); border-radius: 10px; padding: 1.5rem; text-align: center;'>\n<div style='width: 56px; height: 56px; margin: 0 auto 1rem; background: rgba(179&comma; 209&comma; 255&comma; 0.3); border-radius: 50%; display: flex; align-items: center; justify-content: center;'> <img style='width: 60px; height: 60px;' src='https:\/\/cdn-icons-gif.flaticon.com\/8722\/8722626.gif' alt='Resoluci\u00f3n'> <\/div>\n<div style='font-size: 16px; font-weight: 600; margin-bottom: 0.5rem; color: inherit;'>Resoluci\u00f3n 1080p lite<\/div>\n<div style='font-size: 14px; line-height: 1.6; color: inherit;'>Calidad de video Full HD optimizada con menor consumo de ancho de banda y almacenamiento.<\/div>\n<\/p><\/div>\n<p> <!-- Card --> <\/p>\n<div style='background: transparent; border: 1px solid rgba(150&comma;150&comma;150&comma;0.3); border-radius: 10px; padding: 1.5rem; text-align: center;'>\n<div style='width: 56px; height: 56px; margin: 0 auto 1rem; background: rgba(179&comma; 209&comma; 255&comma; 0.3); border-radius: 50%; display: flex; align-items: center; justify-content: center;'> <img style='width: 60px; height: 60px;' src='https:\/\/cdn-icons-gif.flaticon.com\/19034\/19034320.gif' alt='Inteligencia Artificial'> <\/div>\n<div style='font-size: 16px; font-weight: 600; margin-bottom: 0.5rem; color: inherit;'>Inteligencia Artificial<\/div>\n<div style='font-size: 14px; line-height: 1.6; color: inherit;'>Distingue personas y veh\u00edculos&comma; reduciendo falsas alarmas y mejorando la eficiencia en detecci\u00f3n de movimiento<\/div>\n<\/p><\/div>\n<p> <!-- Card --> <\/p>\n<div style='background: transparent; border: 1px solid rgba(150&comma;150&comma;150&comma;0.3); border-radius: 10px; padding: 1.5rem; text-align: center;'>\n<div style='width: 56px; height: 56px; margin: 0 auto 1rem; background: rgba(179&comma; 209&comma; 255&comma; 0.3); border-radius: 50%; display: flex; align-items: center; justify-content: center;'> <img style='width: 60px; height: 60px;' src='https:\/\/cdn-icons-gif.flaticon.com\/13896\/13896687.gif' alt='Visualizaci\u00f3n Remota'> <\/div>\n<div style='font-size: 16px; font-weight: 600; margin-bottom: 0.5rem; color: inherit;'>Visualizaci\u00f3n Remota<\/div>\n<div style='font-size: 14px; line-height: 1.6; color: inherit;'>Accede a tus c\u00e1maras en tiempo real desde cualquier lugar.<\/div>\n<\/p><\/div>\n<p> <!-- Card --> <\/p>\n<div style='background: transparent; border: 1px solid rgba(150&comma;150&comma;150&comma;0.3); border-radius: 10px; padding: 1.5rem; text-align: center;'>\n<div style='width: 56px; height: 56px; margin: 0 auto 1rem; background: rgba(179&comma; 209&comma; 255&comma; 0.3); border-radius: 50%; display: flex; align-items: center; justify-content: center;'> <img style='width: 60px; height: 60px;' src='https:\/\/cdn-icons-gif.flaticon.com\/8121\/8121329.gif' alt='Audio Bidireccional'> <\/div>\n<div style='font-size: 16px; font-weight: 600; margin-bottom: 0.5rem; color: inherit;'>Audio Bidireccional<\/div>\n<div style='font-size: 14px; line-height: 1.6; color: inherit;'>Escucha y habla a trav\u00e9s de la c\u00e1mara para una comunicaci\u00f3n inmediata.<\/div>\n<\/p><\/div>\n<p> <!-- Card --> <\/p>\n<div style='background: transparent; border: 1px solid rgba(150&comma;150&comma;150&comma;0.3); border-radius: 10px; padding: 1.5rem; text-align: center;'>\n<div style='width: 56px; height: 56px; margin: 0 auto 1rem; background: rgba(179&comma; 209&comma; 255&comma; 0.3); border-radius: 50%; display: flex; align-items: center; justify-content: center;'> <img style='width: 60px; height: 60px;' src='https:\/\/cdn-icons-gif.flaticon.com\/19009\/19009399.gif' alt='Almacenamiento'> <\/div>\n<div style='font-size: 16px; font-weight: 600; margin-bottom: 0.5rem; color: inherit;'>Almacenamiento<\/div>\n<div style='font-size: 14px; line-height: 1.6; color: inherit;'>Soporta disco duro de 4 TB <br \/>(no incluido)<\/div>\n<\/p><\/div>\n<p> <!-- Card --> <\/p>\n<div style='background: transparent; border: 1px solid rgba(150&comma;150&comma;150&comma;0.3); border-radius: 10px; padding: 1.5rem; text-align: center;'>\n<div style='width: 56px; height: 56px; margin: 0 auto 1rem; background: rgba(179&comma; 209&comma; 255&comma; 0.3); border-radius: 50%; display: flex; align-items: center; justify-content: center;'> <img style='width: 60px; height: 60px;' src='https:\/\/cdn-icons-gif.flaticon.com\/19028\/19028330.gif' alt='Compatibilidad avanzada'> <\/div>\n<div style='font-size: 16px; font-weight: 600; margin-bottom: 0.5rem; color: inherit;'>Compatibilidad avanzada<\/div>\n<div style='font-size: 14px; line-height: 1.6; color: inherit;'>Soporta tecnologias AHD\/CVI\/TVI\/CVBS e IP<\/div>\n<\/p><\/div>\n<\/p><\/div>\n<p> <!-- Videos --> <\/p>\n<div style='margin: 3rem 0;'>\n<div style='display: flex; flex-wrap: wrap; justify-content: center; gap: 1.5rem;'>\n<div style='position: relative; padding-bottom: 56.25%; height: 0; overflow: hidden; flex: 1 1 300px; max-width: 400px; border-radius: 12px;'>   <\/div>\n<div style='position: relative; padding-bottom: 56.25%; height: 0; overflow: hidden; flex: 1 1 300px; max-width: 400px; border-radius: 12px;'>   <\/div>\n<div style='position: relative; padding-bottom: 56.25%; height: 0; overflow: hidden; flex: 1 1 300px; max-width: 400px; border-radius: 12px;'>   <\/div>\n<div style='position: relative; padding-bottom: 56.25%; height: 0; overflow: hidden; flex: 1 1 300px; max-width: 400px; border-radius: 12px;'>   <\/div>\n<\/p><\/div>\n<\/p><\/div>\n<p> <!-- Especificaciones --> <\/p>\n<div style='display: flex; flex-wrap: wrap; gap: 2rem; margin: 3rem 0;'>\n<div style='flex: 1 1 400px; min-width: 300px;'>\n<div style='border: 1px solid rgba(150&comma;150&comma;150&comma;0.3); border-radius: 8px; overflow: hidden; margin-bottom: 1.5rem;'>\n<div style='padding: 1rem; border-bottom: 1px solid rgba(150&comma;150&comma;150&comma;0.2); font-weight: bold; font-size: 1.1rem; background: rgba(0&comma;145&comma;255&comma;0.8); color: #fff;'>Caracter\u00edsticas Principales:<\/div>\n<div style='padding: 1rem;'>\n<ul style='padding-left: 1.2rem; margin: 0; font-size: 0.95rem; list-style-type: disc;'>\n<li style='margin-bottom: 0.5rem;'><strong>Cantidad de canales:<\/strong> 4 Canales TurboHD + 1 Canal IP<\/li>\n<li style='margin-bottom: 0.5rem;'><strong>Resoluci\u00f3n m\u00e1xima soportada en TurboHD:<\/strong> 1080p lite<\/li>\n<li style='margin-bottom: 0.5rem;'><strong>Compresi\u00f3n de video:<\/strong> H.265+ \/ H.265 \/ H.264<\/li>\n<li style='margin-bottom: 0.5rem;'><strong>Capacidad de almacenamiento:<\/strong> 1 HDD de hasta 4 TB (no incluido)<\/li>\n<li style='margin-bottom: 0.5rem;'><strong>Entradas y salidas de video:<\/strong> Simultaneas HDMI\/VGA 1920 X 1080\/60Hz<\/li>\n<li style='margin-bottom: 0.5rem;'><strong>Acceso remoto P2P:<\/strong> Hilook App \/ HikConnect Teams<\/li>\n<li style='margin-bottom: 0.5rem;'> <strong>Entradas y salidas de audio y de alarmas:<\/strong>\n<ul style='padding-left: 1.2rem; margin-top: 0.5rem;'>\n<li style='margin-bottom: 0.5rem;'><strong>Alarmas:<\/strong> No soportado<\/li>\n<li style='margin-bottom: 0.5rem;'><strong>Audio:<\/strong> Audio por Coaxitron y Audio Bidireccional en todos los canales \/ 1 Canal fisico<\/li>\n<\/ul>\n<\/li>\n<li style='margin-bottom: 0.5rem;'><strong>Inteligencia Artificial AcuSense:<\/strong> Detecci\u00f3n de movimiento con filtro de humanos y vehiculos.<\/li>\n<\/ul><\/div>\n<\/p><\/div>\n<\/p><\/div>\n<div style='flex: 1 1 400px; min-width: 300px;'>\n<div style='border: 1px solid rgba(150&comma;150&comma;150&comma;0.3); border-radius: 8px; overflow: hidden; margin-bottom: 1.5rem;'>\n<div style='padding: 1rem; border-bottom: 1px solid rgba(150&comma;150&comma;150&comma;0.2); font-weight: bold; font-size: 1.1rem; background: rgba(0&comma;145&comma;255&comma;0.8); color: #fff;'>Resoluci\u00f3n:<\/div>\n<div style='padding: 1rem;'>\n<ul style='padding-left: 1.2rem; margin: 0; font-size: 0.95rem; list-style-type: disc;'>\n<li style='margin-bottom: 0.5rem;'>TVI (TURBOHD): 2 MP<\/li>\n<li style='margin-bottom: 0.5rem;'>CVI: 2 MP<\/li>\n<li style='margin-bottom: 0.5rem;'>AHD: 2 MP<\/li>\n<li style='margin-bottom: 0.5rem;'>CVBS (anal\u00f3gico): 1200 TVL<\/li>\n<li style='margin-bottom: 0.5rem;'>IP: 2 MP<\/li>\n<\/ul><\/div>\n<\/p><\/div>\n<div style='border: 1px solid rgba(150&comma;150&comma;150&comma;0.3); border-radius: 8px; overflow: hidden;'>\n<div style='padding: 1rem; border-bottom: 1px solid rgba(150&comma;150&comma;150&comma;0.2); font-weight: bold; font-size: 1.1rem; background: rgba(0&comma;145&comma;255&comma;0.8); color: #fff;'>Caracter\u00edsticas F\u00edsicas y El\u00e9ctricas:<\/div>\n<div style='padding: 1rem;'>\n<ul style='padding-left: 1.2rem; margin: 0; font-size: 0.95rem; list-style-type: disc;'>\n<li style='margin-bottom: 0.5rem;'><strong>Alimentaci\u00f3n:<\/strong> 12 Vcc (fuente incluida)<\/li>\n<li style='margin-bottom: 0.5rem;'><strong>Consumo sin HDD:<\/strong> 16 watts<\/li>\n<li style='margin-bottom: 0.5rem;'><strong>Temperatura de operaci\u00f3n:<\/strong> -10 \u00baC hasta 55 \u00baC<\/li>\n<li style='margin-bottom: 0.5rem;'><strong>Dimensiones:<\/strong> 260 x 222 x 45 mm (W \u00d7 D \u00d7 H)<\/li>\n<li style='margin-bottom: 0.5rem;'><strong>Peso:<\/strong> 0.8 Kg sin HDD<\/li>\n<\/ul><\/div>\n<\/p><\/div>\n<\/p><\/div>\n<\/p><\/div>\n<p> <!-- Caracter\u00edsticas Destacadas --> <\/p>\n<div style='border: 1px solid rgba(150&comma;150&comma;150&comma;0.3); border-radius: 8px; overflow: hidden; margin: 3rem 0;'>\n<div style='padding: 1rem; border-bottom: 1px solid rgba(150&comma;150&comma;150&comma;0.2); font-weight: bold; font-size: 1.1rem; background: rgba(0&comma;145&comma;255&comma;0.8); color: #fff; text-align: center;'>Caracter\u00edsticas Destacadas:<\/div>\n<div style='padding: 1rem;'>\n<ul style='padding-left: 1.2rem; margin: 0; font-size: 0.95rem; list-style-type: disc;'>\n<li style='margin-bottom: 0.75rem;'>Soporta audio por coaxitron (UTP o coaxial).<\/li>\n<li style='margin-bottom: 0.75rem;'>Soporta en todos los canales con tecnolog\u00eda ACUSENSE Lite&comma; permite filtrar por detecci\u00f3n de movimiento humanos o vehiculos para activar un evento o grabaci\u00f3n&comma; esto nos permite descartar falsas alarmas (grabaciones) cuando exista un movimiento de hojas o movimiento de algun animal&comma; vuelve mas eficiente la grabaci\u00f3n cuando realmente si sea necesario.<\/li>\n<li style='margin-bottom: 0.75rem;'>Soporta apagar canales TURBOHD y poder conventir el DVR en un equipo NVR completo&comma; por cada canal TURBOHD que se apague se puede generar un canal IP adicional. Podemos tener hasta 5 canales IP en total.<\/li>\n<\/ul><\/div>\n<\/p><\/div>\n<p> <!-- Imagenes adicionales --> <\/p>\n<div style='margin: 3rem 0;'>\n<p style='text-align: center; font-weight: bold; margin-bottom: 1rem; color: inherit;'>Audio&comma; Video y Datos por el Mismo Cable<\/p>\n<p> <img style='width: 100%; height: auto; border: 1px solid rgba(150&comma;150&comma;150&comma;0.3); border-radius: 8px;' src='https:\/\/ftp3.syscom.mx\/usuarios\/jsosa\/HIKVISION\/imagenes\/coaxitron\/coaxitron.jpg' alt='Audio&comma; Video y Datos por el Mismo Cable'> <\/div>\n<p> <img style='width: 100%; height: auto; border: 1px solid rgba(150&comma;150&comma;150&comma;0.3); border-radius: 8px;' src='https:\/\/ftp3.syscom.mx\/usuarios\/yvalenzuela\/Hilook\/hiklook.jpg' alt='Hiklook'> <!-- Separador final --> <\/p>\n<hr style='border: 0; border-top: 1px solid rgba(150&comma; 150&comma; 150&comma; 0.3); margin: 3rem 0;'> <\/div>\n","protected":false},"excerpt":{"rendered":"<p>[Audio Bidireccional] DVR 4 Canales TurboHD + 1 Canal IP \/ 2 Megapixel (1080p) Lite \/ Acusense Lite (Busqueda Inteligente Personas Vehiculos) \/ 1 Bahia de Disco Duro \/ H.265+ \/ Salida de V\u00eddeo Full HD<\/p>\n","protected":false},"featured_media":100315,"comment_status":"open","ping_status":"closed","template":"","meta":[],"product_brand":[],"product_cat":[2254],"product_tag":[2255,715,2256],"class_list":{"0":"post-100316","1":"product","2":"type-product","3":"status-publish","4":"has-post-thumbnail","6":"product_cat-videograbadoras-analogicas-turbohd-tvi-ahd-cvi","7":"product_tag-camaras-y-dvrs-hd-turbohd-ahd-hd-tvi","8":"product_tag-hilook-by-hikvision","9":"product_tag-videograbadoras-analogicas-turbohd-tvi-ahd-cvi","11":"first","12":"instock","13":"sale","14":"shipping-taxable","15":"purchasable","16":"product-type-simple"},"_links":{"self":[{"href":"https:\/\/soydeaqui.ddns.net\/pachuca\/index.php\/wp-json\/wp\/v2\/product\/100316","targetHints":{"allow":["GET"]}}],"collection":[{"href":"https:\/\/soydeaqui.ddns.net\/pachuca\/index.php\/wp-json\/wp\/v2\/product"}],"about":[{"href":"https:\/\/soydeaqui.ddns.net\/pachuca\/index.php\/wp-json\/wp\/v2\/types\/product"}],"replies":[{"embeddable":true,"href":"https:\/\/soydeaqui.ddns.net\/pachuca\/index.php\/wp-json\/wp\/v2\/comments?post=100316"}],"wp:featuredmedia":[{"embeddable":true,"href":"https:\/\/soydeaqui.ddns.net\/pachuca\/index.php\/wp-json\/wp\/v2\/media\/100315"}],"wp:attachment":[{"href":"https:\/\/soydeaqui.ddns.net\/pachuca\/index.php\/wp-json\/wp\/v2\/media?parent=100316"}],"wp:term":[{"taxonomy":"product_brand","embeddable":true,"href":"https:\/\/soydeaqui.ddns.net\/pachuca\/index.php\/wp-json\/wp\/v2\/product_brand?post=100316"},{"taxonomy":"product_cat","embeddable":true,"href":"https:\/\/soydeaqui.ddns.net\/pachuca\/index.php\/wp-json\/wp\/v2\/product_cat?post=100316"},{"taxonomy":"product_tag","embeddable":true,"href":"https:\/\/soydeaqui.ddns.net\/pachuca\/index.php\/wp-json\/wp\/v2\/product_tag?post=100316"}],"curies":[{"name":"wp","href":"https:\/\/api.w.org\/{rel}","templated":true}]}}