{"id":100308,"date":"2026-03-20T11:07:45","date_gmt":"2026-03-20T11:07:45","guid":{"rendered":"https:\/\/soydeaqui.ddns.net\/pachuca\/index.php\/producto\/ptz-ip-2-megapixel-10x-zoom-50-mts-ir-acusense-darkfighter-captura-facial-microfono-integrado-audio-de-dos-vias-hlc-eis-poe-micro-sd-exterior-ip66-i-o-alarmas-metal\/"},"modified":"2026-03-20T11:07:49","modified_gmt":"2026-03-20T11:07:49","slug":"ptz-ip-2-megapixel-10x-zoom-50-mts-ir-acusense-darkfighter-captura-facial-microfono-integrado-audio-de-dos-vias-hlc-eis-poe-micro-sd-exterior-ip66-i-o-alarmas-metal","status":"publish","type":"product","link":"https:\/\/soydeaqui.ddns.net\/pachuca\/index.php\/producto\/ptz-ip-2-megapixel-10x-zoom-50-mts-ir-acusense-darkfighter-captura-facial-microfono-integrado-audio-de-dos-vias-hlc-eis-poe-micro-sd-exterior-ip66-i-o-alarmas-metal\/","title":{"rendered":"PTZ IP 2 Megapixel \/ 10X Zoom \/ 50 mts IR \/ ACUSENSE \/ DARKFIGHTER \/ Captura Facial \/ Microfono Integrado \/ Audio de Dos Vias \/ HLC \/ EIS \/ PoE+ \/ Micro SD \/ Exterior IP66 \/ I\/O Alarmas \/ Metal"},"content":{"rendered":"<div style='width: 100%; max-width: 1200px; margin: 0 auto; font-family: sans-serif; line-height: 1.6; color: inherit; background-color: transparent;'>\n<p style='text-align: center;'><img style='width: 100%; max-width: 45%; height: auto; border: 1px solid rgba(150&comma;150&comma;150&comma;0.3); border-radius: 8px;' src='https:\/\/ftp3.syscom.mx\/usuarios\/jsosa\/HIKVISION\/imagenes\/logo\/hikvision%20see%20far.png' alt='Logo Hikvision'><\/p>\n<div style='display: flex; flex-wrap: wrap; gap: 30px; margin-bottom: 30px;'>\n<div style='flex: 1 1 300px; min-width: 280px;'>\n<h3 style='font-size: 22px; border-bottom: 2px solid currentColor; padding-bottom: 5px; margin-top: 0; color: inherit; opacity: 0.8;'>Caracter\u00edsticas principales<\/h3>\n<ul style='padding-left: 20px; font-size: 15px; color: inherit;'>\n<li style='margin-bottom: 5px;'>Resoluci\u00f3n maxima: 2 Megapixel (1920 \u00d7 1080)<\/li>\n<li style='margin-bottom: 5px;'>Iluminaci\u00f3n m\u00ednima: color 0.005 Lux @ (F1.3&comma; AGC ON)<\/li>\n<li style='margin-bottom: 5px;'>Distancia focal: 2.8 a 28 mm (10X zoom \u00f3ptico \/ 16X zoom digital)<\/li>\n<li style='margin-bottom: 5px;'>Distancia de IR: 50 mts<\/li>\n<li style='margin-bottom: 5px;'>Funciones normales: WDR 120 dB \/ BLC \/ HLC \/ 3DNR<\/li>\n<li style='margin-bottom: 5px;'>Compresi\u00f3n: H.265+ \/ H.265 \/ H.264+ \/ H.264<\/li>\n<li style='margin-bottom: 5px;'>Compatible con la plataforma de Hik-Connect (P2P)<\/li>\n<\/ul><\/div>\n<div style='flex: 1 1 300px; min-width: 280px;'>\n<h3 style='font-size: 22px; border-bottom: 2px solid currentColor; padding-bottom: 5px; margin-top: 0; color: inherit; opacity: 0.8;'>Entradas y Salidas de Audio \/ Alarmas \/ Almacenamiento \/ Red<\/h3>\n<ul style='padding-left: 20px; font-size: 15px; color: inherit;'>\n<li style='margin-bottom: 5px;'>Entradas de alarma: 1<\/li>\n<li style='margin-bottom: 5px;'>Salidas de alarma: 1<\/li>\n<li style='margin-bottom: 5px;'>Entradas de audio: 1<\/li>\n<li style='margin-bottom: 5px;'>Salidas de audio: 1<\/li>\n<li style='margin-bottom: 5px;'>Puerto de red: 1 (10 \/ 100 Mbps )<\/li>\n<li style='margin-bottom: 5px;'>Almacenamiento micro SD de hasta 256 GB (no incluida) \/ ANR (Automatic Network Recovery)<\/li>\n<li style='margin-bottom: 5px;'>Soporta ONVIF \/ ISAPI \/ SDK<\/li>\n<\/ul><\/div>\n<\/p><\/div>\n<div style='display: flex; flex-wrap: wrap; gap: 30px; margin-bottom: 30px;'>\n<div style='flex: 1 1 300px; min-width: 280px;'>\n<h3 style='font-size: 22px; border-bottom: 2px solid currentColor; padding-bottom: 5px; margin-top: 0; color: inherit; opacity: 0.8;'>Caracter\u00edsticas F\u00edsicas y El\u00e9ctricas<\/h3>\n<ul style='padding-left: 20px; font-size: 15px; color: inherit;'>\n<li style='margin-bottom: 5px;'>Alimentaci\u00f3n: 12 Vcc (no incluida)\/ 24 W \/ PoE+ (802.3 at)<\/li>\n<li style='margin-bottom: 5px;'>Temperatura de operaci\u00f3n: -30\u00b0C a 65\u00b0C \/ Humedad al 95% m\u00e1ximo<\/li>\n<li style='margin-bottom: 5px;'>Uso en exterior \/ IP66<\/li>\n<li style='margin-bottom: 5px;'>Dimensiones: 156.4 mm \u00d7 142.1 mm<\/li>\n<li style='margin-bottom: 5px;'>Peso: 1.90 kg<\/li>\n<\/ul><\/div>\n<div style='flex: 1 1 300px; min-width: 280px;'>\n<h3 style='font-size: 22px; border-bottom: 2px solid currentColor; padding-bottom: 5px; margin-top: 0; color: inherit; opacity: 0.8;'>Caracter\u00edsticas Generales<\/h3>\n<ul style='padding-left: 20px; font-size: 15px; color: inherit;'>\n<li style='margin-bottom: 5px;'>Paneo: 0\u00b0 a 355\u00b0<\/li>\n<li style='margin-bottom: 5px;'>Tildeo: -5\u00b0 a 90\u00b0<\/li>\n<li style='margin-bottom: 5px;'>Preset \/ No Patrol \/ No Pattern: 300 \/ NA \/ NA<\/li>\n<li style='margin-bottom: 5px;'>Funci\u00f3n de PARK ACTION (funci\u00f3n de casa)<\/li>\n<\/ul><\/div>\n<\/p><\/div>\n<div style='display: flex; flex-wrap: wrap; gap: 30px; margin-bottom: 30px;'>\n<div style='flex: 1 1 300px; min-width: 280px;'>\n<h3 style='font-size: 22px; border-bottom: 2px solid currentColor; padding-bottom: 5px; margin-top: 0; color: inherit; opacity: 0.8;'>Accesorios<\/h3>\n<ul style='padding-left: 20px; font-size: 15px; color: inherit;'>\n<li style='margin-bottom: 5px;'>Montaje de techo&comma; modelo: <a href='https:\/\/www.syscom.mx\/producto\/DS-1271ZJ-140-HIKVISION-223862.html' target='_blank' rel='noopener' style='color: inherit; text-decoration: underline;'>DS-1271ZJ-140<\/a><\/li>\n<\/ul><\/div>\n<div style='flex: 1 1 300px; min-width: 280px;'>\n<h3 style='font-size: 22px; border-bottom: 2px solid currentColor; padding-bottom: 5px; margin-top: 0; color: inherit; opacity: 0.8;'>Caracter\u00edsticas Destacadas<\/h3>\n<ul style='padding-left: 20px; font-size: 15px; color: inherit;'>\n<li style='margin-bottom: 5px;'>La c\u00e1mara soporta micr\u00f3fono integrado (interconstruido) para enviar el video y el audio por el mismo cable de red sin tener que a\u00f1adir nada m\u00e1s<\/li>\n<li style='margin-bottom: 5px;'>Compatible con la plataforma de Hik-Connect para una conexi\u00f3n mas r\u00e1pido y sencilla<\/li>\n<li style='margin-bottom: 5px;'>Soporta tecnolog\u00eda ACUSENSE para evitar esas falsas alarmas ocasionadas por los movimientos de pixeles como son las ramas de arboles&comma; movimiento de cortinas&comma; lluvias&comma; etc.<\/li>\n<li style='margin-bottom: 5px;'>Soporta audio de dos v\u00edas&comma; para tener una comunicaci\u00f3n bidireccional (solo es compatible con NVRs de 8 canales o mas&comma; serie NI-K&comma; NXI-K&comma; NI-M&comma; NI-I)<\/li>\n<\/ul><\/div>\n<\/p><\/div>\n<hr style='border: 0; border-top: 1px solid rgba(150&comma; 150&comma; 150&comma; 0.3); margin: 30px 0;'>\n<p><img style='width: 100%; height: auto; border: 1px solid rgba(150&comma;150&comma;150&comma;0.3); border-radius: 8px;' src='https:\/\/ftp3.syscom.mx\/usuarios\/jsosa\/HIKVISION\/imagenes\/banners\/solution%20complete.png' alt='Soluci\u00f3n completa Hikvision'><\/p>\n<\/p><\/div>\n","protected":false},"excerpt":{"rendered":"<p>PTZ IP 2 Megapixel \/ 10X Zoom \/ 50 mts IR \/ ACUSENSE \/ DARKFIGHTER \/ Captura Facial \/ Microfono Integrado \/ Audio de Dos Vias \/ HLC \/ EIS \/ PoE+ \/ Micro SD \/ Exterior IP66 \/ I\/O Alarmas \/ Metal<\/p>\n","protected":false},"featured_media":100307,"comment_status":"open","ping_status":"closed","template":"","meta":[],"product_brand":[],"product_cat":[1224],"product_tag":[122,54,1225],"class_list":{"0":"post-100308","1":"product","2":"type-product","3":"status-publish","4":"has-post-thumbnail","6":"product_cat-ptz","7":"product_tag-camaras-ip-y-nvrs","8":"product_tag-hikvision","9":"product_tag-ptz","11":"first","12":"instock","13":"sale","14":"shipping-taxable","15":"purchasable","16":"product-type-simple"},"_links":{"self":[{"href":"https:\/\/soydeaqui.ddns.net\/pachuca\/index.php\/wp-json\/wp\/v2\/product\/100308","targetHints":{"allow":["GET"]}}],"collection":[{"href":"https:\/\/soydeaqui.ddns.net\/pachuca\/index.php\/wp-json\/wp\/v2\/product"}],"about":[{"href":"https:\/\/soydeaqui.ddns.net\/pachuca\/index.php\/wp-json\/wp\/v2\/types\/product"}],"replies":[{"embeddable":true,"href":"https:\/\/soydeaqui.ddns.net\/pachuca\/index.php\/wp-json\/wp\/v2\/comments?post=100308"}],"wp:featuredmedia":[{"embeddable":true,"href":"https:\/\/soydeaqui.ddns.net\/pachuca\/index.php\/wp-json\/wp\/v2\/media\/100307"}],"wp:attachment":[{"href":"https:\/\/soydeaqui.ddns.net\/pachuca\/index.php\/wp-json\/wp\/v2\/media?parent=100308"}],"wp:term":[{"taxonomy":"product_brand","embeddable":true,"href":"https:\/\/soydeaqui.ddns.net\/pachuca\/index.php\/wp-json\/wp\/v2\/product_brand?post=100308"},{"taxonomy":"product_cat","embeddable":true,"href":"https:\/\/soydeaqui.ddns.net\/pachuca\/index.php\/wp-json\/wp\/v2\/product_cat?post=100308"},{"taxonomy":"product_tag","embeddable":true,"href":"https:\/\/soydeaqui.ddns.net\/pachuca\/index.php\/wp-json\/wp\/v2\/product_tag?post=100308"}],"curies":[{"name":"wp","href":"https:\/\/api.w.org\/{rel}","templated":true}]}}