{"id":100273,"date":"2026-03-20T11:06:13","date_gmt":"2026-03-20T11:06:13","guid":{"rendered":"https:\/\/soydeaqui.ddns.net\/pachuca\/index.php\/producto\/audio-bidireccional-sirena-estrobo-dual-light-colorvu-turret-turbohd-4k-8-megapixel-lente-2-8-mm-40-mts-ir-exir-40-mts-luz-blanca-sirena-microfono-y-bocina-integrado-exterior\/"},"modified":"2026-03-20T11:06:23","modified_gmt":"2026-03-20T11:06:23","slug":"audio-bidireccional-sirena-estrobo-dual-light-colorvu-turret-turbohd-4k-8-megapixel-lente-2-8-mm-40-mts-ir-exir-40-mts-luz-blanca-sirena-microfono-y-bocina-integrado-exterior","status":"publish","type":"product","link":"https:\/\/soydeaqui.ddns.net\/pachuca\/index.php\/producto\/audio-bidireccional-sirena-estrobo-dual-light-colorvu-turret-turbohd-4k-8-megapixel-lente-2-8-mm-40-mts-ir-exir-40-mts-luz-blanca-sirena-microfono-y-bocina-integrado-exterior\/","title":{"rendered":"[Audio Bidireccional + Sirena &#038; Estrobo + Dual Light + ColorVu] Turret TURBOHD 4K (8 Megapixel)  \/ Lente 2.8 mm \/ 40 mts IR EXIR + 40 mts Luz Blanca \/ Sirena \/ Micr\u00f3fono y Bocina Integrado \/ Exterior IP67 \/ dWDR"},"content":{"rendered":"<div style='width: 100%; max-width: 1200px; margin: 0 auto; font-family: sans-serif; line-height: 1.6; color: inherit; background-color: transparent;'> <!-- Logo y presentaci\u00f3n --> <\/p>\n<div style='text-align: center; padding: 20px;'> <img style='width: 100%; max-width: 200px; height: auto; border: 1px solid rgba(150&comma;150&comma;150&comma;0.3); border-radius: 8px;' src='https:\/\/ftp3.syscom.mx\/usuarios\/fotos\/logotipos\/hikvision.png' alt='Logo'> <\/p>\n<h2 style='font-size: 28px; font-weight: bold; margin: 20px 0;'>Integre su c\u00e1mara con un grabador para controlar y monitorear sus dispositivos de seguridad<\/h2>\n<p style='font-size: 16px; margin-bottom: 20px;'>Descarga la app oficial Hik-Connect y aprovecha al m\u00e1ximo tu producto inteligente<\/p>\n<div style='display: flex; justify-content: center; gap: 15px;'> <img style='height: 60px; width: auto; border: 1px solid rgba(150&comma;150&comma;150&comma;0.3); border-radius: 8px;' src='https:\/\/ftp3.syscom.mx\/usuarios\/ftp\/single_page\/hikvision\/hikconnectlogo.png' alt='Logo 1'> <img style='height: 60px; width: auto; border: 1px solid rgba(150&comma;150&comma;150&comma;0.3); border-radius: 8px;' src='https:\/\/ftp3.syscom.mx\/usuarios\/ftp\/single_page\/hikvision\/appstoreygoogleplay.png' alt='Logo 2'> <\/div>\n<\/p><\/div>\n<p> <!-- Beneficios principales --> <\/p>\n<div style='width: 100%; margin: 30px 0;'>\n<h2 style='font-size: 24px; text-align: center; margin-bottom: 20px; color: inherit;'>Beneficios principales<\/h2>\n<div style='display: flex; flex-wrap: wrap; gap: 20px; justify-content: center;'>\n<div style='flex: 1 1 200px; min-width: 180px; text-align: center;'>\n<div style='width: 60px; height: 60px; margin: 0 auto 15px; background-color: #df001e; border-radius: 50%;'><\/div>\n<h5 style='margin-bottom: 10px;'>Control remoto<\/h5>\n<p style='font-size: 14px;'>Controla tus dispositivos desde cualquier lugar<\/p>\n<\/p><\/div>\n<div style='flex: 1 1 200px; min-width: 180px; text-align: center;'>\n<div style='width: 60px; height: 60px; margin: 0 auto 15px; background-color: #dc4697; border-radius: 50%;'><\/div>\n<h5 style='margin-bottom: 10px;'>Monitoreo en tiempo real<\/h5>\n<p style='font-size: 14px;'>Visualiza tus dispositivos al instante<\/p>\n<\/p><\/div>\n<div style='flex: 1 1 200px; min-width: 180px; text-align: center;'>\n<div style='width: 60px; height: 60px; margin: 0 auto 15px; background-color: #a153cd; border-radius: 50%;'><\/div>\n<h5 style='margin-bottom: 10px;'>Notificaciones<\/h5>\n<p style='font-size: 14px;'>Recibe notificaciones y alertas de los eventos que registra tu dispositivo.<\/p>\n<\/p><\/div>\n<div style='flex: 1 1 200px; min-width: 180px; text-align: center;'>\n<div style='width: 60px; height: 60px; margin: 0 auto 15px; background-color: #6468f2; border-radius: 50%;'><\/div>\n<h5 style='margin-bottom: 10px;'>Interfaz de usuario sencilla<\/h5>\n<p style='font-size: 14px;'>Amigable para usuarios finales<\/p>\n<\/p><\/div>\n<\/p><\/div>\n<\/p><\/div>\n<p> <!-- Galer\u00eda de im\u00e1genes --> <\/p>\n<div style='width: 100%; margin: 30px 0;'>\n<h3 style='font-size: 20px; text-align: center; margin-bottom: 20px; color: inherit;'>Galer\u00eda de im\u00e1genes<\/h3>\n<div style='display: flex; flex-wrap: wrap; gap: 15px; justify-content: center;'>\n<div style='flex: 1 1 200px; min-width: 180px;'> <img style='width: 100%; height: auto; border: 1px solid rgba(150&comma;150&comma;150&comma;0.3); border-radius: 8px;' src='https:\/\/ftp3.syscom.mx\/usuarios\/ftp\/single_page\/hikvision\/interfazHC.jpg' alt='Imagen 1'> <\/div>\n<div style='flex: 1 1 200px; min-width: 180px;'> <img style='width: 100%; height: auto; border: 1px solid rgba(150&comma;150&comma;150&comma;0.3); border-radius: 8px;' src='https:\/\/ftp3.syscom.mx\/usuarios\/ftp\/single_page\/hikvision\/grabacionesHC.jpg' alt='Imagen 2'> <\/div>\n<div style='flex: 1 1 200px; min-width: 180px;'> <img style='width: 100%; height: auto; border: 1px solid rgba(150&comma;150&comma;150&comma;0.3); border-radius: 8px;' src='https:\/\/ftp3.syscom.mx\/usuarios\/ftp\/single_page\/hikvision\/directoHC.jpg' alt='Imagen 3'> <\/div>\n<div style='flex: 1 1 200px; min-width: 180px;'> <img style='width: 100%; height: auto; border: 1px solid rgba(150&comma;150&comma;150&comma;0.3); border-radius: 8px;' src='https:\/\/ftp3.syscom.mx\/usuarios\/ftp\/single_page\/hikvision\/notificaciones2HC.jpg' alt='Imagen 4'> <\/div>\n<\/p><\/div>\n<\/p><\/div>\n<p> <!-- Caracter\u00edsticas t\u00e9cnicas --> <\/p>\n<div style='width: 100%; margin: 30px 0;'>\n<div style='display: grid; grid-template-columns: repeat(auto-fill&comma; minmax(250px&comma; 1fr)); gap: 20px;'>\n<div style='border: 1px solid rgba(150&comma;150&comma;150&comma;0.4); border-radius: 8px; overflow: hidden; display: flex; flex-direction: column;'>\n<div style='padding: 15px; background-color: #df001e; color: #ffffff; font-weight: bold; border-bottom: 1px solid rgba(150&comma;150&comma;150&comma;0.2);'>Resoluci\u00f3n 4K<\/div>\n<div style='padding: 15px;'>\n<div style='display: flex; justify-content: center; margin-bottom: 15px;'> <img style='width: 60px; height: 60px; border: none;' src='https:\/\/cdn-icons-gif.flaticon.com\/19036\/19036565.gif' alt='Icono'> <\/div>\n<p style='font-size: 14px;'>Imagen ultra n\u00edtida con un nivel de detalle superior para una identificaci\u00f3n m\u00e1s precisa.<\/p>\n<\/p><\/div>\n<\/p><\/div>\n<div style='border: 1px solid rgba(150&comma;150&comma;150&comma;0.4); border-radius: 8px; overflow: hidden; display: flex; flex-direction: column;'>\n<div style='padding: 15px; background-color: #dc4697; color: #ffffff; font-weight: bold; border-bottom: 1px solid rgba(150&comma;150&comma;150&comma;0.2);'>Audio Bidireccional<\/div>\n<div style='padding: 15px;'>\n<div style='display: flex; justify-content: center; margin-bottom: 15px;'> <img style='width: 60px; height: 60px; border: none;' src='https:\/\/cdn-icons-gif.flaticon.com\/8121\/8121329.gif' alt='Icono'> <\/div>\n<p style='font-size: 14px;'>Escucha y habla a trav\u00e9s de la c\u00e1mara para una comunicaci\u00f3n inmediata.<\/p>\n<\/p><\/div>\n<\/p><\/div>\n<div style='border: 1px solid rgba(150&comma;150&comma;150&comma;0.4); border-radius: 8px; overflow: hidden; display: flex; flex-direction: column;'>\n<div style='padding: 15px; background-color: #a153cd; color: #ffffff; font-weight: bold; border-bottom: 1px solid rgba(150&comma;150&comma;150&comma;0.2);'>Iluminaci\u00f3n Dual<\/div>\n<div style='padding: 15px;'>\n<div style='display: flex; justify-content: center; margin-bottom: 15px;'> <img style='width: 60px; height: 60px; border: none;' src='https:\/\/cdn-icons-gif.flaticon.com\/19009\/19009707.gif' alt='Icono'> <\/div>\n<p style='font-size: 14px;'>C\u00e1maras con luz blanca e IR para grabar a color al detectar movimiento durante la noche<\/p>\n<\/p><\/div>\n<\/p><\/div>\n<div style='border: 1px solid rgba(150&comma;150&comma;150&comma;0.4); border-radius: 8px; overflow: hidden; display: flex; flex-direction: column;'>\n<div style='padding: 15px; background-color: #6468f2; color: #ffffff; font-weight: bold; border-bottom: 1px solid rgba(150&comma;150&comma;150&comma;0.2);'>Infrarrojo alerta rojo-azul<\/div>\n<div style='padding: 15px;'>\n<div style='display: flex; justify-content: center; margin-bottom: 15px;'> <img style='width: 60px; height: 60px; border: none;' src='https:\/\/cdn-icons-gif.flaticon.com\/6569\/6569138.gif' alt='Icono'> <\/div>\n<p style='font-size: 14px;'>Cuenta con led rojo-azul ademas de una sirena para alertamientos<\/p>\n<\/p><\/div>\n<\/p><\/div>\n<div style='border: 1px solid rgba(150&comma;150&comma;150&comma;0.4); border-radius: 8px; overflow: hidden; display: flex; flex-direction: column;'>\n<div style='padding: 15px; background-color: #df001e; color: #ffffff; font-weight: bold; border-bottom: 1px solid rgba(150&comma;150&comma;150&comma;0.2);'>\u00c1ngulo de visi\u00f3n<\/div>\n<div style='padding: 15px;'>\n<div style='display: flex; justify-content: center; margin-bottom: 15px;'> <img style='width: 60px; height: 60px; border: none;' src='https:\/\/cdn-icons-gif.flaticon.com\/15944\/15944846.gif' alt='Icono'> <\/div>\n<p style='font-size: 14px;'>Cuenta con un lente fijo de 2.8 mm dando 113\u00b0 de apertura<\/p>\n<\/p><\/div>\n<\/p><\/div>\n<div style='border: 1px solid rgba(150&comma;150&comma;150&comma;0.4); border-radius: 8px; overflow: hidden; display: flex; flex-direction: column;'>\n<div style='padding: 15px; background-color: #df001e; color: #ffffff; font-weight: bold; border-bottom: 1px solid rgba(150&comma;150&comma;150&comma;0.2);'>Protecci\u00f3n IP67<\/div>\n<div style='padding: 15px;'>\n<div style='display: flex; justify-content: center; margin-bottom: 15px;'> <img style='width: 60px; height: 60px; border: none;' src='https:\/\/cdn-icons-gif.flaticon.com\/6455\/6455054.gif' alt='Icono'> <\/div>\n<p style='font-size: 14px;'>Protecci\u00f3n total contra polvo y chorros de agua&comma; ideal para uso en exteriores.<\/p>\n<\/p><\/div>\n<\/p><\/div>\n<\/p><\/div>\n<\/p><\/div>\n<p> <!-- Videos --> <\/p>\n<div style='width: 100%; margin: 30px 0;'>\n<h3 style='font-size: 20px; text-align: center; margin-bottom: 20px; color: inherit;'>Videos de demostraci\u00f3n<\/h3>\n<div style='display: flex; flex-wrap: wrap; justify-content: center; gap: 20px;'>\n<div style='flex: 1 1 250px; min-width: 280px;'>\n<div style='position: relative; padding-bottom: 56.25%; height: 0; overflow: hidden; margin-bottom: 30px;'>   <\/div>\n<\/p><\/div>\n<div style='flex: 1 1 250px; min-width: 280px;'>\n<div style='position: relative; padding-bottom: 56.25%; height: 0; overflow: hidden; margin-bottom: 30px;'>   <\/div>\n<\/p><\/div>\n<div style='flex: 1 1 250px; min-width: 280px;'>\n<div style='position: relative; padding-bottom: 56.25%; height: 0; overflow: hidden; margin-bottom: 30px;'>   <\/div>\n<\/p><\/div>\n<div style='flex: 1 1 250px; min-width: 280px;'>\n<div style='position: relative; padding-bottom: 56.25%; height: 0; overflow: hidden; margin-bottom: 30px;'>   <\/div>\n<\/p><\/div>\n<\/p><\/div>\n<\/p><\/div>\n<p> <!-- Especificaciones --> <\/p>\n<div style='width: 100%; margin: 30px 0;'>\n<div style='display: flex; flex-wrap: wrap; gap: 30px;'>\n<div style='flex: 1 1 300px; min-width: 280px;'>\n<h3 style='font-size: 22px; border-bottom: 2px solid currentColor; padding-bottom: 5px; margin-top: 0; color: inherit; opacity: 0.8;'>Caracter\u00edsticas Principales<\/h3>\n<ul style='padding-left: 20px; font-size: 15px; color: inherit;'>\n<li style='margin-bottom: 5px;'><strong>Resoluci\u00f3n:<\/strong> 4K TurboHD (3840 x 2160)<\/li>\n<li style='margin-bottom: 5px;'><strong>Lente:<\/strong> Fijo 2.8mm<\/li>\n<li style='margin-bottom: 5px;'><strong>\u00c1ngulo de visi\u00f3n Horizontal:<\/strong> 113\u00b0<\/li>\n<li style='margin-bottom: 5px;'><strong>Iluminaci\u00f3n Dual:<\/strong> 40 metros smart IR + 40 metros luz blanca<\/li>\n<ul style='padding-left: 25px; margin-top: 5px; margin-bottom: 5px;'>\n<li style='margin-bottom: 5px;'>Iluminaci\u00f3n rojo-azul + sirena para alertamientos<\/li>\n<\/ul>\n<li style='margin-bottom: 5px;'><strong>Iluminaci\u00f3n m\u00ednima requerida a color:<\/strong> 0.01 lux<\/li>\n<li style='margin-bottom: 5px;'><strong>Protecci\u00f3n:<\/strong> Exterior IP67<\/li>\n<li style='margin-bottom: 5px;'><strong>Protocolo de comunicaci\u00f3n:<\/strong> Coaxitron Hikvision C<\/li>\n<li style='margin-bottom: 5px;'><strong>Audio Bidireccional:<\/strong> Cuenta con audio bidireccional de alta ganancia para \u00e1reas de 5 a 8m2 (solo en TurboHD)<\/li>\n<li style='margin-bottom: 5px;'><strong>Material de fabricaci\u00f3n:<\/strong> Metal + Policarbonato<\/li>\n<\/ul><\/div>\n<div style='flex: 1 1 300px; min-width: 280px;'>\n<h3 style='font-size: 22px; border-bottom: 2px solid currentColor; padding-bottom: 5px; margin-top: 0; color: inherit; opacity: 0.8;'>Resoluci\u00f3n<\/h3>\n<ul style='padding-left: 20px; font-size: 15px; color: inherit;'>\n<li style='margin-bottom: 5px;'>TurboHD:\n<ul style='padding-left: 20px; margin-top: 5px; margin-bottom: 5px;'>\n<li style='margin-bottom: 5px;'>TVI: 4K@12.5fps&comma; 3K@20fps&comma; 4MP@30fps&comma; 2MP@30fps<\/li>\n<\/ul>\n<\/li>\n<\/ul>\n<h3 style='font-size: 22px; border-bottom: 2px solid currentColor; padding-bottom: 5px; margin-top: 20px; color: inherit; opacity: 0.8;'>Caracter\u00edsticas F\u00edsicas y El\u00e9ctricas<\/h3>\n<ul style='padding-left: 20px; font-size: 15px; color: inherit;'>\n<li style='margin-bottom: 5px;'><strong>Alimentaci\u00f3n:<\/strong> 12Vcc \/ 8.6 W<\/li>\n<li style='margin-bottom: 5px;'><strong>Temperatura de operaci\u00f3n:<\/strong> -40 \u00baC hasta 60 \u00baC<\/li>\n<li style='margin-bottom: 5px;'><strong>Dimensiones:<\/strong> 211mm x 83.5mm x 80.7mm<\/li>\n<li style='margin-bottom: 5px;'><strong>Peso:<\/strong> 390g<\/li>\n<li style='margin-bottom: 5px;'><strong>Protecci\u00f3n contra sobre tensiones y protecci\u00f3n contra voltajes transitorios<\/strong><\/li>\n<\/ul><\/div>\n<\/p><\/div>\n<\/p><\/div>\n<p> <!-- Accesorios --> <\/p>\n<div style='width: 100%; margin: 30px 0;'>\n<h3 style='font-size: 22px; border-bottom: 2px solid currentColor; padding-bottom: 5px; margin-top: 0; color: inherit; opacity: 0.8;'>Accesorios<\/h3>\n<ul style='padding-left: 20px; font-size: 15px; color: inherit;'>\n<li style='margin-bottom: 5px;'>Montaje para poste&comma; modelo: DS-1275ZJ-SUS<\/li>\n<li style='margin-bottom: 5px;'>Montaje de esquina&comma; modelo: DS-1276ZJ-SUS<\/li>\n<li style='margin-bottom: 5px;'>Caja de conexiones&comma; modelo: DS-1280ZJ-S<\/li>\n<li style='margin-bottom: 5px;'>Montaje de pared&comma; modelo: DS-1272ZJ-110-TRS<\/li>\n<\/ul><\/div>\n<p> <!-- Caracter\u00edsticas destacadas --> <\/p>\n<div style='width: 100%; margin: 30px 0;'>\n<h3 style='font-size: 22px; border-bottom: 2px solid currentColor; padding-bottom: 5px; margin-top: 0; color: inherit; opacity: 0.8;'>Caracter\u00edsticas Destacadas<\/h3>\n<ul style='padding-left: 20px; font-size: 15px; color: inherit;'>\n<li style='margin-bottom: 5px;'>El audio del micr\u00f3fono \u00fanicamente es compatible con grabadores con audio bidireccional<\/li>\n<li style='margin-bottom: 5px;'>La c\u00e1mara cuenta con un micr\u00f3fono y bocina interconstruido&comma; el cual no requiere cables adicionales para poder transmitir el audio y video. Podemos tener una comunicaci\u00f3n bidireccional desde la App (Hik-Connect) usando el DVR de por medio para la interconexi\u00f3n.<\/li>\n<li style='margin-bottom: 5px;'>Nota: El audio de dos v\u00edas solo es compatible con DVRs de la serie XT de HIKVISION y EX-8000 (ejemplo IDS-7204HUHI\/XT\/T EX-8004TURBO)<\/li>\n<li style='margin-bottom: 5px;'>Nota: La funci\u00f3n de audio bidireccional tiene un alcance efectivo de hasta 5 metros. Aseg\u00farese de ubicar la c\u00e1mara en un lugar estrat\u00e9gico para maximizar la claridad del sonido y garantizar una comunicaci\u00f3n fluida.<\/li>\n<li style='margin-bottom: 5px;'>Nota: Para la funci\u00f3n de audio de 2 v\u00edas&comma; la distancia m\u00e1xima soportada entre el grabador y la c\u00e1mara es de 120 metros.<\/li>\n<li style='margin-bottom: 5px;'>La funci\u00f3n de Dual Light permite que la c\u00e1mara&comma; cuando est\u00e9 en modo noche (con IR encendido)&comma; pueda activar su luz blanca para grabar a color cuando ocurra un evento (detecci\u00f3n de movimiento&comma; cruce de l\u00ednea&comma; entrada de \u00e1rea). La comunicaci\u00f3n para activar luz blanca funciona \u00fanicamente en modo TVI (TURBOHD) y con grabadores que sean de la serie ACUSENSE&comma; serie XT de HIKVISION y EX de epcom.<\/li>\n<\/ul><\/div>\n<p> <!-- Imagen final --> <\/p>\n<div style='width: 100%; margin: 30px 0;'> <img style='width: 100%; height: auto; border: 1px solid rgba(150&comma;150&comma;150&comma;0.3); border-radius: 8px;' src='https:\/\/ftp3.syscom.mx\/cdn-cgi\/image\/format=avif&comma;width=800&comma;quality=80\/usuarios\/jsosa\/HIKVISION\/imagenes\/banners\/solution%20complete.png' alt=''> <\/div>\n<\/p><\/div>\n","protected":false},"excerpt":{"rendered":"<p>[Audio Bidireccional + Sirena &#038; Estrobo + Dual Light + ColorVu] Turret TURBOHD 4K (8 Megapixel)  \/ Lente 2.8 mm \/ 40 mts IR EXIR + 40 mts Luz Blanca \/ Sirena \/ Micr\u00f3fono y Bocina Integrado \/ Exterior IP67 \/ dWDR<\/p>\n","protected":false},"featured_media":100272,"comment_status":"open","ping_status":"closed","template":"","meta":[],"product_brand":[],"product_cat":[2269],"product_tag":[2255,2057,54],"class_list":{"0":"post-100273","1":"product","2":"type-product","3":"status-publish","4":"has-post-thumbnail","6":"product_cat-domo-eyeball-turret-camaras-y-dvrs-hd-turbohd-ahd-hd-tvi","7":"product_tag-camaras-y-dvrs-hd-turbohd-ahd-hd-tvi","8":"product_tag-domo-eyeball-turret","9":"product_tag-hikvision","11":"first","12":"instock","13":"sale","14":"shipping-taxable","15":"purchasable","16":"product-type-simple"},"_links":{"self":[{"href":"https:\/\/soydeaqui.ddns.net\/pachuca\/index.php\/wp-json\/wp\/v2\/product\/100273","targetHints":{"allow":["GET"]}}],"collection":[{"href":"https:\/\/soydeaqui.ddns.net\/pachuca\/index.php\/wp-json\/wp\/v2\/product"}],"about":[{"href":"https:\/\/soydeaqui.ddns.net\/pachuca\/index.php\/wp-json\/wp\/v2\/types\/product"}],"replies":[{"embeddable":true,"href":"https:\/\/soydeaqui.ddns.net\/pachuca\/index.php\/wp-json\/wp\/v2\/comments?post=100273"}],"wp:featuredmedia":[{"embeddable":true,"href":"https:\/\/soydeaqui.ddns.net\/pachuca\/index.php\/wp-json\/wp\/v2\/media\/100272"}],"wp:attachment":[{"href":"https:\/\/soydeaqui.ddns.net\/pachuca\/index.php\/wp-json\/wp\/v2\/media?parent=100273"}],"wp:term":[{"taxonomy":"product_brand","embeddable":true,"href":"https:\/\/soydeaqui.ddns.net\/pachuca\/index.php\/wp-json\/wp\/v2\/product_brand?post=100273"},{"taxonomy":"product_cat","embeddable":true,"href":"https:\/\/soydeaqui.ddns.net\/pachuca\/index.php\/wp-json\/wp\/v2\/product_cat?post=100273"},{"taxonomy":"product_tag","embeddable":true,"href":"https:\/\/soydeaqui.ddns.net\/pachuca\/index.php\/wp-json\/wp\/v2\/product_tag?post=100273"}],"curies":[{"name":"wp","href":"https:\/\/api.w.org\/{rel}","templated":true}]}}