{"id":100270,"date":"2026-03-20T11:06:06","date_gmt":"2026-03-20T11:06:06","guid":{"rendered":"https:\/\/soydeaqui.ddns.net\/pachuca\/index.php\/producto\/audio-bidireccional-dual-light-colorvu-bala-turbohd-4k-8-megapixel-lente-3-6-mm-80-mts-ir-exir-80-mts-luz-blanca-microfono-y-bocina-integrado-exterior-ip67-metal-dwdr\/"},"modified":"2026-03-20T11:06:10","modified_gmt":"2026-03-20T11:06:10","slug":"audio-bidireccional-dual-light-colorvu-bala-turbohd-4k-8-megapixel-lente-3-6-mm-80-mts-ir-exir-80-mts-luz-blanca-microfono-y-bocina-integrado-exterior-ip67-metal-dwdr","status":"publish","type":"product","link":"https:\/\/soydeaqui.ddns.net\/pachuca\/index.php\/producto\/audio-bidireccional-dual-light-colorvu-bala-turbohd-4k-8-megapixel-lente-3-6-mm-80-mts-ir-exir-80-mts-luz-blanca-microfono-y-bocina-integrado-exterior-ip67-metal-dwdr\/","title":{"rendered":"[Audio Bidireccional + Dual Light + ColorVu] Bala TURBOHD 4K (8 Megapixel) \/ Lente 3.6 mm \/ 80 mts IR EXIR + 80 mts Luz Blanca \/ Micr\u00f3fono y Bocina Integrado \/ Exterior IP67 \/ Metal \/ dWDR"},"content":{"rendered":"<div style='width: 100%; max-width: 1200px; margin: 0 auto; font-family: sans-serif; line-height: 1.6; color: inherit; background-color: transparent;'> <!-- Logo y presentaci\u00f3n --> <\/p>\n<div style='text-align: center; padding: 20px;'> <img style='width: 100%; max-width: 500px; height: auto; border: 1px solid rgba(150&comma;150&comma;150&comma;0.3); border-radius: 8px;' src='https:\/\/ftp3.syscom.mx\/usuarios\/fotos\/logotipos\/hikvision.png' alt='Logo'> <\/p>\n<h2 style='font-size: 28px; margin: 25px 0 15px; color: inherit; font-weight: bold;'>Integre su c\u00e1mara con un grabador para controlar y monitorear sus dispositivos de seguridad<\/h2>\n<p style='font-size: 16px; color: inherit; opacity: 0.8; margin-bottom: 20px;'>Descarga la app oficial Hik-Connect y aprovecha al m\u00e1ximo tu producto inteligente<\/p>\n<div style='display: flex; justify-content: center; gap: 20px; flex-wrap: wrap; margin: 20px 0;'> <img style='height: 60px; width: auto; border: 1px solid rgba(150&comma;150&comma;150&comma;0.3); border-radius: 8px;' src='https:\/\/ftp3.syscom.mx\/usuarios\/ftp\/single_page\/hikvision\/hikconnectlogo.png' alt='Logo Hik-Connect'> <img style='height: 60px; width: auto; border: 1px solid rgba(150&comma;150&comma;150&comma;0.3); border-radius: 8px;' src='https:\/\/ftp3.syscom.mx\/usuarios\/ftp\/single_page\/hikvision\/appstoreygoogleplay.png' alt='Tiendas de aplicaciones'> <\/div>\n<\/p><\/div>\n<p> <!-- Beneficios principales --> <\/p>\n<div style='margin: 40px 0;'>\n<h2 style='text-align: center; font-size: 24px; margin-bottom: 30px; color: inherit; opacity: 0.9;'>Beneficios principales<\/h2>\n<div style='display: flex; flex-wrap: wrap; gap: 20px; justify-content: center;'>\n<div style='flex: 1 1 220px; min-width: 180px; background: #ffffff; border: 1px solid rgba(150&comma;150&comma;150&comma;0.3); border-radius: 8px; padding: 20px; text-align: center;'>\n<div style='width: 60px; height: 60px; margin: 0 auto 15px; background: #df001e; border-radius: 50%; display: flex; align-items: center; justify-content: center;'> <span style='color: white; font-size: 24px;'>+<\/span> <\/div>\n<h5 style='margin: 10px 0 8px; color: inherit; font-size: 18px;'>Control remoto<\/h5>\n<p style='margin: 0; font-size: 14px; color: inherit; opacity: 0.8;'>Controla tus dispositivos desde cualquier lugar<\/p>\n<\/p><\/div>\n<div style='flex: 1 1 220px; min-width: 180px; background: #ffffff; border: 1px solid rgba(150&comma;150&comma;150&comma;0.3); border-radius: 8px; padding: 20px; text-align: center;'>\n<div style='width: 60px; height: 60px; margin: 0 auto 15px; background: #dc4697; border-radius: 50%; display: flex; align-items: center; justify-content: center;'> <span style='color: white; font-size: 24px;'>+<\/span> <\/div>\n<h5 style='margin: 10px 0 8px; color: inherit; font-size: 18px;'>Monitoreo en tiempo real<\/h5>\n<p style='margin: 0; font-size: 14px; color: inherit; opacity: 0.8;'>Visualiza tus dispositivos al instante<\/p>\n<\/p><\/div>\n<div style='flex: 1 1 220px; min-width: 180px; background: #ffffff; border: 1px solid rgba(150&comma;150&comma;150&comma;0.3); border-radius: 8px; padding: 20px; text-align: center;'>\n<div style='width: 60px; height: 60px; margin: 0 auto 15px; background: #a153cd; border-radius: 50%; display: flex; align-items: center; justify-content: center;'> <span style='color: white; font-size: 24px;'>+<\/span> <\/div>\n<h5 style='margin: 10px 0 8px; color: inherit; font-size: 18px;'>Notificaciones<\/h5>\n<p style='margin: 0; font-size: 14px; color: inherit; opacity: 0.8;'>Recibe notificaciones y alertas de los eventos que registra tu dispositivo.<\/p>\n<\/p><\/div>\n<div style='flex: 1 1 220px; min-width: 180px; background: #ffffff; border: 1px solid rgba(150&comma;150&comma;150&comma;0.3); border-radius: 8px; padding: 20px; text-align: center;'>\n<div style='width: 60px; height: 60px; margin: 0 auto 15px; background: #6468f2; border-radius: 50%; display: flex; align-items: center; justify-content: center;'> <span style='color: white; font-size: 24px;'>+<\/span> <\/div>\n<h5 style='margin: 10px 0 8px; color: inherit; font-size: 18px;'>Interfaz de usuario sencilla<\/h5>\n<p style='margin: 0; font-size: 14px; color: inherit; opacity: 0.8;'>Amigable para usuarios finales<\/p>\n<\/p><\/div>\n<\/p><\/div>\n<\/p><\/div>\n<p> <!-- Galer\u00eda de im\u00e1genes --> <\/p>\n<div style='margin: 40px 0;'>\n<h3 style='font-size: 22px; border-bottom: 2px solid currentColor; padding-bottom: 5px; margin: 0 0 20px; color: inherit; opacity: 0.8;'>Galer\u00eda de im\u00e1genes<\/h3>\n<div style='display: grid; grid-template-columns: repeat(auto-fill&comma; minmax(220px&comma; 1fr)); gap: 20px;'> <img style='width: 100%; height: auto; border: 1px solid rgba(150&comma;150&comma;150&comma;0.3); border-radius: 8px;' src='https:\/\/ftp3.syscom.mx\/usuarios\/ftp\/single_page\/hikvision\/interfazHC.jpg' alt='Imagen 1'> <img style='width: 100%; height: auto; border: 1px solid rgba(150&comma;150&comma;150&comma;0.3); border-radius: 8px;' src='https:\/\/ftp3.syscom.mx\/usuarios\/ftp\/single_page\/hikvision\/grabacionesHC.jpg' alt='Imagen 2'> <img style='width: 100%; height: auto; border: 1px solid rgba(150&comma;150&comma;150&comma;0.3); border-radius: 8px;' src='https:\/\/ftp3.syscom.mx\/usuarios\/ftp\/single_page\/hikvision\/directoHC.jpg' alt='Imagen 3'> <img style='width: 100%; height: auto; border: 1px solid rgba(150&comma;150&comma;150&comma;0.3); border-radius: 8px;' src='https:\/\/ftp3.syscom.mx\/usuarios\/ftp\/single_page\/hikvision\/notificaciones2HC.jpg' alt='Imagen 4'> <\/div>\n<\/p><\/div>\n<p> <!-- Caracter\u00edsticas t\u00e9cnicas --> <\/p>\n<div style='margin: 40px 0;'>\n<h3 style='font-size: 22px; border-bottom: 2px solid currentColor; padding-bottom: 5px; margin: 0 0 20px; color: inherit; opacity: 0.8;'>Caracter\u00edsticas t\u00e9cnicas<\/h3>\n<div style='display: grid; grid-template-columns: repeat(auto-fill&comma; minmax(280px&comma; 1fr)); gap: 20px;'> <!-- Card 1 --> <\/p>\n<div style='background: #ffffff; border: 1px solid rgba(150&comma;150&comma;150&comma;0.4); border-radius: 8px; overflow: hidden; display: flex; flex-direction: column;'>\n<div style='padding: 15px; border-bottom: 1px solid rgba(150&comma;150&comma;150&comma;0.2); font-weight: bold; font-size: 18px; color: inherit;'>Resoluci\u00f3n 4K<\/div>\n<div style='padding: 15px; color: inherit;'>\n<ul style='padding-left: 20px; margin: 0; font-size: 14px; list-style-type: disc;'>\n<li style='margin-bottom: 5px;'><img style='width: 60px; height: 60px; border: 1px solid rgba(150&comma;150&comma;150&comma;0.3); border-radius: 8px;' src='https:\/\/cdn-icons-gif.flaticon.com\/19036\/19036565.gif' alt='Icono Resoluci\u00f3n 4K'><\/li>\n<li style='margin-bottom: 5px;'><strong>Imagen ultra n\u00edtida:<\/strong> Con un nivel de detalle superior para una identificaci\u00f3n m\u00e1s precisa.<\/li>\n<\/ul><\/div>\n<\/p><\/div>\n<p> <!-- Card 2 --> <\/p>\n<div style='background: #ffffff; border: 1px solid rgba(150&comma;150&comma;150&comma;0.4); border-radius: 8px; overflow: hidden; display: flex; flex-direction: column;'>\n<div style='padding: 15px; border-bottom: 1px solid rgba(150&comma;150&comma;150&comma;0.2); font-weight: bold; font-size: 18px; color: inherit;'>Audio Bidireccional<\/div>\n<div style='padding: 15px; color: inherit;'>\n<ul style='padding-left: 20px; margin: 0; font-size: 14px; list-style-type: disc;'>\n<li style='margin-bottom: 5px;'><img style='width: 60px; height: 60px; border: 1px solid rgba(150&comma;150&comma;150&comma;0.3); border-radius: 8px;' src='https:\/\/cdn-icons-gif.flaticon.com\/8121\/8121329.gif' alt='Icono Audio Bidireccional'><\/li>\n<li style='margin-bottom: 5px;'><strong>Escucha y habla:<\/strong> A trav\u00e9s de la c\u00e1mara para una comunicaci\u00f3n inmediata.<\/li>\n<\/ul><\/div>\n<\/p><\/div>\n<p> <!-- Card 3 --> <\/p>\n<div style='background: #ffffff; border: 1px solid rgba(150&comma;150&comma;150&comma;0.4); border-radius: 8px; overflow: hidden; display: flex; flex-direction: column;'>\n<div style='padding: 15px; border-bottom: 1px solid rgba(150&comma;150&comma;150&comma;0.2); font-weight: bold; font-size: 18px; color: inherit;'>Iluminaci\u00f3n Dual<\/div>\n<div style='padding: 15px; color: inherit;'>\n<ul style='padding-left: 20px; margin: 0; font-size: 14px; list-style-type: disc;'>\n<li style='margin-bottom: 5px;'><img style='width: 60px; height: 60px; border: 1px solid rgba(150&comma;150&comma;150&comma;0.3); border-radius: 8px;' src='https:\/\/cdn-icons-gif.flaticon.com\/19009\/19009707.gif' alt='Icono Iluminaci\u00f3n Dual'><\/li>\n<li style='margin-bottom: 5px;'><strong>C\u00e1maras con luz blanca e IR:<\/strong> Para grabar a color al detectar movimiento durante la noche<\/li>\n<\/ul><\/div>\n<\/p><\/div>\n<p> <!-- Card 4 --> <\/p>\n<div style='background: #ffffff; border: 1px solid rgba(150&comma;150&comma;150&comma;0.4); border-radius: 8px; overflow: hidden; display: flex; flex-direction: column;'>\n<div style='padding: 15px; border-bottom: 1px solid rgba(150&comma;150&comma;150&comma;0.2); font-weight: bold; font-size: 18px; color: inherit;'>Infrarrojo inteligente<\/div>\n<div style='padding: 15px; color: inherit;'>\n<ul style='padding-left: 20px; margin: 0; font-size: 14px; list-style-type: disc;'>\n<li style='margin-bottom: 5px;'><img style='width: 60px; height: 60px; border: 1px solid rgba(150&comma;150&comma;150&comma;0.3); border-radius: 8px;' src='https:\/\/cdn-icons-gif.flaticon.com\/19009\/19009707.gif' alt='Icono Infrarrojo'><\/li>\n<li style='margin-bottom: 5px;'><strong>La potencia del infrarrojo:<\/strong> Se ajusta dependiendo del objetivo en la imagen<\/li>\n<\/ul><\/div>\n<\/p><\/div>\n<p> <!-- Card 5 --> <\/p>\n<div style='background: #ffffff; border: 1px solid rgba(150&comma;150&comma;150&comma;0.4); border-radius: 8px; overflow: hidden; display: flex; flex-direction: column;'>\n<div style='padding: 15px; border-bottom: 1px solid rgba(150&comma;150&comma;150&comma;0.2); font-weight: bold; font-size: 18px; color: inherit;'>Angulo de visi\u00f3n<\/div>\n<div style='padding: 15px; color: inherit;'>\n<ul style='padding-left: 20px; margin: 0; font-size: 14px; list-style-type: disc;'>\n<li style='margin-bottom: 5px;'><img style='width: 60px; height: 60px; border: 1px solid rgba(150&comma;150&comma;150&comma;0.3); border-radius: 8px;' src='https:\/\/cdn-icons-gif.flaticon.com\/15944\/15944846.gif' alt='Icono \u00c1ngulo de visi\u00f3n'><\/li>\n<li style='margin-bottom: 5px;'><strong>Lente fijo:<\/strong> 3.6 mm dando 86\u00b0 de apertura<\/li>\n<\/ul><\/div>\n<\/p><\/div>\n<p> <!-- Card 6 --> <\/p>\n<div style='background: #ffffff; border: 1px solid rgba(150&comma;150&comma;150&comma;0.4); border-radius: 8px; overflow: hidden; display: flex; flex-direction: column;'>\n<div style='padding: 15px; border-bottom: 1px solid rgba(150&comma;150&comma;150&comma;0.2); font-weight: bold; font-size: 18px; color: inherit;'>Protecci\u00f3n IP67<\/div>\n<div style='padding: 15px; color: inherit;'>\n<ul style='padding-left: 20px; margin: 0; font-size: 14px; list-style-type: disc;'>\n<li style='margin-bottom: 5px;'><img style='width: 60px; height: 60px; border: 1px solid rgba(150&comma;150&comma;150&comma;0.3); border-radius: 8px;' src='https:\/\/cdn-icons-gif.flaticon.com\/6455\/6455054.gif' alt='Icono Protecci\u00f3n IP67'><\/li>\n<li style='margin-bottom: 5px;'><strong>Protecci\u00f3n total:<\/strong> Contra polvo y chorros de agua&comma; ideal para uso en exteriores.<\/li>\n<\/ul><\/div>\n<\/p><\/div>\n<\/p><\/div>\n<\/p><\/div>\n<p> <!-- Videos --> <\/p>\n<div style='margin: 40px 0;'>\n<h3 style='font-size: 22px; border-bottom: 2px solid currentColor; padding-bottom: 5px; margin: 0 0 20px; color: inherit; opacity: 0.8;'>Videos<\/h3>\n<div style='display: grid; grid-template-columns: repeat(auto-fill&comma; minmax(280px&comma; 1fr)); gap: 20px;'>\n<div style='position: relative; padding-bottom: 56.25%; height: 0; overflow: hidden; margin-bottom: 30px;'>   <\/div>\n<div style='position: relative; padding-bottom: 56.25%; height: 0; overflow: hidden; margin-bottom: 30px;'>   <\/div>\n<div style='position: relative; padding-bottom: 56.25%; height: 0; overflow: hidden; margin-bottom: 30px;'>   <\/div>\n<div style='position: relative; padding-bottom: 56.25%; height: 0; overflow: hidden; margin-bottom: 30px;'>   <\/div>\n<\/p><\/div>\n<\/p><\/div>\n<p> <!-- Especificaciones --> <\/p>\n<div style='margin: 40px 0;'>\n<h3 style='font-size: 22px; border-bottom: 2px solid currentColor; padding-bottom: 5px; margin: 0 0 20px; color: inherit; opacity: 0.8;'>Especificaciones<\/h3>\n<div style='display: flex; flex-wrap: wrap; gap: 20px;'> <!-- Columna 1 --> <\/p>\n<div style='flex: 1 1 300px; min-width: 280px;'>\n<div style='border: 1px solid rgba(150&comma; 150&comma; 150&comma; 0.4); border-radius: 8px; overflow: hidden; margin-bottom: 20px;'>\n<div style='padding: 15px; background: #df001e; color: white; font-weight: bold; font-size: 18px; border-bottom: 1px solid #a80000;'>Caracter\u00edsticas Principales<\/div>\n<div style='padding: 15px; color: inherit;'>\n<ul style='padding-left: 20px; margin: 0; font-size: 14px; list-style-type: disc;'>\n<li style='margin-bottom: 8px;'><strong>Resoluci\u00f3n:<\/strong> 4K TurboHD (3840 x 2160)<\/li>\n<li style='margin-bottom: 8px;'><strong>Lente:<\/strong> Fijo 3.6mm<\/li>\n<li style='margin-bottom: 8px;'><strong>\u00c1ngulo de visi\u00f3n Horizontal:<\/strong> 86\u00b0<\/li>\n<li style='margin-bottom: 8px;'><strong>Iluminaci\u00f3n Dual:<\/strong> 80 metros smart IR + 80 metros luz blanca<\/li>\n<li style='margin-bottom: 8px;'><strong>Iluminaci\u00f3n minima requerida a color:<\/strong> 0.01 lux<\/li>\n<li style='margin-bottom: 8px;'><strong>Protecci\u00f3n:<\/strong> Exterior IP67<\/li>\n<li style='margin-bottom: 8px;'><strong>Protocolo de comunicaci\u00f3n:<\/strong> Coaxitron Hikvision C<\/li>\n<li style='margin-bottom: 8px;'><strong>Audio Bidireccional:<\/strong> Cuenta con audio bidireccional de alta ganancia para \u00e1reas de 5 a 8m\u00b2 (solo en TurboHD)<\/li>\n<li style='margin-bottom: 0;'><strong>Material de fabricaci\u00f3n:<\/strong> Metal + Policarbonato<\/li>\n<\/ul><\/div>\n<\/p><\/div>\n<\/p><\/div>\n<p> <!-- Columna 2 --> <\/p>\n<div style='flex: 1 1 300px; min-width: 280px;'>\n<div style='border: 1px solid rgba(150&comma; 150&comma; 150&comma; 0.4); border-radius: 8px; overflow: hidden; margin-bottom: 20px;'>\n<div style='padding: 15px; background: #df001e; color: white; font-weight: bold; font-size: 18px; border-bottom: 1px solid #a80000;'>Resoluci\u00f3n<\/div>\n<div style='padding: 15px; color: inherit;'>\n<ul style='padding-left: 20px; margin: 0; font-size: 14px; list-style-type: disc;'>\n<li style='margin-bottom: 8px;'><strong>TurboHD:<\/strong><\/li>\n<ul style='padding-left: 30px; margin: 5px 0 15px 25px; font-size: 13px;'>\n<li style='margin-bottom: 5px;'><strong>TVI:<\/strong> 4K@12.5fps&comma; 3K@20fps&comma; 4MP@30fps&comma; 2MP@30fps<\/li>\n<\/ul>\n<\/ul><\/div>\n<\/p><\/div>\n<div style='border: 1px solid rgba(150&comma; 150&comma; 150&comma; 0.4); border-radius: 8px; overflow: hidden;'>\n<div style='padding: 15px; background: #df001e; color: white; font-weight: bold; font-size: 18px; border-bottom: 1px solid #a80000;'>Caracter\u00edsticas F\u00edsicas y El\u00e9ctricas<\/div>\n<div style='padding: 15px; color: inherit;'>\n<ul style='padding-left: 20px; margin: 0; font-size: 14px; list-style-type: disc;'>\n<li style='margin-bottom: 8px;'><strong>Alimentaci\u00f3n:<\/strong> 12Vcc \/ 8.2 W.<\/li>\n<li style='margin-bottom: 8px;'><strong>Temperatura de operaci\u00f3n:<\/strong> -40 \u00baC hasta 60 \u00baC.<\/li>\n<li style='margin-bottom: 8px;'><strong>Dimensiones:<\/strong> 211mm x 83.5mm x 80.7mm.<\/li>\n<li style='margin-bottom: 8px;'><strong>Peso:<\/strong> 665g.<\/li>\n<li style='margin-bottom: 8px;'><strong>Protecci\u00f3n:<\/strong> Contra sobre tensiones y voltajes transitorios<\/li>\n<li style='margin-bottom: 0;'><strong>Accesorios:<\/strong>\n<ul style='padding-left: 25px; margin: 10px 0 0 20px; font-size: 13px;'>\n<li style='margin-bottom: 5px;'>Montaje para poste&comma; modelo: DS-1275ZJ-SUS<\/li>\n<li style='margin-bottom: 5px;'>Montaje de esquina&comma; modelo: DS-1276ZJ-SUS<\/li>\n<li style='margin-bottom: 0;'>Caja de conexiones&comma; modelo: DS-1280ZJ-S<\/li>\n<\/ul>\n<\/li>\n<\/ul><\/div>\n<\/p><\/div>\n<\/p><\/div>\n<\/p><\/div>\n<\/p><\/div>\n<p> <!-- Caracter\u00edsticas Destacadas --> <\/p>\n<div style='margin: 40px 0;'>\n<h3 style='font-size: 22px; border-bottom: 2px solid currentColor; padding-bottom: 5px; margin: 0 0 20px; color: inherit; opacity: 0.8;'>Caracter\u00edsticas Destacadas<\/h3>\n<div style='border: 1px solid rgba(150&comma; 150&comma; 150&comma; 0.4); border-radius: 8px; overflow: hidden;'>\n<div style='padding: 15px; background: #df001e; color: white; font-weight: bold; font-size: 18px; border-bottom: 1px solid #a80000;'>Informaci\u00f3n importante<\/div>\n<div style='padding: 15px; color: inherit;'>\n<ul style='padding-left: 20px; margin: 0; font-size: 14px; list-style-type: disc;'>\n<li style='margin-bottom: 10px;'><strong>Compatibilidad de audio:<\/strong> El audio del micr\u00f3fono \u00fanicamente es compatible con grabadores con audio bidireccional<\/li>\n<li style='margin-bottom: 10px;'><strong>Comunicaci\u00f3n bidireccional:<\/strong> La c\u00e1mara cuenta con un micr\u00f3fono y bocina interconstruido&comma; el cual no requiere cables adicionales para poder transmitir el audio y video. Podemos tener una comunicaci\u00f3n bidireccional desde la App (Hik-Connect) usando el DVR de por medio para la interconexi\u00f3n.<\/li>\n<li style='margin-bottom: 10px;'><strong>Nota 1:<\/strong> El audio de dos v\u00edas solo es compatible con DVRs de la serie XT de HIKVISION y EX-8000 (ejemplo IDS-7204HUHI\/XT\/T EX-8004TURBO)<\/li>\n<li style='margin-bottom: 10px;'><strong>Nota 2:<\/strong> La funci\u00f3n de audio bidireccional tiene un alcance efectivo de hasta 5 metros. Aseg\u00farese de ubicar la c\u00e1mara en un lugar estrat\u00e9gico para maximizar la claridad del sonido y garantizar una comunicaci\u00f3n fluida.<\/li>\n<li style='margin-bottom: 10px;'><strong>Nota 3:<\/strong> Para la funci\u00f3n de audio de 2 v\u00edas&comma; la distancia m\u00e1xima soportada entre el grabador y la c\u00e1mara es de 120 metros.<\/li>\n<li style='margin-bottom: 0;'><strong>Nota 4:<\/strong> La funci\u00f3n de Dual Light permite que la c\u00e1mara&comma; cuando est\u00e9 en modo noche (con IR encendido)&comma; pueda activar su luz blanca para grabar a color cuando ocurra un evento (detecci\u00f3n de movimiento&comma; cruce de l\u00ednea&comma; entrada de \u00e1rea). La comunicaci\u00f3n para activar luz blanca funciona \u00fanicamente en modo TVI (TURBOHD) y con grabadores que sean de la serie ACUSENSE&comma; serie XT de HIKVISION y EX de epcom.<\/li>\n<\/ul><\/div>\n<\/p><\/div>\n<\/p><\/div>\n<p> <!-- Banner final --> <\/p>\n<div style='margin: 40px 0;'> <img style='width: 100%; height: auto; border: 1px solid rgba(150&comma;150&comma;150&comma;0.3); border-radius: 8px;' src='https:\/\/ftp3.syscom.mx\/cdn-cgi\/image\/format=avif&comma;width=800&comma;quality=80\/usuarios\/jsosa\/HIKVISION\/imagenes\/banners\/solution%20complete.png' alt='Banner de soluci\u00f3n completa'> <\/div>\n<\/p><\/div>\n","protected":false},"excerpt":{"rendered":"<p>[Audio Bidireccional + Dual Light + ColorVu] Bala TURBOHD 4K (8 Megapixel) \/ Lente 3.6 mm \/ 80 mts IR EXIR + 80 mts Luz Blanca \/ Micr\u00f3fono y Bocina Integrado \/ Exterior IP67 \/ Metal \/ dWDR<\/p>\n","protected":false},"featured_media":100269,"comment_status":"open","ping_status":"closed","template":"","meta":[],"product_brand":[],"product_cat":[2268],"product_tag":[439,2255,54],"class_list":{"0":"post-100270","1":"product","2":"type-product","3":"status-publish","4":"has-post-thumbnail","6":"product_cat-bala-camaras-y-dvrs-hd-turbohd-ahd-hd-tvi","7":"product_tag-bala","8":"product_tag-camaras-y-dvrs-hd-turbohd-ahd-hd-tvi","9":"product_tag-hikvision","11":"first","12":"instock","13":"sale","14":"shipping-taxable","15":"purchasable","16":"product-type-simple"},"_links":{"self":[{"href":"https:\/\/soydeaqui.ddns.net\/pachuca\/index.php\/wp-json\/wp\/v2\/product\/100270","targetHints":{"allow":["GET"]}}],"collection":[{"href":"https:\/\/soydeaqui.ddns.net\/pachuca\/index.php\/wp-json\/wp\/v2\/product"}],"about":[{"href":"https:\/\/soydeaqui.ddns.net\/pachuca\/index.php\/wp-json\/wp\/v2\/types\/product"}],"replies":[{"embeddable":true,"href":"https:\/\/soydeaqui.ddns.net\/pachuca\/index.php\/wp-json\/wp\/v2\/comments?post=100270"}],"wp:featuredmedia":[{"embeddable":true,"href":"https:\/\/soydeaqui.ddns.net\/pachuca\/index.php\/wp-json\/wp\/v2\/media\/100269"}],"wp:attachment":[{"href":"https:\/\/soydeaqui.ddns.net\/pachuca\/index.php\/wp-json\/wp\/v2\/media?parent=100270"}],"wp:term":[{"taxonomy":"product_brand","embeddable":true,"href":"https:\/\/soydeaqui.ddns.net\/pachuca\/index.php\/wp-json\/wp\/v2\/product_brand?post=100270"},{"taxonomy":"product_cat","embeddable":true,"href":"https:\/\/soydeaqui.ddns.net\/pachuca\/index.php\/wp-json\/wp\/v2\/product_cat?post=100270"},{"taxonomy":"product_tag","embeddable":true,"href":"https:\/\/soydeaqui.ddns.net\/pachuca\/index.php\/wp-json\/wp\/v2\/product_tag?post=100270"}],"curies":[{"name":"wp","href":"https:\/\/api.w.org\/{rel}","templated":true}]}}