{"id":100267,"date":"2026-03-20T11:05:57","date_gmt":"2026-03-20T11:05:57","guid":{"rendered":"https:\/\/soydeaqui.ddns.net\/pachuca\/index.php\/producto\/relevador-de-4-pines-para-tarjetas-impresas-through-hole-de-12-vcc-31-amp\/"},"modified":"2026-03-20T11:06:01","modified_gmt":"2026-03-20T11:06:01","slug":"relevador-de-4-pines-para-tarjetas-impresas-through-hole-de-12-vcc-31-amp","status":"publish","type":"product","link":"https:\/\/soydeaqui.ddns.net\/pachuca\/index.php\/producto\/relevador-de-4-pines-para-tarjetas-impresas-through-hole-de-12-vcc-31-amp\/","title":{"rendered":"Relevador de 4 pines para tarjetas impresas Through-Hole de 12 Vcc, 31 Amp."},"content":{"rendered":"<p><img style='display: block; margin-left: auto; margin-right: auto;' src='data:image\/png;base64&comma;iVBORw0KGgoAAAANSUhEUgAAAPEAAABpCAIAAABknFJwAAAZmUlEQVR4Ae1deVgUV7bv6hZpQNkVFYkLzaIgCmpQVMiQiIpR0EgEE5foqGhixgzGqE9J1MQYdcLIMz4jjiijM5oYNNFoXLqbrWl2l7S2CLLvdNP7UtX\/vGCNZXGr6QWaMd259fX3eevec88953d+99apW2VB08EDImBbCNBsyx3oDURABzkNSWBrCEBO21pEoT+Q05ADtoYA5LStRRT6AzkNOWBrCEBO21pEoT+Q05ADtoYA5LStRRT6AzkNOWBrCEBO21pEoT+Q05ADtoYA5LStRRT6AzkNOWBrCEBO21pEoT+Q05ADtoYA5LStRRT6AzkNOWBrCEBO21pEoT+Q05ADtoYA5LStRRT6AzkNOWBrCEBO21pEoT+Q05ADtoYA5LStRRT6AzkNOWBrCPyXOI2iqEKhkEgkYvMPmUym1Wp1Op1Kperq6tKrQC6XYximNzgYhimVSr29urq6UBQl98IwTK1Wy2Sy3gbSqwev7OrqUiqVZG1EGcMwlUollUoNdNfbJJPJAAtxnVqttm94SiQSpVKpFysMw\/pgoV6z9VYCQ+NxkUgkcrlco9EQWPW\/MOCcRlFULpcLBIK\/\/vWvUVFRYWFhU8w84uLi2tradDrdpUuXZsyYQe0dGhq6a9cunPcAIhiG\/UbcnTt3hoaGAh1DQ0MXLVrU0dFBBFilUnV2dmZmZi5ZsiQ8PByQN3oaERFx6dIlqgFKpbKpqenQoUMxMTHTpk0zqocssHbtWoVCQdap1WqlUmlhYWFycvKcOXOofpG7A+XQ0NDIyMidO3e2t7dTp4pIJIqMjAS6WPA0MjJy\/\/79nZ2d+NAymSw1NTUhIeHdd9+tqKjQGz6y46aXB5bTWq1WKBQuXrzY3t6e1qeDyWRevXoVn8cCgWD06NFUNQiCDB8+XCaTAW5jGCYSidauXTt48GCgF51O9\/PzEwgEOKExDJPL5V999dXYsWPpdDogbMopnU5ftGhRZ2cn2QYURUUiUUpKipubG4Igpughyzg4OBQUFJCDrVaruVxudHQ01SNyR8NlOp0eGBhYVVVFNlWn07HZ7KFDhxru2\/\/WsLCw1tZWDMMOHDjw5ZdfJicnHzp0KCUlpaWlBbCnz6cDyGmtVnvhwgUPD48+hBPHDkGQVatWicVi3D2JRLJq1areYM3OziaHX6fTtbe3JyQkDBo0COjCYDBCQ0OfPn1KoNbc3BwTE2NnZwdImn7q7e1dUFBAKNTpdCiKPnjwYNKkSaYrASRTUlJUKhWhU61WHzx40N3dHRDrw6mdnd2yZcsIzXghKSmpPwiYbsbGjRslEklsbOyZM2e2bNmSmpqanp6en58P2NPn04HitEajOXPmTD8x8vHxaWxsJHzDMOzs2bNMJlMvfElJSeR0tqGhYe7cuQwGAxBmMBhRUVFktY2NjWFhYVRJoKOB08GDBx86dEitVhOm4oT28fHp23xGECQwMFAkEhEKNRrNzp07HR0dDZhhVpObmxuxWOh0uqamJldXV7M09Fk4ODi4s7NzzZo1Wc+OkydPpqamPnr0iHC2n4UB4bRWq+Xz+c7Ozn12m0aj2dnZff\/992Si6HQ6oVA4ZswYvWo9PT0JEjx58iQ8PJy6QtvZ2c2fP7+trY3IoZVKZWxsbD\/nXkxMTGtrKzkSra2tEyZM6BuhaTSavb397du3ySnv+fPnXV1d+6yQipirqyv5cv+vf\/3LwcGBKjYQNSwWq6Ojo76+fs2aNampqZs3bz516hQQaDKY5pYHhNMYhlVXVxf07ygtLSVfeXHH1Gq1QCDQq5jH4xEpdXV1dVFREVWMz+eLxWKC0DqdTi6XFxcXUyXNqmlpaSHzT6fTicViPp9vlhKycHl5OTmPwjDs3r17hYWFZJl+louKishD1NTUWFa\/AfPKy8s1Gg2xdSOXyy1IaJ1uwL4\/jWGYtn8HwBJisqIo2ptigqzos4MqhqIoIYMrxDDMgEKqBr01gE6dTtdP96m+999IwHJgiN4QA3pZ5BQYmoispQoDsk5byjioByLQBwQsz2mVSpWfn59t\/nH58uUbN25UVlb29lAAdw\/DsJqaGtPVs9nsrq4uvdA0Nzf\/+OOPpqsiJC9fvlxSUtLe3k59WCCVSm\/dukVIEgUej0cV1msVUNnQ0HD16lVCD174+eefq6urAUnqqUwmY7PZQN8rV65wOBxCGEXRa9euATLZ2dklJSWAwVqt9tGjR1TJq1evEncyhNqurq7r169ThUtLSwG1RBdLFSzPaYVCsXLlSpc+Ha6urqNGjVq4cOGTJ0\/I2R7ZWwzDioqKRo4cacoI48ePP3fuXG\/pWnl5uZeXlyl6qDIeHh7BwcEZGRlEEo8bWVpaqte2PXv29GYG2Ttqedu2bR4eHoABAQEBlZWVVGGgpqKiYsyYMUBfLy+vgwcP4pIYhhUXF1P1e3h4fP3110AIpFLpokWLAG0uLi6BgYHkfSR8H7OgoMDT05Mq\/O2331ofp\/HZnJCQ4OPj4+Li0octBTqdHhUVJZVKgQgRpw0NDb6+vkZvyb28vLKysgzoUalUBw8eDAkJ8fT0dHR07MPTFjc3txs3bhBBUiqVR44coW4L2tnZ3b17tw95ZHt7+6hRo4DtDgRBYmNjJRIJAYjeAoqiGzZsoD7tGjZs2MOHD\/EuWq12+\/btVIM9PDzy8vLIajEMa25u9vT0pMK+bt06AGSpVPrhhx8CZtNoNDc3t4aGBurtB3mg\/pctv07j01QsFj9+\/Pjq1avp6ekff\/xxYmLinDlzfH19hw8f7uLiYm9vb5hAgwYNunPnDrBOEN7K5fK9e\/dSISPgRhBk9OjR2dnZcrmc6KW3gD+4zs\/PP3v27L59+zZs2LBw4cIpU6aMHDnS3d3dycmJuiFIjIIXYmNjiY3exsbG0NBQQABBkBkzZgCPuPUaQ628du2ak5MToNDR0TEtLc0oMzo7OwMCAgCU8OdNxLVFLpezWCxAhkajzZ8\/v6Ojg2yPUqk8duwYVdLBwQHYpdHpdJWVla+88gpgNo1GW7x4MfkZAlm\/BcsDwmnAPo1GI5VK29ra6uvrS0tLf\/jhh8OHD2\/evHnBggU+Pj69PeY9cuQIdS8P14yiqEAg6O1BLoIgvr6+bDbbXPjwF61EIlFTU5NQKLx161ZGRsauXbuSkpLCwsJ6224fN25cfX09vtfx888\/U8XodPqhQ4eItRwAx8AphmF6n+2NHz\/elMQjJyeH+hjFycnp6NGj+KBarfaXX36h0nTw4MGnTp0CDO7s7AwLC6PSNDAwsL29neyFVqu9ePEidbcbQZBz5871tk6RNfSz\/N\/gtF4TtVqtWCy+d+\/e9OnTqUjRaLT09HQDCWhbW1twcDC1I\/4yQ1lZWW\/zQa8xBirx18eam5vT0tL0XltYLBaeTcrl8pSUFEAGQRAnJ6fq6mqjyyrVhvr6ehcXF4BzdDp99erVxEJL7YXXaDSauLg4auI3ZswYfAbqdDqlUrly5Uoqhl5eXvfv3ydrRlG0srKSOl1pNNquXbuAS1BXV9eKFSsAtQiCeHl5AQ8HyENYsPzSOI37IJVK9+7dC\/hPo9EGDRrE5\/MNzGmpVLpjxw5qxxEjRgiFQmCN6T9eGIa1tbXpfSyfkJCA76s8ffqUxWIBJtHp9Hnz5vUhk9bpdP\/4xz+o2bCjo2NWVpZRj+rr64cPHw4Y8xuq8+bNwy9fGIZ1dHSMHDkSkKHRaImJicBOkVwu3717N1VyyJAhNTU1gHcVFRVeXl6AMJ1OX79+vcXjohcHi3EawzCNRqM251AoFJWVlUFBQYD\/NBotJCTE8D2QSCSKiIigdly6dClwv0J1G0VRc8xUq1QqsVh89OhR6nBMJvOnn37SaDQYhp07d27IkCGADIPB2LRpk1wuV6lURgfF9RAGz58\/n3r35urqevv2baVS2Zs2\/C3zI0eOUF8OcXV1Jd6G1Wg0WVlZgLX4Y\/mbN28Cq0ljY6Pe\/HjWrFkA+zUaTXp6OjWfHDx48M2bNwH2E55atmAZTuOT\/vz582fMOdLS0oKCgqhhs7OzO3nypIHEA8OwqqoqDw8PICQMBoPD4RheDNRqdV5enjlmnjl9+vQ777xDvVej0+nBwcHNzc06nU6j0aSkpAB5Ao1GQxDE2dn5wIEDmZmZRge9cOECcQ+gUCioKSl+BZs9e3ZGRkZv2jIzM1esWEG1dtCgQdHR0cTbsL+9hB0TEwMASKPRvL29yW8s4nf8fD6feo1CEOTYsWNAjtfR0TFv3jxALYIg48ePNxwXC9LaMpxWKBT79++nZm+Ab6acMhiMuLg4IEUDHFapVBkZGVQC+fn5EVsQQBf8FEXRurq6UaNGmWKJYRkEQdzd3Ylbfrlcvnr1asNdDLcyGIzJkyfjMxnDsNraWupqZ1iDgVY6ne7j41NYWIjjgGFYS0uLi4sL0AVBkC1btgAXut\/u75OTkwFJfGOO\/DYYrpnL5VL3++zs7Hbv3q03IgNRaQFOoyh6584davZGRcFojZ2d3ezZs6lIAZ63trZOnjyZqu399983PBnEYvGbb75J7WhuDb76ZmdnE6uUWq3Wu06brtnJyYmcKMtkMmomY7o2siSdTh82bNh3331HXPrxfXSyDF5mMpkVFRXA7ezjx4+9vb2pwvHx8cBW6W9vJu3YsYN64XV0dCwuLgaCOHCnFuB0c3NzdHQ01WezahAEsbe3T0xMBDaG9HpeUlJC3cij0+kVFRVE2Kgd1Wr1xYsX+38xYTAYo0aNun79OpAdXblyhbrymQ6Ct7d3Q0MD2eykpCSju+OG9SMIwmAw\/P39r1+\/Tk6RRSLR1KlTqX39\/f2Bl2ZRFL106RLVDARBLl68CKQTra2t4eHhgFo6nR4aGmogLmSXLVLuL6e1Wu2+ffv6eZVkMBjBwcFZWVmmeK5UKr\/44gsAOBqNNnXqVGDZAACqrKyk3o9T9RiucXR0TE5O1vswTKFQfPbZZ9SdCsMK8VYGgzF37lzA\/dra2tDQUGBz0BRthIyzs\/PWrVvr6urIUOB3I9T8mEaj7du3D7jQicXiZcuWEQqJwogRI6j7iZcvX6buiDOZzG+++YZswECX+8vp5ubmjRs3xsfHx5l\/xMfHL1++fPv27Tdv3lQoFEBEe\/NcIpFs3bqVOhr1MQFZg0qlOnv27JIlS6gdTalZsmTJunXrjh8\/3tTUBOxOkEdRq9V8Pv+jjz566623TFFLyCxfvjwnJ4esCn+II5FITp48uWbNGrMsX7p06fr16zMyMlpbW6nWqtXqS5cuUUP21ltvUbO+hoaG9957j7ATL8THxx8+fBhYpDEMO3HiBNXOxMREU163Anzvz2l\/OY2iqEqlUvbjUKvV5MuiUWfwzxVQBwQgBvTgW43UXqbXqFQqKj+AUfBdArVabbpaXFKlUvUGgkaj6QPCBqzF3+3WayF1WektvkDeheOg0WioalUqFVUtFTcL1vSX0xY0BaqCCFgEAchpi8AIlfyOEICc\/h0FA5piEQT+KJzGVGp1W4eypt7cn6q5FdNoMBTViMTKukYzutc3aTpEZsgTttU2qts7VfVNypoGc7urGlvUre3KWtPsrG1QNbZgpE84WIRSL13JH4XTiuq6oqmxBb6zzfv5zSl7I0nd1lG9N61k9lJeQJTp3QuDXq\/9+qTp8oQkLyCqLv104YQ\/ETWmFlizBWu33Vu6ocBvjold+JPeEKxN0bR36nr52uBLJ2gfDPhDcBrTaluzb3CdJ7Dtfc36cV2DnnzypWD1R1y3ILM6chz9C4NeL5+7wqxeuDDXZWLlx5\/3oSObyar8+HOuy0Q20ww3OY7+wg8\/xVQvPrjTBxr9rrr8ITitFUseJH3QB5bk+bxal57JdTWP0Gx7X65rUM2Xx\/JGTTN3UI6Tf9kbSeUx5k8GJitn2JTK7V9wnPzNHbRwYjQq7\/Glyd8VR8015g\/BaUnFr3k+r76INJPFdZnI848kfgXjIp4tb6wXMva+HEe\/4ukLSyLiyZVEmes8IX\/sTI5TAFFDLuQOm1z5yQFyDdvBr8B3FjEiz29OjudkjqNfDxl7X67zxJqvjnPdgsn1HCf\/\/LEzX\/T1j8z3CQeG5jj63V++uTh8Mduhh06ua1D+K+FE34Lxs3I8QsjK2fa+\/JAYyGlzZ87LlMc0moYT\/+QMCSQCyXHyv798k\/SuQFxYhv+k9x4+2vw\/3bQmJSc57sHCD1NzvULJlXiZMzTwQdL7Yl5p7sipelqdAoqmxhaFLSA38QKiJOUPuooq8BElZfcbT1\/MGz2dLMNmsnI8Qx4l7+xRae+b4xnSfp3dVXJXJngsKX8gLixrOPFPIJXiOAVUffo3jmOPRTp3+JTKbZ+LuIWEp53sgsKgaED\/ww2foKSPTb7MaFlibNtfpzUdoorYVeQocl2DWn+4LljzEbF6CT\/YLSm9lzsi7IUYk8ULeK1q92G2Q4\/Fm23vyxkSeHfxWnFekbqlnRf42osuz+dDjufkhpPnczx7LIePNu1qPPXvwonR+KAlEXFdxRVlr71N7s4ZGng\/Ibl4xmJyJZ7J5I+dWRIR38UvL3sjiecfmTdyKptJMozJyvOe\/uiD3T0q7X2f7PqqKfMif3IMLyCq++cflT9mBpBKcRz8Ou\/kY9oe35a3BLVemg7b57SIW9hjNWWyckeEyYVVOZ6TuS4TuS4Tc9wnPf5ob9Wew+Rg57gFP9762f23NwH04jj5Vyxc03EzN3\/sTFVjy91F7wH5K2dIQGnksqaz35PpxXH0F+cVFU1byHWewBkSwHWewA+Z236Dm0\/OiBy6eQla+3yesO19f125tf5YJjBVcPO4LhNrDv1fxcLV5EHZ9r6dHF71Z18XT3+zaOqCommxPP9I4FrEZrK6k2nliy8CvzQmWm5gG+c0ptYAV2TO0MBHH+ypTcu4t2R9derfqlP\/Vpd+WsThda98JAIVhS0QF5QAyTTHyb885p3OW3m8gKhcr9C2Kzfrj2fluE8id8wdPqXt8i9Pdhx4QS+mb9G0heKCksKJf7q3dP39tzcJ1m4TcXgVsavI84E7NPDhuo87bnD1spYzNLDtp1v34v9MvW6wmaz8cRFSQSV\/yvwXgz7zhT\/pjer9R+vST9enn2489W+Z4HEpcGVw9K\/afRh79qdFLEeql6zJxjmtbmkHeJnjGdJ5K7fs9UThXz6tPXzi6efp9xOSc4ZNBthQNGX+ww2fkMnKcfIvfS2hk13AnzKv4XhWy4UfRbl82a\/CHmutvW+uV2j9\/2b2SHaZrOp9f69KPXJv6YaaL79pOPFPdVtHN6GH9Li\/5DpPEKxN0ZvMsO19C8ZFiHL5PP8oskn\/KTuw8sfOvJ\/4fo+mZ\/fBOW7BxI\/nH9X2021eQI9kies8QXpXYEub0wP4XdOXPFWfD992+Ubu8Ckvgs1kFfjOlpTeJ98yvmh9vk537yG8vYk34U9EE8fBr2RGnIjD62bV80S2cGK07IGQHxJDiHXvIUyOefDOFnINx8FPeldQ4DcH78h1DRLlFtX9\/RQ51WHjk+H4WWDXgtAj\/GBP9d60nJ77IXgr13lC1Z7D+a\/MIIS7U3CXia3fXeu8nU\/8xIVlwi17yFcGtoNfyawlNkZoG+c0ptWCt01MVp7Pq0VTY8nhp5ZzR04VfrCHzDmOo3\/JzLiCcRFkYa7zhLLXE3OHv9gY6b7JS3y\/wHc2WYzzTIxD2mLjBb5WFp2Y407asGOyCsZFlMe8S+5ILpfMjMvz7rlJ8nwG5rgFV+05TBbGbysr5r17d9F7+K9iwSqefyQxG3FhztDA+mOZz6e\/7fxry7kHqlT9unIrEOzuU2OP2Uojl91PSAY76u31fM3GhfPHzmz59495o0l74Tjzeoo9s4G0a2Hvy3ULEv7l0zzv3p\/R6B392SY6PyRG\/wNLJqubxMTv+Rwg\/MpxD1ZU19oOl597Ysuc1mFYzZFvwTt9SmiJGOMFjlPAw407CsbPAupNOb375hpFdV1pVIIpwmSZ\/FfCa7\/OANZRskBv5Tzvae3XOeRrRW+SQH33Bs6i92wv8bDx3KP7sxviLsG6bdQnZ0CAyaf5PuEP\/7y9x02esWmAd+e6BtWmZWAajeyBsDu9ISUbZP16yg5+RdMXFr+6SE9T70NzXYNKo5aJ84trj3zbh8nQvUn\/\/bXnS5tN\/WvT6zT+X6lkClVTi\/SBUPrgkSk\/+ZMaxdN66a+myhM6ZQ8rtZLu7wtjGq1GLJELq4kmYwWh4mmdvPKpMTGy\/UJVY4u2S4qqVMq6RnM6\/keJTFCplRn56KuVMt3WOY2HBcN03X+4xaRf9+XYZGGyzmcdSTQwWYkO7R7RrEFx+f8MZvJAoLUkY22p+MfgtC1FDPpiDAHIaWMIwXZrQwBy2toiBu01hgDktDGEYLu1IQA5bW0Rg\/YaQwBy2hhCsN3aEICctraIQXuNIQA5bQwh2G5tCEBOW1vEoL3GEICcNoYQbLc2BCCnrS1i0F5jCEBOG0MItlsbApDT1hYxaK8xBCCnjSEE260NAchpa4sYtNcYApDTxhCC7daGAOS0tUUM2msMAchpYwjBdmtDAHLa2iIG7TWGAOS0MYRgu7UhADltbRGD9hpDAHLaGEKw3doQgJy2tohBe40hADltDCHYbm0IQE5bW8SgvcYQgJw2hhBstzYEIKetLWLQXmMIQE4bQwi2WxsCkNPWFjForzEEIKeNIQTbrQ0ByGlrixi01xgCkNPGEILt1oYA5LS1RQzaawwByGljCMF2a0Pg\/wEBHMeh53egzQAAAABJRU5ErkJggg==' alt='' \/><\/p>\n<p><span style='font-family: helvetica&comma; arial&comma; sans-serif;'>El Rel\u00e9 de Potencia<strong> ALFG2PF12<\/strong> de Panasonic es una soluci\u00f3n compacta&comma; confiable y robusta&comma; dise\u00f1ada para aplicaciones de alta demanda. Este modelo cuenta con un dise\u00f1o de<strong> 1 polo&comma;<\/strong> que asegura un rendimiento eficiente y una operaci\u00f3n sin enclavamiento.<\/span><\/p>\n<\/p>\n<div class='row'>\n<div class='col-sm-7'>\n<div style='border-left: 5px solid #FD1F22; border-radius: 5px; padding: 5px; box-shadow: 2px 2px 10px #d8d8d8; -webkit-box-shadow: 2px 2px 10px #d8d8d8;'>\n<p><span style='box-sizing: border-box; font-family: helvetica&comma; arial&comma; sans-serif; font-size: 12pt;'><strong style='box-sizing: border-box; color: #595959; text-indent: -18pt;'><span style='box-sizing: border-box; color: #2880b9;'><span lang='ES' style='box-sizing: border-box; line-height: 19.2px;'>Especificaciones<\/span><\/span><\/strong><\/span><\/p>\n<ul>\n<li><span style='font-family: helvetica&comma; arial&comma; sans-serif; font-size: 12pt;'>Tensi\u00f3n nominal de la bobina: 12 Vcc.<\/span><\/li>\n<li><span style='font-family: helvetica&comma; arial&comma; sans-serif;'>Forma del terminal: Terminal de la placa de circuito impreso<\/span><\/li>\n<li><span style='font-family: helvetica&comma; arial&comma; sans-serif; font-size: 12pt;'>Disposici\u00f3n de los contactos: 1 Forma A<\/span><\/li>\n<li><span style='font-family: helvetica&comma; arial&comma; sans-serif;'>Distancia de contacto: 1.5 mm y 1.8 mm.<\/span><\/li>\n<li><span style='font-family: helvetica&comma; arial&comma; sans-serif; font-size: 12pt;'>Capacidad de los contactos (carga resistiva): 31 A 250 Vca<\/span><\/li>\n<li><span style='font-family: helvetica&comma; arial&comma; sans-serif; font-size: 12pt;'>Tiempo de funcionamiento (inicial): M\u00e1x. 20 ms a tensi\u00f3n nominal de bobina.<\/span><\/li>\n<li><span style='font-family: helvetica&comma; arial&comma; sans-serif;'>Tama\u00f1o compacto: l:15.7 \u00d7 a: 30.1 \u00d7 h<\/span><span style='font-family: helvetica&comma; arial&comma; sans-serif;'>: 23.3 mm<\/span><\/li>\n<\/ul><\/div>\n<\/p><\/div>\n<div class='col-sm-5'>\n<div style='border-left: 5px solid #FD1F22; border-radius: 5px; padding: 5px; box-shadow: 2px 2px 10px #d8d8d8; -webkit-box-shadow: 2px 2px 10px #d8d8d8;'>\n<p><span style='box-sizing: border-box; font-family: helvetica&comma; arial&comma; sans-serif; font-size: 12pt;'><strong style='box-sizing: border-box;'><span lang='ES' style='box-sizing: border-box; line-height: 17.12px; color: #2880b9;'><span lang='ES' style='box-sizing: border-box; line-height: 19.2px;'>Aplicaciones<\/span><\/span><\/strong><\/span><\/p>\n<ul>\n<li><span style='font-family: helvetica&comma; arial&comma; sans-serif;'>En equipos de Generaci\u00f3n de energ\u00eda fotovoltaica<\/span><\/li>\n<li><span style='font-family: helvetica&comma; arial&comma; sans-serif;'>Sistemas de alimentaci\u00f3n ininterrumpida <\/span><span style='font-family: helvetica&comma; arial&comma; sans-serif;'>(SAI)<\/span><\/li>\n<li><span style='font-family: helvetica&comma; arial&comma; sans-serif;'>Electrodom\u00e9sticos<\/span><\/li>\n<li><span style='font-family: helvetica&comma; arial&comma; sans-serif;'>Equipos de oficina<\/span><\/li>\n<\/ul><\/div>\n<\/p><\/div>\n<\/p>\n<\/p><\/div>\n","protected":false},"excerpt":{"rendered":"<p>Relevador de 4 pines para tarjetas impresas Through-Hole de 12 Vcc, 31 Amp.<\/p>\n","protected":false},"featured_media":100266,"comment_status":"open","ping_status":"closed","template":"","meta":[],"product_brand":[],"product_cat":[2291],"product_tag":[417,2292,547],"class_list":{"0":"post-100267","1":"product","2":"type-product","3":"status-publish","4":"has-post-thumbnail","6":"product_cat-partes-o-refacciones","7":"product_tag-accesorios-generales","8":"product_tag-partes-o-refacciones","9":"product_tag-syscom-parts","11":"first","12":"instock","13":"sale","14":"shipping-taxable","15":"purchasable","16":"product-type-simple"},"_links":{"self":[{"href":"https:\/\/soydeaqui.ddns.net\/pachuca\/index.php\/wp-json\/wp\/v2\/product\/100267","targetHints":{"allow":["GET"]}}],"collection":[{"href":"https:\/\/soydeaqui.ddns.net\/pachuca\/index.php\/wp-json\/wp\/v2\/product"}],"about":[{"href":"https:\/\/soydeaqui.ddns.net\/pachuca\/index.php\/wp-json\/wp\/v2\/types\/product"}],"replies":[{"embeddable":true,"href":"https:\/\/soydeaqui.ddns.net\/pachuca\/index.php\/wp-json\/wp\/v2\/comments?post=100267"}],"wp:featuredmedia":[{"embeddable":true,"href":"https:\/\/soydeaqui.ddns.net\/pachuca\/index.php\/wp-json\/wp\/v2\/media\/100266"}],"wp:attachment":[{"href":"https:\/\/soydeaqui.ddns.net\/pachuca\/index.php\/wp-json\/wp\/v2\/media?parent=100267"}],"wp:term":[{"taxonomy":"product_brand","embeddable":true,"href":"https:\/\/soydeaqui.ddns.net\/pachuca\/index.php\/wp-json\/wp\/v2\/product_brand?post=100267"},{"taxonomy":"product_cat","embeddable":true,"href":"https:\/\/soydeaqui.ddns.net\/pachuca\/index.php\/wp-json\/wp\/v2\/product_cat?post=100267"},{"taxonomy":"product_tag","embeddable":true,"href":"https:\/\/soydeaqui.ddns.net\/pachuca\/index.php\/wp-json\/wp\/v2\/product_tag?post=100267"}],"curies":[{"name":"wp","href":"https:\/\/api.w.org\/{rel}","templated":true}]}}