{"id":100261,"date":"2026-03-20T11:05:44","date_gmt":"2026-03-20T11:05:44","guid":{"rendered":"https:\/\/soydeaqui.ddns.net\/pachuca\/index.php\/producto\/frente-de-calle-ip-intercom-sip-2-0-2mp-lente-fijo-de-1-6mm-5m-ir-angulo-de-vision-180\/"},"modified":"2026-03-20T11:05:50","modified_gmt":"2026-03-20T11:05:50","slug":"frente-de-calle-ip-intercom-sip-2-0-2mp-lente-fijo-de-1-6mm-5m-ir-angulo-de-vision-180","status":"publish","type":"product","link":"https:\/\/soydeaqui.ddns.net\/pachuca\/index.php\/producto\/frente-de-calle-ip-intercom-sip-2-0-2mp-lente-fijo-de-1-6mm-5m-ir-angulo-de-vision-180\/","title":{"rendered":"Frente de calle IP Intercom SIP 2.0 \/ 2MP \/ lente fijo de 1.6mm \/ 5m IR \/ angulo de vision 180\u00b0 \/"},"content":{"rendered":"<div style='width: 100%; max-width: 1200px; margin: 0 auto; font-family: sans-serif; line-height: 1.6; color: inherit; background-color: transparent;'> <!-- Video de presentaci\u00f3n --> <\/p>\n<div style='display: flex; flex-wrap: wrap; gap: 30px; margin-bottom: 30px;'>\n<div style='flex: 1 1 400px; min-width: 300px;'>\n<div style='position: relative; padding-bottom: 56.25%; height: 0; overflow: hidden; margin-bottom: 30px;'>   <\/div>\n<\/p><\/div>\n<p> <!-- Descripci\u00f3n principal --> <\/p>\n<div style='flex: 1 1 400px; min-width: 300px;'>\n<h2 style='font-size: 22px; margin-top: 0; color: inherit; opacity: 0.8;'> Intercom Hanwha con calidad de video optimizada y un gran angulo de vision para su entrada <\/h2>\n<p style='font-size: 15px; color: inherit;'> TID-600R cuenta con un lente de 2MP con la firma de Hanwha Vision&comma; WDR de alta capacidad y un excelente funcionamiento en baja iluminacion. <\/p>\n<\/p><\/div>\n<\/p><\/div>\n<p> <!-- Secci\u00f3n de caracter\u00edsticas --> <\/p>\n<div style='display: flex; flex-wrap: wrap; gap: 30px; margin-bottom: 30px;'> <!-- Caracter\u00edsticas principales --> <\/p>\n<div style='flex: 1 1 300px; min-width: 280px;'>\n<h3 style='font-size: 20px; border-bottom: 2px solid currentColor; padding-bottom: 5px; margin-top: 0; color: inherit; opacity: 0.8;'>Caracter\u00edsticas principales:<\/h3>\n<ul style='padding-left: 20px; font-size: 14px; color: inherit; list-style-type: disc;'>\n<li style='margin-bottom: 5px;'><strong>Sensor de imagen:<\/strong> 1\/2.8 CMOS<\/li>\n<li style='margin-bottom: 5px;'><strong>Iluminaci\u00f3n m\u00ednima:<\/strong> Color: 0.018Lux&comma; B\/N: 0Lux con IR encendido.<\/li>\n<li style='margin-bottom: 5px;'><strong>D\u00eda \/ Noche real con filtro ICR.<\/strong><\/li>\n<li style='margin-bottom: 5px;'><strong>Lente fijo:<\/strong> 1.6mm<\/li>\n<li style='margin-bottom: 5px;'><strong>Angulo de vision Horizontal:<\/strong> 180\u00b0<\/li>\n<li style='margin-bottom: 5px;'><strong>Angulo de vision Vertical:<\/strong> 114\u00b0<\/li>\n<li style='margin-bottom: 5px;'><strong>Distancia de IR:<\/strong> 5 m.<\/li>\n<li style='margin-bottom: 5px;'><strong>Funciones:<\/strong> WDR real (150dB).<\/li>\n<\/ul><\/div>\n<p> <!-- Compresi\u00f3n de video y resoluci\u00f3n --> <\/p>\n<div style='flex: 1 1 300px; min-width: 280px;'>\n<h3 style='font-size: 20px; border-bottom: 2px solid currentColor; padding-bottom: 5px; margin-top: 0; color: inherit; opacity: 0.8;'>Compresi\u00f3n de v\u00eddeo y resoluci\u00f3n m\u00e1xima:<\/h3>\n<ul style='padding-left: 20px; font-size: 14px; color: inherit; list-style-type: disc;'>\n<li style='margin-bottom: 5px;'><strong>Resoluci\u00f3n m\u00e1xima:<\/strong> 2 Megapixeles (1920 x 1080).<\/li>\n<li style='margin-bottom: 5px;'><strong>Compresi\u00f3n:<\/strong> H.265&comma; H.264&comma; MJPEG.<\/li>\n<\/ul>\n<h3 style='font-size: 20px; border-bottom: 2px solid currentColor; padding-bottom: 5px; margin-top: 20px; color: inherit; opacity: 0.8;'>Funciones de red y almacenamiento:<\/h3>\n<ul style='padding-left: 20px; font-size: 14px; color: inherit; list-style-type: disc;'>\n<li style='margin-bottom: 5px;'><strong>Almacenamiento:<\/strong> Soporta microSD de hasta 256GB (no incluida).<\/li>\n<li style='margin-bottom: 5px;'><strong>ONVIF:<\/strong> Profile S&comma; SUNAPI (HTTP API).<\/li>\n<\/ul>\n<h3 style='font-size: 20px; border-bottom: 2px solid currentColor; padding-bottom: 5px; margin-top: 20px; color: inherit; opacity: 0.8;'>Analiticos de video soportados:<\/h3>\n<ul style='padding-left: 20px; font-size: 14px; color: inherit; list-style-type: disc;'>\n<li style='margin-bottom: 5px;'>Aparicion \/ Desaparicion de objetos<\/li>\n<li style='margin-bottom: 5px;'>Deteccion de movimiento<\/li>\n<li style='margin-bottom: 5px;'>Linea virtual: Deteccion de direccion<\/li>\n<li style='margin-bottom: 5px;'>Area virtual: Entrada y salida de area<\/li>\n<li style='margin-bottom: 5px;'>Tampering.<\/li>\n<\/ul><\/div>\n<p> <!-- Caracter\u00edsticas f\u00edsicas y el\u00e9ctricas --> <\/p>\n<div style='flex: 1 1 300px; min-width: 280px;'>\n<h3 style='font-size: 20px; border-bottom: 2px solid currentColor; padding-bottom: 5px; margin-top: 0; color: inherit; opacity: 0.8;'>Caracter\u00edsticas f\u00edsicas y el\u00e9ctricas:<\/h3>\n<ul style='padding-left: 20px; font-size: 14px; color: inherit; list-style-type: disc;'>\n<li style='margin-bottom: 5px;'><strong>Memoria RAM:<\/strong> 2GB.<\/li>\n<li style='margin-bottom: 5px;'><strong>Temperatura de operaci\u00f3n:<\/strong> -30 a 55 \u00b0C&comma; humedad menor a 90%.<\/li>\n<li style='margin-bottom: 5px;'><strong>Alimentaci\u00f3n:<\/strong> PoE \/ 12.95 W.<\/li>\n<li style='margin-bottom: 5px;'><strong>Tipo de uso:<\/strong> IP65 \/ IK08 \/ NEMA 4X<\/li>\n<li style='margin-bottom: 5px;'><strong>Dimensiones:<\/strong> 49 x 165 x 48 mm.<\/li>\n<li style='margin-bottom: 5px;'><strong>Peso:<\/strong> 490 g.<\/li>\n<li style='margin-bottom: 5px;'><strong>Accesorios compatibles:<\/strong> SHS-165F o SBS-165B<\/li>\n<\/ul><\/div>\n<\/p><\/div>\n<p> <!-- Secci\u00f3n de especificaciones detalladas --> <\/p>\n<div style='display: flex; flex-wrap: wrap; gap: 30px; margin-bottom: 30px;'> <!-- WDR de alta capacidad --> <\/p>\n<div style='flex: 1 1 100%; min-width: 280px;'>\n<h3 style='font-size: 22px; border-bottom: 2px solid currentColor; padding-bottom: 5px; margin-top: 0; color: inherit; opacity: 0.8; text-align: center;'>WDR de alta capacidad 150dB (Rango dinamico amplio)<\/h3>\n<p style='font-size: 15px; color: inherit; margin-top: 15px;'> Con la gran tecnologia WDR de Hanwha embebida en el TID-600R permite obtener imagenes muy claras en escenarios con una mezcla de iluminacion y contrastes complicados&comma; compensa de gran forma la iluminacion posterior permitiendo entregar imagenes claras de los objetos que se encuentren frente al lente. <\/p>\n<p> <img style='width: 100%; height: auto; border: 1px solid rgba(150&comma;150&comma;150&comma;0.3); border-radius: 8px; margin-top: 15px;' src='https:\/\/hanwhavisionamerica.com\/wp-content\/uploads\/2021\/11\/Intercom_WDR_on_off_Comparison_opt.jpg' alt='Comparaci\u00f3n WDR on\/off'> <\/div>\n<p> <!-- Distancia de IR --> <\/p>\n<div style='flex: 1 1 100%; min-width: 280px;'>\n<h3 style='font-size: 22px; border-bottom: 2px solid currentColor; padding-bottom: 5px; margin-top: 30px; color: inherit; opacity: 0.8; text-align: center;'>Distancia de IR para visualizacion nocturna de 5m.<\/h3>\n<p style='font-size: 15px; color: inherit; margin-top: 15px;'> El IR del modelo TID-600R proporciona una iluminacion de hasta 5m de distancia&comma; asegurando una visualizacion clara en baja iluminacion o incluso en total obscuridad. <\/p>\n<p> <img style='width: 100%; height: auto; border: 1px solid rgba(150&comma;150&comma;150&comma;0.3); border-radius: 8px; margin-top: 15px;' src='https:\/\/hanwhavisionamerica.com\/wp-content\/uploads\/2021\/11\/Viewable_Length_opt.jpg' alt='Distancia de visualizaci\u00f3n IR'> <\/div>\n<p> <!-- Soporte SIP 2.0 --> <\/p>\n<div style='flex: 1 1 100%; min-width: 280px;'>\n<h3 style='font-size: 22px; border-bottom: 2px solid currentColor; padding-bottom: 5px; margin-top: 30px; color: inherit; opacity: 0.8; text-align: center;'>Soporte del protocolo SIP 2.0<\/h3>\n<p style='font-size: 15px; color: inherit; margin-top: 15px;'> Con la total compatibilidad del protocolo SIP 2.0&comma; la estacion TID-600R puede integrarse con una gran variedad de softwares VMS&comma; sistemas de control de acceso&comma; Telefonos SIP o servidores PBX. <\/p>\n<p> <img style='width: 100%; height: auto; border: 1px solid rgba(150&comma;150&comma;150&comma;0.3); border-radius: 8px; margin-top: 15px;' src='https:\/\/hanwhavisionamerica.com\/wp-content\/uploads\/2021\/11\/Full_Support_SIP_2_opt.jpg' alt='Soporte SIP 2.0'> <\/div>\n<\/p><\/div>\n<p> <!-- Separador final --> <\/p>\n<hr style='border: 0; border-top: 1px solid rgba(150&comma; 150&comma; 150&comma; 0.3); margin: 30px 0;'> <\/div>\n","protected":false},"excerpt":{"rendered":"<p>Frente de calle IP Intercom SIP 2.0 \/ 2MP \/ lente fijo de 1.6mm \/ 5m IR \/ angulo de vision 180\u00b0 \/<\/p>\n","protected":false},"featured_media":100260,"comment_status":"open","ping_status":"closed","template":"","meta":[],"product_brand":[],"product_cat":[2104],"product_tag":[1055,557,857],"class_list":{"0":"post-100261","1":"product","2":"type-product","3":"status-publish","4":"has-post-thumbnail","6":"product_cat-videoporteros-ip-videoporteros-e-interfonos","7":"product_tag-hanwha-vision","8":"product_tag-videoporteros-e-interfonos","9":"product_tag-videoporteros-ip","11":"first","12":"instock","13":"sale","14":"shipping-taxable","15":"purchasable","16":"product-type-simple"},"_links":{"self":[{"href":"https:\/\/soydeaqui.ddns.net\/pachuca\/index.php\/wp-json\/wp\/v2\/product\/100261","targetHints":{"allow":["GET"]}}],"collection":[{"href":"https:\/\/soydeaqui.ddns.net\/pachuca\/index.php\/wp-json\/wp\/v2\/product"}],"about":[{"href":"https:\/\/soydeaqui.ddns.net\/pachuca\/index.php\/wp-json\/wp\/v2\/types\/product"}],"replies":[{"embeddable":true,"href":"https:\/\/soydeaqui.ddns.net\/pachuca\/index.php\/wp-json\/wp\/v2\/comments?post=100261"}],"wp:featuredmedia":[{"embeddable":true,"href":"https:\/\/soydeaqui.ddns.net\/pachuca\/index.php\/wp-json\/wp\/v2\/media\/100260"}],"wp:attachment":[{"href":"https:\/\/soydeaqui.ddns.net\/pachuca\/index.php\/wp-json\/wp\/v2\/media?parent=100261"}],"wp:term":[{"taxonomy":"product_brand","embeddable":true,"href":"https:\/\/soydeaqui.ddns.net\/pachuca\/index.php\/wp-json\/wp\/v2\/product_brand?post=100261"},{"taxonomy":"product_cat","embeddable":true,"href":"https:\/\/soydeaqui.ddns.net\/pachuca\/index.php\/wp-json\/wp\/v2\/product_cat?post=100261"},{"taxonomy":"product_tag","embeddable":true,"href":"https:\/\/soydeaqui.ddns.net\/pachuca\/index.php\/wp-json\/wp\/v2\/product_tag?post=100261"}],"curies":[{"name":"wp","href":"https:\/\/api.w.org\/{rel}","templated":true}]}}