{"id":100252,"date":"2026-03-20T11:05:18","date_gmt":"2026-03-20T11:05:18","guid":{"rendered":"https:\/\/soydeaqui.ddns.net\/pachuca\/index.php\/producto\/drone-dji-matrice-4e-hasta-25-kms-de-transmision-112x-de-zoom-48-mp-incluye-care-plus-por-1-ano\/"},"modified":"2026-03-20T11:05:22","modified_gmt":"2026-03-20T11:05:22","slug":"drone-dji-matrice-4e-hasta-25-kms-de-transmision-112x-de-zoom-48-mp-incluye-care-plus-por-1-ano","status":"publish","type":"product","link":"https:\/\/soydeaqui.ddns.net\/pachuca\/index.php\/producto\/drone-dji-matrice-4e-hasta-25-kms-de-transmision-112x-de-zoom-48-mp-incluye-care-plus-por-1-ano\/","title":{"rendered":"Drone DJI MATRICE 4E \/ Hasta 25 kms de transmisi\u00f3n \/ 112X de zoom \/ 48 MP \/ Incluye Care Plus por 1 A\u00f1o"},"content":{"rendered":"<div style='width: 100%; max-width: 1200px; margin: 0 auto; font-family: sans-serif; line-height: 1.6; color: inherit; background-color: transparent;'> <!-- Secci\u00f3n de caracter\u00edsticas con flex --> <\/p>\n<div style='display: flex; flex-wrap: wrap; gap: 30px; margin-bottom: 30px;'>\n<div style='flex: 1 1 300px; min-width: 280px;'>\n<h3 style='font-size: 22px; border-bottom: 2px solid currentColor; padding-bottom: 5px; margin-top: 0; color: inherit; opacity: 0.8;'>Caracter\u00edsticas Principales<\/h3>\n<ul style='padding-left: 20px; font-size: 15px; color: inherit;'>\n<li style='margin-bottom: 5px;'>C\u00e1mara gran angular de 48 MP&comma; campo de visi\u00f3n 82\u00b0<\/li>\n<li style='margin-bottom: 5px;'>C\u00e1mara zoom de 48 MP<\/li>\n<li style='margin-bottom: 5px;'>Sistema transmisi\u00f3n O4 Enterprise hasta 25km<\/li>\n<li style='margin-bottom: 5px;'>Zoom \u00f3ptico 112X<\/li>\n<li style='margin-bottom: 5px;'>Sistema de archivos exFAT<\/li>\n<li style='margin-bottom: 5px;'>Altitud m\u00e1xima 6000 m<\/li>\n<li style='margin-bottom: 5px; font-weight: bold;'>GARANT\u00cdA DE 1 A\u00d1O<\/li>\n<\/ul><\/div>\n<div style='flex: 1 1 300px; min-width: 280px;'>\n<h3 style='font-size: 22px; border-bottom: 2px solid currentColor; padding-bottom: 5px; margin-top: 0; color: inherit; opacity: 0.8;'>Caracter\u00edsticas<\/h3>\n<ul style='padding-left: 20px; font-size: 15px; color: inherit;'>\n<li style='margin-bottom: 5px;'>Compacto y port\u00e1til<\/li>\n<li style='margin-bottom: 5px;'>Velocidad m\u00e1xima de 12 m\/s<\/li>\n<li style='margin-bottom: 5px;'>Detecci\u00f3n omnidireccional para vuelo seguro<\/li>\n<li style='margin-bottom: 5px;'>49 minutos de vuelo en condiciones ideales<\/li>\n<\/ul><\/div>\n<div style='flex: 1 1 300px; min-width: 280px;'>\n<h3 style='font-size: 22px; border-bottom: 2px solid currentColor; padding-bottom: 5px; margin-top: 0; color: inherit; opacity: 0.8;'>Contenido del paquete<\/h3>\n<ul style='padding-left: 20px; font-size: 15px; color: inherit;'>\n<li style='margin-bottom: 5px;'>Dron Matrice 4E<\/li>\n<li style='margin-bottom: 5px;'>Control Remoto RC2 Plus<\/li>\n<li style='margin-bottom: 5px;'>Una bater\u00eda<\/li>\n<li style='margin-bottom: 5px;'>Juego de h\u00e9lices y un par de repuesto<\/li>\n<li style='margin-bottom: 5px;'>Cable de alimentaci\u00f3n y Hub para 4 bater\u00edas<\/li>\n<li style='margin-bottom: 5px;'>Estuche de uso r\u00edgido<\/li>\n<li style='margin-bottom: 5px;'>Care Plus por 1 a\u00f1o<\/li>\n<\/ul>\n<p style='margin: 15px 0 5px 0; font-weight: bold;'>Opcionales:<\/p>\n<p style='margin: 0;'>Bater\u00eda: <strong>M4BAT<\/strong><\/p>\n<\/p><\/div>\n<\/p><\/div>\n<p> <!-- Video de YouTube --> <\/p>\n<div style='position: relative; padding-bottom: 56.25%; height: 0; overflow: hidden; margin-bottom: 30px;'>   <\/div>\n<p> <!-- Descripci\u00f3n general --> <\/p>\n<div style='margin: 30px 0; font-size: 18px; text-align: center; color: inherit;'> Presentamos la serie DJI Matrice 4&comma; una nueva serie de drones insignia multisensor inteligentes y compactos para sectores empresariales. La serie Matrice4T y Matrice4E&comma; ambos equipados con funciones avanzadas&comma; como la detecci\u00f3n inteligente y la medici\u00f3n con tel\u00e9metro l\u00e1ser. Las funcionalidades de detecci\u00f3n se han mejorado considerablemente para ofrecer operaciones de vuelo m\u00e1s seguras y fiables. Tambi\u00e9n se han aplicado mejoras significativas en los accesorios para la serie Matrice 4. Matrice 4T es adecuado para una amplia gama de aplicaciones&comma; como el sector el\u00e9ctrico&comma; los sistemas de respuesta en caso de emergencia&comma; la seguridad p\u00fablica y la conservaci\u00f3n forestal. <\/div>\n<p> <!-- Imagen principal --> <\/p>\n<div style='margin: 30px 0;'> <img style='width: 100%; height: auto; border: 1px solid rgba(150&comma;150&comma;150&comma;0.3); border-radius: 8px;' src='https:\/\/ftp3.syscom.mx\/usuarios\/ialdama\/DJI\/matrice4tplus-1.png' alt=''> <\/div>\n<p> <!-- Secci\u00f3n con imagen y texto --> <\/p>\n<div style='display: flex; flex-wrap: wrap; gap: 30px; margin: 30px 0;'>\n<div style='flex: 1 1 400px; min-width: 280px;'> <img style='width: 100%; height: auto; border: 1px solid rgba(150&comma;150&comma;150&comma;0.3); border-radius: 8px;' src='https:\/\/ftp3.syscom.mx\/usuarios\/ialdama\/DJI\/MATRICE4TPLUS-2.png' alt=''> <\/div>\n<div style='flex: 1 1 400px; min-width: 280px;'>\n<h3 style='font-size: 20px; margin-top: 0; color: inherit; opacity: 0.9;'>Funcionamiento Inteligente<\/h3>\n<p style='font-size: 15px; color: inherit;'> El modelo integrado es capaz de detectar veh\u00edculos&comma; embarcaciones y objetivos durante operaciones de b\u00fasqueda y rescate o vuelos rutinarios. Tambi\u00e9n admite el intercambio de modelos para ampliar los escenarios de aplicaci\u00f3n. Adem\u00e1s&comma; es compatible con fotos con cuadr\u00edcula de alta resoluci\u00f3n e incluye potentes funciones de seguimiento. <\/p>\n<\/p><\/div>\n<\/p><\/div>\n<p> <!-- Secci\u00f3n con imagen y texto (inversa) --> <\/p>\n<div style='display: flex; flex-wrap: wrap; gap: 30px; margin: 30px 0; flex-direction: row-reverse;'>\n<div style='flex: 1 1 400px; min-width: 280px;'> <img style='width: 100%; height: auto; border: 1px solid rgba(150&comma;150&comma;150&comma;0.3); border-radius: 8px;' src='https:\/\/ftp3.syscom.mx\/usuarios\/ialdama\/DJI\/M4T-1.gif' alt=''> <\/div>\n<div style='flex: 1 1 400px; min-width: 280px;'>\n<h3 style='font-size: 20px; margin-top: 0; color: inherit; opacity: 0.9;'>Tel\u00e9metro l\u00e1ser&comma; medici\u00f3n precisa<\/h3>\n<p style='font-size: 15px; color: inherit;'> El tel\u00e9metro l\u00e1ser habilita la medici\u00f3n precisa en tiempo real. Mediante operaciones sencillas&comma; como apuntar&comma; dibujar l\u00edneas o calcular coordenadas&comma; puede completar tareas como marcar ubicaciones de destino en inspecciones o calcular el \u00e1rea de un incendio forestal. Tambi\u00e9n permite a los usuarios compartir informaci\u00f3n con el personal correspondiente a trav\u00e9s del c\u00f3digo QR de DJI Pilot o FlightHub 2 para mejorar la colaboraci\u00f3n y la eficiencia del flujo de trabajo. <\/p>\n<\/p><\/div>\n<\/p><\/div>\n<p> <!-- Separador --> <\/p>\n<hr style='border: 0; border-top: 1px solid rgba(150&comma; 150&comma; 150&comma; 0.3); margin: 30px 0;'> <!-- Secci\u00f3n con imagen y texto --> <\/p>\n<div style='display: flex; flex-wrap: wrap; gap: 30px; margin: 30px 0;'>\n<div style='flex: 1 1 400px; min-width: 280px;'> <img style='width: 100%; height: auto; border: 1px solid rgba(150&comma;150&comma;150&comma;0.3); border-radius: 8px;' src='https:\/\/ftp3.syscom.mx\/usuarios\/ialdama\/DJI\/M4T-2.gif' alt=''> <\/div>\n<div style='flex: 1 1 400px; min-width: 280px;'>\n<h3 style='font-size: 20px; margin-top: 0; color: inherit; opacity: 0.9;'>Vuelo eficiente&comma; funcionamiento inteligente<\/h3>\n<p style='font-size: 15px; color: inherit;'> Captura todos los detalles desde la distancia <\/p>\n<\/p><\/div>\n<\/p><\/div>\n<p> <!-- Galer\u00eda de im\u00e1genes --> <\/p>\n<div style='display: flex; flex-wrap: wrap; gap: 20px; margin: 30px 0;'>\n<div style='flex: 1 1 400px; min-width: 280px;'> <img style='width: 100%; height: auto; border: 1px solid rgba(150&comma;150&comma;150&comma;0.3); border-radius: 8px;' src='https:\/\/ftp3.syscom.mx\/usuarios\/ialdama\/DJI\/matrice4t-3.png' alt=''> <\/div>\n<div style='flex: 1 1 400px; min-width: 280px;'> <img style='width: 100%; height: auto; border: 1px solid rgba(150&comma;150&comma;150&comma;0.3); border-radius: 8px;' src='https:\/\/ftp3.syscom.mx\/usuarios\/ialdama\/DJI\/M4E-1.gif' alt=''> <\/div>\n<\/p><\/div>\n<p> <!-- Secci\u00f3n con imagen y texto --> <\/p>\n<div style='display: flex; flex-wrap: wrap; gap: 30px; margin: 30px 0; flex-direction: row-reverse;'>\n<div style='flex: 1 1 400px; min-width: 280px;'> <img style='width: 100%; height: auto; border: 1px solid rgba(150&comma;150&comma;150&comma;0.3); border-radius: 8px;' src='https:\/\/ftp3.syscom.mx\/usuarios\/ialdama\/DJI\/M4T-4.gif' alt=''> <\/div>\n<div style='flex: 1 1 400px; min-width: 280px;'>\n<h3 style='font-size: 20px; margin-top: 0; color: inherit; opacity: 0.9;'>Vuelo seguro&comma; funcionamiento sin problemas<\/h3>\n<p style='font-size: 15px; color: inherit;'> Posicionamiento de fusi\u00f3n&comma; regreso al punto de origen. <\/p>\n<p style='font-size: 15px; color: inherit;'> La serie Matrice 4 integra un m\u00f3dulo RTK de DJI compatible con la banda de frecuencia L5 ampliada e incluye el sistema de navegaci\u00f3n y posicionamiento GNSS+Vision Fusion. Permite actualizar el punto de regreso al punto de origen a trav\u00e9s del posicionamiento visual&comma; lo que permite el despegue r\u00e1pido en 15 segundos. Incluso sin se\u00f1ales GNSS&comma; puede completar el proceso de regreso al punto de origen&comma; superando obstrucciones de se\u00f1al e interferencias comunes en entornos urbanos. <\/p>\n<h3 style='font-size: 20px; margin-top: 20px; margin-bottom: 10px; color: inherit; opacity: 0.9;'>Software dise\u00f1ado para diversos sectores<\/h3>\n<p style='font-size: 15px; color: inherit;'> DJI Pilot 2&comma; DJI FlightHub2&comma; DJITerra&comma; DJI Modify&comma; DTAT 3.0 <\/p>\n<\/p><\/div>\n<\/p><\/div>\n<p> <!-- \u00daltima imagen --> <\/p>\n<div style='margin: 30px 0;'> <img style='width: 100%; height: auto; border: 1px solid rgba(150&comma;150&comma;150&comma;0.3); border-radius: 8px;' src='https:\/\/ftp3.syscom.mx\/usuarios\/ialdama\/DJI\/m4tcare.png' alt=''> <\/div>\n<\/p><\/div>\n","protected":false},"excerpt":{"rendered":"<p>Drone DJI MATRICE 4E \/ Hasta 25 kms de transmisi\u00f3n \/ 112X de zoom \/ 48 MP \/ Incluye Care Plus por 1 A\u00f1o<\/p>\n","protected":false},"featured_media":100251,"comment_status":"open","ping_status":"closed","template":"","meta":[],"product_brand":[],"product_cat":[2223,2225],"product_tag":[2228,2226,2227],"class_list":{"0":"post-100252","1":"product","2":"type-product","3":"status-publish","4":"has-post-thumbnail","6":"product_cat-drones","7":"product_cat-drones-robots-e-industrial","8":"product_tag-dji","9":"product_tag-drones","10":"product_tag-robots-e-industrial","12":"first","13":"instock","14":"sale","15":"shipping-taxable","16":"purchasable","17":"product-type-simple"},"_links":{"self":[{"href":"https:\/\/soydeaqui.ddns.net\/pachuca\/index.php\/wp-json\/wp\/v2\/product\/100252","targetHints":{"allow":["GET"]}}],"collection":[{"href":"https:\/\/soydeaqui.ddns.net\/pachuca\/index.php\/wp-json\/wp\/v2\/product"}],"about":[{"href":"https:\/\/soydeaqui.ddns.net\/pachuca\/index.php\/wp-json\/wp\/v2\/types\/product"}],"replies":[{"embeddable":true,"href":"https:\/\/soydeaqui.ddns.net\/pachuca\/index.php\/wp-json\/wp\/v2\/comments?post=100252"}],"wp:featuredmedia":[{"embeddable":true,"href":"https:\/\/soydeaqui.ddns.net\/pachuca\/index.php\/wp-json\/wp\/v2\/media\/100251"}],"wp:attachment":[{"href":"https:\/\/soydeaqui.ddns.net\/pachuca\/index.php\/wp-json\/wp\/v2\/media?parent=100252"}],"wp:term":[{"taxonomy":"product_brand","embeddable":true,"href":"https:\/\/soydeaqui.ddns.net\/pachuca\/index.php\/wp-json\/wp\/v2\/product_brand?post=100252"},{"taxonomy":"product_cat","embeddable":true,"href":"https:\/\/soydeaqui.ddns.net\/pachuca\/index.php\/wp-json\/wp\/v2\/product_cat?post=100252"},{"taxonomy":"product_tag","embeddable":true,"href":"https:\/\/soydeaqui.ddns.net\/pachuca\/index.php\/wp-json\/wp\/v2\/product_tag?post=100252"}],"curies":[{"name":"wp","href":"https:\/\/api.w.org\/{rel}","templated":true}]}}