{"id":100243,"date":"2026-03-20T11:04:50","date_gmt":"2026-03-20T11:04:50","guid":{"rendered":"https:\/\/soydeaqui.ddns.net\/pachuca\/index.php\/producto\/camara-movil-dash-cam-para-vehiculos-adas-microfono-y-bocina-integrado-wi-fi-micro-sd-conector-usb-g-sensor-soporta-gps\/"},"modified":"2026-03-20T11:05:09","modified_gmt":"2026-03-20T11:05:09","slug":"camara-movil-dash-cam-para-vehiculos-adas-microfono-y-bocina-integrado-wi-fi-micro-sd-conector-usb-g-sensor-soporta-gps","status":"publish","type":"product","link":"https:\/\/soydeaqui.ddns.net\/pachuca\/index.php\/producto\/camara-movil-dash-cam-para-vehiculos-adas-microfono-y-bocina-integrado-wi-fi-micro-sd-conector-usb-g-sensor-soporta-gps\/","title":{"rendered":"C\u00e1mara M\u00f3vil (Dash Cam) para Veh\u00edculos \/ ADAS \/ Micr\u00f3fono y Bocina Integrado \/ Wi-Fi \/ Micro SD \/ Conector USB \/ G &#8211; Sensor \/ Soporta GPS"},"content":{"rendered":"<div style='width: 100%; max-width: 1200px; margin: 0 auto; font-family: sans-serif; line-height: 1.6; color: inherit; background-color: transparent;'>\n<p style='text-align: center; margin: 0 0 20px 0;'><img style='width: 100%; max-width: 400px; height: auto; border: 1px solid rgba(150&comma;150&comma;150&comma;0.3); border-radius: 8px;' src='https:\/\/ftp3.syscom.mx\/usuarios\/jsosa\/HIKVISION\/imagenes\/logo\/hikvision%20see%20far.png' alt='Logo Hikvision'><\/p>\n<div style='display: grid; grid-template-columns: repeat(auto-fill&comma; minmax(300px&comma; 1fr)); gap: 30px; margin: 30px 0;'>\n<div style='position: relative; padding-bottom: 56.25%; height: 0; overflow: hidden; margin-bottom: 30px;'> <video style='position: absolute; top: 0; left: 0; width: 100%; height: 100%; border: 1px solid rgba(150&comma;150&comma;150&comma;0.3); border-radius: 8px;' src='https:\/\/ftp3.syscom.mx\/usuarios\/jsosa\/HIKVISION\/specs\/moviles\/AEDC5013F6\/F6-Night%20license%20plate.mp4' loop muted controls><\/video> <\/div>\n<div style='position: relative; padding-bottom: 56.25%; height: 0; overflow: hidden; margin-bottom: 30px;'> <video style='position: absolute; top: 0; left: 0; width: 100%; height: 100%; border: 1px solid rgba(150&comma;150&comma;150&comma;0.3); border-radius: 8px;' src='https:\/\/ftp3.syscom.mx\/usuarios\/jsosa\/HIKVISION\/specs\/moviles\/AEDC5013F6\/F6-Night%20vision%20effect.mp4' loop muted controls><\/video> <\/div>\n<div style='position: relative; padding-bottom: 56.25%; height: 0; overflow: hidden; margin-bottom: 30px;'>   <\/div>\n<div style='position: relative; padding-bottom: 56.25%; height: 0; overflow: hidden; margin-bottom: 30px;'>   <\/div>\n<div style='position: relative; padding-bottom: 56.25%; height: 0; overflow: hidden; margin-bottom: 30px;'>   <\/div>\n<div style='position: relative; padding-bottom: 56.25%; height: 0; overflow: hidden; margin-bottom: 30px;'>   <\/div>\n<\/p><\/div>\n<div style='display: flex; flex-wrap: wrap; gap: 30px; margin: 40px 0;'>\n<div style='flex: 1 1 300px; min-width: 280px;'>\n<h3 style='font-size: 22px; border-bottom: 2px solid currentColor; padding-bottom: 5px; margin-top: 0; color: inherit; opacity: 0.8;'>Caracter\u00edsticas principales<\/h3>\n<ul style='padding-left: 20px; font-size: 15px; color: inherit; list-style-type: disc;'>\n<li style='margin-bottom: 5px;'>1600p (2560 X 1600 = 4 Megapixel) de alta resoluci\u00f3n&comma; gran angular 130\u00b0 de visi\u00f3n.<\/li>\n<li style='margin-bottom: 5px;'>La apertura de F1.6 ofrece una imagen nocturna perfecta.<\/li>\n<li style='margin-bottom: 5px;'>Incluye micr\u00f3fono y altavoz integrados.<\/li>\n<li style='margin-bottom: 5px;'>Incluye m\u00f3dulo Wi-Fi (genera un AP con la App para revisar grabaciones).<\/li>\n<li style='margin-bottom: 5px;'>M\u00f3dulo G-Sensor incorporado&comma; compatible con el enlace de grabaci\u00f3n de video en caso de un accidente automovil\u00edstico o vibraci\u00f3n fuerte (la grabaci\u00f3n de video del enlace se puede configurar sin sobrescritura).<\/li>\n<li style='margin-bottom: 5px;'>Soporta tarjeta micro SD para grabaci\u00f3n de video&comma; hasta 128 GB (compatible con sobrescritura).<\/li>\n<li style='margin-bottom: 5px;'>Aplicaci\u00f3n de tel\u00e9fono: visualizaci\u00f3n en vivo&comma; reproducci\u00f3n de grabaciones y configuraci\u00f3n de par\u00e1metros. (no soporta visualizaci\u00f3n remota&comma; solo de manera local).<\/li>\n<li style='margin-bottom: 5px;'>F\u00e1cil instalaci\u00f3n y f\u00e1cil de usar&comma; plug and play (grabaci\u00f3n autom\u00e1tica despu\u00e9s de encender).<\/li>\n<li style='margin-bottom: 5px;'>Conector micro USB (3.4 metros de longitud) y adaptador para el cenicero (incluido).<\/li>\n<li style='margin-bottom: 5px;'><strong>Incluye GPS<\/strong>&comma; permite saber la ubicaci\u00f3n de lo que grabo la c\u00e1mara.<\/li>\n<li style='margin-bottom: 5px;'><strong>La aplicaci\u00f3n m\u00f3vil se llama HikDashcam&comma; en el manual de usuario del producto viene un c\u00f3digo QR para poder descargar la App en el celular para equipos iOS. En Playstore si esta la App.<\/strong><\/li>\n<li style='margin-bottom: 5px;'><strong>Garantia por defecto de fabrica: 2 a\u00f1os.<\/strong><\/li>\n<\/ul><\/div>\n<div style='flex: 1 1 300px; min-width: 280px;'>\n<h3 style='font-size: 22px; border-bottom: 2px solid currentColor; padding-bottom: 5px; margin-top: 0; color: inherit; opacity: 0.8;'>Caracter\u00edsticas F\u00edsicas y El\u00e9ctricas<\/h3>\n<ul style='padding-left: 20px; font-size: 15px; color: inherit; list-style-type: disc;'>\n<li style='margin-bottom: 5px;'>Puerto USB para alimentaci\u00f3n. (incluye adaptador de encendedor y cable 3.4mts).<\/li>\n<li style='margin-bottom: 5px;'>Temperatura de operaci\u00f3n: -20\u00b0C a 70\u00b0C.<\/li>\n<li style='margin-bottom: 5px;'>Alimentaci\u00f3n: 5 Vcc \/ 2 A \/ 5 Watts.<\/li>\n<li style='margin-bottom: 5px;'>Dimensiones: 45 x 50 x 50 mm.<\/li>\n<li style='margin-bottom: 5px;'>Peso: 120 gramos.<\/li>\n<\/ul><\/div>\n<\/p><\/div>\n<hr style='border: 0; border-top: 1px solid rgba(150&comma; 150&comma; 150&comma; 0.3); margin: 30px 0;'>\n<div style='margin-top: 40px;'> <img style='width: 100%; height: auto; border: 1px solid rgba(150&comma;150&comma;150&comma;0.3); border-radius: 8px;' src='https:\/\/ftp3.syscom.mx\/usuarios\/jsosa\/HIKVISION\/imagenes\/banners\/solution%20complete.png' alt='Banner Soluci\u00f3n Completa'> <\/div>\n<\/p><\/div>\n","protected":false},"excerpt":{"rendered":"<p>C\u00e1mara M\u00f3vil (Dash Cam) para Veh\u00edculos \/ ADAS \/ Micr\u00f3fono y Bocina Integrado \/ Wi-Fi \/ Micro SD \/ Conector USB \/ G &#8211; Sensor \/ Soporta GPS<\/p>\n","protected":false},"featured_media":100242,"comment_status":"open","ping_status":"closed","template":"","meta":[],"product_brand":[],"product_cat":[2316,1406],"product_tag":[2317,1409,54,1345],"class_list":{"0":"post-100243","1":"product","2":"type-product","3":"status-publish","4":"has-post-thumbnail","6":"product_cat-dash-cams","7":"product_cat-videograbadoras-moviles-videovigilancia","8":"product_tag-dash-cams","9":"product_tag-dash-cams-y-body-cams","10":"product_tag-hikvision","11":"product_tag-videograbadoras-moviles","13":"first","14":"instock","15":"sale","16":"shipping-taxable","17":"purchasable","18":"product-type-simple"},"_links":{"self":[{"href":"https:\/\/soydeaqui.ddns.net\/pachuca\/index.php\/wp-json\/wp\/v2\/product\/100243","targetHints":{"allow":["GET"]}}],"collection":[{"href":"https:\/\/soydeaqui.ddns.net\/pachuca\/index.php\/wp-json\/wp\/v2\/product"}],"about":[{"href":"https:\/\/soydeaqui.ddns.net\/pachuca\/index.php\/wp-json\/wp\/v2\/types\/product"}],"replies":[{"embeddable":true,"href":"https:\/\/soydeaqui.ddns.net\/pachuca\/index.php\/wp-json\/wp\/v2\/comments?post=100243"}],"wp:featuredmedia":[{"embeddable":true,"href":"https:\/\/soydeaqui.ddns.net\/pachuca\/index.php\/wp-json\/wp\/v2\/media\/100242"}],"wp:attachment":[{"href":"https:\/\/soydeaqui.ddns.net\/pachuca\/index.php\/wp-json\/wp\/v2\/media?parent=100243"}],"wp:term":[{"taxonomy":"product_brand","embeddable":true,"href":"https:\/\/soydeaqui.ddns.net\/pachuca\/index.php\/wp-json\/wp\/v2\/product_brand?post=100243"},{"taxonomy":"product_cat","embeddable":true,"href":"https:\/\/soydeaqui.ddns.net\/pachuca\/index.php\/wp-json\/wp\/v2\/product_cat?post=100243"},{"taxonomy":"product_tag","embeddable":true,"href":"https:\/\/soydeaqui.ddns.net\/pachuca\/index.php\/wp-json\/wp\/v2\/product_tag?post=100243"}],"curies":[{"name":"wp","href":"https:\/\/api.w.org\/{rel}","templated":true}]}}