{"id":100226,"date":"2026-03-20T11:04:10","date_gmt":"2026-03-20T11:04:10","guid":{"rendered":"https:\/\/soydeaqui.ddns.net\/pachuca\/index.php\/producto\/nvr-12-megapixel-8k-256-canales-ip-24-bahias-de-disco-duro-4-puertos-de-red-soporta-raid-con-hot-swap-nvr-de-alto-desempeno\/"},"modified":"2026-03-20T11:04:11","modified_gmt":"2026-03-20T11:04:11","slug":"nvr-12-megapixel-8k-256-canales-ip-24-bahias-de-disco-duro-4-puertos-de-red-soporta-raid-con-hot-swap-nvr-de-alto-desempeno","status":"publish","type":"product","link":"https:\/\/soydeaqui.ddns.net\/pachuca\/index.php\/producto\/nvr-12-megapixel-8k-256-canales-ip-24-bahias-de-disco-duro-4-puertos-de-red-soporta-raid-con-hot-swap-nvr-de-alto-desempeno\/","title":{"rendered":"NVR 12 Megapixel (8K) \/ 256 canales IP \/ 24 Bah\u00edas de Disco Duro \/ 4 Puertos de Red \/ Soporta RAID con Hot Swap \/ NVR de Alto Desempe\u00f1o"},"content":{"rendered":"<div style='width: 100%; max-width: 1200px; margin: 0 auto; font-family: sans-serif; line-height: 1.6; color: inherit; background-color: transparent;'>\n<p style='text-align: center;'><img style='width: 45%; height: auto; border: 1px solid rgba(150&comma;150&comma;150&comma;0.3); border-radius: 8px;' src='https:\/\/ftp3.syscom.mx\/usuarios\/jsosa\/HIKVISION\/imagenes\/logo\/hikvision%20see%20far.png' alt='Logo Hikvision'><\/p>\n<div style='display: flex; flex-wrap: wrap; gap: 30px; margin-top: 30px;'>\n<div style='flex: 1 1 300px; min-width: 280px;'>\n<h3 style='font-size: 22px; border-bottom: 2px solid currentColor; padding-bottom: 5px; margin-top: 0; color: inherit; opacity: 0.8;'>Caracter\u00edsticas principales<\/h3>\n<ul style='padding-left: 20px; font-size: 15px; color: inherit;'>\n<li style='margin-bottom: 5px;'><span style='color: inherit;'>Compresi\u00f3n: H.265&comma; H.264+&comma; H.264&comma; MJPEG<\/span><\/li>\n<li style='margin-bottom: 5px;'><span style='color: inherit;'>Soporta mouse USB para operar el NVR (Incluido)<\/span><\/li>\n<li style='margin-bottom: 5px;'><span style='color: inherit;'>Soporta PTZ<\/span><\/li>\n<li style='margin-bottom: 5px;'><span style='color: inherit;'>Soporta grabaci\u00f3n redundante<\/span><\/li>\n<li style='margin-bottom: 5px;'><span style='color: inherit;'>Soporta b\u00fasqueda de agenda en forma local o remota<\/span><\/li>\n<li style='margin-bottom: 5px;'><span style='color: inherit;'>Soporta Hot Swap con RAID: 0&comma;1&comma;5&comma;6&comma;10 (Capacidad de disco duro m\u00ednima de 4 TB para RAID)<\/span><\/li>\n<li style='margin-bottom: 5px;'><span style='color: inherit;'>Soporta tecnolog\u00eda ANR con c\u00e1mara IP HIKVISION cuando la red est\u00e1 desconectada<\/span><\/li>\n<li style='margin-bottom: 5px;'><span style='color: inherit;'>Soporta Hot Spare para que nunca se pierda la grabaci\u00f3n en caso de que el NVR este fallando (se requiere otro NVR que tambi\u00e9n soporte la funci\u00f3n)<\/span><\/li>\n<li style='margin-bottom: 5px;'><span style='color: inherit;'>Soporta acceso remoto v\u00eda tel\u00e9fono: Android&comma; iPhone&comma; iPad (app IVMS-4500)<\/span><\/li>\n<li style='margin-bottom: 5px;'><span style='color: inherit;'>Compatibilidad con navegadores IE&comma; Safari y Chrome (ietab)<\/span><\/li>\n<li style='margin-bottom: 5px;'><span style='color: inherit;'>Software cliente multi sitio IVMS-4200 (gratuito)<\/span><\/li>\n<li style='margin-bottom: 5px;'><strong><span style='color: inherit;'>Cuenta con sistema DAS de 24 bah\u00edas internas de hasta 10 TB c\/u (240 TB en total)<\/span><\/strong><\/li>\n<li style='margin-bottom: 5px;'><span style='color: inherit;'>Soporta ONVIF (Versi\u00f3n 2.5)<\/span><\/li>\n<li style='margin-bottom: 5px;'><span style='color: inherit;'>Soporta m\u00faltiples marcas como: HIKVISION&comma; ACTi&comma; ARECONT&comma; AXIS&comma; BOSCH&comma; BRICKCOM&comma; CANON&comma; HUNT&comma; PANASONIC&comma; PELCO&comma; PSIA&comma; RTSP&comma; SAMSUNG&comma; SONY&comma; VIVOTEK&comma; ZAVIO<\/span><\/li>\n<li style='margin-bottom: 5px;'><span style='color: inherit;'>Capacidad de procesamiento y funciones de red:<\/span><\/li>\n<li style='margin-bottom: 5px;'><span style='color: inherit;'>Throughput entrada: 576 Mbps (576 Mbps en modo RAID)<\/span><\/li>\n<li style='margin-bottom: 5px;'><span style='color: inherit;'>Throughput salida: 512 Mbps (512 Mbps en modo RAID)<\/span><\/li>\n<li style='margin-bottom: 5px;'><span style='color: inherit;'>Soporta 4 tarjetas de red 10 \/ 100 \/ 1000 Mbps<\/span><\/li>\n<li style='margin-bottom: 5px;'><span style='color: inherit;'>Soporta Fail lover (tolerancia a fallos)&comma; Multi address y Balanceo de cargas<\/span><\/li>\n<li style='margin-bottom: 5px;'><span style='color: inherit;'>Protocolos: IPv6&comma; HTTPS&comma; UPnP&comma; SNMP&comma; NTP&comma; SADP&comma; SMTP&comma; NFS&comma; iSCSI&comma; PPPoE<\/span><\/li>\n<li style='margin-bottom: 5px;'><span style='color: inherit;'>Soporta DDNS: DynDNS&comma; No-IP<\/span><\/li>\n<\/ul><\/div>\n<div style='flex: 1 1 300px; min-width: 280px;'>\n<h3 style='font-size: 22px; border-bottom: 2px solid currentColor; padding-bottom: 5px; margin-top: 0; color: inherit; opacity: 0.8;'>Caracter\u00edsticas F\u00edsicas y El\u00e9ctricas<\/h3>\n<ul style='padding-left: 20px; font-size: 15px; color: inherit;'>\n<li style='margin-bottom: 5px;'><span style='color: inherit;'>Soporta fuentes redundante y ventilador para enfriamiento (inclu\u00eddos)<\/span><\/li>\n<li style='margin-bottom: 5px;'><span style='color: inherit;'>Dimensiones: 447 \u00d7 528 \u00d7 172 mm (4U rack)<\/span><\/li>\n<li style='margin-bottom: 5px;'><span style='color: inherit;'>Consumo: 140 W sin discos duros<\/span><\/li>\n<li style='margin-bottom: 5px;'><span style='color: inherit;'>Alimentaci\u00f3n: 100 a 240 Vca&comma; 550W<\/span><\/li>\n<li style='margin-bottom: 5px;'><span style='color: inherit;'>Temperatura de operaci\u00f3n: 0 a 50 \u00b0C<\/span><\/li>\n<li style='margin-bottom: 5px;'><span style='color: inherit;'>Peso: 23 Kg sin discos duros<\/span><\/li>\n<li style='margin-bottom: 5px;'><span style='color: inherit;'>Garant\u00eda: 5 a\u00f1os<\/span><\/li>\n<\/ul>\n<div style='margin-top: 20px;'>\n<h4 style='font-size: 18px; margin-top: 0; color: inherit;'>Resoluci\u00f3n de grabaci\u00f3n por canal (recomendado con H.265)<\/h4>\n<ul style='padding-left: 20px; font-size: 15px; color: inherit;'>\n<li style='margin-bottom: 5px;'><span style='color: inherit;'>1 Megapixel: 128 canales @ 30 IPS<\/span><\/li>\n<li style='margin-bottom: 5px;'><span style='color: inherit;'>2 Megapixel: 128 canales @ 30 IPS<\/span><\/li>\n<li style='margin-bottom: 5px;'><span style='color: inherit;'>5 Megapixel: 128 canales @ 15 IPS<\/span><\/li>\n<li style='margin-bottom: 5px;'><span style='color: inherit;'>8 Megapixel (4K): 128 canales @ 10IPS<\/span><\/li>\n<\/ul>\n<p style='font-size: 14px; color: inherit;'><strong>Nota:<\/strong> El n\u00famero de canales en grabaci\u00f3n puede variar dependiendo de la resoluci\u00f3n de las c\u00e1maras&comma; IPS y bit rate&comma; para mayor informaci\u00f3n consulte con el departamento de Ingenier\u00eda SYSCOM.<\/p>\n<\/p><\/div>\n<\/p><\/div>\n<div style='flex: 1 1 300px; min-width: 280px;'>\n<h3 style='font-size: 22px; border-bottom: 2px solid currentColor; padding-bottom: 5px; margin-top: 0; color: inherit; opacity: 0.8;'>Interfaces Entradas \/ Salidas<\/h3>\n<ul style='padding-left: 20px; font-size: 15px; color: inherit;'>\n<li style='margin-bottom: 5px;'><span style='color: inherit;'>HDMI 1 y HDMI 2 (salidas independientes): 4K \/ 1080p \/ 720p<\/span><\/li>\n<li style='margin-bottom: 5px;'><span style='color: inherit;'>VGA: 1080p \/ 720p<\/span><\/li>\n<li style='margin-bottom: 5px;'><span style='color: inherit;'>Entradas de alarma: 16<\/span><\/li>\n<li style='margin-bottom: 5px;'><span style='color: inherit;'>Salidas de alarma: 8<\/span><\/li>\n<li style='margin-bottom: 5px;'><span style='color: inherit;'>Soporta entrada y salida de audio en RCA (audio bidireccional)<\/span><\/li>\n<\/ul>\n<div style='margin-top: 20px;'>\n<h4 style='font-size: 18px; margin-top: 0; color: inherit;'>Funciones de Grabaci\u00f3n y Visualizaci\u00f3n<\/h4>\n<ul style='padding-left: 20px; font-size: 15px; color: inherit;'>\n<li style='margin-bottom: 5px;'><span style='color: inherit;'>Detecci\u00f3n de movimiento multizona<\/span><\/li>\n<li style='margin-bottom: 5px;'><span style='color: inherit;'>Zoom digital en visualizaci\u00f3n y grabaci\u00f3n<\/span><\/li>\n<li style='margin-bottom: 5px;'><span style='color: inherit;'>Soporta m\u00faltiples tipos de grabaci\u00f3n&comma; incluyendo tiempo real&comma; grabaci\u00f3n manual&comma; v\u00eddeo sensor&comma; alarma externa&comma; video sensor y alarma&comma; video sensor o alarma<\/span><\/li>\n<li style='margin-bottom: 5px;'><span style='color: inherit;'>Reproducci\u00f3n de grabacion hasta 16 canales simult\u00e1neos<\/span><\/li>\n<li style='margin-bottom: 5px;'><span style='color: inherit;'>Soporta grabacion de hasta 12 MP por canal<\/span><\/li>\n<\/ul><\/div>\n<p style='font-size: 14px; margin-top: 20px; color: inherit;'><strong>Nota:<\/strong> La serie de grabadores DS96XXX trabaja bajo una arquitectura cliente servidor&comma; por lo que es necesario workstation para su correcto funcionamiento&comma; cualquier duda favor de comunicarse al departamento de ingenier\u00eda seguridad.<\/p>\n<\/p><\/div>\n<\/p><\/div>\n<div style='margin-top: 30px;'>\n<div style='border-left: 5px solid #ff0000; border-radius: 8px; padding: 15px; box-shadow: 2px 2px 10px rgba(150&comma;150&comma;150&comma;0.2);'>\n<h3 style='font-size: 18px; margin-top: 0; color: inherit;'>Consideraciones<\/h3>\n<ul style='padding-left: 20px; margin-top: 10px; font-size: 15px; color: inherit;'>\n<li style='margin-bottom: 5px;'><span style='color: inherit;'> <\/span><\/li>\n<\/ul><\/div>\n<\/p><\/div>\n<p style='margin-top: 30px; text-align: center;'><img style='width: 100%; height: auto; border: 1px solid rgba(150&comma;150&comma;150&comma;0.3); border-radius: 8px;' src='https:\/\/ftp3.syscom.mx\/usuarios\/jsosa\/HIKVISION\/imagenes\/banners\/solution%20complete.png' alt='Soluci\u00f3n completa'><\/p>\n<\/p><\/div>\n","protected":false},"excerpt":{"rendered":"<p>NVR 12 Megapixel (8K) \/ 256 canales IP \/ 24 Bah\u00edas de Disco Duro \/ 4 Puertos de Red \/ Soporta RAID con Hot Swap \/ NVR de Alto Desempe\u00f1o<\/p>\n","protected":false},"featured_media":100225,"comment_status":"open","ping_status":"closed","template":"","meta":[],"product_brand":[],"product_cat":[2234],"product_tag":[122,54,2235],"class_list":{"0":"post-100226","1":"product","2":"type-product","3":"status-publish","4":"has-post-thumbnail","6":"product_cat-nvrs-network-video-recorders","7":"product_tag-camaras-ip-y-nvrs","8":"product_tag-hikvision","9":"product_tag-nvrs-network-video-recorders","11":"first","12":"instock","13":"sale","14":"shipping-taxable","15":"purchasable","16":"product-type-simple"},"_links":{"self":[{"href":"https:\/\/soydeaqui.ddns.net\/pachuca\/index.php\/wp-json\/wp\/v2\/product\/100226","targetHints":{"allow":["GET"]}}],"collection":[{"href":"https:\/\/soydeaqui.ddns.net\/pachuca\/index.php\/wp-json\/wp\/v2\/product"}],"about":[{"href":"https:\/\/soydeaqui.ddns.net\/pachuca\/index.php\/wp-json\/wp\/v2\/types\/product"}],"replies":[{"embeddable":true,"href":"https:\/\/soydeaqui.ddns.net\/pachuca\/index.php\/wp-json\/wp\/v2\/comments?post=100226"}],"wp:featuredmedia":[{"embeddable":true,"href":"https:\/\/soydeaqui.ddns.net\/pachuca\/index.php\/wp-json\/wp\/v2\/media\/100225"}],"wp:attachment":[{"href":"https:\/\/soydeaqui.ddns.net\/pachuca\/index.php\/wp-json\/wp\/v2\/media?parent=100226"}],"wp:term":[{"taxonomy":"product_brand","embeddable":true,"href":"https:\/\/soydeaqui.ddns.net\/pachuca\/index.php\/wp-json\/wp\/v2\/product_brand?post=100226"},{"taxonomy":"product_cat","embeddable":true,"href":"https:\/\/soydeaqui.ddns.net\/pachuca\/index.php\/wp-json\/wp\/v2\/product_cat?post=100226"},{"taxonomy":"product_tag","embeddable":true,"href":"https:\/\/soydeaqui.ddns.net\/pachuca\/index.php\/wp-json\/wp\/v2\/product_tag?post=100226"}],"curies":[{"name":"wp","href":"https:\/\/api.w.org\/{rel}","templated":true}]}}