{"id":100217,"date":"2026-03-20T11:03:38","date_gmt":"2026-03-20T11:03:38","guid":{"rendered":"https:\/\/soydeaqui.ddns.net\/pachuca\/index.php\/producto\/punto-de-acceso-ac-ptp-y-ptmp-en-5-ghz-hasta-867-mbps-antena-sectorial-de-h-35-mimo-2x2-12-dbi-de-ganancia-uso-en-exterior-2\/"},"modified":"2026-03-20T11:03:40","modified_gmt":"2026-03-20T11:03:40","slug":"punto-de-acceso-ac-ptp-y-ptmp-en-5-ghz-hasta-867-mbps-antena-sectorial-de-h-35-mimo-2x2-12-dbi-de-ganancia-uso-en-exterior-2","status":"publish","type":"product","link":"https:\/\/soydeaqui.ddns.net\/pachuca\/index.php\/producto\/punto-de-acceso-ac-ptp-y-ptmp-en-5-ghz-hasta-867-mbps-antena-sectorial-de-h-35-mimo-2x2-12-dbi-de-ganancia-uso-en-exterior-2\/","title":{"rendered":"Punto de Acceso (AC) PTP y PTMP en 5 GHz \/ Hasta 867 Mbps \/ Antena Sectorial de H: 35\u00b0 \/ MIMO 2X2 \/ 12 dBi de Ganancia \/ Uso en Exterior"},"content":{"rendered":"<div style='width: 100%; max-width: 1200px; margin: 0 auto; font-family: sans-serif; line-height: 1.6; color: inherit; background-color: transparent;'>\n<p style='text-align: center; margin: 0 0 20px;'><img style='width: 45%; height: auto; border: 1px solid rgba(150&comma;150&comma;150&comma;0.3); border-radius: 8px;' src='https:\/\/ftp3.syscom.mx\/usuarios\/jsosa\/HIKVISION\/imagenes\/logo\/hikvision%20see%20far.png' alt='Logo Hikvision'><\/p>\n<div style='display: flex; flex-wrap: wrap; gap: 30px; margin-bottom: 30px;'>\n<div style='flex: 1 1 300px; min-width: 280px;'>\n<h3 style='font-size: 22px; border-bottom: 2px solid currentColor; padding-bottom: 5px; margin-top: 0; color: inherit; opacity: 0.8;'>Caracter\u00edsticas principales<\/h3>\n<ul style='padding-left: 20px; font-size: 15px; color: inherit;'>\n<li style='margin-bottom: 5px;'>Equipos para conexi\u00f3n punto a punto y punto multipunto<\/li>\n<li style='margin-bottom: 5px;'>Interfaz WEB para f\u00e1cil acceso a su configuraci\u00f3n<\/li>\n<li style='margin-bottom: 5px;'>IP Default: 192.168.1.36<\/li>\n<li style='margin-bottom: 5px;'>Soporta est\u00e1ndar WiFi: IEEE802.11 a\/n<\/li>\n<li style='margin-bottom: 5px;'>Velocidad de hasta: 867 Mbps<\/li>\n<li style='margin-bottom: 5px;'>Frecuencia de operaci\u00f3n: 5150 ~ 5850 MHz<\/li>\n<li style='margin-bottom: 5px;'>Antenas interconstruida de 12 dBi<\/li>\n<li style='margin-bottom: 5px;'>Encriptaci\u00f3n: WPA-PSK \/ WPA2-PSK<\/li>\n<li style='margin-bottom: 5px;'>Modo: Router \/ Bridge<\/li>\n<\/ul><\/div>\n<div style='flex: 1 1 300px; min-width: 280px;'>\n<h3 style='font-size: 22px; border-bottom: 2px solid currentColor; padding-bottom: 5px; margin-top: 0; color: inherit; opacity: 0.8;'>Caracter\u00edsticas F\u00edsicas y El\u00e9ctricas<\/h3>\n<ul style='padding-left: 20px; font-size: 15px; color: inherit;'>\n<li style='margin-bottom: 5px;'>Ancho de canal ajustable: 20 MHz \/ 40 MHz \/ 80 MHz<\/li>\n<li style='margin-bottom: 5px;'>Alimentaci\u00f3n: 12 V \/ 1 Amp (PoE Pasivo)<\/li>\n<li style='margin-bottom: 5px;'>Incluye PoE pasivo<\/li>\n<li style='margin-bottom: 5px;'>Consumo en Watts: 4.5 W<\/li>\n<li style='margin-bottom: 5px;'>Potencia: 22 dBm<\/li>\n<li style='margin-bottom: 5px;'>Dimensiones: 92 X 187 X 58 mm<\/li>\n<li style='margin-bottom: 5px;'>Garant\u00eda: 2 a\u00f1os<\/li>\n<\/ul>\n<h3 style='font-size: 22px; border-bottom: 2px solid currentColor; padding-bottom: 5px; margin-top: 20px; margin-bottom: 15px; color: inherit; opacity: 0.8;'>Modos de Operaci\u00f3n<\/h3>\n<ul style='padding-left: 20px; font-size: 15px; color: inherit;'>\n<li style='margin-bottom: 5px;'>Access Point para enlaces PTP<\/li>\n<li style='margin-bottom: 5px;'>CPE (suscriptor) de enlaces PTP<\/li>\n<li style='margin-bottom: 5px;'>Access Point para enlaces PTMP<\/li>\n<li style='margin-bottom: 5px;'>CPE (suscriptor) de enlaces PTMP<\/li>\n<\/ul><\/div>\n<\/p><\/div>\n<div style='display: flex; flex-wrap: wrap; gap: 30px; margin-bottom: 30px;'>\n<div style='flex: 1 1 300px; min-width: 280px;'>\n<h3 style='font-size: 22px; border-bottom: 2px solid currentColor; padding-bottom: 5px; margin-top: 0; color: inherit; opacity: 0.8;'>Consideraciones<\/h3>\n<ul style='padding-left: 20px; font-size: 15px; color: inherit;'>\n<li style='margin-bottom: 5px;'>La IP por default del equipo es la 192.168.1.36<\/li>\n<\/ul><\/div>\n<\/p><\/div>\n<hr style='border: 0; border-top: 1px solid rgba(150&comma; 150&comma; 150&comma; 0.3); margin: 30px 0;'>\n<div style='display: flex; flex-wrap: wrap; gap: 30px; margin-bottom: 30px;'>\n<div style='flex: 1 1 300px; min-width: 280px;'> <img style='width: 100%; height: auto; border: 1px solid rgba(150&comma;150&comma;150&comma;0.3); border-radius: 8px;' src='https:\/\/ftp3.syscom.mx\/usuarios\/fotos\/DS3WF02C5N\/O\/176009-ptp.png' alt='Enlace PTP'> <\/p>\n<h3 style='font-size: 22px; border-bottom: 2px solid currentColor; padding-bottom: 5px; margin-top: 20px; color: inherit; opacity: 0.8;'>Enlaces PTP<\/h3>\n<h4 style='font-size: 18px; color: inherit; opacity: 0.7; margin-top: 0;'>Soluci\u00f3n punto a punto<\/h4>\n<p style='font-size: 15px; color: inherit;'>Los enlaces inal\u00e1mbricos punto a punto (PTP) ofrecen la posibilidad de conectar lugares de dif\u00edcil acceso donde no existen otras posibilidades como por ejemplo cable de cobre o fibra \u00f3ptica&comma; estos transportan los datos de un lugar a otro por medio de las microondas y al hablar de datos no solo se refiere a que transita internet&comma; si no todos los datos como los son voz&comma; datos y video. Pero siempre hay que tener en cuenta varios factores para que nuestros enlaces sean estables y puedan sacar su m\u00e1ximo desempe\u00f1o a la hora de trabajar.<\/p>\n<p style='font-size: 15px; color: inherit;'>Los alcances de los enlaces se basan en b\u00e1sicamente en:<\/p>\n<ul style='padding-left: 20px; font-size: 15px; color: inherit;'>\n<li style='margin-bottom: 5px;'>Instalaci\u00f3n<\/li>\n<li style='margin-bottom: 5px;'>Realizar un estudio de l\u00ednea de vista<\/li>\n<li style='margin-bottom: 5px;'>Excelente L\u00ednea de Vista<\/li>\n<li style='margin-bottom: 5px;'>Excelente alineaci\u00f3n<\/li>\n<li style='margin-bottom: 5px;'>La Zona de Fresnel libre (90% m\u00ednimo)<\/li>\n<li style='margin-bottom: 5px;'>Ancho de canal convencional 20 MHz<\/li>\n<li style='margin-bottom: 5px;'>Alturas recomendadas seg\u00fan la distancia del enlace<\/li>\n<li style='margin-bottom: 5px;'>El canal con la menor interferencia posible<\/li>\n<li style='margin-bottom: 5px;'>Sin neblina<\/li>\n<\/ul>\n<p style='font-size: 15px; color: inherit;'>Si alguno de los puntos anteriores o varios de ellos no se cumplen&comma; los alcances ser\u00e1n inferiores.<\/p>\n<p style='font-size: 15px; color: inherit;'><strong>Nota:<\/strong> Antes de realizar la compra&comma; favor de verificar los equipos y si surge alguna duda nos puede consultar para aclararla.<\/p>\n<\/p><\/div>\n<div style='flex: 1 1 300px; min-width: 280px;'> <img style='width: 100%; height: auto; border: 1px solid rgba(150&comma;150&comma;150&comma;0.3); border-radius: 8px;' src='https:\/\/ftp3.syscom.mx\/usuarios\/fotos\/DS3WF02C5N\/O\/176009-ptmp_(er).png' alt='Enlace PTMP'> <\/p>\n<h3 style='font-size: 22px; border-bottom: 2px solid currentColor; padding-bottom: 5px; margin-top: 20px; color: inherit; opacity: 0.8;'>Enlaces PTMP<\/h3>\n<h4 style='font-size: 18px; color: inherit; opacity: 0.7; margin-top: 0;'>Soluci\u00f3n punto a multipunto<\/h4>\n<p style='font-size: 15px; color: inherit;'>Los enlaces inal\u00e1mbricos punto a multipunto (PTMP) al igual que los enlaces PTP ofrecen conectar a esos lugares de dif\u00edcil acceso pero con la diferencia que ahora es de un punto a varios puntos a conectar. Tambi\u00e9n transportan todo tipo de datos como por ejemplo voz&comma; datos y video. Pero tambi\u00e9n hay que tener en cuenta varios factores para que nuestros enlaces sean estables y puedan sacar su m\u00e1ximo desempe\u00f1o a la hora de trabajar.<\/p>\n<p style='font-size: 15px; color: inherit;'>Los alcances de los enlaces se basan en b\u00e1sicamente en:<\/p>\n<ul style='padding-left: 20px; font-size: 15px; color: inherit;'>\n<li style='margin-bottom: 5px;'>Instalaci\u00f3n<\/li>\n<li style='margin-bottom: 5px;'>Realizar un estudio de l\u00ednea de vista<\/li>\n<li style='margin-bottom: 5px;'>Excelente L\u00ednea de Vista<\/li>\n<li style='margin-bottom: 5px;'>Excelente alineaci\u00f3n<\/li>\n<li style='margin-bottom: 5px;'>La Zona de Fresnel libre (90% m\u00ednimo)<\/li>\n<li style='margin-bottom: 5px;'>Ancho de canal convencional 20 MHz<\/li>\n<li style='margin-bottom: 5px;'>Alturas recomendadas seg\u00fan la distancia del enlace<\/li>\n<li style='margin-bottom: 5px;'>El canal con la menor interferencia posible<\/li>\n<li style='margin-bottom: 5px;'>Sin neblina<\/li>\n<\/ul>\n<p style='font-size: 15px; color: inherit;'>Si alguno de los puntos anteriores o varios de ellos no se cumplen&comma; los alcances ser\u00e1n inferiores.<\/p>\n<p style='font-size: 15px; color: inherit;'><strong>Nota:<\/strong> Antes de realizar la compra&comma; favor de verificar los equipos y si surge alguna duda nos puede consultar para aclararla.<\/p>\n<\/p><\/div>\n<div style='flex: 1 1 300px; min-width: 280px;'> <img style='width: 100%; height: auto; border: 1px solid rgba(150&comma;150&comma;150&comma;0.3); border-radius: 8px;' src='https:\/\/ftp3.syscom.mx\/usuarios\/fotos\/DS3WF02C5N\/O\/176009-aplicaci\u00f3n_t\u00edpica_2.png' alt='Aplicaci\u00f3n T\u00edpica'> <\/p>\n<h3 style='font-size: 22px; border-bottom: 2px solid currentColor; padding-bottom: 5px; margin-top: 20px; color: inherit; opacity: 0.8;'>Aplicaci\u00f3n T\u00edpica<\/h3>\n<h4 style='font-size: 18px; color: inherit; opacity: 0.7; margin-top: 0;'>Instalaci\u00f3n T\u00edpica<\/h4>\n<p style='font-size: 15px; color: inherit;'>En la parte de las aplicaciones t\u00edpicas comunes se pueden tomar como ejemplo el llevar internet de una casa a otra que est\u00e9n a distancias cortas y una l\u00ednea de vista para el enlace que se presta para una instalaci\u00f3n r\u00e1pida y sencilla.<\/p>\n<p style='font-size: 15px; color: inherit;'>Otro de los escenarios comunes para esto es mandar la imagen de c\u00e1maras a un punto principal o casetas de vigilancia&comma; para que el guardia o la persona que est\u00e9 en el monitoreo pueda estar checando el video en tiempo real.<\/p>\n<p style='font-size: 15px; color: inherit;'>Otro escenario por ejemplo puede ser tambi\u00e9n el mandar los datos de un control de acceso que se encuentra a distancia y este actualizando estos datos y no deje sin entrar o salir a personas&comma; en fin las aplicaciones de este tipo de enlaces por lo com\u00fan son rapidos y sencillos de instalar pero claro contando siempre con una l\u00ednea de vista para que los datos lleguen correctamente a su destino.<\/p>\n<p style='font-size: 15px; color: inherit;'>Ahorraremos mucho tiempo en nuestras instalaciones y tambi\u00e9n hay que tomar en cuenta que estos equipos son para estar en el exterior instalados en un poste por ejemplo.<\/p>\n<\/p><\/div>\n<\/p><\/div>\n<div style='display: flex; flex-wrap: wrap; gap: 30px; margin-bottom: 30px;'>\n<div style='flex: 1 1 300px; min-width: 280px;'> <img style='width: 100%; height: auto; border: 1px solid rgba(150&comma;150&comma;150&comma;0.3); border-radius: 8px;' src='https:\/\/ftp3.syscom.mx\/usuarios\/fotos\/DS3WF02C5N\/O\/176009-tierra_outdoor.png' alt='Instalaci\u00f3n de protectores contra descargas (Outdoor)'> <\/p>\n<h3 style='font-size: 22px; border-bottom: 2px solid currentColor; padding-bottom: 5px; margin-top: 20px; color: inherit; opacity: 0.8;'>Instalaci\u00f3n de protectores contra descargas (Outdoor)<\/h3>\n<p style='font-size: 15px; color: inherit;'><strong>Sobrecargas o picos de voltaje<\/strong> son sobretensiones de energ\u00eda el\u00e9ctrica extra&comma; de alta velocidad no deseadas&comma; estos ponen en peligro los equipos el\u00e9ctricos.<\/p>\n<p style='font-size: 15px; color: inherit;'>Son causadas de varias maneras:<\/p>\n<ul style='padding-left: 20px; font-size: 15px; color: inherit;'>\n<li style='margin-bottom: 5px;'><strong>Las descargas atmosf\u00e9ricas son la causa m\u00e1s dram\u00e1tica.<\/strong><\/li>\n<li style='margin-bottom: 5px;'><strong>Equipos electr\u00f3nicos que funcionan en el mismo lugar (Motores el\u00e9ctricos&comma; ascensores).<\/strong><\/li>\n<li style='margin-bottom: 5px;'><strong>Conmutaciones inevitables de las compa\u00f1\u00edas de energ\u00eda.<\/strong><\/li>\n<\/ul>\n<p style='font-size: 15px; color: inherit;'>Algunos de los protectores para exterior que puede usar son los modelos <a href='https:\/\/www.syscom.mx\/producto\/ETH-SP-G2-UBIQUITI-NETWORKS-144069.html' style='color: inherit; text-decoration: underline;'>ETH-SP-G2<\/a>&comma; <a href='https:\/\/www.syscom.mx\/producto\/ALPU-L130-TRANSTECTOR-80799.html' style='color: inherit; text-decoration: underline;'>ALPU-L130<\/a>&comma; <a href='https:\/\/www.syscom.mx\/producto\/630-SSHG-CAMBIUM-NETWORKS-160894.html' style='color: inherit; text-decoration: underline;'>630-SSHG<\/a>&comma; <a href='https:\/\/www.syscom.mx\/producto\/NID-MIMOSA-NETWORKS-86080.html' style='color: inherit; text-decoration: underline;'>NID<\/a>.<\/p>\n<\/p><\/div>\n<div style='flex: 1 1 300px; min-width: 280px;'> <img style='width: 100%; height: auto; border: 1px solid rgba(150&comma;150&comma;150&comma;0.3); border-radius: 8px;' src='https:\/\/ftp3.syscom.mx\/usuarios\/fotos\/DS3WF02C5N\/O\/176009-tierra_indoor.png' alt='Instalaci\u00f3n de protectores contra descargas (Indoor)'> <\/p>\n<h3 style='font-size: 22px; border-bottom: 2px solid currentColor; padding-bottom: 5px; margin-top: 20px; color: inherit; opacity: 0.8;'>Instalaci\u00f3n de protectores contra descargas (Indoor)<\/h3>\n<p style='font-size: 15px; color: inherit;'>Dependiendo de la intensidad de los picos&comma; causan los siguientes efectos:<\/p>\n<ul style='padding-left: 20px; font-size: 15px; color: inherit;'>\n<li style='margin-bottom: 5px;'><strong>Da\u00f1o permanente<\/strong><\/li>\n<li style='margin-bottom: 5px;'><strong>Tipo fuera de servicio<\/strong><\/li>\n<li style='margin-bottom: 5px;'><strong>Degradaci\u00f3n del equipo<\/strong><\/li>\n<li style='margin-bottom: 5px;'><strong>P\u00e9rdida de productividad<\/strong><\/li>\n<li style='margin-bottom: 5px;'><strong>Errores<\/strong><\/li>\n<li style='margin-bottom: 5px;'><strong>P\u00e9rdida de memoria\/datos<\/strong><\/li>\n<li style='margin-bottom: 5px;'><strong>Reduce la vida del equipo<\/strong><\/li>\n<\/ul>\n<p style='font-size: 15px; color: inherit;'>Algunos de los protectores para interior que puede usar son los modelos <a href='https:\/\/www.syscom.mx\/producto\/T-DPR-GE-POE-TRANSTECTOR-37290.html' style='color: inherit; text-decoration: underline;'>T-DPR-GE-POE<\/a>&comma; <a href='https:\/\/www.syscom.mx\/producto\/T-DPR-GE-TRANSTECTOR-37289.html' style='color: inherit; text-decoration: underline;'>T-DPR-GE<\/a>&comma; <a href='https:\/\/www.syscom.mx\/producto\/T-DPR-E-TRANSTECTOR-37288.html' style='color: inherit; text-decoration: underline;'>T-DPR-E<\/a> se usa un <a href='https:\/\/www.syscom.mx\/producto\/DS-DPR-CHASSIS-TRANSTECTOR-96918.html' style='color: inherit; text-decoration: underline;'>DS-DPR-CHASSIS<\/a> para instalaci\u00f3n en Rack.<\/p>\n<\/p><\/div>\n<\/p><\/div>\n<\/p><\/div>\n","protected":false},"excerpt":{"rendered":"<p>Punto de Acceso (AC) PTP y PTMP en 5 GHz \/ Hasta 867 Mbps \/ Antena Sectorial de H: 35\u00b0 \/ MIMO 2X2 \/ 12 dBi de Ganancia \/ Uso en Exterior<\/p>\n","protected":false},"featured_media":32,"comment_status":"open","ping_status":"closed","template":"","meta":[],"product_brand":[],"product_cat":[1998],"product_tag":[1999,1980,54],"class_list":{"0":"post-100217","1":"product","2":"type-product","3":"status-publish","4":"has-post-thumbnail","6":"product_cat-5-y-6-ghz","7":"product_tag-5-y-6-ghz","8":"product_tag-enlaces-ptp-y-ptmp","9":"product_tag-hikvision","11":"first","12":"outofstock","13":"sale","14":"shipping-taxable","15":"purchasable","16":"product-type-simple"},"_links":{"self":[{"href":"https:\/\/soydeaqui.ddns.net\/pachuca\/index.php\/wp-json\/wp\/v2\/product\/100217","targetHints":{"allow":["GET"]}}],"collection":[{"href":"https:\/\/soydeaqui.ddns.net\/pachuca\/index.php\/wp-json\/wp\/v2\/product"}],"about":[{"href":"https:\/\/soydeaqui.ddns.net\/pachuca\/index.php\/wp-json\/wp\/v2\/types\/product"}],"replies":[{"embeddable":true,"href":"https:\/\/soydeaqui.ddns.net\/pachuca\/index.php\/wp-json\/wp\/v2\/comments?post=100217"}],"wp:featuredmedia":[{"embeddable":true,"href":"https:\/\/soydeaqui.ddns.net\/pachuca\/index.php\/wp-json\/wp\/v2\/media\/32"}],"wp:attachment":[{"href":"https:\/\/soydeaqui.ddns.net\/pachuca\/index.php\/wp-json\/wp\/v2\/media?parent=100217"}],"wp:term":[{"taxonomy":"product_brand","embeddable":true,"href":"https:\/\/soydeaqui.ddns.net\/pachuca\/index.php\/wp-json\/wp\/v2\/product_brand?post=100217"},{"taxonomy":"product_cat","embeddable":true,"href":"https:\/\/soydeaqui.ddns.net\/pachuca\/index.php\/wp-json\/wp\/v2\/product_cat?post=100217"},{"taxonomy":"product_tag","embeddable":true,"href":"https:\/\/soydeaqui.ddns.net\/pachuca\/index.php\/wp-json\/wp\/v2\/product_tag?post=100217"}],"curies":[{"name":"wp","href":"https:\/\/api.w.org\/{rel}","templated":true}]}}