{"id":100214,"date":"2026-03-20T11:03:28","date_gmt":"2026-03-20T11:03:28","guid":{"rendered":"https:\/\/soydeaqui.ddns.net\/pachuca\/index.php\/producto\/dual-light-turret-ip-de-2-megapixel-lente-2-8-mm-angulo-de-vision-101-20-mts-ir-15-mts-luz-blanca-microfono-integrado-acusense-lite-exterior-ip67-poe-dwdr-h-265-onvi\/"},"modified":"2026-03-20T11:03:35","modified_gmt":"2026-03-20T11:03:35","slug":"dual-light-turret-ip-de-2-megapixel-lente-2-8-mm-angulo-de-vision-101-20-mts-ir-15-mts-luz-blanca-microfono-integrado-acusense-lite-exterior-ip67-poe-dwdr-h-265-onvi","status":"publish","type":"product","link":"https:\/\/soydeaqui.ddns.net\/pachuca\/index.php\/producto\/dual-light-turret-ip-de-2-megapixel-lente-2-8-mm-angulo-de-vision-101-20-mts-ir-15-mts-luz-blanca-microfono-integrado-acusense-lite-exterior-ip67-poe-dwdr-h-265-onvi\/","title":{"rendered":"[Dual Light] Turret IP de 2 Megapixel   \/ Lente 2.8 mm \/  \u00c1ngulo de visi\u00f3n 101\u00b0 \/ 20 mts IR + 15 mts Luz Blanca \/ Micr\u00f3fono Integrado \/ ACUSENSE Lite \/  Exterior IP67 \/ PoE \/ dWDR \/ H.265+ \/ ONVIF"},"content":{"rendered":"<div style='width: 100%; max-width: 1200px; margin: 0 auto; font-family: sans-serif; line-height: 1.6; color: inherit; background-color: transparent;'> <!-- Imagen principal --> <\/p>\n<div style='width: 100%; margin-bottom: 30px;'> <img style='width: 100%; height: auto; border: 1px solid rgba(150&comma;150&comma;150&comma;0.3); border-radius: 8px;' src='https:\/\/ftp3.syscom.mx\/usuarios\/fotos\/IPCB120\/143291-hilook.png' alt=''> <\/div>\n<p> <!-- Videos --> <\/p>\n<div style='display: flex; flex-wrap: wrap; gap: 20px; margin-bottom: 30px;'>\n<div style='flex: 1 1 45%; min-width: 300px;'>\n<div style='position: relative; padding-bottom: 56.25%; height: 0; overflow: hidden; margin-bottom: 30px;'>   <\/div>\n<\/p><\/div>\n<div style='flex: 1 1 45%; min-width: 300px;'>\n<div style='position: relative; padding-bottom: 56.25%; height: 0; overflow: hidden; margin-bottom: 30px;'>   <\/div>\n<\/p><\/div>\n<div style='flex: 1 1 45%; min-width: 300px;'>\n<div style='position: relative; padding-bottom: 56.25%; height: 0; overflow: hidden; margin-bottom: 30px;'>   <\/div>\n<\/p><\/div>\n<div style='flex: 1 1 45%; min-width: 300px;'>\n<div style='position: relative; padding-bottom: 56.25%; height: 0; overflow: hidden; margin-bottom: 30px;'>   <\/div>\n<\/p><\/div>\n<\/p><\/div>\n<p> <!-- Tarjetas de especificaciones --> <\/p>\n<div style='display: flex; flex-wrap: wrap; gap: 20px; margin-bottom: 30px;'> <!-- Caracter\u00edsticas Principales --> <\/p>\n<div style='flex: 1 1 45%; min-width: 300px; border: 1px solid rgba(150&comma; 150&comma; 150&comma; 0.4); border-radius: 8px; overflow: hidden; display: flex; flex-direction: column;'>\n<div style='padding: 15px; border-bottom: 1px solid rgba(150&comma; 150&comma; 150&comma; 0.2); font-weight: bold; font-size: 18px; color: inherit; background-color: #266ca9; color: white;'> Caracter\u00edsticas Principales <\/div>\n<div style='padding: 15px; color: inherit; flex-grow: 1;'>\n<ul style='padding-left: 20px; margin: 0; font-size: 14px; list-style-type: disc;'>\n<li style='margin-bottom: 5px;'><strong>Resoluci\u00f3n m\u00e1xima:<\/strong> 2 Megap\u00edxeles (1920 x 1080)<\/li>\n<li style='margin-bottom: 5px;'><strong>Lente fijo:<\/strong> 2.8 mm (\u00e1ngulo de visi\u00f3n 104\u00b0)<\/li>\n<li style='margin-bottom: 5px;'><strong>Dual light:<\/strong> 20 m Smart IR + 15m luz blanca<\/li>\n<li style='margin-bottom: 5px;'><strong>3D DNR \/ BLC \/ HLC \/ dWDR<\/strong><\/li>\n<li style='margin-bottom: 5px;'><strong>Micr\u00f3fono integrado:<\/strong> captura audio en \u00e1rea de 5 m\u00b2<\/li>\n<li style='margin-bottom: 5px;'><strong>Detecci\u00f3n de movimiento:<\/strong> con filtro humano<\/li>\n<li style='margin-bottom: 5px;'><strong>Notificaciones push:<\/strong> en app HiLook Vision<\/li>\n<\/ul><\/div>\n<\/p><\/div>\n<p> <!-- Caracter\u00edsticas Destacadas --> <\/p>\n<div style='flex: 1 1 45%; min-width: 300px; border: 1px solid rgba(150&comma; 150&comma; 150&comma; 0.4); border-radius: 8px; overflow: hidden; display: flex; flex-direction: column;'>\n<div style='padding: 15px; border-bottom: 1px solid rgba(150&comma; 150&comma; 150&comma; 0.2); font-weight: bold; font-size: 18px; color: inherit; background-color: #266ca9; color: white;'> Caracter\u00edsticas Destacadas <\/div>\n<div style='padding: 15px; color: inherit; flex-grow: 1;'>\n<ul style='padding-left: 20px; margin: 0; font-size: 14px; list-style-type: disc;'>\n<li style='margin-bottom: 5px;'><strong>Tecnolog\u00eda Smart IR:<\/strong> para visi\u00f3n nocturna<\/li>\n<li style='margin-bottom: 5px;'><strong>Compresi\u00f3n H.265+:<\/strong> para ahorro de almacenamiento<\/li>\n<li style='margin-bottom: 5px;'><strong>Soporte:<\/strong> para montaje en pared\/techo<\/li>\n<li style='margin-bottom: 5px;'><strong>Integraci\u00f3n:<\/strong> con sistemas de seguridad<\/li>\n<\/ul><\/div>\n<\/p><\/div>\n<p> <!-- Caracter\u00edsticas F\u00edsicas y El\u00e9ctricas --> <\/p>\n<div style='flex: 1 1 45%; min-width: 300px; border: 1px solid rgba(150&comma; 150&comma; 150&comma; 0.4); border-radius: 8px; overflow: hidden; display: flex; flex-direction: column;'>\n<div style='padding: 15px; border-bottom: 1px solid rgba(150&comma; 150&comma; 150&comma; 0.2); font-weight: bold; font-size: 18px; color: inherit; background-color: #266ca9; color: white;'> Caracter\u00edsticas F\u00edsicas y El\u00e9ctricas <\/div>\n<div style='padding: 15px; color: inherit; flex-grow: 1;'>\n<ul style='padding-left: 20px; margin: 0; font-size: 14px; list-style-type: disc;'>\n<li style='margin-bottom: 5px;'><strong>Alimentaci\u00f3n:<\/strong> 12 VDC\/ PoE (802.3af) 6.5 watts<\/li>\n<li style='margin-bottom: 5px;'><strong>Protecci\u00f3n:<\/strong> IP67 (interior\/exterior)<\/li>\n<li style='margin-bottom: 5px;'><strong>Material:<\/strong> Policarbonato reforzado<\/li>\n<li style='margin-bottom: 5px;'><strong>Peso total:<\/strong> 175 gramos<\/li>\n<li style='margin-bottom: 5px;'><strong>Temperatura operativa:<\/strong> -30\u00b0C a 45\u00b0C<\/li>\n<\/ul><\/div>\n<\/p><\/div>\n<p> <!-- Accesorios Opcionales --> <\/p>\n<div style='flex: 1 1 45%; min-width: 300px; border: 1px solid rgba(150&comma; 150&comma; 150&comma; 0.4); border-radius: 8px; overflow: hidden; display: flex; flex-direction: column;'>\n<div style='padding: 15px; border-bottom: 1px solid rgba(150&comma; 150&comma; 150&comma; 0.2); font-weight: bold; font-size: 18px; color: inherit; background-color: #266ca9; color: white;'> Accesorios Opcionales <\/div>\n<div style='padding: 15px; color: inherit; flex-grow: 1;'>\n<ul style='padding-left: 20px; margin: 0; font-size: 14px; list-style-type: disc;'>\n<li style='margin-bottom: 5px;'><strong>Caja de Conexiones:<\/strong> <a href='https:\/\/www.syscom.mx\/producto\/DS-1280ZJ-S-HIKVISION-84927.html' style='color: #266CA9; text-decoration: none;'>DS-1280ZJ-S<\/a><\/li>\n<li style='margin-bottom: 5px;'><strong>Caja de Conexi\u00f3n Inclinada:<\/strong> <a href='https:\/\/www.syscom.mx\/producto\/DS-1281ZJ-S-HIKVISION-93443.html' style='color: #266CA9; text-decoration: none;'>DS-1281ZJ-S<\/a><\/li>\n<li style='margin-bottom: 5px;'><strong>Montaje de pared:<\/strong> <a href='https:\/\/www.syscom.mx\/producto\/DS-1272ZJ-110-TRS-HIKVISION-139817.html' style='color: #266CA9; text-decoration: none;'>DS-1272ZJ-110-TRS<\/a><\/li>\n<li style='margin-bottom: 5px;'><strong>Montaje para poste:<\/strong> <a href='https:\/\/www.syscom.mx\/producto\/DS-1275ZJ-SUS-HIKVISION-156172.html' style='color: #266CA9; text-decoration: none;'>DS-1275ZJ-SUS<\/a><\/li>\n<li style='margin-bottom: 5px;'><strong>Montaje de esquina:<\/strong> <a href='https:\/\/www.syscom.mx\/producto\/DS-1276ZJ-SUS-HIKVISION-156173.html' style='color: #266CA9; text-decoration: none;'>DS-1276ZJ-SUS<\/a><\/li>\n<\/ul><\/div>\n<\/p><\/div>\n<\/p><\/div>\n<p> <!-- Tabla DORI --> <\/p>\n<div style='margin-bottom: 30px;'>\n<div style='padding: 15px; border-bottom: 1px solid rgba(150&comma; 150&comma; 150&comma; 0.2); font-weight: bold; font-size: 18px; color: inherit; background-color: #266ca9; color: white; margin-bottom: 15px;'> Distancias DORI <\/div>\n<p style='margin-bottom: 15px; color: inherit; font-size: 14px;'> DORI es un est\u00e1ndar utilizado para definir la distancia a la cual se puede detectar&comma; observar&comma; reconocer e identificar personas y objetos con claridad utilizando una c\u00e1mara de vigilancia <\/p>\n<div style='overflow-x: auto;'>\n<table style='width: 100%; border-collapse: collapse; border: 1px solid rgba(150&comma;150&comma;150&comma;0.3);'>\n<thead>\n<tr style='background-color: rgba(38&comma;108&comma;169&comma;0.1);'>\n<th style='border: 1px solid rgba(150&comma;150&comma;150&comma;0.3); padding: 8px; text-align: center; color: inherit;'><strong>Distancia Focal<\/strong><\/th>\n<th style='border: 1px solid rgba(150&comma;150&comma;150&comma;0.3); padding: 8px; text-align: center; color: inherit;'><strong>Detectar<\/strong><\/th>\n<th style='border: 1px solid rgba(150&comma;150&comma;150&comma;0.3); padding: 8px; text-align: center; color: inherit;'><strong>Observar<\/strong><\/th>\n<th style='border: 1px solid rgba(150&comma;150&comma;150&comma;0.3); padding: 8px; text-align: center; color: inherit;'><strong>Reconocer<\/strong><\/th>\n<th style='border: 1px solid rgba(150&comma;150&comma;150&comma;0.3); padding: 8px; text-align: center; color: inherit;'><strong>Identificar<\/strong><\/th>\n<\/tr>\n<\/thead>\n<tbody>\n<tr>\n<td style='border: 1px solid rgba(150&comma;150&comma;150&comma;0.3); padding: 8px; text-align: center; color: inherit;'>2.8mm<\/td>\n<td style='border: 1px solid rgba(150&comma;150&comma;150&comma;0.3); padding: 8px; text-align: center; color: inherit;'>44 metros<\/td>\n<td style='border: 1px solid rgba(150&comma;150&comma;150&comma;0.3); padding: 8px; text-align: center; color: inherit;'>17 metros<\/td>\n<td style='border: 1px solid rgba(150&comma;150&comma;150&comma;0.3); padding: 8px; text-align: center; color: inherit;'>8 metros<\/td>\n<td style='border: 1px solid rgba(150&comma;150&comma;150&comma;0.3); padding: 8px; text-align: center; color: inherit;'>4 metros<\/td>\n<\/tr>\n<\/tbody>\n<\/table><\/div>\n<\/p><\/div>\n<p> <!-- Banner final --> <\/p>\n<div style='margin-top: 30px;'> <img style='width: 100%; height: auto; border: 1px solid rgba(150&comma;150&comma;150&comma;0.3); border-radius: 8px; display: block; margin: 0 auto;' src='https:\/\/ftp3.syscom.mx\/usuarios\/yvalenzuela\/Hilook\/hiklook.jpg' alt=''> <\/div>\n<\/p><\/div>\n","protected":false},"excerpt":{"rendered":"<p>[Dual Light] Turret IP de 2 Megapixel   \/ Lente 2.8 mm \/  \u00c1ngulo de visi\u00f3n 101\u00b0 \/ 20 mts IR + 15 mts Luz Blanca \/ Micr\u00f3fono Integrado \/ ACUSENSE Lite \/  Exterior IP67 \/ PoE \/ dWDR \/ H.265+ \/ ONVIF<\/p>\n","protected":false},"featured_media":100213,"comment_status":"open","ping_status":"closed","template":"","meta":[],"product_brand":[],"product_cat":[2056],"product_tag":[122,2057,715],"class_list":{"0":"post-100214","1":"product","2":"type-product","3":"status-publish","4":"has-post-thumbnail","6":"product_cat-domo-eyeball-turret","7":"product_tag-camaras-ip-y-nvrs","8":"product_tag-domo-eyeball-turret","9":"product_tag-hilook-by-hikvision","11":"first","12":"instock","13":"sale","14":"shipping-taxable","15":"purchasable","16":"product-type-simple"},"_links":{"self":[{"href":"https:\/\/soydeaqui.ddns.net\/pachuca\/index.php\/wp-json\/wp\/v2\/product\/100214","targetHints":{"allow":["GET"]}}],"collection":[{"href":"https:\/\/soydeaqui.ddns.net\/pachuca\/index.php\/wp-json\/wp\/v2\/product"}],"about":[{"href":"https:\/\/soydeaqui.ddns.net\/pachuca\/index.php\/wp-json\/wp\/v2\/types\/product"}],"replies":[{"embeddable":true,"href":"https:\/\/soydeaqui.ddns.net\/pachuca\/index.php\/wp-json\/wp\/v2\/comments?post=100214"}],"wp:featuredmedia":[{"embeddable":true,"href":"https:\/\/soydeaqui.ddns.net\/pachuca\/index.php\/wp-json\/wp\/v2\/media\/100213"}],"wp:attachment":[{"href":"https:\/\/soydeaqui.ddns.net\/pachuca\/index.php\/wp-json\/wp\/v2\/media?parent=100214"}],"wp:term":[{"taxonomy":"product_brand","embeddable":true,"href":"https:\/\/soydeaqui.ddns.net\/pachuca\/index.php\/wp-json\/wp\/v2\/product_brand?post=100214"},{"taxonomy":"product_cat","embeddable":true,"href":"https:\/\/soydeaqui.ddns.net\/pachuca\/index.php\/wp-json\/wp\/v2\/product_cat?post=100214"},{"taxonomy":"product_tag","embeddable":true,"href":"https:\/\/soydeaqui.ddns.net\/pachuca\/index.php\/wp-json\/wp\/v2\/product_tag?post=100214"}],"curies":[{"name":"wp","href":"https:\/\/api.w.org\/{rel}","templated":true}]}}