{"id":100204,"date":"2026-03-20T11:02:59","date_gmt":"2026-03-20T11:02:59","guid":{"rendered":"https:\/\/soydeaqui.ddns.net\/pachuca\/index.php\/producto\/dual-light-domo-ip-de-2-megapixel-1080p-lente-2-8-mm-20-mts-ir-15-mts-luz-blanca-microfono-integrado-acusense-lite-uso-en-interior-poe-dwdr-h-265-onvif\/"},"modified":"2026-03-20T11:03:06","modified_gmt":"2026-03-20T11:03:06","slug":"dual-light-domo-ip-de-2-megapixel-1080p-lente-2-8-mm-20-mts-ir-15-mts-luz-blanca-microfono-integrado-acusense-lite-uso-en-interior-poe-dwdr-h-265-onvif","status":"publish","type":"product","link":"https:\/\/soydeaqui.ddns.net\/pachuca\/index.php\/producto\/dual-light-domo-ip-de-2-megapixel-1080p-lente-2-8-mm-20-mts-ir-15-mts-luz-blanca-microfono-integrado-acusense-lite-uso-en-interior-poe-dwdr-h-265-onvif\/","title":{"rendered":"[Dual Light] Domo IP de 2 Megapixel (1080p) \/ Lente 2.8 mm \/ 20 mts IR + 15 mts Luz Blanca \/ Micr\u00f3fono Integrado \/ ACUSENSE Lite \/ Uso en interior \/ PoE \/ dWDR \/ H.265+ \/ ONVIF"},"content":{"rendered":"<div style='width: 100%; max-width: 1200px; margin: 0 auto; font-family: sans-serif; line-height: 1.6; color: inherit; background-color: transparent;'>\n<div style='display: flex; flex-direction: column; align-items: center; width: 100%;'> <img style='width: 100%; max-width: 512px; height: auto; border: 1px solid rgba(150&comma;150&comma;150&comma;0.3); border-radius: 8px;' src='https:\/\/ftp3.syscom.mx\/usuarios\/fotos\/IPCB120\/143291-hilook.png' alt=''> <!-- Videos --> <\/p>\n<div style='width: 100%; max-width: 800px; margin: 30px 0;'>\n<div style='position: relative; padding-bottom: 56.25%; height: 0; overflow: hidden; margin-bottom: 30px;'>   <\/div>\n<div style='display: flex; flex-wrap: wrap; gap: 30px; justify-content: center;'>\n<div style='position: relative; padding-bottom: 56.25%; width: 100%; max-width: 600px; height: 0; overflow: hidden;'>   <\/div>\n<div style='position: relative; padding-bottom: 56.25%; width: 100%; max-width: 600px; height: 0; overflow: hidden;'>   <\/div>\n<\/p><\/div>\n<\/p><\/div>\n<p> <!-- Secci\u00f3n de cards --> <\/p>\n<div style='display: flex; flex-wrap: wrap; gap: 30px; width: 100%; margin-bottom: 30px;'> <!-- Columna 1 --> <\/p>\n<div style='flex: 1 1 400px; min-width: 300px;'>\n<div style='border: 1px solid rgba(150&comma;150&comma;150&comma;0.4); border-radius: 8px; overflow: hidden; display: flex; flex-direction: column; margin-bottom: 30px;'>\n<div style='padding: 15px; border-bottom: 1px solid rgba(150&comma;150&comma;150&comma;0.2); font-weight: bold; font-size: 18px; color: inherit; background-color: rgba(38&comma;108&comma;169&comma;0.9); color: white;'>Caracter\u00edsticas Principales<\/div>\n<div style='padding: 15px; color: inherit;'>\n<ul style='padding-left: 20px; margin: 0; font-size: 14px; list-style-type: disc;'>\n<li style='margin-bottom: 5px;'>Resoluci\u00f3n m\u00e1xima: 2 Megap\u00edxeles (1920 x 1080)<\/li>\n<li style='margin-bottom: 5px;'>Lente fijo: 2.8 mm (\u00e1ngulo de visi\u00f3n 101\u00b0)<\/li>\n<li style='margin-bottom: 5px;'>Dual light (20 m Smart IR + 15m luz blanca)<\/li>\n<li style='margin-bottom: 5px;'>3D DNR \/ BLC \/ HLC \/ dWDR<\/li>\n<li style='margin-bottom: 5px;'>Micr\u00f3fono integrado: captura audio en \u00e1rea de 5 m\u00b2<\/li>\n<li style='margin-bottom: 5px;'>Detecci\u00f3n de movimiento con filtro humano<\/li>\n<li style='margin-bottom: 5px;'>Notificaciones push en app HiLook Vision<\/li>\n<\/ul><\/div>\n<\/p><\/div>\n<div style='border: 1px solid rgba(150&comma;150&comma;150&comma;0.4); border-radius: 8px; overflow: hidden; display: flex; flex-direction: column;'>\n<div style='padding: 15px; border-bottom: 1px solid rgba(150&comma;150&comma;150&comma;0.2); font-weight: bold; font-size: 18px; color: inherit; background-color: rgba(38&comma;108&comma;169&comma;0.9); color: white;'>Caracter\u00edsticas Destacadas<\/div>\n<div style='padding: 15px; color: inherit;'>\n<ul style='padding-left: 20px; margin: 0; font-size: 14px; list-style-type: disc;'>\n<li style='margin-bottom: 5px;'>Tecnolog\u00eda Smart IR para visi\u00f3n nocturna<\/li>\n<li style='margin-bottom: 5px;'>Compresi\u00f3n H.265+ para ahorro de almacenamiento<\/li>\n<li style='margin-bottom: 5px;'>Soporte para montaje en pared\/techo<\/li>\n<li style='margin-bottom: 5px;'>Integraci\u00f3n con sistemas de seguridad<\/li>\n<\/ul><\/div>\n<\/p><\/div>\n<\/p><\/div>\n<p> <!-- Columna 2 --> <\/p>\n<div style='flex: 1 1 400px; min-width: 300px;'>\n<div style='border: 1px solid rgba(150&comma;150&comma;150&comma;0.4); border-radius: 8px; overflow: hidden; display: flex; flex-direction: column; margin-bottom: 30px;'>\n<div style='padding: 15px; border-bottom: 1px solid rgba(150&comma;150&comma;150&comma;0.2); font-weight: bold; font-size: 18px; color: inherit; background-color: rgba(38&comma;108&comma;169&comma;0.9); color: white;'>Caracter\u00edsticas F\u00edsicas y El\u00e9ctricas<\/div>\n<div style='padding: 15px; color: inherit;'>\n<ul style='padding-left: 20px; margin: 0; font-size: 14px; list-style-type: disc;'>\n<li style='margin-bottom: 5px;'>Alimentaci\u00f3n: 12 VCC \/ PoE (802.3af) 7 Watts<\/li>\n<li style='margin-bottom: 5px;'>Material: Policarbonato reforzado<\/li>\n<li style='margin-bottom: 5px;'>Uso en interior<\/li>\n<li style='margin-bottom: 5px;'>Peso total: 662 gramos<\/li>\n<li style='margin-bottom: 5px;'>Temperatura operativa: -10\u00b0C a 40\u00b0C<\/li>\n<\/ul><\/div>\n<\/p><\/div>\n<div style='border: 1px solid rgba(150&comma;150&comma;150&comma;0.4); border-radius: 8px; overflow: hidden; display: flex; flex-direction: column;'>\n<div style='padding: 15px; border-bottom: 1px solid rgba(150&comma;150&comma;150&comma;0.2); font-weight: bold; font-size: 18px; color: inherit; background-color: rgba(38&comma;108&comma;169&comma;0.9); color: white;'>Accesorios Opcionales<\/div>\n<div style='padding: 15px; color: inherit;'>\n<ul style='padding-left: 20px; margin: 0; font-size: 14px; list-style-type: disc;'>\n<li style='margin-bottom: 5px;'>Caja de Conexi\u00f3n &#8211; <a href='https:\/\/www.syscom.mx\/producto\/DS-1280ZJ-DM46-HIKVISION-188766.html' target='_blank' rel='noopener' style='color: #266CA9; text-decoration: none;'>DS-1280ZJ-DM46<\/a><\/li>\n<li style='margin-bottom: 5px;'>Montaje de Pared con Caja de Conexi\u00f3n &#8211; <a href='https:\/\/www.syscom.mx\/producto\/DS-1272ZJ-120B-HIKVISION-168454.html' target='_blank' rel='noopener' style='color: #266CA9; text-decoration: none;'>DS-1272ZJ-120B<\/a><\/li>\n<li style='margin-bottom: 5px;'>Montaje de Pared &#8211; <a href='https:\/\/www.syscom.mx\/producto\/DS-1272ZJ-120-HIKVISION-79331.html' target='_blank' rel='noopener' style='color: #266CA9; text-decoration: none;'>DS-1272ZJ-120<\/a><\/li>\n<li style='margin-bottom: 5px;'>Montaje Colgante &#8211; <a href='https:\/\/www.syscom.mx\/producto\/DS-1271ZJ-120-HIKVISION-168453.html' target='_blank' rel='noopener' style='color: #266CA9; text-decoration: none;'>DS-1271ZJ-120<\/a><\/li>\n<li style='margin-bottom: 5px;'>Montaje para Poste &#8211; <a href='https:\/\/www.syscom.mx\/producto\/DS-1275ZJ-SUS-HIKVISION-156172.html' target='_blank' rel='noopener' style='color: #266CA9; text-decoration: none;'>DS-1275ZJ-SUS<\/a><\/li>\n<li style='margin-bottom: 5px;'>Montaje de Esquina: <a href='https:\/\/www.syscom.mx\/producto\/DS-1276ZJ-SUS-HIKVISION-156173.html' target='_blank' rel='noopener' style='color: #266CA9; text-decoration: none;'>DS-1276ZJ-SUS<\/a><\/li>\n<\/ul><\/div>\n<\/p><\/div>\n<\/p><\/div>\n<\/p><\/div>\n<p> <!-- Tabla DORI --> <\/p>\n<div style='width: 100%; max-width: 1000px; margin-bottom: 30px;'>\n<div style='border: 1px solid rgba(150&comma;150&comma;150&comma;0.4); border-radius: 8px; overflow: hidden;'>\n<div style='padding: 15px; border-bottom: 1px solid rgba(150&comma;150&comma;150&comma;0.2); font-weight: bold; font-size: 18px; color: inherit; background-color: rgba(38&comma;108&comma;169&comma;0.9); color: white;'>Distancias DORI<\/div>\n<div style='padding: 15px; color: inherit;'>\n<p style='margin-bottom: 15px;'>DORI es un est\u00e1ndar utilizado para definir la distancia a la cual se puede detectar&comma; observar&comma; reconocer e identificar personas y objetos con claridad utilizando una c\u00e1mara de vigilancia<\/p>\n<table style='width: 100%; border-collapse: collapse;'>\n<thead>\n<tr>\n<th style='width: 20%; border: 1px solid rgba(150&comma;150&comma;150&comma;0.3); padding: 8px; text-align: center;'>Distancia Focal<\/th>\n<th style='width: 20%; border: 1px solid rgba(150&comma;150&comma;150&comma;0.3); padding: 8px; text-align: center;'>Detectar<\/th>\n<th style='width: 20%; border: 1px solid rgba(150&comma;150&comma;150&comma;0.3); padding: 8px; text-align: center;'>Observar<\/th>\n<th style='width: 20%; border: 1px solid rgba(150&comma;150&comma;150&comma;0.3); padding: 8px; text-align: center;'>Reconocer<\/th>\n<th style='width: 20%; border: 1px solid rgba(150&comma;150&comma;150&comma;0.3); padding: 8px; text-align: center;'>Identificar<\/th>\n<\/tr>\n<\/thead>\n<tbody>\n<tr>\n<td style='border: 1px solid rgba(150&comma;150&comma;150&comma;0.3); padding: 8px; text-align: center;'>2.8mm<\/td>\n<td style='border: 1px solid rgba(150&comma;150&comma;150&comma;0.3); padding: 8px; text-align: center;'>44 metros<\/td>\n<td style='border: 1px solid rgba(150&comma;150&comma;150&comma;0.3); padding: 8px; text-align: center;'>17 metros<\/td>\n<td style='border: 1px solid rgba(150&comma;150&comma;150&comma;0.3); padding: 8px; text-align: center;'>8 metros<\/td>\n<td style='border: 1px solid rgba(150&comma;150&comma;150&comma;0.3); padding: 8px; text-align: center;'>4 metros<\/td>\n<\/tr>\n<\/tbody>\n<\/table><\/div>\n<\/p><\/div>\n<\/p><\/div>\n<p> <!-- Banner final --> <img style='width: 100%; max-width: 1200px; height: auto; border: 1px solid rgba(150&comma;150&comma;150&comma;0.3); border-radius: 8px; margin: 30px 0;' src='https:\/\/ftp3.syscom.mx\/usuarios\/yvalenzuela\/Hilook\/hiklook.jpg' alt=''> <\/div>\n<\/p><\/div>\n","protected":false},"excerpt":{"rendered":"<p>[Dual Light] Domo IP de 2 Megapixel (1080p) \/ Lente 2.8 mm \/ 20 mts IR + 15 mts Luz Blanca \/ Micr\u00f3fono Integrado \/ ACUSENSE Lite \/ Uso en interior \/ PoE \/ dWDR \/ H.265+ \/ ONVIF<\/p>\n","protected":false},"featured_media":100203,"comment_status":"open","ping_status":"closed","template":"","meta":[],"product_brand":[],"product_cat":[2056],"product_tag":[122,2057,715],"class_list":{"0":"post-100204","1":"product","2":"type-product","3":"status-publish","4":"has-post-thumbnail","6":"product_cat-domo-eyeball-turret","7":"product_tag-camaras-ip-y-nvrs","8":"product_tag-domo-eyeball-turret","9":"product_tag-hilook-by-hikvision","11":"first","12":"instock","13":"sale","14":"shipping-taxable","15":"purchasable","16":"product-type-simple"},"_links":{"self":[{"href":"https:\/\/soydeaqui.ddns.net\/pachuca\/index.php\/wp-json\/wp\/v2\/product\/100204","targetHints":{"allow":["GET"]}}],"collection":[{"href":"https:\/\/soydeaqui.ddns.net\/pachuca\/index.php\/wp-json\/wp\/v2\/product"}],"about":[{"href":"https:\/\/soydeaqui.ddns.net\/pachuca\/index.php\/wp-json\/wp\/v2\/types\/product"}],"replies":[{"embeddable":true,"href":"https:\/\/soydeaqui.ddns.net\/pachuca\/index.php\/wp-json\/wp\/v2\/comments?post=100204"}],"wp:featuredmedia":[{"embeddable":true,"href":"https:\/\/soydeaqui.ddns.net\/pachuca\/index.php\/wp-json\/wp\/v2\/media\/100203"}],"wp:attachment":[{"href":"https:\/\/soydeaqui.ddns.net\/pachuca\/index.php\/wp-json\/wp\/v2\/media?parent=100204"}],"wp:term":[{"taxonomy":"product_brand","embeddable":true,"href":"https:\/\/soydeaqui.ddns.net\/pachuca\/index.php\/wp-json\/wp\/v2\/product_brand?post=100204"},{"taxonomy":"product_cat","embeddable":true,"href":"https:\/\/soydeaqui.ddns.net\/pachuca\/index.php\/wp-json\/wp\/v2\/product_cat?post=100204"},{"taxonomy":"product_tag","embeddable":true,"href":"https:\/\/soydeaqui.ddns.net\/pachuca\/index.php\/wp-json\/wp\/v2\/product_tag?post=100204"}],"curies":[{"name":"wp","href":"https:\/\/api.w.org\/{rel}","templated":true}]}}