{"id":100192,"date":"2026-03-20T11:02:29","date_gmt":"2026-03-20T11:02:29","guid":{"rendered":"https:\/\/soydeaqui.ddns.net\/pachuca\/index.php\/producto\/dual-light-bala-ip-4-megapixel-lente-2-8-mm-angulo-de-vision-104-20-mts-ir-15-mts-luz-blanca-microfono-integrado-acusense-lite-exterior-ip67-h-265-poe-onvif-dwdr\/"},"modified":"2026-03-20T11:02:36","modified_gmt":"2026-03-20T11:02:36","slug":"dual-light-bala-ip-4-megapixel-lente-2-8-mm-angulo-de-vision-104-20-mts-ir-15-mts-luz-blanca-microfono-integrado-acusense-lite-exterior-ip67-h-265-poe-onvif-dwdr","status":"publish","type":"product","link":"https:\/\/soydeaqui.ddns.net\/pachuca\/index.php\/producto\/dual-light-bala-ip-4-megapixel-lente-2-8-mm-angulo-de-vision-104-20-mts-ir-15-mts-luz-blanca-microfono-integrado-acusense-lite-exterior-ip67-h-265-poe-onvif-dwdr\/","title":{"rendered":"[Dual Light] Bala IP 4 Megapixel \/ Lente 2.8 mm \/ \u00c1ngulo de visi\u00f3n 104\u00b0 \/ 20 mts IR + 15 mts Luz Blanca \/ Micr\u00f3fono Integrado \/ ACUSENSE Lite \/ Exterior IP67 \/ H.265+ \/ PoE \/ ONVIF \/ dWDR"},"content":{"rendered":"<div style='width: 100%; max-width: 1200px; margin: 0 auto; font-family: sans-serif; line-height: 1.6; color: inherit; background-color: transparent;'> <!-- Imagen principal --> <\/p>\n<div style='width: 100%; margin-bottom: 30px;'> <img style='width: 100%; max-width: 512px; height: auto; border: 1px solid rgba(150&comma;150&comma;150&comma;0.3); border-radius: 8px; display: block; margin: 0 auto;' src='https:\/\/ftp3.syscom.mx\/usuarios\/fotos\/IPCB120\/143291-hilook.png' alt=''> <\/div>\n<p> <!-- Secci\u00f3n de videos --> <\/p>\n<div style='display: flex; flex-wrap: wrap; gap: 20px; margin-bottom: 30px; justify-content: center;'>\n<div style='flex: 1 1 450px; min-width: 300px;'>\n<div style='position: relative; padding-bottom: 56.25%; height: 0; overflow: hidden; border: 1px solid rgba(150&comma;150&comma;150&comma;0.3); border-radius: 8px;'>   <\/div>\n<\/p><\/div>\n<div style='flex: 1 1 450px; min-width: 300px;'>\n<div style='position: relative; padding-bottom: 56.25%; height: 0; overflow: hidden; border: 1px solid rgba(150&comma;150&comma;150&comma;0.3); border-radius: 8px;'>   <\/div>\n<\/p><\/div>\n<div style='flex: 1 1 450px; min-width: 300px;'>\n<div style='position: relative; padding-bottom: 56.25%; height: 0; overflow: hidden; border: 1px solid rgba(150&comma;150&comma;150&comma;0.3); border-radius: 8px;'>   <\/div>\n<\/p><\/div>\n<div style='flex: 1 1 450px; min-width: 300px;'>\n<div style='position: relative; padding-bottom: 56.25%; height: 0; overflow: hidden; border: 1px solid rgba(150&comma;150&comma;150&comma;0.3); border-radius: 8px;'>   <\/div>\n<\/p><\/div>\n<\/p><\/div>\n<p> <!-- Secci\u00f3n de especificaciones --> <\/p>\n<div style='display: flex; flex-wrap: wrap; gap: 30px; margin-bottom: 30px;'> <!-- Columna 1 --> <\/p>\n<div style='flex: 1 1 400px; min-width: 300px;'> <!-- Caracter\u00edsticas Principales --> <\/p>\n<div style='border: 1px solid rgba(150&comma;150&comma;150&comma;0.4); border-radius: 8px; overflow: hidden; display: flex; flex-direction: column; margin-bottom: 20px;'>\n<div style='padding: 15px; background-color: #266ca9; color: white; font-size: 18px; font-weight: bold;'>Caracter\u00edsticas Principales<\/div>\n<div style='padding: 15px; flex-grow: 1;'>\n<ul style='padding-left: 20px; margin: 0; font-size: 14px; color: inherit; list-style-type: disc;'>\n<li style='margin-bottom: 5px;'>Resoluci\u00f3n m\u00e1xima: 4 Megap\u00edxeles (2560 x 1440)<\/li>\n<li style='margin-bottom: 5px;'>Lente fijo: 2.8 mm (\u00e1ngulo de visi\u00f3n 104\u00b0)<\/li>\n<li style='margin-bottom: 5px;'>Dual light (20 m Smart IR + 15m luz blanca)<\/li>\n<li style='margin-bottom: 5px;'>3D DNR \/ BLC \/ HLC \/ dWDR<\/li>\n<li style='margin-bottom: 5px;'>Micr\u00f3fono integrado: captura audio en \u00e1rea de 5 m\u00b2<\/li>\n<li style='margin-bottom: 5px;'>Detecci\u00f3n de movimiento con filtro humano<\/li>\n<li style='margin-bottom: 5px;'>Notificaciones push en app HiLook Vision<\/li>\n<\/ul><\/div>\n<\/p><\/div>\n<p> <!-- Caracter\u00edsticas Destacadas --> <\/p>\n<div style='border: 1px solid rgba(150&comma;150&comma;150&comma;0.4); border-radius: 8px; overflow: hidden; display: flex; flex-direction: column;'>\n<div style='padding: 15px; background-color: #266ca9; color: white; font-size: 18px; font-weight: bold;'>Caracter\u00edsticas Destacadas<\/div>\n<div style='padding: 15px; flex-grow: 1; min-height: 165px;'>\n<ul style='padding-left: 20px; margin: 0; font-size: 14px; color: inherit; list-style-type: disc;'>\n<li style='margin-bottom: 5px;'>Tecnolog\u00eda Smart IR para visi\u00f3n nocturna<\/li>\n<li style='margin-bottom: 5px;'>Compresi\u00f3n H.265+ para ahorro de almacenamiento<\/li>\n<li style='margin-bottom: 5px;'>Soporte para montaje en pared\/techo<\/li>\n<li style='margin-bottom: 5px;'>Integraci\u00f3n con sistemas de seguridad<\/li>\n<\/ul><\/div>\n<\/p><\/div>\n<\/p><\/div>\n<p> <!-- Columna 2 --> <\/p>\n<div style='flex: 1 1 400px; min-width: 300px;'> <!-- Caracter\u00edsticas F\u00edsicas y El\u00e9ctricas --> <\/p>\n<div style='border: 1px solid rgba(150&comma;150&comma;150&comma;0.4); border-radius: 8px; overflow: hidden; display: flex; flex-direction: column; margin-bottom: 20px;'>\n<div style='padding: 15px; background-color: #266ca9; color: white; font-size: 18px; font-weight: bold;'>Caracter\u00edsticas F\u00edsicas y El\u00e9ctricas<\/div>\n<div style='padding: 15px; flex-grow: 1;'>\n<ul style='padding-left: 20px; margin: 0; font-size: 14px; color: inherit; list-style-type: disc;'>\n<li style='margin-bottom: 5px;'>Alimentaci\u00f3n: 12 VDC \/ PoE (802.3af) 6.5 Watts <\/li>\n<li style='margin-bottom: 5px;'>Protecci\u00f3n IP67 (interior\/exterior)<\/li>\n<li style='margin-bottom: 5px;'>Material: Policarbonato reforzado<\/li>\n<li style='margin-bottom: 5px;'>Peso total: 270 gramos<\/li>\n<li style='margin-bottom: 5px;'>Temperatura operativa: -30\u00b0C a 45\u00b0C<\/li>\n<\/ul><\/div>\n<\/p><\/div>\n<p> <!-- Accesorios Opcionales --> <\/p>\n<div style='border: 1px solid rgba(150&comma;150&comma;150&comma;0.4); border-radius: 8px; overflow: hidden; display: flex; flex-direction: column;'>\n<div style='padding: 15px; background-color: #266ca9; color: white; font-size: 18px; font-weight: bold;'>Accesorios Opcionales<\/div>\n<div style='padding: 15px; flex-grow: 1; min-height: 165px;'>\n<ul style='padding-left: 20px; margin: 0; font-size: 14px; color: inherit; list-style-type: disc;'>\n<li style='margin-bottom: 5px;'>Montaje poste &#8211; <a href='https:\/\/www.syscom.mx\/producto\/DS-1275ZJ-SUS-HIKVISION-156172.html' style='color: #266ca9; text-decoration: none;'>DS-1275ZJ-SUS<\/a><\/li>\n<li style='margin-bottom: 5px;'>Montaje esquina &#8211; <a href='https:\/\/www.syscom.mx\/producto\/DS-1276ZJ-SUS-HIKVISION-156173.html' style='color: #266ca9; text-decoration: none;'>DS-1276ZJ-SUS<\/a><\/li>\n<li style='margin-bottom: 5px;'>Caja conexiones &#8211; <a href='https:\/\/www.syscom.mx\/producto\/DS-1280ZJ-XS-HIKVISION-84491.html' style='color: #266ca9; text-decoration: none;'>DS-1280ZJ-XS<\/a><\/li>\n<\/ul><\/div>\n<\/p><\/div>\n<\/p><\/div>\n<\/p><\/div>\n<p> <!-- Tabla de distancias DORI --> <\/p>\n<div style='margin-bottom: 30px;'>\n<div style='border: 1px solid rgba(150&comma;150&comma;150&comma;0.4); border-radius: 8px; overflow: hidden;'>\n<div style='padding: 15px; background-color: #266ca9; color: white; font-size: 18px; font-weight: bold;'>Distancias DORI<\/div>\n<div style='padding: 15px;'>\n<p style='margin-bottom: 15px; font-size: 14px; color: inherit;'>DORI es un est\u00e1ndar utilizado para definir la distancia a la cual se puede detectar&comma; observar&comma; reconocer e identificar personas y objetos con claridad utilizando una c\u00e1mara de vigilancia<\/p>\n<div style='overflow-x: auto;'>\n<table style='width: 100%; border-collapse: collapse; color: inherit;'>\n<thead>\n<tr>\n<th style='width: 20%; text-align: center; border: 1px solid rgba(150&comma;150&comma;150&comma;0.4); padding: 8px; font-weight: bold; color: inherit;'>Distancia Focal<\/th>\n<th style='width: 20%; text-align: center; border: 1px solid rgba(150&comma;150&comma;150&comma;0.4); padding: 8px; font-weight: bold; color: inherit;'>Detectar<\/th>\n<th style='width: 20%; text-align: center; border: 1px solid rgba(150&comma;150&comma;150&comma;0.4); padding: 8px; font-weight: bold; color: inherit;'>Observar<\/th>\n<th style='width: 20%; text-align: center; border: 1px solid rgba(150&comma;150&comma;150&comma;0.4); padding: 8px; font-weight: bold; color: inherit;'>Reconocer<\/th>\n<th style='width: 20%; text-align: center; border: 1px solid rgba(150&comma;150&comma;150&comma;0.4); padding: 8px; font-weight: bold; color: inherit;'>Identificar<\/th>\n<\/tr>\n<\/thead>\n<tbody>\n<tr>\n<td style='text-align: center; border: 1px solid rgba(150&comma;150&comma;150&comma;0.4); padding: 8px; color: inherit;'>2.8mm<\/td>\n<td style='text-align: center; border: 1px solid rgba(150&comma;150&comma;150&comma;0.4); padding: 8px; color: inherit;'>53 metros<\/td>\n<td style='text-align: center; border: 1px solid rgba(150&comma;150&comma;150&comma;0.4); padding: 8px; color: inherit;'>21 metros<\/td>\n<td style='text-align: center; border: 1px solid rgba(150&comma;150&comma;150&comma;0.4); padding: 8px; color: inherit;'>10 metros<\/td>\n<td style='text-align: center; border: 1px solid rgba(150&comma;150&comma;150&comma;0.4); padding: 8px; color: inherit;'>5 metros<\/td>\n<\/tr>\n<\/tbody>\n<\/table><\/div>\n<\/p><\/div>\n<\/p><\/div>\n<\/p><\/div>\n<p> <!-- Banner final --> <\/p>\n<div style='width: 100%; margin-top: 30px;'> <img style='width: 100%; max-width: 100%; height: auto; border: 1px solid rgba(150&comma;150&comma;150&comma;0.3); border-radius: 8px; display: block; margin: 0 auto;' src='https:\/\/ftp3.syscom.mx\/usuarios\/yvalenzuela\/Hilook\/hiklook.jpg' alt=''> <\/div>\n<\/p><\/div>\n","protected":false},"excerpt":{"rendered":"<p>[Dual Light] Bala IP 4 Megapixel \/ Lente 2.8 mm \/ \u00c1ngulo de visi\u00f3n 104\u00b0 \/ 20 mts IR + 15 mts Luz Blanca \/ Micr\u00f3fono Integrado \/ ACUSENSE Lite \/ Exterior IP67 \/ H.265+ \/ PoE \/ ONVIF \/ dWDR<\/p>\n","protected":false},"featured_media":100191,"comment_status":"open","ping_status":"closed","template":"","meta":[],"product_brand":[],"product_cat":[438],"product_tag":[439,122,715],"class_list":{"0":"post-100192","1":"product","2":"type-product","3":"status-publish","4":"has-post-thumbnail","6":"product_cat-bala","7":"product_tag-bala","8":"product_tag-camaras-ip-y-nvrs","9":"product_tag-hilook-by-hikvision","11":"first","12":"instock","13":"sale","14":"shipping-taxable","15":"purchasable","16":"product-type-simple"},"_links":{"self":[{"href":"https:\/\/soydeaqui.ddns.net\/pachuca\/index.php\/wp-json\/wp\/v2\/product\/100192","targetHints":{"allow":["GET"]}}],"collection":[{"href":"https:\/\/soydeaqui.ddns.net\/pachuca\/index.php\/wp-json\/wp\/v2\/product"}],"about":[{"href":"https:\/\/soydeaqui.ddns.net\/pachuca\/index.php\/wp-json\/wp\/v2\/types\/product"}],"replies":[{"embeddable":true,"href":"https:\/\/soydeaqui.ddns.net\/pachuca\/index.php\/wp-json\/wp\/v2\/comments?post=100192"}],"wp:featuredmedia":[{"embeddable":true,"href":"https:\/\/soydeaqui.ddns.net\/pachuca\/index.php\/wp-json\/wp\/v2\/media\/100191"}],"wp:attachment":[{"href":"https:\/\/soydeaqui.ddns.net\/pachuca\/index.php\/wp-json\/wp\/v2\/media?parent=100192"}],"wp:term":[{"taxonomy":"product_brand","embeddable":true,"href":"https:\/\/soydeaqui.ddns.net\/pachuca\/index.php\/wp-json\/wp\/v2\/product_brand?post=100192"},{"taxonomy":"product_cat","embeddable":true,"href":"https:\/\/soydeaqui.ddns.net\/pachuca\/index.php\/wp-json\/wp\/v2\/product_cat?post=100192"},{"taxonomy":"product_tag","embeddable":true,"href":"https:\/\/soydeaqui.ddns.net\/pachuca\/index.php\/wp-json\/wp\/v2\/product_tag?post=100192"}],"curies":[{"name":"wp","href":"https:\/\/api.w.org\/{rel}","templated":true}]}}