{"id":100190,"date":"2026-03-20T11:02:25","date_gmt":"2026-03-20T11:02:25","guid":{"rendered":"https:\/\/soydeaqui.ddns.net\/pachuca\/index.php\/producto\/camara-ptz-radar-triple-camara-integrada-radar-deteccion-de-intrusion-multidimensional-rango-de-deteccion-200-m-24-05-ghz-a-24-25-ghz-ip67\/"},"modified":"2026-03-20T11:02:26","modified_gmt":"2026-03-20T11:02:26","slug":"camara-ptz-radar-triple-camara-integrada-radar-deteccion-de-intrusion-multidimensional-rango-de-deteccion-200-m-24-05-ghz-a-24-25-ghz-ip67","status":"publish","type":"product","link":"https:\/\/soydeaqui.ddns.net\/pachuca\/index.php\/producto\/camara-ptz-radar-triple-camara-integrada-radar-deteccion-de-intrusion-multidimensional-rango-de-deteccion-200-m-24-05-ghz-a-24-25-ghz-ip67\/","title":{"rendered":"C\u00e1mara PTZ Radar Triple C\u00e1mara Integrada + Radar \/ Detecci\u00f3n de Intrusi\u00f3n Multidimensional \/ Rango de Detecci\u00f3n 200 m \/ 24.05 GHz a 24.25 GHz \/ IP67"},"content":{"rendered":"<div style='width: 100%; max-width: 1200px; margin: 0 auto; font-family: sans-serif; line-height: 1.6; color: inherit; background-color: transparent;'>\n<p style='text-align: center; margin: 0 0 20px;'><img style='width: 100%; max-width: 300px; height: auto; border: 1px solid rgba(150&comma;150&comma;150&comma;0.3); border-radius: 8px;' src='https:\/\/ftp3.syscom.mx\/usuarios\/jsosa\/HIKVISION\/imagenes\/logo\/hikvision%20see%20far.png' alt='Logo Hikvision'><\/p>\n<div style='display: flex; flex-wrap: wrap; gap: 30px; margin-bottom: 30px;'>\n<div style='flex: 1 1 300px; min-width: 280px;'>\n<h3 style='font-size: 22px; border-bottom: 2px solid currentColor; padding-bottom: 5px; margin-top: 0; color: inherit; opacity: 0.8;'>Descripci\u00f3n General<\/h3>\n<p style='font-size: 15px; color: inherit;'>La C\u00e1mara PTZ Radar DS-2SR8C432I5XG-LFW\/SP\/R12\/18 de Hikvision combina tecnolog\u00eda de radar de seguridad con una c\u00e1mara de red speed dome. Utiliza tecnolog\u00eda de radar de matriz en fase para la detecci\u00f3n de intrusos&comma; capaz de detectar distancia&comma; velocidad y ubicaci\u00f3n de objetivos. Es ideal para aplicaciones de seguridad perimetral en entornos exigentes como fronteras&comma; prisiones&comma; centrales el\u00e9ctricas&comma; ferrocarriles&comma; museos y aeropuertos.<\/p>\n<\/p><\/div>\n<\/p><\/div>\n<div style='display: flex; flex-wrap: wrap; gap: 20px; margin-bottom: 30px;'>\n<div style='flex: 1 1 250px; border: 1px solid rgba(150&comma; 150&comma; 150&comma; 0.4); border-radius: 8px; overflow: hidden; display: flex; flex-direction: column;'>\n<div style='padding: 15px; border-bottom: 1px solid rgba(150&comma; 150&comma; 150&comma; 0.2); font-weight: bold; font-size: 18px; color: inherit;'>Caracter\u00edsticas Principales<\/div>\n<div style='padding: 15px; color: inherit;'>\n<ul style='padding-left: 20px; margin: 0; font-size: 14px; list-style-type: disc;'>\n<li style='margin-bottom: 5px;'>Dise\u00f1o integrado de triple c\u00e1mara + radar para ajuste multidimensional de largo alcance<\/li>\n<li style='margin-bottom: 5px;'>Detecci\u00f3n perimetral de larga distancia y percepci\u00f3n multidimensional en todas las condiciones clim\u00e1ticas<\/li>\n<li style='margin-bottom: 5px;'>Detecci\u00f3n de intrusi\u00f3n perimetral con radar y video para m\u00faltiples objetivos simult\u00e1neos<\/li>\n<li style='margin-bottom: 5px;'>Detecci\u00f3n de distancia&comma; direcci\u00f3n y velocidad del objetivo&comma; con seguimiento de trayectoria<\/li>\n<li style='margin-bottom: 5px;'>Eventos inteligentes: detecci\u00f3n de cruce de l\u00ednea&comma; intrusi\u00f3n y captura de im\u00e1genes de rostros&comma; cuerpos o veh\u00edculos<\/li>\n<li style='margin-bottom: 5px;'>Calibraci\u00f3n autom\u00e1tica y manual<\/li>\n<li>Compatibilidad con 4 zonas y 4 l\u00edneas de activaci\u00f3n<\/li>\n<\/ul><\/div>\n<\/p><\/div>\n<\/p><\/div>\n<hr style='border: 0; border-top: 1px solid rgba(150&comma; 150&comma; 150&comma; 0.3); margin: 30px 0;'>\n<div style='display: flex; flex-wrap: wrap; gap: 20px; margin-bottom: 30px;'>\n<div style='flex: 1 1 250px; border: 1px solid rgba(150&comma; 150&comma; 150&comma; 0.4); border-radius: 8px; overflow: hidden; display: flex; flex-direction: column;'>\n<div style='padding: 15px; border-bottom: 1px solid rgba(150&comma; 150&comma; 150&comma; 0.2); font-weight: bold; font-size: 18px; color: inherit;'>Especificaciones<\/div>\n<div style='padding: 15px; color: inherit;'>\n<ul style='padding-left: 20px; margin: 0; font-size: 14px; list-style-type: disc;'>\n<li style='margin-bottom: 5px;'><strong>Frecuencia de trabajo del radar:<\/strong> 24.05 GHz a 24.25 GHz<\/li>\n<li style='margin-bottom: 5px;'><strong>Distancia de detecci\u00f3n:<\/strong> 200 m (humano y veh\u00edculo)<\/li>\n<li style='margin-bottom: 5px;'><strong>\u00c1ngulo de detecci\u00f3n horizontal:<\/strong> 15\u00b0 (haz estrecho) \/ 50\u00b0 (haz ancho)<\/li>\n<li style='margin-bottom: 5px;'><strong>\u00c1ngulo de detecci\u00f3n vertical:<\/strong> 30\u00b0<\/li>\n<li style='margin-bottom: 5px;'><strong>M\u00e1ximo de objetivos detectables:<\/strong> 128<\/li>\n<li style='margin-bottom: 5px;'><strong>Precisi\u00f3n de medici\u00f3n de distancia:<\/strong> 1 m<\/li>\n<li style='margin-bottom: 5px;'><strong>Precisi\u00f3n de medici\u00f3n de velocidad:<\/strong> 0.05 m\/s<\/li>\n<li><strong>Precisi\u00f3n de medici\u00f3n de \u00e1ngulo:<\/strong> 0.8\u00b0<\/li>\n<\/ul><\/div>\n<\/p><\/div>\n<div style='flex: 1 1 250px; border: 1px solid rgba(150&comma; 150&comma; 150&comma; 0.4); border-radius: 8px; overflow: hidden; display: flex; flex-direction: column;'>\n<div style='padding: 15px; border-bottom: 1px solid rgba(150&comma; 150&comma; 150&comma; 0.2); font-weight: bold; font-size: 18px; color: inherit;'>Interfaces y Conectividad<\/div>\n<div style='padding: 15px; color: inherit;'>\n<ul style='padding-left: 20px; margin: 0; font-size: 14px; list-style-type: disc;'>\n<li style='margin-bottom: 5px;'><strong>Interfaz Ethernet:<\/strong> RJ45 1000 M&comma; autoajustable<\/li>\n<li style='margin-bottom: 5px;'><strong>Entrada de audio:<\/strong> 1&comma; 2.0 a 2.4 Vp-p&comma; impedancia de entrada: 1 k\u03a9 \u00b1 10%<\/li>\n<li style='margin-bottom: 5px;'><strong>Salida de audio:<\/strong> 1&comma; nivel de l\u00ednea&comma; impedancia: 600 \u03a9<\/li>\n<li style='margin-bottom: 5px;'><strong>Alarmas:<\/strong> 7 entradas&comma; 2 salidas<\/li>\n<li style='margin-bottom: 5px;'><strong>RS-485:<\/strong> Half duplex&comma; compatible con HIKVISION&comma; Pelco-P&comma; Pelco-D<\/li>\n<li><strong>Almacenamiento integrado:<\/strong> Ranura para tarjeta Micro SD\/SDHC\/SDXC (hasta 256 GB)<\/li>\n<\/ul><\/div>\n<\/p><\/div>\n<\/p><\/div>\n<hr style='border: 0; border-top: 1px solid rgba(150&comma; 150&comma; 150&comma; 0.3); margin: 30px 0;'>\n<div style='display: flex; flex-wrap: wrap; gap: 20px; margin-bottom: 30px;'>\n<div style='flex: 1 1 250px; border: 1px solid rgba(150&comma; 150&comma; 150&comma; 0.4); border-radius: 8px; overflow: hidden; display: flex; flex-direction: column;'>\n<div style='padding: 15px; border-bottom: 1px solid rgba(150&comma; 150&comma; 150&comma; 0.2); font-weight: bold; font-size: 18px; color: inherit;'>Aplicaciones y Casos de Uso<\/div>\n<div style='padding: 15px; color: inherit;'>\n<div style='display: grid; grid-template-columns: repeat(auto-fit&comma; minmax(220px&comma; 1fr)); gap: 15px;'>\n<div style='border: 1px solid rgba(150&comma; 150&comma; 150&comma; 0.4); border-radius: 8px; padding: 15px;'>\n<h4 style='font-size: 16px; font-weight: bold; margin: 0 0 10px; color: inherit;'>Seguridad Perimetral<\/h4>\n<p style='font-size: 14px; color: inherit; margin: 0;'>Ideal para fronteras&comma; prisiones y \u00e1reas de alta seguridad.<\/p>\n<\/p><\/div>\n<div style='border: 1px solid rgba(150&comma; 150&comma; 150&comma; 0.4); border-radius: 8px; padding: 15px;'>\n<h4 style='font-size: 16px; font-weight: bold; margin: 0 0 10px; color: inherit;'>Infraestructura Cr\u00edtica<\/h4>\n<p style='font-size: 14px; color: inherit; margin: 0;'>Protecci\u00f3n de centrales el\u00e9ctricas&comma; ferrocarriles y aeropuertos.<\/p>\n<\/p><\/div>\n<div style='border: 1px solid rgba(150&comma; 150&comma; 150&comma; 0.4); border-radius: 8px; padding: 15px;'>\n<h4 style='font-size: 16px; font-weight: bold; margin: 0 0 10px; color: inherit;'>Control de \u00c1reas<\/h4>\n<p style='font-size: 14px; color: inherit; margin: 0;'>Vigilancia en parques industriales y zonas de acceso restringido.<\/p>\n<\/p><\/div>\n<\/p><\/div>\n<\/p><\/div>\n<\/p><\/div>\n<\/p><\/div>\n<p style='text-align: center; margin: 30px 0 0;'><img style='width: 100%; max-width: 800px; height: auto; border: 1px solid rgba(150&comma;150&comma;150&comma;0.3); border-radius: 8px;' src='https:\/\/ftp3.syscom.mx\/usuarios\/jsosa\/HIKVISION\/imagenes\/banners\/solution%20complete.png' alt='Soluci\u00f3n completa Hikvision'><\/p>\n<\/p><\/div>\n","protected":false},"excerpt":{"rendered":"<p>C\u00e1mara PTZ Radar Triple C\u00e1mara Integrada + Radar \/ Detecci\u00f3n de Intrusi\u00f3n Multidimensional \/ Rango de Detecci\u00f3n 200 m \/ 24.05 GHz a 24.25 GHz \/ IP67<\/p>\n","protected":false},"featured_media":100189,"comment_status":"open","ping_status":"closed","template":"","meta":[],"product_brand":[],"product_cat":[1224],"product_tag":[122,54,1225],"class_list":{"0":"post-100190","1":"product","2":"type-product","3":"status-publish","4":"has-post-thumbnail","6":"product_cat-ptz","7":"product_tag-camaras-ip-y-nvrs","8":"product_tag-hikvision","9":"product_tag-ptz","11":"first","12":"instock","13":"sale","14":"shipping-taxable","15":"purchasable","16":"product-type-simple"},"_links":{"self":[{"href":"https:\/\/soydeaqui.ddns.net\/pachuca\/index.php\/wp-json\/wp\/v2\/product\/100190","targetHints":{"allow":["GET"]}}],"collection":[{"href":"https:\/\/soydeaqui.ddns.net\/pachuca\/index.php\/wp-json\/wp\/v2\/product"}],"about":[{"href":"https:\/\/soydeaqui.ddns.net\/pachuca\/index.php\/wp-json\/wp\/v2\/types\/product"}],"replies":[{"embeddable":true,"href":"https:\/\/soydeaqui.ddns.net\/pachuca\/index.php\/wp-json\/wp\/v2\/comments?post=100190"}],"wp:featuredmedia":[{"embeddable":true,"href":"https:\/\/soydeaqui.ddns.net\/pachuca\/index.php\/wp-json\/wp\/v2\/media\/100189"}],"wp:attachment":[{"href":"https:\/\/soydeaqui.ddns.net\/pachuca\/index.php\/wp-json\/wp\/v2\/media?parent=100190"}],"wp:term":[{"taxonomy":"product_brand","embeddable":true,"href":"https:\/\/soydeaqui.ddns.net\/pachuca\/index.php\/wp-json\/wp\/v2\/product_brand?post=100190"},{"taxonomy":"product_cat","embeddable":true,"href":"https:\/\/soydeaqui.ddns.net\/pachuca\/index.php\/wp-json\/wp\/v2\/product_cat?post=100190"},{"taxonomy":"product_tag","embeddable":true,"href":"https:\/\/soydeaqui.ddns.net\/pachuca\/index.php\/wp-json\/wp\/v2\/product_tag?post=100190"}],"curies":[{"name":"wp","href":"https:\/\/api.w.org\/{rel}","templated":true}]}}