{"id":100182,"date":"2026-03-20T11:02:04","date_gmt":"2026-03-20T11:02:04","guid":{"rendered":"https:\/\/soydeaqui.ddns.net\/pachuca\/index.php\/producto\/juego-de-4-desarmadores-2-de-punta-phillips-y-2-de-punta-plana\/"},"modified":"2026-03-20T11:02:06","modified_gmt":"2026-03-20T11:02:06","slug":"juego-de-4-desarmadores-2-de-punta-phillips-y-2-de-punta-plana","status":"publish","type":"product","link":"https:\/\/soydeaqui.ddns.net\/pachuca\/index.php\/producto\/juego-de-4-desarmadores-2-de-punta-phillips-y-2-de-punta-plana\/","title":{"rendered":"Juego de 4 Desarmadores, 2 de Punta Phillips y 2 de Punta Plana"},"content":{"rendered":"<p class='MsoNormal' style='margin-left: 0cm; text-indent: -18pt; line-height: normal; text-align: center;'> <img src='data:image\/png;base64&comma;iVBORw0KGgoAAAANSUhEUgAAARsAAAB4CAIAAABNWME2AAAgAElEQVR4Ae19+VsUx9Z\/\/fA+D+\/7S\/IHXMCFfRMQBBRcEdwAFdwQXME1Ki4Ism+yiYK4b5EkxpvFJJqY5aoxGrPcm8UliSbGGG9cEhecnn2fbr7fMzMMzUxPVTMORKV86vFperqqqz51PnWqTp06jVDjHpooAhQBtyHgtoIoMykCFIHGPYgyiiJAEXAnAmLLatiNaKIIUAQcEbDTzDhGOWamdygCFAFnCFioJcwoZ3mc3a\/fhWiiCDyXCDiTeWf37Rnl7LmG3ZQzFAGKQDcEBMlCZpRt4KnbiSDt6Eq1OxBNFIH+g0CX8Ju5YKMGn1rdGMX\/waaUbCwC4FrR5la0ebs11WxHNFEE+g8CVslvBSJYxhHg2E6r4rLQp4tR5r\/\/b3Prijk5LcnTmjtTS\/LU5uSptjstSVNbktKak9JaklJbklKbaaII9AMEWpJSF8zJ+Z+KraiqGVU3o5oW0CWbt1upVbejazZoZVSndnqxuvlE7BiJpy9NFAGKAB+Btvgkj+I6VL4FUkUTqtwG7KppsfLKpqzsGPUCZRQdTSgCQgi0jUj0KKhCRbWouA6V1qOyRqBWpVlrAa\/M88C6nWafiU4FhRp2v1C17TjVUUKA8ocret0PEWiLG+uxrgTlV6CCKlRYg4o2oxIzryqaUNU2s7Iykwp0FI9RL1JGUTpRBIQQaIsZ7bEyH60pQmuL0foyoFZhNais0gZQVjZSdWNU\/a4XK7eeiKHrKLqMpAjYI9AWleCRsxotW4dWbECrClCemVcwD9wMk0CrptqO+AoKmRl1nDJKaIjqh\/Mc2mQ+Am1DR3hkL0GLVqKcVWjpWgT6ahMoK8viqqwBSFXdzGOUebvqxYomyig+jvSaImBBoG1IrMfMeShzMcpeghauQLlrQFnZSGUxA1Zt686oup0vVDSdiBlNQaQIUATsEDgcFu2ROhOlz0Wz5qO5OWjBcpS7GkiVV4Tyy9GmzaisAUx\/XbO++l0IGLXlOGUUnfVRBBwQaAuK9EhORVPS0bTZaEY2mrsYSLU0D71UgNaVwtyvxLya6s6oHS+UU0bZL0ntxir6Z\/9E4HBguMfYCSg5BU2eDqSaOR9l5aLFq6xqamMl2P3+\/w6VHaNeLG+kOqp\/SgxtNR6BNr8wj4RxaMwElJQCmmp6Jpqz0Kym1qLVhWhD58SvG6Nqd7xAGeWg7vFA01\/7CQKHfUM8YhNQwjg0dgKakIbSZqKZ89C8pbCaemkjGP0Ka2Bvyo5RL5Y1nhg2qp9gRJtJERCPQJtPsEf0cDR8FBo1HiVNATWVkYWycmDitzIfllKF1bAxRRklHlP6ZH9GoM0nyCMyBoGaGosSJ8FqanomGNMXrYSl1Npiq3HCjlEvUB1FZ30UASEEDg8O9IiIRsNGoBFjYOI3cSqaNgdlLoK9qeXrwYXCYu7rYlTdTlTbShnVn4dh2nYMAm2DAj3Co1B0HEz8xiTDUmrqLDBO2Bi1sRLc0q2MMm9GUUZhAKU\/9XMEDg8K9BgyFEXForiRaHQSSk5FaWZGLVhu1VGUUf1cRGjze4RA28AAj7BIe0bNXgAG9GXrwHOCMqpHgNKH+zkCbQP9gVFDY1HsSDD3JaeAAZ0yqp+LBW2+ywhQRlFnIoqAOxGwMgoM6FRHCRlDXR6raMb+iQBllDvHp\/4pQ7TVfAQooyijKALuRIAyyp1o8scqet0\/EaCMooyiCLgTAcood6LZP0dl2mo+ApRRlFEUAXciQBnlTjT5YxW97p8IUEZRRlEE3IkAZZQ70eyfozJtNR8ByijKKIoAFoGAcNnkafJZ2bLUDCY8VuKFfdjTlzKKABB\/+KHX\/QsBLz\/59Nmalp3KdQWKRcuUq9ZptrUqV6yRDArC4EAZRRlFERBCwEwndeM22cSpzNDhTEQsMySGGTpCVVIJpPL2d0YqyighNKnLbL9HgAmP0ezeL40fp91\/SNt2RLvvkPaVI5ptrUx0vHpLi2zSNMooyhyKQA8QkM+ep1iyUuITrDv6pixxEhMUKR0zwfDvb2STp8vnzFcVV1BG9QBNZ2DR+\/0HAeXq9bKUDMngYN1776urapVrN2p27zecv8BExEnjRqs3NziDgs76KNMoAgIIKFeskU+fDYw69p4yL1+RtUhVWAqMGpYgHZOsrqqjjBJAzRko9D5FQJY0RVVWJQkYon39DWkshE9mhsToz56XTZyqzNuoXL3eGURUR1GmUQSEEPANVTduU8zPVSxezgRFAn8GBipXr1csWKLe0syEx1BGCaHW7y1azsSC3gelFB6jaW5VLFkJ\/PELY0KiYHtq937p6GQMPi7qqBertp3MXaXIWtRnSZ45nwmNxrSkv\/\/kEyLPyMR3h3zaLMng4N4ASpY4ifDqzAVM1AiRr2ai4xVZCwkFToNFjsgCXX6MCY1SLl+tbtwGqalFVVAijSN82tNVRm3Z8+mvNzmdrs+S6e49WeIkl6F57jPKUjPYBw\/x3aH\/9DOJf5jboWCGDDP8+xv8q9mHj+RpM0S92idE2\/YapyWIlu69ExLfEFEFPvlMZEAAsHdgoJjXuc6os7dud\/ThP\/25C0xghJgm9cdnvPw0rbs5kwnTIZzRqG5q6Q1w5NNnszI57tUcZ\/j2eyZsmJi3yyZNZR88xJTW0dHBGQyqjcViSuv7Z54NRnEsq65v6nt0npU3gpb4\/hLHcRhBZB9LZJOd7vS73lIvP83u\/QQy6\/Wq0iqijynUwdtfXd\/EsSymIR0dHaZb\/5WOGOt6nZ9cazkv4dlgFPv4sSw14+lE8GmolSJ7MadW46XQ8PkXVpuVc2lwoS1M2DDjxUv4V7P3H0jHThBTOBMeY7zyI740juN0b7zdB4soMRV2fObZYJThu++ZkKGOtad3AIHBwdrDr+IVFCj5ui29AZd8znxOqcRzQP\/hJxI\/Ues3Re4KTqXCl8ZKZfLM+b3RFreU+QwwiuM4TetuJjSKCYp0IYnsS7eg+bcUIktOZf+6j5dC059\/ySamub96AwM1+w4SyKzXK\/M3iXq1T4juneP40jo6Ogz\/+ZYJfnqH12eDUcbrvxq+\/Nq1pK6ux\/jei+ppt06T3PxGLz9VSSV+GdPR0aF793hvTJOYiFjj1WsEMt++I40fJ6bVsnGT2PsP8KWBsq2qlXj5iSnwb3nmGWAUHmL8r2AUKiz9W5Dtm5cyQZGGr\/7dgbVJcHq9cl1Bb9RHsXg5fsoHa54TH4gyc3v7qxu3cQYDvkPZh496xb7ivkHzOWeU6fYdaUJibwjTU1KmfMZclmHwUmj6\/RZxX9KV5viG6k5+hJ+kAZlXrBFTuDRutOnGTXxDOI7T\/+uMKH66jyFiKs9\/5nlmFHTAR59IfEP5DX6urr38NDv2EGSa43TvvS\/xcb97ARM8VPvyq\/qPT2GS7o23RZJZuWYDp9URGKXXq4rKnvIedJVR9TtPfXTa8J9vXU7Gqz9zRiMewSf8lVOqFLkrnvIOeJLqMUOHG3+6ikcJtMTy1U\/yFlzegQHgSYBJAwJw2W2axC9Mf\/osfmiAbag7d6Ujx4sq0FZyn1+4yKgXyracSEiS+IW6msKUK9dyej1eGp7wV+PPvzCRcU95BzxJ9RTzc4i2ZtPNWyINA09SkyfMK0ubwT6W4LubY1ndm8eYwHAwsfCT85APT1gr17K7zKjGE8Pg0IiLyS9U99a7xDEJDzHxV8O5C4qsRfLZ81xJ6XMkAUPEtm5wMBMRK0tKkc\/KduVdTmoIwQwwY7xfmO7ESbx7ARgG3j0u7JA2MECWnCqqtrOyHTnJhEUr8\/JVBSWYpFiwxK7+0mEJyg2b7LMUloLRnOQnwbGs8Yef9B9+3C198CGcC8TIobc\/ExwpHTFWnjZDVGOd9IVdXukYpxvWfw+jZCkZbPtjIiWe8AFOq2XlcteS8dIVJjoe11WWXvQNVWQt0h17z3j9BvvwkWvvcpZL9+YxYTKYXy2bkMo+fISHiFMqIViCo8ANDlauKzD9cdvZq7vuy2SGL76SjZ9iV4hyXQGn1WLezrGs9p9vdWOUl5+meQfR0I8p0\/Entr1dNnm6Xd2sf3r7y5JS1A1bDd9+b7p7j5UwXY1yVSqsJchkT9kZXm8\/dXUdcUxyhK\/P7nAcp331aDdpcBRKT18mKl6zay8rlfWGsuW0WuUG3MYo+L+RFqLGi5eZIQ7+qYMCVQUlLCMl4slxnPHqNQGRHRys\/\/gUvtWcWq3IWc6XdSYoAgz9bvzHcYYLX0r8haYSvqHKtRtNt\/7bG2KG96P\/G3QUExpl+O6iG4F1e1GcSqVYvIwvDY7X0oRE\/WfniTLtct2MP11lhjo9UMQED4UDFPhtKJNJs+eA\/WaoT4iquIK4aAH\/bo4z\/nRN0J1SPnUm0T3c+Mt16bAEPm7yjEy8i3pPsQJv+i3N\/FdYrpmIWO0rRziFEr9N19PX2Z7XHf9A4uP0IMnfwCh51kJWrrDVT\/CCM5mMV38WcJL46t9ipEGwTPE3jVevMRGxjl1lu8NEx+s\/\/aw3xj9LJWHKdPhVjKuHfPY8kBjsP1Yul6fPsdUZLnxD1Vu3szKyUuU4DiJppaTbE9LsHq599XV820HJH3i5W\/0HBGhaduKHAGxrBH6EI3PjJ3droKevJDBce+SfxJ1igeLE3eJ0OuXajfYv5U1h+pxR3v5ETzCwk969J5s0zdGLTxo\/zvgDwTdZHDJOnwI3wr0HJQOdm319QjQ79\/Zen4F+UCrlcxc67baBAZpd+4jSCVM+fjgE\/yHglEDyaoW3s6zx4mVZooOwmuVGGjPS+PN1p\/CZf+AUCsWCXH79mdBo46Ur+Fw9+hU2G898Zq8rvP1UhSWciuCG36MX2T0MB0mGj+E3ze66rxkljRlpun7DrpZ2f4KF6riw64o8cwHRXmxXWk\/\/5BRK+Ryca7Ny+WpWSl6E9PS9\/OeNP\/yEsfszUSPIMs1xmpadNg3DhAzVbGslnviwTvYuXpZNSLUTFNufytXridseEIWr+1kBRfYiVo47lchvvphrzmBwNA\/IUtJNv98ijjViyhd8RsxBkr5mFHiCqTWC1bXd5PQGYdeVAQGgHLCLB1shLl8YvvyaCXMa0AIWMOc+d7lwMRlBSe47aCODTZStF15+sJVHwpCVyeSzsi1ZmMAIzb5DeNOcpWKwdrp0RTYl3f6ltlmNb6j+w4\/xXSBwcmRwsO6Nt\/G5xCDDf4aVMPbe9D4huuPv46ej\/BJcuOZ0OmHbqQ2fvv42R0C4\/hOCjaijowMWtTEjHTuViYgjejq7ABM\/C2cyqTaVOZVmT18420dawPALdOEa1j+YKV\/AEP3Zc0TpNH5\/iQmJgoA+IUO1h9pE0YllDV9+jQ\/mIebkCPvgoWxCt5Mj0uFjTLf+6wIUoDP1era9nX1kn\/SfnGKCzUG\/OqVZnj6HlRBcHF2rgy2X8edf7MwtjlLapzpKNmU60a4Ai\/K217otajshU+Su7NUpMqzf7v3pbP0A2A0M0L31DlGabR3g2oXxyo8YJSlLSWcfteNLBiNY7RaJtz8TGad9\/Q3iJM2ydjJ8\/R983CyJp696SzNRCejPnrPbHGeiRijXFThs7JbA0IDd2IXF0ulPZZOmyiak2iX7MRdOah3q1a4ByXzliKBk8nnVp4xSb91ONDezCoXwCU3fEN2Jk3hJAskwGEw3fjP+dM0xmX67iX879N8npzDniKQjx4sZa1m53Hj1Z4EK\/PobUbg5kwnWP85cJbxEyTScL0yczETGAf8NZOdJjmUNXxG0E6i7iDjDt9\/juwCUfHEFRsl3CZ9PiP70p3gOwKac8+itXUWZ62a89guhbhxnunvPsV+MP11j\/7qPr0lHRwcrYYQls3PEt9Sn7xjFhEaT+4Pj4ISm46akp690VJLpzl08ZDBjvP6rbNxE+NqPQ1KuL8RPfsAwur6Q30\/drr38VJvK8JwESptM2sOvMpFxAhVYtY5Tko58338gS07p9l5ehzHhMeStPPO4Lh05XnfsPTEGSc5kMnz+BcatxlYZZV4+HkBQ8n\/+5ehgYSuBfwETlkcEnw9zhBacYc1WoGIJef7CPpYo5i127BcmaoTu+Ad4RsF2wudf2Ole29v5F33HKPnchUQzHafTqzYW8etnu1aVVJClmeM0u\/cLD\/ADA4knrsG12flhKnD0\/p4QogRGMkYqHJhuQACEoSOZVcAi7DykHpg6SeZv0HKtu0XuPnMmk\/7MZ3hzsLUL\/ML0H32CH9HMSv40RsnbehNiHtVtwU\/5Ojo6tK+\/gfHD6iptYKD2n28RsTWcvyAJCO\/K1TlUSePHmW7+TmgamBZrHfM63ukrRg0M1B54mdhmp+76IroT9INSJc9c4NhIiUXFkRbHurffxXwQUpGznNMQrJQdHR36c58LhhyC1Tmx2\/B2EW9\/cAXALjwABL0evG+wsfss0gN0On1WZJguWVIK0U+C02pVBSWC+NvdlA5LIMc80miETb6dTLCVKUuaYrp9h0AJoxFOcwsdpwfdK+bscLLTHQVbTSR9ZutjouKNpG0oGJOOvikZJBC5U5Y4mdidIM3nLzChYOCyT15+qo3FeBUHU\/aVefYZbUX5hOjee584IsAh\/KJywUKgAjrCiTr2r\/uyJHufVFtpcMpVBIac+R9evIB4LKv\/9Jwo7WQGQd3UggcQptxXr4lyL\/b0VSxdxekIZ3kM311kIkQdxlHXbiGOIDCBFDpbxYRG689dIPYsLLCdzx1sfdRXjPLyg21B0gDPqTWKpS\/xK2e7VpVWEkcRzmhSFRQLDkJMWLTh8y\/wQma8\/AMmMLd0TLKYVZzpj9vC3RYWTXbDM69\/7J0AbJT29IUILW46UcYZDPrTn0pHJdkQxl8wIUMN\/\/kWDyCYwo68QTSFwYt84KNMeCGGTbntO8UEzYQdwi++ItSN43RvvSPoBwOLEeJE2mhUlVTiIbL92iezvoBww\/kL+DZbRzjBA4J+YbAqIK1ATHfuysZOtDWMfwGbSFjPFI5lNc07BNloKQec5UnzKNhQP\/qm4CpCnrWQU5BcGfV62ArjUajbdcAQw3nyUEoEGbST0ag7cVKkMrHUQZTYKVWK7MXd6uykLWKMTOxjCXz3wEkJ\/PsQI1oqwzeclUiElwODgmAiTRStu\/eI+wq2KvUFoyDIPek0FIxJTqzGsAPzmHCYCqT5xEnBGaNkUBC4TmJRg5i1zuPcQwxkktUYbBLtTgoZEAAeA6T1D\/vXfUy3meXGPa5PxktX7Ddz8II7KEj72lE8gDAg\/vAjxnPKJnAST19VWTVxAmn45jvB5Si\/HLj28oP1ORZbsJecPScYtlE6Yqzp1h94NlpFS\/RXC3qfUV5+6qbt+DaDOMrk8hlz7fEyQ6YqryFmh1XQS2sFsnv6wvKDZBIwB1XstgHPL0o+ex7RWR4iM56\/IAkUMiUlJJpu3iJ0G2txZXQSZGZAAGzlYeXGonyIc2MQ\/ctXehRBUho7igig2b34gKgpX2C4\/sxnJDRY+NCtiOPuEDDw8g+E0vR6Zx+iVhWUECfSPY1W0uuMgjZfukxoM8dBIF+hT28wkXGG7wi7irAN8utvlk878plguQaTAHb5AZuSlZsl3k6CKvqF6d49QZZmgwH2shxNSV5+yg2biEMynMjq7qzNbwhg+CMhQgtQ+pvvxDgosfcfiNwygjp4+4NKwQJoHhBl8jnz+HV2dg3HtyWEkBKg7VOc+xbyNKpi4VLi+tx06w\/BTREmMEJ\/9hxeMmEA+vGnbi78vLcLtrHXGSWfM4+88tPrndnZIDgJ0aTBcdpDrwgPaf5h+k9O41FjH7VjgirKklOIh8+B0jd\/dwzGAIgHhOtFeNYaf7mOWdgoFi0jb+WZTOrqOuXyNWS4jEb86WC+oMApDBG7cBBEQNDKaid\/AwI0ew7gV6QwSTv3uSjDmk+w9uib+OkonNR65YjgFiWsJkh+gKB7W3cLZuejxL\/uZUbBFgrhdJpZw9wQNuMODNQePIyHDAZIuUIxv9tpHFsLZRPS8Bvz0H+fnRecZEMhXn7gyUY6fA5heuxiKnRKEqwhiW54lhFhgL+t2t0uBgaKWj2bPY9ghvY72SdVe+CwgDrtrDP\/7fLMBcSDt5zRBF+mcuY5xSsWZuC\/kcJcGgzqmgZ+HZxdy5JTTH\/+hR8u4aSWoGwMDNTsPYjntkW0bC78zqphd793GSWNG03chjJbXf8pqGHATeH6r3jIYBvq7DkmSOhjbd7+5O+U6Q0Ywyh8fOXiZeLhajhSJbizbPlQGtYoAusfhVIxL8euY2x\/yhInm\/4gfPwOVs8ffAixPn1CdO9\/SETM+P1FjDOu7dUScX4epj\/\/dGZl7SrKzCtzmEtcvBertk8QESfdy09VXk2cjdt88O1qIk1IJG4Ku\/bVgt5lFLgOkbY1YeWXvciuwZY\/4TAV6dsn1lUQbyC0FQUD9o3f8HyARYWTw6oST1\/F\/Fy82R34YPmAH\/+0bGdlpLGjiBEqYaZ+7WeMlUxdVUscSiHMZadHKawbSYZ+CCEk4hOsZpVCcM+BEe3Up6ImaYODyVGdIRzaCTGeRxAHhrgNZTCoKjYLDtZw1JcomRavZce1cWf\/2iSNf9GbjBK3hQKjiJA4SgYGEq3eMKTdvefsa1\/KNQTPTpitvXPcaRjnwcG6N48R55zgX+skaBEMKCT3Fpip7zkguPloPt0UJSZ+kPH6rzbDjGxiGtG\/BOrcyUC+NNhdg28xUeyMRpx7MU\/4YEVKnKRpNIplq+yqIfinfNps4skg0283hWNEBwzRn\/uc2LOsRCIQB4rXIsGK9SKj5FNnEYPcw3nPphbBrXEYIElLApjtnPxImBJiImCpVJjpFpzdEOHt7ixOP3w1Q4RNglOrMecLQW6wn7gFJcmy2teOdo3E\/mGGC1\/iNTPg9tY7wtt3NonxJZ+2gBHt9h3MNlqXzHn5geMLaQMADDyxIiKrevlBHBgW95VUsEkcekWwjXA2kbQpbDGQCK8mbBAJXfQaoywfLyEhCJ5sTs5gg+sX0cqnNyhXrevqNl4LxZw2Nd2+I8\/IlMaPE0gjx2uad5JtEhynbTsC\/rXe\/nZJPm0W0ZQEU76Ll2EcFYx37T8EDDMmwkdpwb1gZhYfBPi8AGniZ\/r1BuzzWqo9QCB8uTw9k31I+sI0x+lPnYGQEoL1591kImINX35NXODpT34sHZ0s0B3d+0g2eZrxCmkbSqkEHw6HfpEMCoLVNXFxazCotzRLExKJlbF74JWYeI+wSBQZg2JHolHjUXIKSpuJZi9AC5ajZetQXhHaWImK6xBq2A2pfheq24lqW18oI0RphjW9iKBF8EHVQUF8abBeB4TrT50hNhvEIm60QHZvf3VNA3FE5DQa0+07pv\/+IZD+uE00+lsWUcZLV3TvnnBMxouXiRUAa9KjdsM33wl\/kOGb78hKHrwBz4JA80YTGINJYVI4rU5\/5qy12h985Ph9DeO1n4n15ziOvf9AuPLdvzIBaJDGR0CDkQr0hWMH3b1HHuyUSv2\/Tjv2i+79k3jzr4X2HMuyf90XVZnu1XvryNH\/HRrjfkbBPhIpHgMHk2bhz0aAhhFhdHZmswbPzqc7yCZxtBb5ACfkDWgOlkQ40CqyfPpYTxE4dur0\/0bHuZtRAwKI31o227h+YYYO5w+utmt1bSPxODecUnYS4UQ+dyErI3hP9hSpp\/N5OFHm6ELu7a\/Zs5848Xs6W\/Ss1+rYqdMeUbFoaKw7Z33S0cnEeAxg49q5V3hb0D\/McP4L\/JQPbNYXvhQ+pewDESnw2fHdBieMVCpOT\/iCpbNCYC7U\/phoUXCW3TKZ5DQaMZMumDYPFDhRJs\/IJM4RnFUA6i9XEK18zrI73udMJqIfk2MuZ3c4rZaTK1zrX+hZjcaNTXOsZDdGjU5yzzpKVVHDGU2OL+PfgRhanQHlbKrJcgGuX0Rnc6NRXbfFLqPlTzjLdPce\/109uoaIqlevKfPyDV985UK3QfYrPyoWL4MwzqTlr2DFIGjej1d1b79HVDJwosyJrZmJjhezOe5YAY7jTLfvKNcXEs\/YOuYVvMPp9brjH4BvpEto2JXJaTSaXftAA5McWewyWv5kH0vU1XVivv4mmF3MTSujomJR3EgEjEpFabOeyDIBJ8AufIl\/N2iYL78WdtcXF4EAszMLW6IuwQ3KQaXSHnkD5lHe\/orcFWJczvkthZN8H4K1Cs4sVNQQN6P4eS3XnF6v\/9cZWWqG\/rPzeAs4TJt\/uuo0PvsAOELvWD7+DtDp1xuK+TmwGbj\/ZSKl8aUBnmqNZv8hJmwYfHONZDkkl6ZSwbwmIBycy0hflXcsjZVI4EzqoCAxYV4cs4u8c+zUGY\/oOBQVh+JGdTFqzkK0cAVavh7lFXe39TXsJtr6wJON9CUVCLFb3ySoYZjgSDGHkfQnPxbchoLsJD47g4Z98FBVXmPb\/meCIsTYG22lcRqN9uibNu8HkaHIbNlB\/nR6KCEiVjZ5OtE91xKhRXjabLb7KfPyezTXMtPpN\/jAmdlLQDZ+sul3wiEUfuUdrzmlCr6dYTlS4BOibTvyJBTlFAp1w1brPH9wsPblV3tUGqdWwwmRwfA9YiYwQnfyY+Kk2rFFYu4Ao4YNR9FxaPgoNCYZTUhDU2chHKPqd6HaHU6t515+EEiZuBny201BB3uJp685MijB2x8MXPnCIZNcO5nHGQyGL74C37zuaxJZagZEQSFNV2DhIZGoaxu7bQh6+6tKq1jS0V1LJ5lXbmoYzkOjwT1XxGkoiOPlPCgFBKuJHyfGdc1aAZY13bgpn5nd5UHr7a8qLHV5NchKpeqaev6oJ40ZBQH6SE4kAlLLcUCn+ib+JoE0bjTMq0VMRszLQrl663b+l6ako5Nh7kc6pSJQGdKtY6fPeMSMQMNGoPgxaOwENHEqmjYHZS5Ci1aCjlpbjAqqUEl9536UZUuqdseLZY3vxYx55OlrS+2evu2evo8j4\/d86sAAAAZWSURBVPSXrphY1pZYx38mk+b1N9oH+Lf\/w8c+DQpSv3KENZkcM\/HvGG7+LokbbZ\/3Hz7tXn7qAy+zRiP\/YeK1SSpV7z0giRrR7ulQHy8\/2YJcw\/UbuCqZTMbbd+Sr1rUPCrKr0mPfUGV1nVEiIddBJlPWNz0OGNL+Dx9JRKz+4mViFu37Hz72DbF7I\/\/Px76h2k9OE8uBB0wm\/bffS1Mz2r38+CW0+wQrisuNt+\/gmi\/0AuO9PxUFxY6ASKLj1fsOGh8+6lGBJgmjrKl\/7BfarW6evpLoBPXufcb7D\/ClmWQyZU19u093rDx9HofHqJpaDH\/c7qnACLW4695bp854xI1EsQkoYRxKnIQmT0fpmWjuYmDUig1obYkwozwqt2bOXVI0ZUbRpPSipKlFiSlFoycWxSeWTJtd\/err1a+\/Wf3a0eq216oOHa4+eLj6wKHq\/Qer9h2o3negeu+B6l17S9NmFPkEC6TgyMqKGngGmyo2lRUFhgtkDxhSsakUn9f+1z0HyvPyi4IiBEqz1NA3pDQlvbp1l31GWw137S3LXFDkFypcQmBE+co8p3k7C6koLCkKjrSUUBw3uqq5lZilLCOzyCdE+KWdNS\/PXkQsBx7Yuad0ynThovzDSqfNqmrZKaocS3P2HCjPWVbk7wyQ8PKFS6p37RVfYPnqdU47KGBI2ezs6h17MKXxsbVvo39YaWp6VVMLJruonyyyvf9g9YFDszeV\/M\/wUWj4aHCYSJqCUjJQRhbKykU5q9DKfLSuFBVWo1IHHYVqtqPKbaisAW3ajNaXodWFaGkemr8MbBrTZqNJU4GdIxOh3Jh4mFMOjYU9r4hoFG5JUSicJorAc4CAWZ4jolHEMBDy6DgQ+OGjQPjHTYQpX9osNHM+mrcU5a5BLxUAWQprUGlD91lf3Q60eTuq2obKt6CiWpRfjtYUgc\/SwhWg3TKyUMoMWJCNmwg0jR8LRo\/YBHjTMPP8ctgIFD2cJorA84CATaRj4kHI40bB8slCp+QUUFDpmbCIWrgCLVsLiie\/HJRQWaMjo1pRVTMwqrgOrIFri0Gj5awGLs5egKbPgbImpKHEyWjMBODVyHEoYSywK34MpBE0UQSeCwQs8hw\/FsR75DgQ9THJMEFLTkVT0sEmMWs+yl4CU74VG6ym86JaII7VU5bnLItqWlBFE+ivwhrrxG\/ZWlh+ZeVCKemZKHUmLMsmpKGkFDR+CrArcRIoLpooAs8ZAomTQLbHTwZRn5AGYp86A\/TKzPkoKwcU1NK1aFWBdRFVUg\/EEWKUZSnViIo2d6mppXmQPysXDPAzsqHQtFkwCZySDmnydJooAs8tAlPSQdTTZoJqysiCyZqFTrlrYAaXV4TyK4AsZQ2ociuPUVY1ZVlKNQPbSupBTW0ohzwr88FEsWglWCmycoBXsxegmfOAXRlZkNLn0kQReN4QsMj2jGyQ81nzQeyzcmAFtGglWpIH8701RWabRDWQpXwL2CC6dJSNUbWtMPEDi18jrKYKq82kKgaDxvL1UNDiVaCvFiyHorOXgOKClEMTReB5RCAXhHzeUtAlC1egxS+BcW\/5evTSRtA068tgG6qoFshSuRWIgxr3dJHKeu7QrKaqzWqqrMFKqvxy2MNaswkKWrEBDIBL86Do3NVgt8hZZZ8WrwLi0UQReOYQsBfm1SDkuWtA4JetBeFfmQ\/GvbXFoGksdCptgDldVTOYyrsxqpt9Yjs8UdEEs8PiOrSpBtZUG8phEZZXDMpudSGsyV4qAI5Z0sp8eBlNFIHnBgGrbBeAqK8uBI2SVwwU2FAOdCisAWqUddKpZjuqbRViFGiqHfBbTSepyrfAZrCFV4XVUFZ+BRS6vsya1pXCa2iiCDx\/CNiEfEM5iP3GStBLm2pgpldaD5M9i3aq2Y42twJxQEfxJ342NWUjVXUzrKkqmmDhVdZgpVZRLRg3Nm2GommiCDz\/CGwGgS+qBb1SUg97S+VbgBSV21B1M+ieWjOd6nYKMcqOVJu3w3qruhnsGJVbrdQCdjUCwYBjNFEEnmsELHJe1ggsshJpK3CpqhmosZlHp\/pdnYyyaCr6P0WAIvCECFhnfU9YCs1OEaAIWBCgjKIIUATciYA7y6KjFEWAIkAZRRGgCLgTAXeWRccnigBFgDKKIkARcCMC\/w\/c4izymZZVXwAAAABJRU5ErkJggg==' alt='' \/><\/p>\n<p class='MsoNormal' style='mso-margin-top-alt: auto; mso-margin-bottom-alt: auto; margin-left: 0cm; text-indent: -18.0pt; line-height: normal; mso-list: l0 level1 lfo1; tab-stops: list 36.0pt;'><span style='font-family: helvetica&comma; arial&comma; sans-serif;'>Makita ofrece una variedad de desarmadores manuales&comma; dise\u00f1ados para atornillar y desatornillar tornillos sin necesidad de una fuente de energ\u00eda externa. <\/span><\/p>\n<\/p>\n<div class='row'>\n<div class='col-sm-4'>\n<div style='border-left: 5px solid #ED1C24; border-radius: 5px; padding: 5px; box-shadow: 2px 2px 10px #d8d8d8; -webkit-box-shadow: 2px 2px 10px #d8d8d8;'>\n<p><strong style='box-sizing: border-box; color: #595959; text-indent: -18pt;'><span style='box-sizing: border-box; color: #2880b9;'><span lang='ES' style='box-sizing: border-box; line-height: 19.2px;'>Caracter\u00edsticas:<\/span><\/span><\/strong><\/p>\n<ul>\n<li class='MsoNormal'><span style='font-family: helvetica&comma; arial&comma; sans-serif;'>Mango distintivo de dos tonos&comma; dise\u00f1ado ergon\u00f3micamente para la comodidad del usuario.<\/span><\/li>\n<li class='MsoNormal'><span style='font-family: helvetica&comma; arial&comma; sans-serif;'>Fabricado con materiales antideslizantes y resistentes al aceite.<\/span><\/li>\n<li class='MsoNormal'><span style='font-family: helvetica&comma; arial&comma; sans-serif;'>Punta magn\u00e9tica negra para un mayor control sobre el accesorio&comma; asegurando un ajuste perfecto en todo momento.<\/span><\/li>\n<li class='MsoNormal'><span style='font-family: helvetica&comma; arial&comma; sans-serif;'>El mango est\u00e1 claramente marcado con el tama\u00f1o y el tipo para una identificaci\u00f3n r\u00e1pida y f\u00e1cil.<\/span><\/li>\n<\/ul><\/div>\n<\/p><\/div>\n<div class='col-sm-4'>\n<div style='border-left: 5px solid #ED1C24; border-radius: 5px; padding: 5px; box-shadow: 2px 2px 10px #d8d8d8; -webkit-box-shadow: 2px 2px 10px #d8d8d8;'>\n<p><span style='box-sizing: border-box; font-family: helvetica&comma; arial&comma; sans-serif; font-size: 12pt;'><strong style='box-sizing: border-box;'><span lang='ES' style='box-sizing: border-box; line-height: 17.12px; color: #2880b9;'><span lang='ES' style='box-sizing: border-box; line-height: 19.2px;'>Aplicaciones<\/span><\/span><\/strong><\/span><\/p>\n<ul>\n<li><span style='font-family: helvetica&comma; arial&comma; sans-serif;'>Fijaci\u00f3n de enchufes&comma; interruptores y dispositivos en tableros el\u00e9ctricos.<\/span><\/li>\n<li><span style='font-family: helvetica&comma; arial&comma; sans-serif;'>Ajuste de piezas internas&comma; carcasas y conexiones.<\/span><\/li>\n<li><span style='font-family: helvetica&comma; arial&comma; sans-serif; font-size: 12pt;'>Apertura y ajuste de dispositivos como inversores&comma; fuentes de poder y sistemas de control.<\/span><\/li>\n<li><span style='font-family: helvetica&comma; arial&comma; sans-serif; font-size: 12pt;'>Instalaci\u00f3n de componentes mec\u00e1nicos y el\u00e9ctricos.<\/span><\/li>\n<li><span style='font-family: helvetica&comma; arial&comma; sans-serif; font-size: 12pt;'>Ajuste de potenci\u00f3metros&comma; variadores de velocidad y calibraci\u00f3n de equipos<\/span><\/li>\n<\/ul><\/div>\n<\/p><\/div>\n<div class='col-sm-4'>\n<div style='border-left: 5px solid #ED1C24; border-radius: 5px; padding: 5px; box-shadow: 2px 2px 10px #d8d8d8; -webkit-box-shadow: 2px 2px 10px #d8d8d8;'>\n<p><span style='box-sizing: border-box; font-family: helvetica&comma; arial&comma; sans-serif; font-size: 12pt;'><strong style='box-sizing: border-box; color: #595959; text-indent: -18pt;'><span style='box-sizing: border-box; color: #2880b9;'><span lang='ES' style='box-sizing: border-box; line-height: 19.2px;'>Componentes del KIT<\/span><\/span><\/strong><\/span><\/p>\n<ul>\n<li><span style='font-family: helvetica&comma; arial&comma; sans-serif;'>1 Desarmador Phillips PH2 x 100<\/span><\/li>\n<li><span style='font-family: helvetica&comma; arial&comma; sans-serif;'>1 Desarmador Plano PH1 x 100<\/span><\/li>\n<li><span style='font-family: helvetica&comma; arial&comma; sans-serif;'>1 Desarmador Plano 4 x 100<\/span><\/li>\n<li><span style='font-family: helvetica&comma; arial&comma; sans-serif;'>1 Desarmador Plano 6.5 x 125<\/span><\/li>\n<\/ul><\/div>\n<\/p><\/div>\n<\/p>\n<\/p>\n<p class='MsoNormal' style='mso-margin-top-alt: auto; mso-margin-bottom-alt: auto; margin-left: 0cm; text-indent: -18.0pt; line-height: normal; mso-list: l0 level1 lfo1; tab-stops: list 36.0pt;'><span style='font-family: verdana&comma; geneva&comma; sans-serif; font-size: 10pt;'><strong> <\/strong><\/span><\/p>\n<p style='text-align: center;'>\n<\/p><\/div>\n","protected":false},"excerpt":{"rendered":"<p>Juego de 4 Desarmadores, 2 de Punta Phillips y 2 de Punta Plana<\/p>\n","protected":false},"featured_media":100181,"comment_status":"open","ping_status":"closed","template":"","meta":[],"product_brand":[],"product_cat":[24],"product_tag":[26,25,252],"class_list":{"0":"post-100182","1":"product","2":"type-product","3":"status-publish","4":"has-post-thumbnail","6":"product_cat-accesorios-de-instalacion","7":"product_tag-accesorios-de-instalacion","8":"product_tag-herramientas","9":"product_tag-makita","11":"first","12":"outofstock","13":"sale","14":"shipping-taxable","15":"purchasable","16":"product-type-simple"},"_links":{"self":[{"href":"https:\/\/soydeaqui.ddns.net\/pachuca\/index.php\/wp-json\/wp\/v2\/product\/100182","targetHints":{"allow":["GET"]}}],"collection":[{"href":"https:\/\/soydeaqui.ddns.net\/pachuca\/index.php\/wp-json\/wp\/v2\/product"}],"about":[{"href":"https:\/\/soydeaqui.ddns.net\/pachuca\/index.php\/wp-json\/wp\/v2\/types\/product"}],"replies":[{"embeddable":true,"href":"https:\/\/soydeaqui.ddns.net\/pachuca\/index.php\/wp-json\/wp\/v2\/comments?post=100182"}],"wp:featuredmedia":[{"embeddable":true,"href":"https:\/\/soydeaqui.ddns.net\/pachuca\/index.php\/wp-json\/wp\/v2\/media\/100181"}],"wp:attachment":[{"href":"https:\/\/soydeaqui.ddns.net\/pachuca\/index.php\/wp-json\/wp\/v2\/media?parent=100182"}],"wp:term":[{"taxonomy":"product_brand","embeddable":true,"href":"https:\/\/soydeaqui.ddns.net\/pachuca\/index.php\/wp-json\/wp\/v2\/product_brand?post=100182"},{"taxonomy":"product_cat","embeddable":true,"href":"https:\/\/soydeaqui.ddns.net\/pachuca\/index.php\/wp-json\/wp\/v2\/product_cat?post=100182"},{"taxonomy":"product_tag","embeddable":true,"href":"https:\/\/soydeaqui.ddns.net\/pachuca\/index.php\/wp-json\/wp\/v2\/product_tag?post=100182"}],"curies":[{"name":"wp","href":"https:\/\/api.w.org\/{rel}","templated":true}]}}