{"id":100178,"date":"2026-03-20T11:01:53","date_gmt":"2026-03-20T11:01:53","guid":{"rendered":"https:\/\/soydeaqui.ddns.net\/pachuca\/index.php\/producto\/camara-ip-bullet-termica-bi-spectral-lente-visible-8mp-vision-termica-640x480p-lente-9-1mm8fps-h-265-wisestream-ip67-nema4x-termografia-para-uso-industrial-20c-a-130c\/"},"modified":"2026-03-20T11:02:01","modified_gmt":"2026-03-20T11:02:01","slug":"camara-ip-bullet-termica-bi-spectral-lente-visible-8mp-vision-termica-640x480p-lente-9-1mm8fps-h-265-wisestream-ip67-nema4x-termografia-para-uso-industrial-20c-a-130c","status":"publish","type":"product","link":"https:\/\/soydeaqui.ddns.net\/pachuca\/index.php\/producto\/camara-ip-bullet-termica-bi-spectral-lente-visible-8mp-vision-termica-640x480p-lente-9-1mm8fps-h-265-wisestream-ip67-nema4x-termografia-para-uso-industrial-20c-a-130c\/","title":{"rendered":"C\u00e1mara IP Bullet Termica Bi-Spectral \/ Lente Visible 8MP \/ Vision T\u00e9rmica 640x480p Lente 9.1mm@8FPS \/ H.265 &#038; WiseStream \/ IP67 \/ NEMA4X \/ Termografia para uso industrial -20\u00b0C a 130\u00b0C"},"content":{"rendered":"<div style='width: 100%; max-width: 1200px; margin: 0 auto; font-family: sans-serif; line-height: 1.6; color: inherit; background-color: transparent;'>\n<div style='display: flex; flex-wrap: wrap; gap: 30px; margin-bottom: 30px;'>\n<div style='flex: 1 1 300px; min-width: 280px;'>\n<h3 style='font-size: 22px; border-bottom: 2px solid currentColor; padding-bottom: 5px; margin-top: 0; color: inherit; opacity: 0.8; text-align: center;'>NDAA Compliant<\/h3>\n<p> <img style='width: 100%; height: auto; border: 1px solid rgba(150&comma;150&comma;150&comma;0.3); border-radius: 8px;' src='https:\/\/hanwhavisionamerica.com\/wp-content\/uploads\/2024\/01\/CyberSecurity-PPC-Horiz-InPage-1-1-2048x554.png' alt=''> <\/div>\n<\/p><\/div>\n<div style='display: flex; flex-wrap: wrap; gap: 30px; margin-bottom: 30px;'>\n<div style='flex: 1 1 300px; min-width: 280px;'>\n<h3 style='font-size: 22px; border-bottom: 2px solid currentColor; padding-bottom: 5px; margin-top: 0; color: inherit; opacity: 0.8;'>Caracter\u00edsticas generales<\/h3>\n<ul style='padding-left: 20px; font-size: 15px; color: inherit;'>\n<li style='margin-bottom: 5px;'>Resoluci\u00f3n M\u00e1xima lente termico: 640 x 480<\/li>\n<li style='margin-bottom: 5px;'>Resoluci\u00f3n M\u00e1xima lente Visible: 8MP<\/li>\n<li style='margin-bottom: 5px;'>Lente fijo termico de 9.1 mm<\/li>\n<li style='margin-bottom: 5px;'>Lente motorizado visible 4.4 a 9.3mm<\/li>\n<li style='margin-bottom: 5px;'>Iluminacion IR camara visible 30m<\/li>\n<li style='margin-bottom: 5px;'>Soporta 2 tarjetas Micro SD\/SDHC\/SDXC de hasta 256 GB (No incluida)<\/li>\n<li style='margin-bottom: 5px;'>Entrada \/ Salida de audio y alarma<\/li>\n<li style='margin-bottom: 5px;'><strong>Videoanal\u00edticos basados en inteligencia artificial:<\/strong> Merodeo&comma; Linea Virtual&comma; Detecci\u00f3n de direcci\u00f3n de cruce&comma; Entrada \/ salida de area<\/li>\n<li style='margin-bottom: 5px;'><strong>Video analiticos Convencionales:<\/strong> Deteccion de desenfoque&comma; deteccion de movimiento&comma; Manipulacion&comma; deteccion de audio y clasificacion&comma; deteccion de golpes&comma; aparicion y desaparicion de objetos<\/li>\n<li style='margin-bottom: 5px;'>Memoria RAM: 4GB<\/li>\n<li style='margin-bottom: 5px;'>Memoria Flash: 512MB<\/li>\n<li style='margin-bottom: 5px;'>Compresion: H.265 \/ H.264<\/li>\n<li style='margin-bottom: 5px;'>Smart Codec: Wisestream II&comma; III<\/li>\n<li style='margin-bottom: 5px;'>Protocolos: IPv4&comma; IPv6&comma; TCP\/IP&comma; UDP\/IP&comma; RTP(UDP)&comma; RTP(TCP)&comma; RTCP&comma; RTSP&comma; NTP&comma; HTTP&comma; HTTPS&comma; SSL\/TLS&comma; DHCP&comma; FTP&comma; SMTP&comma; ICMP&comma; IGMP&comma; SNMPv1\/v2c\/v3(MIB-2)&comma; ARP&comma; DNS&comma; DDNS&comma; QoS&comma; UPnP&comma; Bonjour&comma; LLDP&comma; CDP&comma; SRTP (TCP&comma; UDP Unicast)&comma; MQTT<\/li>\n<li style='margin-bottom: 5px;'>ONVIF: Perfil S\/T\/M<\/li>\n<\/ul><\/div>\n<\/p><\/div>\n<div style='display: flex; flex-wrap: wrap; gap: 30px; margin-bottom: 30px;'>\n<div style='flex: 1 1 300px; min-width: 280px;'>\n<h3 style='font-size: 22px; border-bottom: 2px solid currentColor; padding-bottom: 5px; margin-top: 0; color: inherit; opacity: 0.8;'>Funciones de camara termica<\/h3>\n<ul style='padding-left: 20px; font-size: 15px; color: inherit;'>\n<li style='margin-bottom: 5px;'><strong>Analiticos basados en inteligencia artificial:<\/strong> Cruce de linea Virtual&comma; deteccion de direccion de cruce&comma; area virtual (Merodeo&comma; intrusion&comma; entrada y salida)<\/li>\n<li style='margin-bottom: 5px;'>Paleta de colores: Blanco&comma; Negro&comma; Arcoiris&comma; Arcoiris 2&comma; Sepia&comma; Rojo&comma; Hierro&comma; Customizable<\/li>\n<li style='margin-bottom: 5px;'>Rango de deteccion de temperatura: -20 \u00b0C a 130 \u00b0C<\/li>\n<li style='margin-bottom: 5px;'>Precision de deteccion termografica: \u00b15 \u00b0C (\u2264100 \u00b0C)&comma; \u00b120 % (>100\u00b0C)<\/li>\n<\/ul><\/div>\n<\/p><\/div>\n<div style='display: flex; flex-wrap: wrap; gap: 30px; margin-bottom: 30px;'>\n<div style='flex: 1 1 300px; min-width: 280px;'>\n<h3 style='font-size: 22px; border-bottom: 2px solid currentColor; padding-bottom: 5px; margin-top: 0; color: inherit; opacity: 0.8;'>Caracter\u00edsticas f\u00edsicas y el\u00e9ctricas<\/h3>\n<ul style='padding-left: 20px; font-size: 15px; color: inherit;'>\n<li style='margin-bottom: 5px;'>Aplicaci\u00f3n: Exterior<\/li>\n<li style='margin-bottom: 5px;'>Normas: IP66&comma; IP67&comma; NEMA 4X&comma; NEMA TS 2<\/li>\n<li style='margin-bottom: 5px;'>Temperatura de Operaci\u00f3n: -40 \u00b0C ~ +60 \u00baC<\/li>\n<li style='margin-bottom: 5px;'>Dimensiones: 353.4 x 287.5 x 191.2mm<\/li>\n<li style='margin-bottom: 5px;'>Alimentaci\u00f3n: PoE 802.3at 25.5W Max \/ 12Vcc 21.5W Max<\/li>\n<li style='margin-bottom: 5px;'>Peso: 4.53 kg<\/li>\n<\/ul><\/div>\n<\/p><\/div>\n<div style='display: flex; flex-wrap: wrap; gap: 30px; margin-bottom: 30px;'>\n<div style='flex: 1 1 300px; min-width: 280px;'>\n<h3 style='font-size: 22px; border-bottom: 2px solid currentColor; padding-bottom: 5px; margin-top: 0; color: inherit; opacity: 0.8;'>Informacion DORI<\/h3>\n<ul style='padding-left: 20px; font-size: 15px; color: inherit;'>\n<li style='margin-bottom: 5px;'>Deteccion (25PPM \/ 8PPF)&comma; Distancia: 583.4m<\/li>\n<li style='margin-bottom: 5px;'>Observacion (63PPM \/ 19PPF)&comma; Distancia: 233.3m<\/li>\n<li style='margin-bottom: 5px;'>Reconocimiento: (125PPM \/ 38PPF)&comma; Distancia: 116.7mm<\/li>\n<li style='margin-bottom: 5px;'>Identificacion: (250PPM \/ 76PPF)&comma; Distancia: 58.3m<\/li>\n<\/ul><\/div>\n<\/p><\/div>\n<div style='display: flex; flex-wrap: wrap; gap: 30px; margin-bottom: 30px;'>\n<div style='flex: 1 1 300px; min-width: 280px;'>\n<h3 style='font-size: 22px; border-bottom: 2px solid currentColor; padding-bottom: 5px; margin-top: 0; color: inherit; opacity: 0.8;'>Rango de vista referencial<\/h3>\n<p> <img style='width: 100%; height: auto; border: 1px solid rgba(150&comma;150&comma;150&comma;0.3); border-radius: 8px;' src='https:\/\/ftp3.syscom.mx\/usuarios\/fotos\/TNO4041T\/159435-tno-4051_temperatura.png' alt=''> <\/p>\n<p style='font-size: 14px; color: inherit; margin-top: 10px;'>Nota: El rango de vision varia dependiendo del lente de cada camara termica&comma; esta imagen es solo una referencia.<\/p>\n<\/p><\/div>\n<\/p><\/div>\n<div style='display: flex; flex-wrap: wrap; gap: 30px; margin-bottom: 30px;'>\n<div style='flex: 1 1 300px; min-width: 280px;'>\n<h3 style='font-size: 22px; border-bottom: 2px solid currentColor; padding-bottom: 5px; margin-top: 0; color: inherit; opacity: 0.8;'>Tipos de vista<\/h3>\n<p> <img style='width: 100%; height: auto; border: 1px solid rgba(150&comma;150&comma;150&comma;0.3); border-radius: 8px;' src='https:\/\/ftp3.syscom.mx\/usuarios\/fotos\/TNO4041T\/159435-tno-4051_temperatura_1.png' alt=''> <\/div>\n<\/p><\/div>\n<div style='display: flex; flex-wrap: wrap; gap: 30px; margin-bottom: 30px;'>\n<div style='flex: 1 1 300px; min-width: 280px;'>\n<h3 style='font-size: 22px; border-bottom: 2px solid currentColor; padding-bottom: 5px; margin-top: 0; color: inherit; opacity: 0.8;'>Garant\u00eda<\/h3>\n<p style='font-size: 15px; color: inherit;'>3 a\u00f1os<\/p>\n<\/p><\/div>\n<\/p><\/div>\n<\/p><\/div>\n","protected":false},"excerpt":{"rendered":"<p>C\u00e1mara IP Bullet Termica Bi-Spectral \/ Lente Visible 8MP \/ Vision T\u00e9rmica 640x480p Lente 9.1mm@8FPS \/ H.265 &#038; WiseStream \/ IP67 \/ NEMA4X \/ Termografia para uso industrial -20\u00b0C a 130\u00b0C<\/p>\n","protected":false},"featured_media":100177,"comment_status":"open","ping_status":"closed","template":"","meta":[],"product_brand":[],"product_cat":[1049],"product_tag":[122,1055,1050],"class_list":{"0":"post-100178","1":"product","2":"type-product","3":"status-publish","4":"has-post-thumbnail","6":"product_cat-termicas","7":"product_tag-camaras-ip-y-nvrs","8":"product_tag-hanwha-vision","9":"product_tag-termicas","11":"first","12":"outofstock","13":"sale","14":"shipping-taxable","15":"purchasable","16":"product-type-simple"},"_links":{"self":[{"href":"https:\/\/soydeaqui.ddns.net\/pachuca\/index.php\/wp-json\/wp\/v2\/product\/100178","targetHints":{"allow":["GET"]}}],"collection":[{"href":"https:\/\/soydeaqui.ddns.net\/pachuca\/index.php\/wp-json\/wp\/v2\/product"}],"about":[{"href":"https:\/\/soydeaqui.ddns.net\/pachuca\/index.php\/wp-json\/wp\/v2\/types\/product"}],"replies":[{"embeddable":true,"href":"https:\/\/soydeaqui.ddns.net\/pachuca\/index.php\/wp-json\/wp\/v2\/comments?post=100178"}],"wp:featuredmedia":[{"embeddable":true,"href":"https:\/\/soydeaqui.ddns.net\/pachuca\/index.php\/wp-json\/wp\/v2\/media\/100177"}],"wp:attachment":[{"href":"https:\/\/soydeaqui.ddns.net\/pachuca\/index.php\/wp-json\/wp\/v2\/media?parent=100178"}],"wp:term":[{"taxonomy":"product_brand","embeddable":true,"href":"https:\/\/soydeaqui.ddns.net\/pachuca\/index.php\/wp-json\/wp\/v2\/product_brand?post=100178"},{"taxonomy":"product_cat","embeddable":true,"href":"https:\/\/soydeaqui.ddns.net\/pachuca\/index.php\/wp-json\/wp\/v2\/product_cat?post=100178"},{"taxonomy":"product_tag","embeddable":true,"href":"https:\/\/soydeaqui.ddns.net\/pachuca\/index.php\/wp-json\/wp\/v2\/product_tag?post=100178"}],"curies":[{"name":"wp","href":"https:\/\/api.w.org\/{rel}","templated":true}]}}