{"id":100168,"date":"2026-03-20T11:01:23","date_gmt":"2026-03-20T11:01:23","guid":{"rendered":"https:\/\/soydeaqui.ddns.net\/pachuca\/index.php\/producto\/tandemvu-ptz-ip-4-megapixel-con-camara-panoramica-6-megapixel-32x-zoom-200-mts-ir-30-mts-luz-blanca-acusense-ip66-alerta-audible-y-luz-estroboscopica-autoseguimiento-hi-poe-alarmas-2\/"},"modified":"2026-03-20T11:01:29","modified_gmt":"2026-03-20T11:01:29","slug":"tandemvu-ptz-ip-4-megapixel-con-camara-panoramica-6-megapixel-32x-zoom-200-mts-ir-30-mts-luz-blanca-acusense-ip66-alerta-audible-y-luz-estroboscopica-autoseguimiento-hi-poe-alarmas-2","status":"publish","type":"product","link":"https:\/\/soydeaqui.ddns.net\/pachuca\/index.php\/producto\/tandemvu-ptz-ip-4-megapixel-con-camara-panoramica-6-megapixel-32x-zoom-200-mts-ir-30-mts-luz-blanca-acusense-ip66-alerta-audible-y-luz-estroboscopica-autoseguimiento-hi-poe-alarmas-2\/","title":{"rendered":"[TandemVu] PTZ IP 4 Megapixel con C\u00e1mara Panoramica 6 Megapixel \/ 32X Zoom \/ 200 mts IR \/ 30 mts Luz Blanca \/ ACUSENSE \/ IP66 \/ Alerta Audible y Luz Estroboscopica \/ Autoseguimiento \/ Hi-PoE \/ Alarmas I\/O \/ Ultra Baja Iluminaci\u00f3n \/ Micro SD"},"content":{"rendered":"<div style=\"width: 100%; max-width: 1200px; margin: 0 auto; font-family: sans-serif; line-height: 1.6; color: inherit; background-color: transparent;\"><!-- Banner inicial --> <\/p>\n<p style=\"text-align: center; margin: 20px 0;\"><span style=\"display: flex; justify-content: center;\"><img decoding=\"async\" style=\"width: 45%; height: auto; border: 1px solid rgba(150&comma;150&comma;150&comma;0.3); border-radius: 8px;\" src=\"https:\/\/ftp3.syscom.mx\/usuarios\/jsosa\/HIKVISION\/imagenes\/logo\/hikvision%20see%20far.png\" alt=\"Logo Hikvision\" \/><\/span><\/p>\n<p> <!-- T\u00edtulo principal --> <\/p>\n<div style=\"text-align: center; margin: 30px 0;\">\n<h1 style=\"font-size: 24px; border-bottom: 2px solid currentColor; padding-bottom: 8px; margin: 0; color: inherit; opacity: 0.8;\">Especif&iacute;caciones<\/h1>\n<\/p><\/div>\n<p> <!-- Secci\u00f3n principal con caracter\u00edsticas --> <\/p>\n<div style=\"display: flex; flex-wrap: wrap; gap: 30px; margin-bottom: 30px;\"><!-- Caracter\u00edsticas principales --> <\/p>\n<div style=\"flex: 1 1 300px; min-width: 280px;\">\n<div style=\"border: 1px solid rgba(150&comma; 150&comma; 150&comma; 0.4); border-radius: 8px; overflow: hidden; display: flex; flex-direction: column;\">\n<div style=\"padding: 15px; background: #df001e; border-bottom: 1px solid rgba(168&comma; 0&comma; 0&comma; 0.5); font-weight: bold; font-size: 18px; color: white;\">Caracter&iacute;sticas Principales<\/div>\n<div style=\"padding: 15px; color: inherit;\">\n<ul style=\"padding-left: 20px; margin: 0; font-size: 14px;\">\n<li style=\"margin-bottom: 5px;\"><strong>C&aacute;mara PTZ<\/strong><\/li>\n<ul style=\"padding-left: 20px; margin-top: 5px; margin-bottom: 15px;\">\n<li style=\"margin-bottom: 5px;\">Resoluci&oacute;n m&aacute;xima: 4 Megapixel (2560 x 1440)<\/li>\n<li style=\"margin-bottom: 5px;\">Iluminaci&oacute;n m&iacute;nima: color 0.0005 Lux @ (F1.6&comma; AGC ON)<\/li>\n<li style=\"margin-bottom: 5px;\">Iluminaci&oacute;n m&iacute;nima: B\/N 0.001 Lux @ (F1.6&comma; AGC ON)<\/li>\n<li style=\"margin-bottom: 5px;\">D&iacute;a \/ Noche Real (filtro ICR)<\/li>\n<li style=\"margin-bottom: 5px;\">Distancia focal: 5.9 a 188.8 mm (32X zoom &oacute;ptico \/ 16X zoom digital)<\/li>\n<li style=\"margin-bottom: 5px;\">Funciones normales: HLC \/ ROI \/ WDR 120dB \/ BLC<\/li>\n<li style=\"margin-bottom: 5px;\">Distancia de infrarrojo: 150 mts Smart IR<\/li>\n<\/ul>\n<li style=\"margin-bottom: 5px;\"><strong>C&aacute;mara Panor&aacute;mica<\/strong><\/li>\n<ul style=\"padding-left: 20px; margin-top: 5px; margin-bottom: 15px;\">\n<li style=\"margin-bottom: 5px;\">Resoluci&oacute;n m&aacute;xima: 4 Megapixel (2560 x 1440)<\/li>\n<li style=\"margin-bottom: 5px;\">Iluminaci&oacute;n m&iacute;nima: color 0.005 Lux @ (F1.6&comma; AGC ON)<\/li>\n<li style=\"margin-bottom: 5px;\">Iluminaci&oacute;n m&iacute;nima: 0 Lux con Luz Blanca<\/li>\n<li style=\"margin-bottom: 5px;\">D&iacute;a \/ Noche Real (filtro ICR)<\/li>\n<li style=\"margin-bottom: 5px;\">Distancia luz IR: 30 mts<\/li>\n<li style=\"margin-bottom: 5px;\">Distancia focal: 4 mm<\/li>\n<\/ul>\n<li style=\"margin-bottom: 5px;\">Funciones normales: HLC \/ ROI \/ WDR 120dB \/ BLC<\/li>\n<li style=\"margin-bottom: 5px;\">Cruce de l&iacute;nea \/ Entrada-Salida de Regi&oacute;n<\/li>\n<li style=\"margin-bottom: 5px;\">Compresi&oacute;n: H.265+ \/ H.265 \/ H.264+ \/ H.264<\/li>\n<li style=\"margin-bottom: 5px;\">Soporta autoseguimiento (seguimiento inteligente) desde PTZ<\/li>\n<\/ul><\/div>\n<\/p><\/div>\n<\/p><\/div>\n<p> <!-- Caracter\u00edsticas f\u00edsicas y el\u00e9ctricas --> <\/p>\n<div style=\"flex: 1 1 300px; min-width: 280px;\">\n<div style=\"border: 1px solid rgba(150&comma; 150&comma; 150&comma; 0.4); border-radius: 8px; overflow: hidden; display: flex; flex-direction: column;\">\n<div style=\"padding: 15px; background: #df001e; border-bottom: 1px solid rgba(168&comma; 0&comma; 0&comma; 0.5); font-weight: bold; font-size: 18px; color: white;\">Caracter&iacute;sticas F&iacute;sicas y El&eacute;ctricas<\/div>\n<div style=\"padding: 15px; color: inherit;\">\n<ul style=\"padding-left: 20px; margin: 0; font-size: 14px;\">\n<li style=\"margin-bottom: 5px;\">Alimentaci&oacute;n: 36 VCD \/ 35 W<\/li>\n<li style=\"margin-bottom: 5px;\">Temperatura de operaci&oacute;n: -30&deg;C a 65&deg;C \/ Humedad al 90% m&aacute;ximo<\/li>\n<li style=\"margin-bottom: 5px;\">Uso en exterior IP66<\/li>\n<li style=\"margin-bottom: 5px;\">Protecci&oacute;n contra sobretensiones y protecci&oacute;n contra voltajes transistorios<\/li>\n<li style=\"margin-bottom: 5px;\">Dimensiones: 220 x 382.1 mm<\/li>\n<li style=\"margin-bottom: 5px;\">Peso: 6 Kgs<\/li>\n<li style=\"margin-bottom: 5px; font-weight: bold;\">No incluye fuente de alimentaci&oacute;n<\/li>\n<li style=\"margin-bottom: 5px; font-weight: bold;\">No incluye montaje para pared<\/li>\n<li style=\"margin-top: 15px; text-align: left;\"><a style=\"color: #df001e; text-decoration: none; font-weight: bold;\" href=\"https:\/\/ftp3.syscom.mx\/usuarios\/alexh\/Hikvision\/Specsheet\/DS-2SR7C432IWG-B-R16-14_Spec_20240726.pdf\" target=\"_blank\" rel=\"noopener\">Consulte la ficha t&eacute;cnica para validar los accesorios compatibles<\/a><\/li>\n<\/ul><\/div>\n<\/p><\/div>\n<\/p><\/div>\n<\/p><\/div>\n<p> <!-- Secci\u00f3n interfaces y generales --> <\/p>\n<div style=\"display: flex; flex-wrap: wrap; gap: 30px; margin-bottom: 30px;\"><!-- Interfaces Entradas y Salidas --> <\/p>\n<div style=\"flex: 1 1 300px; min-width: 280px;\">\n<div style=\"border: 1px solid rgba(150&comma; 150&comma; 150&comma; 0.4); border-radius: 8px; overflow: hidden; display: flex; flex-direction: column;\">\n<div style=\"padding: 15px; background: #df001e; border-bottom: 1px solid rgba(168&comma; 0&comma; 0&comma; 0.5); font-weight: bold; font-size: 18px; color: white;\">Interfaces Entradas y Salidas<\/div>\n<div style=\"padding: 15px; color: inherit;\">\n<ul style=\"padding-left: 20px; margin: 0; font-size: 14px;\">\n<li style=\"margin-bottom: 5px;\">Entradas de alarma: 2<\/li>\n<li style=\"margin-bottom: 5px;\">Salidas de alarma: 0<\/li>\n<li style=\"margin-bottom: 5px;\">Entradas de audio: 1<\/li>\n<li style=\"margin-bottom: 5px;\">Salidas de audio: 1<\/li>\n<li style=\"margin-bottom: 5px;\">Puerto de red: 1 (10 \/ 100 Mbps)<\/li>\n<li style=\"margin-bottom: 5px;\">Almacenamiento micro SD de hasta 256 GB \/ ANR (Automatic Network Recovery)<\/li>\n<li style=\"margin-bottom: 5px;\">Soporta ONVIF (Profile S&comma; Profile G&comma; Profile T) \/ ISUP<\/li>\n<\/ul><\/div>\n<\/p><\/div>\n<\/p><\/div>\n<p> <!-- Caracter\u00edsticas generales --> <\/p>\n<div style=\"flex: 1 1 300px; min-width: 280px;\">\n<div style=\"border: 1px solid rgba(150&comma; 150&comma; 150&comma; 0.4); border-radius: 8px; overflow: hidden; display: flex; flex-direction: column;\">\n<div style=\"padding: 15px; background: #df001e; border-bottom: 1px solid rgba(168&comma; 0&comma; 0&comma; 0.5); font-weight: bold; font-size: 18px; color: white;\">Caracter&iacute;sticas Generales<\/div>\n<div style=\"padding: 15px; color: inherit;\">\n<ul style=\"padding-left: 20px; margin: 0; font-size: 14px;\">\n<li style=\"margin-bottom: 5px;\">Paneo: 360&deg;<\/li>\n<li style=\"margin-bottom: 5px;\">Tildeo: -15&deg; a 90&ordm; (auto flip)<\/li>\n<li style=\"margin-bottom: 5px;\">Preset \/ Patrol \/ Pattern: 300 \/ 8 \/ 4<\/li>\n<li style=\"margin-bottom: 5px;\">Reducci&oacute;n de falsas alarmas (ACUSENSE)<\/li>\n<li style=\"margin-bottom: 5px;\">Funci&oacute;n de PARK ACTION (o Acci&oacute;n de Estacionamiento)<\/li>\n<li style=\"margin-bottom: 5px;\">Soporta tareas calendarizadas<\/li>\n<li style=\"margin-bottom: 5px;\">Soporta hasta 20 usuarios simult&aacute;neos<\/li>\n<\/ul><\/div>\n<\/p><\/div>\n<\/p><\/div>\n<\/p><\/div>\n<p> <!-- Caracter\u00edsticas destacadas --> <\/p>\n<div style=\"margin-bottom: 30px;\">\n<div style=\"border: 1px solid rgba(150&comma; 150&comma; 150&comma; 0.4); border-radius: 8px; overflow: hidden;\">\n<div style=\"padding: 15px; background: #df001e; border-bottom: 1px solid rgba(168&comma; 0&comma; 0&comma; 0.5); font-weight: bold; font-size: 18px; color: white;\">Caracter&iacute;sticas Destacadas<\/div>\n<div style=\"padding: 15px; color: inherit;\">\n<div style=\"margin-bottom: 20px;\">\n<h3 style=\"font-size: 18px; margin-top: 0; margin-bottom: 10px; color: inherit;\">Integraci&oacute;n radar-c&aacute;mara con detecci&oacute;n perimetral inteligente<\/h3>\n<ul style=\"padding-left: 20px; margin: 0; font-size: 14px;\">\n<li style=\"margin-bottom: 5px;\">Radar de 60 m de alcance con &aacute;ngulo horizontal de 60&deg;&comma; capaz de detectar hasta 30 objetivos simult&aacute;neamente<\/li>\n<li style=\"margin-bottom: 5px;\">Fusi&oacute;n de datos de radar y video para una vigilancia perimetral precisa&comma; incluso con mal tiempo o poca luz<\/li>\n<li style=\"margin-bottom: 5px;\">Ideal para aplicaciones en carreteras&comma; &aacute;reas residenciales&comma; parques industriales&comma; aeropuertos&comma; etc.<\/li>\n<\/ul><\/div>\n<div>\n<h3 style=\"font-size: 18px; margin-top: 0; margin-bottom: 10px; color: inherit;\">Funciones avanzadas de inteligencia artificial y seguimiento<\/h3>\n<ul style=\"padding-left: 20px; margin: 0; font-size: 14px;\">\n<li style=\"margin-bottom: 5px;\">Detecci&oacute;n de intrusi&oacute;n&comma; cruce de l&iacute;nea&comma; entrada\/salida de regi&oacute;n con capacidad de clasificaci&oacute;n por tipo de objetivo<\/li>\n<\/ul><\/div>\n<\/p><\/div>\n<\/p><\/div>\n<\/p><\/div>\n<p> <!-- Banner final --> <\/p>\n<div style=\"margin: 30px 0;\"><img decoding=\"async\" style=\"width: 100%; height: auto; border: 1px solid rgba(150&comma;150&comma;150&comma;0.3); border-radius: 8px;\" src=\"https:\/\/ftp3.syscom.mx\/usuarios\/jsosa\/HIKVISION\/imagenes\/banners\/solution%20complete.png\" alt=\"Banner soluci&oacute;n completa\" \/><\/div>\n<\/p><\/div>\n","protected":false},"excerpt":{"rendered":"<p>[TandemVu] PTZ IP 4 Megapixel con C\u00e1mara Panoramica 6 Megapixel \/ 32X Zoom \/ 200 mts IR \/ 30 mts Luz Blanca \/ ACUSENSE \/ IP66 \/ Alerta Audible y Luz Estroboscopica \/ Autoseguimiento \/ Hi-PoE \/ Alarmas I\/O \/ Ultra Baja Iluminaci\u00f3n \/ Micro SD<\/p>\n","protected":false},"featured_media":100167,"comment_status":"open","ping_status":"closed","template":"","meta":[],"product_brand":[],"product_cat":[1224],"product_tag":[122,54,1225],"class_list":{"0":"post-100168","1":"product","2":"type-product","3":"status-publish","4":"has-post-thumbnail","6":"product_cat-ptz","7":"product_tag-camaras-ip-y-nvrs","8":"product_tag-hikvision","9":"product_tag-ptz","11":"first","12":"instock","13":"sale","14":"shipping-taxable","15":"purchasable","16":"product-type-simple"},"_links":{"self":[{"href":"https:\/\/soydeaqui.ddns.net\/pachuca\/index.php\/wp-json\/wp\/v2\/product\/100168","targetHints":{"allow":["GET"]}}],"collection":[{"href":"https:\/\/soydeaqui.ddns.net\/pachuca\/index.php\/wp-json\/wp\/v2\/product"}],"about":[{"href":"https:\/\/soydeaqui.ddns.net\/pachuca\/index.php\/wp-json\/wp\/v2\/types\/product"}],"replies":[{"embeddable":true,"href":"https:\/\/soydeaqui.ddns.net\/pachuca\/index.php\/wp-json\/wp\/v2\/comments?post=100168"}],"wp:featuredmedia":[{"embeddable":true,"href":"https:\/\/soydeaqui.ddns.net\/pachuca\/index.php\/wp-json\/wp\/v2\/media\/100167"}],"wp:attachment":[{"href":"https:\/\/soydeaqui.ddns.net\/pachuca\/index.php\/wp-json\/wp\/v2\/media?parent=100168"}],"wp:term":[{"taxonomy":"product_brand","embeddable":true,"href":"https:\/\/soydeaqui.ddns.net\/pachuca\/index.php\/wp-json\/wp\/v2\/product_brand?post=100168"},{"taxonomy":"product_cat","embeddable":true,"href":"https:\/\/soydeaqui.ddns.net\/pachuca\/index.php\/wp-json\/wp\/v2\/product_cat?post=100168"},{"taxonomy":"product_tag","embeddable":true,"href":"https:\/\/soydeaqui.ddns.net\/pachuca\/index.php\/wp-json\/wp\/v2\/product_tag?post=100168"}],"curies":[{"name":"wp","href":"https:\/\/api.w.org\/{rel}","templated":true}]}}