{"id":100165,"date":"2026-03-20T11:01:13","date_gmt":"2026-03-20T11:01:13","guid":{"rendered":"https:\/\/soydeaqui.ddns.net\/pachuca\/index.php\/producto\/camara-ahd-para-punto-ciego-vehicular-ca46-resolucion-2mp-1080p-30fps-lente-1-8mm-160-hfov-4-leds-infrarrojos-diseno-magnetico-sin-perforacion-ip67-alimentacion-pon-dc12v-detecci\/"},"modified":"2026-03-20T11:01:14","modified_gmt":"2026-03-20T11:01:14","slug":"camara-ahd-para-punto-ciego-vehicular-ca46-resolucion-2mp-1080p-30fps-lente-1-8mm-160-hfov-4-leds-infrarrojos-diseno-magnetico-sin-perforacion-ip67-alimentacion-pon-dc12v-detecci","status":"publish","type":"product","link":"https:\/\/soydeaqui.ddns.net\/pachuca\/index.php\/producto\/camara-ahd-para-punto-ciego-vehicular-ca46-resolucion-2mp-1080p-30fps-lente-1-8mm-160-hfov-4-leds-infrarrojos-diseno-magnetico-sin-perforacion-ip67-alimentacion-pon-dc12v-detecci\/","title":{"rendered":"C\u00e1mara AHD para Punto Ciego Vehicular CA46 \/ Resoluci\u00f3n 2MP 1080p @ 30fps \/ Lente 1.8mm 160\u00b0 HFOV \/ 4 LEDs Infrarrojos \/ Dise\u00f1o Magn\u00e9tico sin Perforaci\u00f3n \/ IP67 \/ Alimentaci\u00f3n PON DC12V \/ Detecci\u00f3n de &#038;"},"content":{"rendered":"<div style='width: 100%; max-width: 1200px; margin: 0 auto; font-family: sans-serif; line-height: 1.6; color: inherit; background-color: transparent;'> <img style='width: 100%; height: auto; border: 1px solid rgba(150&comma;150&comma;150&comma;0.3); border-radius: 8px;' src='http:\/\/ftp3.syscom.mx\/usuarios\/aberumen\/bannerxmr.jpg' alt='Banner Streamax'> <\/p>\n<p style='margin-top: 20px; margin-bottom: 10px;'><strong style='color: inherit; opacity: 0.8;'>Seguridad Sobre Ruedas<\/strong><\/p>\n<p>Obtenga la mayor calidad de imagen con las c\u00e1maras para soluciones de videovigilancia m\u00f3vil Streamax CA46 AHD&comma; la cual ofrece un dise\u00f1o de c\u00e1mara para <strong>punto ciego<\/strong> con la mejor tecnolog\u00eda <strong>Anti-vibraci\u00f3n<\/strong> y <strong>alta fiabilidad<\/strong>[cite: 2&comma; 12].<\/p>\n<div style='display: flex; flex-wrap: wrap; gap: 30px; margin-top: 30px; margin-bottom: 30px;'>\n<div style='flex: 1 1 300px; min-width: 280px;'>\n<div style='border-left: 5px solid #080808; border-radius: 5px; padding: 15px; box-shadow: 2px 2px 10px rgba(216&comma;216&comma;216&comma;0.3); background-color: rgba(128&comma;128&comma;128&comma;0.16);'> <strong style='font-size: 16px; color: inherit; opacity: 0.9;'>Caracter\u00edsticas principales:<\/strong> <\/p>\n<ul style='padding-left: 20px; margin-top: 10px; font-size: 14px; color: inherit;'>\n<li style='margin-bottom: 5px;'><strong>Sensor CMOS<\/strong> de 1\/1.8&#8242; y 2 MP<\/li>\n<li style='margin-bottom: 5px;'><strong>Iluminaci\u00f3n m\u00ednima:<\/strong> 10 Lux (Color)&comma; 0 Lux (Infrarrojo)<\/li>\n<li style='margin-bottom: 5px;'><strong>Lente fijo:<\/strong> 1.8 mm&comma; F2.0<\/li>\n<li style='margin-bottom: 5px;'><strong>Resoluci\u00f3n:<\/strong> 1920(H) x 1080(V) (1080P)<\/li>\n<li style='margin-bottom: 5px;'><strong>\u00c1ngulo de Visi\u00f3n (FOV):<\/strong> H*V160\u00b0<\/li>\n<li style='margin-bottom: 5px;'><strong>Visi\u00f3n nocturna:<\/strong> 4 potentes luces infrarrojas<\/li>\n<\/ul><\/div>\n<\/p><\/div>\n<div style='flex: 1 1 300px; min-width: 280px;'>\n<div style='border-left: 5px solid #080808; border-radius: 5px; padding: 15px; box-shadow: 2px 2px 10px rgba(216&comma;216&comma;216&comma;0.3); background-color: rgba(128&comma;128&comma;128&comma;0.16);'> <strong style='font-size: 16px; color: inherit; opacity: 0.9;'>Caracter\u00edsticas F\u00edsicas y El\u00e9ctricas:<\/strong> <\/p>\n<ul style='padding-left: 20px; margin-top: 10px; font-size: 14px; color: inherit;'>\n<li style='margin-bottom: 5px;'><strong>Voltaje de entrada:<\/strong> DC 9-16V<\/li>\n<li style='margin-bottom: 5px;'><strong>Temperatura de operaci\u00f3n:<\/strong> -40\u00b0C a 70\u00b0C<\/li>\n<li style='margin-bottom: 5px;'><strong>Clase de impermeabilidad:<\/strong> IP67 (Nota: El puerto de cola no es impermeable)<\/li>\n<li style='margin-bottom: 5px;'><strong>Dimensiones:<\/strong> 114.14 mm (L) x 40.7 mm (W) x 61.12 mm (H)[cite: 25]<\/li>\n<li style='margin-bottom: 5px;'><strong>Consumo de energ\u00eda:<\/strong> Normal <1.0W \/ IR Encendido <8W<\/li>\n<\/ul><\/div>\n<\/p><\/div>\n<div style='flex: 1 1 300px; min-width: 280px;'>\n<div style='border-left: 5px solid #080808; border-radius: 5px; padding: 15px; box-shadow: 2px 2px 10px rgba(216&comma;216&comma;216&comma;0.3); background-color: rgba(128&comma;128&comma;128&comma;0.16);'> <strong style='font-size: 16px; color: inherit; opacity: 0.9;'>Caracter\u00edsticas Destacadas:<\/strong> <\/p>\n<ul style='padding-left: 20px; margin-top: 10px; font-size: 14px; color: inherit;'>\n<li style='margin-bottom: 5px;'><strong>Dise\u00f1o:<\/strong> Instalaci\u00f3n en los lados exteriores del veh\u00edculo<\/li>\n<li style='margin-bottom: 5px;'><strong>Soporte magn\u00e9tico<\/strong> para f\u00e1cil instalaci\u00f3n sin perforaciones<\/li>\n<li style='margin-bottom: 5px;'><strong>Conector tipo aviaci\u00f3n<\/strong> de 4 pines para video AHD y alimentaci\u00f3n<\/li>\n<li style='margin-bottom: 5px;'><strong>Dise\u00f1o de carcasa inclinada<\/strong> que mitiga el da\u00f1o por rayones laterales<\/li>\n<li style='margin-bottom: 5px;'><strong>Dise\u00f1o de lente expuesto<\/strong> que reduce el impacto de lluvia y polvo<\/li>\n<\/ul><\/div>\n<\/p><\/div>\n<\/p><\/div>\n<hr style='border: 0; border-top: 1px solid rgba(150&comma;150&comma;150&comma;0.3); margin: 30px 0;'>\n<div style='display: flex; flex-wrap: wrap; gap: 30px; margin-top: 30px; margin-bottom: 30px;'>\n<div style='flex: 1 1 400px; min-width: 300px;'>\n<div style='position: relative; padding-bottom: 56.25%; height: 0; overflow: hidden;'>   <\/div>\n<\/p><\/div>\n<div style='flex: 1 1 400px; min-width: 300px;'>\n<div style='position: relative; padding-bottom: 56.25%; height: 0; overflow: hidden;'>   <\/div>\n<\/p><\/div>\n<\/p><\/div>\n<\/p><\/div>\n","protected":false},"excerpt":{"rendered":"<p>C\u00e1mara AHD para Punto Ciego Vehicular CA46 \/ Resoluci\u00f3n 2MP 1080p @ 30fps \/ Lente 1.8mm 160\u00b0 HFOV \/ 4 LEDs Infrarrojos \/ Dise\u00f1o Magn\u00e9tico sin Perforaci\u00f3n \/ IP67 \/ Alimentaci\u00f3n PON DC12V \/ Detecci\u00f3n de &#038;<\/p>\n","protected":false},"featured_media":100164,"comment_status":"open","ping_status":"closed","template":"","meta":[],"product_brand":[],"product_cat":[2272,1406],"product_tag":[2273,1409,1474,1345],"class_list":{"0":"post-100165","1":"product","2":"type-product","3":"status-publish","4":"has-post-thumbnail","6":"product_cat-camaras-moviles","7":"product_cat-videograbadoras-moviles-videovigilancia","8":"product_tag-camaras-moviles","9":"product_tag-dash-cams-y-body-cams","10":"product_tag-streamax","11":"product_tag-videograbadoras-moviles","13":"first","14":"outofstock","15":"sale","16":"shipping-taxable","17":"purchasable","18":"product-type-simple"},"_links":{"self":[{"href":"https:\/\/soydeaqui.ddns.net\/pachuca\/index.php\/wp-json\/wp\/v2\/product\/100165","targetHints":{"allow":["GET"]}}],"collection":[{"href":"https:\/\/soydeaqui.ddns.net\/pachuca\/index.php\/wp-json\/wp\/v2\/product"}],"about":[{"href":"https:\/\/soydeaqui.ddns.net\/pachuca\/index.php\/wp-json\/wp\/v2\/types\/product"}],"replies":[{"embeddable":true,"href":"https:\/\/soydeaqui.ddns.net\/pachuca\/index.php\/wp-json\/wp\/v2\/comments?post=100165"}],"wp:featuredmedia":[{"embeddable":true,"href":"https:\/\/soydeaqui.ddns.net\/pachuca\/index.php\/wp-json\/wp\/v2\/media\/100164"}],"wp:attachment":[{"href":"https:\/\/soydeaqui.ddns.net\/pachuca\/index.php\/wp-json\/wp\/v2\/media?parent=100165"}],"wp:term":[{"taxonomy":"product_brand","embeddable":true,"href":"https:\/\/soydeaqui.ddns.net\/pachuca\/index.php\/wp-json\/wp\/v2\/product_brand?post=100165"},{"taxonomy":"product_cat","embeddable":true,"href":"https:\/\/soydeaqui.ddns.net\/pachuca\/index.php\/wp-json\/wp\/v2\/product_cat?post=100165"},{"taxonomy":"product_tag","embeddable":true,"href":"https:\/\/soydeaqui.ddns.net\/pachuca\/index.php\/wp-json\/wp\/v2\/product_tag?post=100165"}],"curies":[{"name":"wp","href":"https:\/\/api.w.org\/{rel}","templated":true}]}}