{"id":100127,"date":"2026-03-20T10:59:23","date_gmt":"2026-03-20T10:59:23","guid":{"rendered":"https:\/\/soydeaqui.ddns.net\/pachuca\/index.php\/producto\/proteccion-activa-turret-ip-6megapixel-2-lentes-de-2-8-mm-imagen-panoramica-180-30-mts-ir-exterior-ip67-luz-intermitente-y-alerta-de-audio-audio-bidireccional-acusense-wdr-120\/"},"modified":"2026-03-20T10:59:24","modified_gmt":"2026-03-20T10:59:24","slug":"proteccion-activa-turret-ip-6megapixel-2-lentes-de-2-8-mm-imagen-panoramica-180-30-mts-ir-exterior-ip67-luz-intermitente-y-alerta-de-audio-audio-bidireccional-acusense-wdr-120","status":"publish","type":"product","link":"https:\/\/soydeaqui.ddns.net\/pachuca\/index.php\/producto\/proteccion-activa-turret-ip-6megapixel-2-lentes-de-2-8-mm-imagen-panoramica-180-30-mts-ir-exterior-ip67-luz-intermitente-y-alerta-de-audio-audio-bidireccional-acusense-wdr-120\/","title":{"rendered":"[PROTECCI\u00d3N ACTIVA] Turret IP 6Megapixel \/ 2 Lentes de 2.8 mm (Imagen Panor\u00e1mica 180\u00b0) \/ 30 mts IR \/ Exterior IP67 \/ Luz Intermitente y Alerta de Audio \/ Audio Bidireccional \/ ACUSENSE \/ WDR 120 dB \/ Micro SD"},"content":{"rendered":"<div style='width: 100%; max-width: 1200px; margin: 0 auto; font-family: sans-serif; line-height: 1.6; color: inherit; background-color: transparent;'>\n<p style='text-align: center;'><img style='width: 45%; height: auto; border: 1px solid rgba(150&comma;150&comma;150&comma;0.3); border-radius: 8px;' src='https:\/\/ftp3.syscom.mx\/usuarios\/jsosa\/HIKVISION\/imagenes\/logo\/hikvision%20see%20far.png' alt='Logo Hikvision See Far'><\/p>\n<p><img style='width: 100%; height: auto; border: 1px solid rgba(150&comma;150&comma;150&comma;0.3); border-radius: 8px;' src='http:\/\/ftp3.syscom.mx\/usuarios\/roberto.espino\/Specs\/Color\/canteen.jpeg' alt='Canteen'><\/p>\n<p><img style='width: 100%; height: auto; border: 1px solid rgba(150&comma;150&comma;150&comma;0.3); border-radius: 8px;' src='http:\/\/ftp3.syscom.mx\/usuarios\/roberto.espino\/Specs\/Color\/road%20day.jpeg' alt='Road Day'><\/p>\n<p style='margin: 30px 0;'>\n<div style='position: relative; padding-bottom: 56.25%; height: 0; overflow: hidden;'> <video style='position: absolute; top: 0; left: 0; width: 100%; height: 100%; border: none;' src='https:\/\/ftp3.syscom.mx\/usuarios\/fcarrillo\/Hikvision\/videos\/Indoor%20Parking%20Lot%204K%20ColorVu%2BPanoramic%2032-9%20%281%29.mp4' loop muted controls width='100%' height='100%'><\/video> <\/div>\n<\/p>\n<p> <!-- Secci\u00f3n de caracter\u00edsticas --> <\/p>\n<div style='display: flex; flex-wrap: wrap; gap: 30px; margin-bottom: 30px;'>\n<div style='flex: 1 1 300px; min-width: 280px;'>\n<h3 style='font-size: 22px; border-bottom: 2px solid currentColor; padding-bottom: 5px; margin-top: 0; color: inherit; opacity: 0.8;'>Caracter\u00edsticas Principales<\/h3>\n<ul style='padding-left: 20px; font-size: 15px; color: inherit;'>\n<li style='margin-bottom: 5px;'><strong>Resoluci\u00f3n M\u00e1xima:<\/strong> 6 Megapixel (3632 \u00d7 1632)<\/li>\n<li style='margin-bottom: 5px;'><strong>Iluminaci\u00f3n m\u00ednima:<\/strong> 0.005 Lux @ (F1.6&comma; AGC ON)&comma; B\/W:0 Lux with IR<\/li>\n<li style='margin-bottom: 5px;'><strong>Lente fijo:<\/strong> 2.8 mm (\u00e1ngulo de apertura 111.9\u00b0)<\/li>\n<li style='margin-bottom: 5px;'><strong>Luz blanca:<\/strong> 30 Metros (Ayuda a iluminar el sitio para mantener la imagen siempre a color)<\/li>\n<li style='margin-bottom: 5px;'><strong>WDR:<\/strong> 120 dB<\/li>\n<li style='margin-bottom: 5px;'><strong>Detecci\u00f3n de movimiento<\/strong><\/li>\n<li style='margin-bottom: 5px;'><strong>Audio:<\/strong> Micr\u00f3fono y altavoz integrado (audio de 2 v\u00edas)<\/li>\n<li style='margin-bottom: 5px;'><strong>Alerta:<\/strong> Luz intermitente y alerta de audio pregrabado \/ personalizable (ligado a evento por medio de altavoz integrado)<\/li>\n<\/ul><\/div>\n<div style='flex: 1 1 300px; min-width: 280px;'>\n<h3 style='font-size: 22px; border-bottom: 2px solid currentColor; padding-bottom: 5px; margin-top: 0; color: inherit; opacity: 0.8;'>Entradas y Salidas<\/h3>\n<ul style='padding-left: 20px; font-size: 15px; color: inherit;'>\n<li style='margin-bottom: 5px;'><strong>Entradas de alarma:<\/strong> N\/A<\/li>\n<li style='margin-bottom: 5px;'><strong>Salidas de alarma:<\/strong> N\/A<\/li>\n<li style='margin-bottom: 5px;'><strong>Entradas de audio:<\/strong> N\/A<\/li>\n<li style='margin-bottom: 5px;'><strong>Salidas de audio:<\/strong> N\/A<\/li>\n<li style='margin-bottom: 5px;'><strong>Micr\u00f3fono:<\/strong> Integrado<\/li>\n<li style='margin-bottom: 5px;'><strong>Alerta:<\/strong> Sirena y Estrobo con Luz Blanca<\/li>\n<li style='margin-bottom: 5px;'><strong>Almacenamiento:<\/strong> Soporta memoria micro SD 512 GB (no incluida)<\/li>\n<li style='margin-bottom: 5px;'><strong>Puerto de red:<\/strong> 1 (10 \/ 100 Mbps \/ PoE 802.3af)<\/li>\n<li style='margin-bottom: 5px;'><strong>Protocolos:<\/strong> ONVIF (PROFILE S y G) \/ ISAPI<\/li>\n<\/ul><\/div>\n<div style='flex: 1 1 300px; min-width: 280px;'>\n<h3 style='font-size: 22px; border-bottom: 2px solid currentColor; padding-bottom: 5px; margin-top: 0; color: inherit; opacity: 0.8;'>Caracter\u00edsticas F\u00edsicas y El\u00e9ctricas<\/h3>\n<ul style='padding-left: 20px; font-size: 15px; color: inherit;'>\n<li style='margin-bottom: 5px;'><strong>Temperatura de Operaci\u00f3n:<\/strong> -30\u00b0C a 60\u00b0C<\/li>\n<li style='margin-bottom: 5px;'><strong>Alimentaci\u00f3n:<\/strong> 12Vcc \/ 10 Watts<\/li>\n<li style='margin-bottom: 5px;'><strong>PoE:<\/strong> Soporta 802.3af \/ 11.5 Watts<\/li>\n<li style='margin-bottom: 5px;'><strong>Protecci\u00f3n:<\/strong> Interior \/ Exterior IP67<\/li>\n<li style='margin-bottom: 5px;'><strong>Material:<\/strong> Aluminio<\/li>\n<li style='margin-bottom: 5px;'><strong>Dimensiones:<\/strong> 138.3 x 115.4 mm<\/li>\n<li style='margin-bottom: 5px;'><strong>Peso:<\/strong> 760 gramos<\/li>\n<\/ul><\/div>\n<\/p><\/div>\n<p> <!-- Tabla DORI --> <\/p>\n<div style='margin-bottom: 30px;'>\n<h3 style='font-size: 22px; border-bottom: 2px solid currentColor; padding-bottom: 5px; margin-top: 0; color: inherit; opacity: 0.8;'>Distancias DORI<\/h3>\n<p style='font-size: 15px; color: inherit;'>DORI es un est\u00e1ndar utilizado para definir la distancia a la cual se puede detectar&comma; observar&comma; reconocer e identificar personas y objetos con claridad utilizando una c\u00e1mara de vigilancia.<\/p>\n<div style='overflow-x: auto;'>\n<table style='width: 100%; border-collapse: collapse; margin: 15px 0; font-size: 15px; color: inherit;'>\n<thead>\n<tr>\n<th style='border: 1px solid rgba(150&comma;150&comma;150&comma;0.3); padding: 10px; text-align: left; background-color: rgba(150&comma;150&comma;150&comma;0.1);'>Distancia Focal<\/th>\n<th style='border: 1px solid rgba(150&comma;150&comma;150&comma;0.3); padding: 10px; text-align: left; background-color: rgba(150&comma;150&comma;150&comma;0.1);'>Detectar<\/th>\n<th style='border: 1px solid rgba(150&comma;150&comma;150&comma;0.3); padding: 10px; text-align: left; background-color: rgba(150&comma;150&comma;150&comma;0.1);'>Observar<\/th>\n<th style='border: 1px solid rgba(150&comma;150&comma;150&comma;0.3); padding: 10px; text-align: left; background-color: rgba(150&comma;150&comma;150&comma;0.1);'>Reconocer<\/th>\n<th style='border: 1px solid rgba(150&comma;150&comma;150&comma;0.3); padding: 10px; text-align: left; background-color: rgba(150&comma;150&comma;150&comma;0.1);'>Identificar<\/th>\n<\/tr>\n<\/thead>\n<tbody>\n<tr>\n<td style='border: 1px solid rgba(150&comma;150&comma;150&comma;0.3); padding: 10px;'>Distancia (2.8mm)<\/td>\n<td style='border: 1px solid rgba(150&comma;150&comma;150&comma;0.3); padding: 10px;'>63 m<\/td>\n<td style='border: 1px solid rgba(150&comma;150&comma;150&comma;0.3); padding: 10px;'>25 m<\/td>\n<td style='border: 1px solid rgba(150&comma;150&comma;150&comma;0.3); padding: 10px;'>12 m<\/td>\n<td style='border: 1px solid rgba(150&comma;150&comma;150&comma;0.3); padding: 10px;'>6 m<\/td>\n<\/tr>\n<\/tbody>\n<\/table><\/div>\n<\/p><\/div>\n<p> <!-- Consideraciones --> <\/p>\n<div style='margin-bottom: 30px;'>\n<h3 style='font-size: 22px; border-bottom: 2px solid currentColor; padding-bottom: 5px; margin-top: 0; color: inherit; opacity: 0.8;'>Consideraciones<\/h3>\n<ul style='padding-left: 20px; font-size: 15px; color: inherit;'>\n<li style='margin-bottom: 10px;'>NVRs compatibles para grabaci\u00f3n: serie NI-Q&comma; NI-I (128 y 256 canales)&comma; NI-K1. (Directo a la salida del HDMI no dar\u00e1 video&comma; no soporta el tama\u00f1o de imagen por la decodificaci\u00f3n). Se puede visualizar por la App&comma; web o iVMS-4200.<\/li>\n<li style='margin-bottom: 10px;'>NVRs compatibles para grabaci\u00f3n y monitoreo directo por HDMI: serie NXI-I&comma; NI-M&comma; NI-I&comma; NXI-K&comma; NI-K&comma; NXI-M.<\/li>\n<li style='margin-bottom: 10px;'>No es posible integrarlo a NVRs de 4 canales o DVR&#8217;s de cualquier modelo. No lo soportan por el tama\u00f1o de imagen.<\/li>\n<\/ul><\/div>\n<p> <!-- Accesorios Opcionales --> <\/p>\n<div style='margin-bottom: 30px;'>\n<h3 style='font-size: 22px; border-bottom: 2px solid currentColor; padding-bottom: 5px; margin-top: 0; color: inherit; opacity: 0.8;'>Accesorios Opcionales<\/h3>\n<p style='font-size: 15px; color: inherit;'>Consulte la ficha t\u00e9cnica para validar los accesorios compatibles: <a style='color: #0d6efd; text-decoration: none;' href='https:\/\/ftp3.syscom.mx\/usuarios\/fcarrillo\/Hikvision\/Specs\/Especificaciones%20Tecnicas%20DS-2CD1363G2P-LIUF_S%28L%29%28RB%29_20241108.pdf' target='_blank' rel='noopener'>Ficha T\u00e9cnica<\/a><\/p>\n<\/p><\/div>\n<p> <!-- Banner final --> <\/p>\n<p><img style='width: 100%; height: auto; border: 1px solid rgba(150&comma;150&comma;150&comma;0.3); border-radius: 8px;' src='https:\/\/ftp3.syscom.mx\/usuarios\/jsosa\/HIKVISION\/imagenes\/banners\/solution%20complete.png' alt='Soluci\u00f3n Completa Hikvision'><\/p>\n<\/p><\/div>\n","protected":false},"excerpt":{"rendered":"<p>[PROTECCI\u00d3N ACTIVA] Turret IP 6Megapixel \/ 2 Lentes de 2.8 mm (Imagen Panor\u00e1mica 180\u00b0) \/ 30 mts IR \/ Exterior IP67 \/ Luz Intermitente y Alerta de Audio \/ Audio Bidireccional \/ ACUSENSE \/ WDR 120 dB \/ Micro SD<\/p>\n","protected":false},"featured_media":100126,"comment_status":"open","ping_status":"closed","template":"","meta":[],"product_brand":[],"product_cat":[2056],"product_tag":[122,2057,54],"class_list":{"0":"post-100127","1":"product","2":"type-product","3":"status-publish","4":"has-post-thumbnail","6":"product_cat-domo-eyeball-turret","7":"product_tag-camaras-ip-y-nvrs","8":"product_tag-domo-eyeball-turret","9":"product_tag-hikvision","11":"first","12":"instock","13":"sale","14":"shipping-taxable","15":"purchasable","16":"product-type-simple"},"_links":{"self":[{"href":"https:\/\/soydeaqui.ddns.net\/pachuca\/index.php\/wp-json\/wp\/v2\/product\/100127","targetHints":{"allow":["GET"]}}],"collection":[{"href":"https:\/\/soydeaqui.ddns.net\/pachuca\/index.php\/wp-json\/wp\/v2\/product"}],"about":[{"href":"https:\/\/soydeaqui.ddns.net\/pachuca\/index.php\/wp-json\/wp\/v2\/types\/product"}],"replies":[{"embeddable":true,"href":"https:\/\/soydeaqui.ddns.net\/pachuca\/index.php\/wp-json\/wp\/v2\/comments?post=100127"}],"wp:featuredmedia":[{"embeddable":true,"href":"https:\/\/soydeaqui.ddns.net\/pachuca\/index.php\/wp-json\/wp\/v2\/media\/100126"}],"wp:attachment":[{"href":"https:\/\/soydeaqui.ddns.net\/pachuca\/index.php\/wp-json\/wp\/v2\/media?parent=100127"}],"wp:term":[{"taxonomy":"product_brand","embeddable":true,"href":"https:\/\/soydeaqui.ddns.net\/pachuca\/index.php\/wp-json\/wp\/v2\/product_brand?post=100127"},{"taxonomy":"product_cat","embeddable":true,"href":"https:\/\/soydeaqui.ddns.net\/pachuca\/index.php\/wp-json\/wp\/v2\/product_cat?post=100127"},{"taxonomy":"product_tag","embeddable":true,"href":"https:\/\/soydeaqui.ddns.net\/pachuca\/index.php\/wp-json\/wp\/v2\/product_tag?post=100127"}],"curies":[{"name":"wp","href":"https:\/\/api.w.org\/{rel}","templated":true}]}}