{"id":100109,"date":"2026-03-20T10:58:33","date_gmt":"2026-03-20T10:58:33","guid":{"rendered":"https:\/\/soydeaqui.ddns.net\/pachuca\/index.php\/producto\/nvr-wisenet-wave-basada-en-windows-server-montable-en-rack-2u-incluye-1-licencia-wave-pro-04-470-mbps-throughput-incluye-128tb-en-crudo-para-almacenamiento\/"},"modified":"2026-03-20T10:58:38","modified_gmt":"2026-03-20T10:58:38","slug":"nvr-wisenet-wave-basada-en-windows-server-montable-en-rack-2u-incluye-1-licencia-wave-pro-04-470-mbps-throughput-incluye-128tb-en-crudo-para-almacenamiento","status":"publish","type":"product","link":"https:\/\/soydeaqui.ddns.net\/pachuca\/index.php\/producto\/nvr-wisenet-wave-basada-en-windows-server-montable-en-rack-2u-incluye-1-licencia-wave-pro-04-470-mbps-throughput-incluye-128tb-en-crudo-para-almacenamiento\/","title":{"rendered":"NVR Wisenet WAVE basada en Windows Server \/ Montable en Rack 2U \/ Incluye 1 licencia WAVE-PRO-04 \/ 470 Mbps throughput \/ Incluye 128TB en crudo para almacenamiento"},"content":{"rendered":"<div style=\"width: 100%; max-width: 1200px; margin: 0 auto; font-family: sans-serif; line-height: 1.6; color: inherit; background-color: transparent;\"><!-- Imagen principal --> <\/p>\n<div style=\"margin-bottom: 30px;\"><img decoding=\"async\" style=\"width: 100%; height: auto; border: 1px solid rgba(150&comma;150&comma;150&comma;0.3); border-radius: 8px;\" src=\"https:\/\/ftp3.syscom.mx\/usuarios\/gmagos\/Hanwha\/fotos\/plantilla-iconos-win.jpg\" alt=\"\" \/><\/div>\n<p> <!-- T\u00edtulo de caracter\u00edsticas --> <\/p>\n<h3 style=\"font-size: 22px; border-bottom: 2px solid currentColor; padding-bottom: 5px; margin-top: 0; margin-bottom: 20px; color: inherit; opacity: 0.8; text-align: center;\">Caracter&iacute;sticas t&eacute;cnicas<\/h3>\n<p> <!-- Secci\u00f3n de contenido con grid --> <\/p>\n<div style=\"display: grid; grid-template-columns: repeat(auto-fit&comma; minmax(280px&comma; 1fr)); gap: 30px; margin-bottom: 30px;\"><!-- Caracter\u00edsticas del sistema --> <\/p>\n<div style=\"border-left: 5px solid #f37324; border-radius: 5px; padding: 15px; background: rgba(243&comma;115&comma;36&comma;0.05);\">\n<h4 style=\"font-size: 18px; margin-top: 0; color: inherit;\"><strong>Sistema<\/strong><\/h4>\n<ul style=\"padding-left: 20px; font-size: 14px; color: inherit; list-style-type: disc;\">\n<li style=\"margin-bottom: 8px;\"><strong>Software VMS:<\/strong> Wisenet WAVE<\/li>\n<li style=\"margin-bottom: 8px;\"><strong>Licencias pre-cargadas:<\/strong> 1 licencia WAVE-PRO-04<\/li>\n<li style=\"margin-bottom: 8px;\"><strong>Ancho de banda para grabaci&oacute;n:<\/strong> 470 Mbps<\/li>\n<li style=\"margin-bottom: 8px;\"><strong>Disco duro sistema operativo:<\/strong> 2 x 480 GB Dual Raid 1 SSD Pre-instalado<\/li>\n<li style=\"margin-bottom: 8px;\"><strong>Almacenamiento incluido:<\/strong> 128 TB (RAW)<\/li>\n<li style=\"margin-bottom: 8px;\"><strong>Bah&iacute;as para discos duros adicionales:<\/strong> 12 x 3.5 Hot Swap Bah&iacute;as frontales SATA<\/li>\n<li style=\"margin-bottom: 8px;\"><strong>Capacidad m&aacute;xima de almacenamiento:<\/strong> Hasta 240 TB en Crudo&comma; (No incluido)<\/li>\n<li style=\"margin-bottom: 8px;\"><strong>Soporte Raid:<\/strong> 0&comma; 1&comma; 5&comma; 6&comma; 10 (Default RAID 5)<\/li>\n<li style=\"margin-bottom: 8px;\"><strong>Procesador:<\/strong> 1 x Intel Xeon 4410Y<\/li>\n<li style=\"margin-bottom: 8px;\"><strong>Memoria:<\/strong> 16 GB DDR4<\/li>\n<li style=\"margin-bottom: 8px;\"><strong>Sistema operativo:<\/strong> Windows Server 2022<\/li>\n<\/ul><\/div>\n<p> <!-- Interfaces --> <\/p>\n<div style=\"border-left: 5px solid #f37324; border-radius: 5px; padding: 15px; background: rgba(243&comma;115&comma;36&comma;0.05);\">\n<h4 style=\"font-size: 18px; margin-top: 0; color: inherit;\"><strong>Interfaces<\/strong><\/h4>\n<ul style=\"padding-left: 20px; font-size: 14px; color: inherit; list-style-type: disc;\">\n<li style=\"margin-bottom: 8px;\"><strong>Interfaces de red:<\/strong> 4 x RJ45&comma; Gigabit Ethernet<\/li>\n<li style=\"margin-bottom: 8px;\"><strong>Salidas de video:<\/strong> 2 VGA&comma; 1 HDMI&comma; 3 Mini DisplayPort (Salidas de video recomendadas para configuraci&oacute;n)<\/li>\n<li style=\"margin-bottom: 8px;\"><strong>Puertos USB:<\/strong> 1 USB 3.0&comma; 1 USB 2.0 Traseros \/ 1 USB 2.0 Frontal<\/li>\n<li style=\"margin-bottom: 8px;\"><strong>Otros puertos:<\/strong> Serial<\/li>\n<\/ul>\n<h4 style=\"font-size: 18px; margin-top: 20px; margin-bottom: 10px; color: inherit;\"><strong>Caracter&iacute;sticas F&iacute;sicas y El&eacute;ctricas<\/strong><\/h4>\n<ul style=\"padding-left: 20px; font-size: 14px; color: inherit; list-style-type: disc;\">\n<li style=\"margin-bottom: 8px;\"><strong>Fuente de poder:<\/strong> (2) 800W 80 Plus Platinum<\/li>\n<li style=\"margin-bottom: 8px;\"><strong>Entrada de voltaje:<\/strong> 100 &#8211; 240 VCA<\/li>\n<li style=\"margin-bottom: 8px;\"><strong>Consumo m&aacute;ximo:<\/strong> 788 W<\/li>\n<\/ul><\/div>\n<p> <!-- Caracter\u00edsticas f\u00edsicas y mec\u00e1nicas --> <\/p>\n<div style=\"border-left: 5px solid #f37324; border-radius: 5px; padding: 15px; background: rgba(243&comma;115&comma;36&comma;0.05);\">\n<h4 style=\"font-size: 18px; margin-top: 0; color: inherit;\"><strong>Mec&aacute;nico<\/strong><\/h4>\n<ul style=\"padding-left: 20px; font-size: 14px; color: inherit; list-style-type: disc;\">\n<li style=\"margin-bottom: 8px;\"><strong>Forma del equipo:<\/strong> Chassis montable en Rack 2U<\/li>\n<li style=\"margin-bottom: 8px;\"><strong>Montaje para rack:<\/strong> Incluido<\/li>\n<li style=\"margin-bottom: 8px;\"><strong>Color \/ Material:<\/strong> Negro \/ Metal<\/li>\n<li style=\"margin-bottom: 8px;\"><strong>Dimensiones:<\/strong> 18.97&#8242;(482 mm) x 30.39&#8242; (772.13 mm) x 3.41&#8242; (86.8 mm)<\/li>\n<li style=\"margin-bottom: 8px;\"><strong>Peso:<\/strong> 25.1 Kg (53.3 lbs) (Peso es sin discos duros)<\/li>\n<\/ul>\n<h4 style=\"font-size: 18px; margin-top: 20px; margin-bottom: 10px; color: inherit;\"><strong>Ambiental<\/strong><\/h4>\n<ul style=\"padding-left: 20px; font-size: 14px; color: inherit; list-style-type: disc;\">\n<li style=\"margin-bottom: 8px;\"><strong>Temperatura de operaci&oacute;n:<\/strong> 10 a 35 &ordm;C<\/li>\n<li style=\"margin-bottom: 8px;\"><strong>Temperatura de almacenamiento:<\/strong> -40 a 65 &ordm;C<\/li>\n<li style=\"margin-bottom: 8px;\"><strong>Humedad de operaci&oacute;n:<\/strong> 5% a 95% RH sin condensaci&oacute;n<\/li>\n<\/ul>\n<h4 style=\"font-size: 18px; margin-top: 20px; margin-bottom: 10px; color: inherit;\"><strong>Certificaciones<\/strong><\/h4>\n<ul style=\"padding-left: 20px; font-size: 14px; color: inherit; list-style-type: disc;\">\n<li style=\"margin-bottom: 8px;\"><strong>Certificaciones:<\/strong> UL&comma; RoHS&comma; TUV&comma; GS<\/li>\n<\/ul><\/div>\n<\/p><\/div>\n<p> <!-- Separador final --><\/p>\n<hr style=\"border: 0; border-top: 1px solid rgba(150&comma; 150&comma; 150&comma; 0.3); margin: 30px 0;\" \/><\/div>\n","protected":false},"excerpt":{"rendered":"<p>NVR Wisenet WAVE basada en Windows Server \/ Montable en Rack 2U \/ Incluye 1 licencia WAVE-PRO-04 \/ 470 Mbps throughput \/ Incluye 128TB en crudo para almacenamiento<\/p>\n","protected":false},"featured_media":100108,"comment_status":"open","ping_status":"closed","template":"","meta":[],"product_brand":[],"product_cat":[2236],"product_tag":[2260,2065,2237],"class_list":{"0":"post-100109","1":"product","2":"type-product","3":"status-publish","4":"has-post-thumbnail","6":"product_cat-servidores-de-aplicacion","7":"product_tag-hanwha-techwin-wisenet","8":"product_tag-servidores-almacenamiento","9":"product_tag-servidores-de-aplicacion","11":"first","12":"outofstock","13":"sale","14":"shipping-taxable","15":"purchasable","16":"product-type-simple"},"_links":{"self":[{"href":"https:\/\/soydeaqui.ddns.net\/pachuca\/index.php\/wp-json\/wp\/v2\/product\/100109","targetHints":{"allow":["GET"]}}],"collection":[{"href":"https:\/\/soydeaqui.ddns.net\/pachuca\/index.php\/wp-json\/wp\/v2\/product"}],"about":[{"href":"https:\/\/soydeaqui.ddns.net\/pachuca\/index.php\/wp-json\/wp\/v2\/types\/product"}],"replies":[{"embeddable":true,"href":"https:\/\/soydeaqui.ddns.net\/pachuca\/index.php\/wp-json\/wp\/v2\/comments?post=100109"}],"wp:featuredmedia":[{"embeddable":true,"href":"https:\/\/soydeaqui.ddns.net\/pachuca\/index.php\/wp-json\/wp\/v2\/media\/100108"}],"wp:attachment":[{"href":"https:\/\/soydeaqui.ddns.net\/pachuca\/index.php\/wp-json\/wp\/v2\/media?parent=100109"}],"wp:term":[{"taxonomy":"product_brand","embeddable":true,"href":"https:\/\/soydeaqui.ddns.net\/pachuca\/index.php\/wp-json\/wp\/v2\/product_brand?post=100109"},{"taxonomy":"product_cat","embeddable":true,"href":"https:\/\/soydeaqui.ddns.net\/pachuca\/index.php\/wp-json\/wp\/v2\/product_cat?post=100109"},{"taxonomy":"product_tag","embeddable":true,"href":"https:\/\/soydeaqui.ddns.net\/pachuca\/index.php\/wp-json\/wp\/v2\/product_tag?post=100109"}],"curies":[{"name":"wp","href":"https:\/\/api.w.org\/{rel}","templated":true}]}}