{"id":100096,"date":"2026-03-20T10:57:57","date_gmt":"2026-03-20T10:57:57","guid":{"rendered":"https:\/\/soydeaqui.ddns.net\/pachuca\/index.php\/producto\/montaje-en-techo-sbp-900cmw-peso-2-7-kg-aluminio-blanco-tornillo-de-montaje-tr30-orificio-pasacables-19-1-mm-compatible-con-adaptadores-y-extensiones\/"},"modified":"2026-03-20T10:58:01","modified_gmt":"2026-03-20T10:58:01","slug":"montaje-en-techo-sbp-900cmw-peso-2-7-kg-aluminio-blanco-tornillo-de-montaje-tr30-orificio-pasacables-19-1-mm-compatible-con-adaptadores-y-extensiones","status":"publish","type":"product","link":"https:\/\/soydeaqui.ddns.net\/pachuca\/index.php\/producto\/montaje-en-techo-sbp-900cmw-peso-2-7-kg-aluminio-blanco-tornillo-de-montaje-tr30-orificio-pasacables-19-1-mm-compatible-con-adaptadores-y-extensiones\/","title":{"rendered":"Montaje en Techo SBP-900CMW \/ Peso 2.7 kg \/ Aluminio \/ Blanco \/ Tornillo de Montaje TR30 \/ Orificio Pasacables 19.1 mm \/ Compatible con Adaptadores y Extensiones"},"content":{"rendered":"<div style='width: 100%; max-width: 1200px; margin: 0 auto; font-family: sans-serif; line-height: 1.6; color: inherit; background-color: transparent;'> <!-- Secci\u00f3n de overview --> <\/p>\n<div style='margin-bottom: 30px;'>\n<p style='font-size: 18px; line-height: 1.6; margin: 0 0 20px; color: inherit;'> El Montaje en Techo SBP-900CMW de Hanwha Vision est\u00e1 dise\u00f1ado para ofrecer una soluci\u00f3n robusta y confiable para instalaciones de techo. Fabricado en aluminio y acabado en color blanco&comma; combina resistencia y est\u00e9tica&comma; siendo adecuado para una amplia gama de aplicaciones t\u00e9cnicas. <\/p>\n<\/p><\/div>\n<p> <!-- Secci\u00f3n de caracter\u00edsticas principales --> <\/p>\n<div style='margin-bottom: 30px;'>\n<h2 style='font-size: 24px; font-weight: 600; margin: 0 0 20px; color: inherit; opacity: 0.85;'>Caracter\u00edsticas Principales<\/h2>\n<div style='display: flex; flex-wrap: wrap; gap: 20px;'>\n<div style='flex: 1 1 300px; min-width: 280px;'>\n<ul style='padding-left: 20px; font-size: 15px; color: inherit; list-style-type: disc;'>\n<li style='margin-bottom: 8px;'>Dise\u00f1ado para montaje en techo&comma; ofreciendo una instalaci\u00f3n segura y duradera.<\/li>\n<li style='margin-bottom: 8px;'>Fabricado en aluminio para asegurar durabilidad y una larga vida \u00fatil.<\/li>\n<li style='margin-bottom: 8px;'>Acabado en color blanco&comma; permitiendo una integraci\u00f3n est\u00e9tica en cualquier entorno.<\/li>\n<li style='margin-bottom: 8px;'>Adaptadores tipo Plato compatibles:<\/li>\n<ul style='padding-left: 30px; margin-top: 8px; margin-bottom: 0; color: inherit; list-style-type: disc;'>\n<li style='margin-bottom: 5px;'>SBP-120HMW<\/li>\n<li style='margin-bottom: 5px;'>SBP-140HMW<\/li>\n<li style='margin-bottom: 5px;'>SBP-160HMW1<\/li>\n<li style='margin-bottom: 5px;'>SBP-180HMW1<\/li>\n<li style='margin-bottom: 5px;'>SBP- 301HMW3<\/li>\n<li style='margin-bottom: 5px;'>SBP- 301HMW2<\/li>\n<li style='margin-bottom: 5px;'>SBP- 300HMW5<\/li>\n<li style='margin-bottom: 5px;'>SBP- 300HM7<\/li>\n<li style='margin-bottom: 5px;'>SBP- 300HMW7<\/li>\n<li style='margin-bottom: 5px;'>SBP- 300HM8<\/li>\n<\/ul>\n<\/ul><\/div>\n<\/p><\/div>\n<\/p><\/div>\n<p> <!-- Secci\u00f3n de especificaciones --> <\/p>\n<div style='margin-bottom: 30px;'>\n<h2 style='font-size: 24px; font-weight: 600; margin: 0 0 20px; color: inherit; opacity: 0.85;'>Especificaciones<\/h2>\n<div style='display: flex; flex-wrap: wrap; gap: 20px;'>\n<div style='flex: 1 1 250px; min-width: 230px; border: 1px solid rgba(150&comma; 150&comma; 150&comma; 0.4); border-radius: 8px; overflow: hidden; display: flex; flex-direction: column;'>\n<div style='padding: 15px; border-bottom: 1px solid rgba(150&comma; 150&comma; 150&comma; 0.2); font-weight: bold; font-size: 18px; color: inherit;'>Especificaciones<\/div>\n<div style='padding: 15px; color: inherit;'>\n<ul style='padding-left: 20px; margin: 0; font-size: 14px; list-style-type: disc;'>\n<li style='margin-bottom: 5px;'><strong>Peso:<\/strong> 2.7 kg (5.93 lb)<\/li>\n<li style='margin-bottom: 5px;'><strong>Material:<\/strong> Aluminio<\/li>\n<li style='margin-bottom: 5px;'><strong>Color:<\/strong> Blanco (RAL9003)<\/li>\n<li style='margin-bottom: 5px;'><strong>Dimensiones:<\/strong> \u00f8180&#215;958.5 mm (\u00f87.09&#215;37.63&#8242;)<\/li>\n<li style='margin-bottom: 5px;'><strong>Tama\u00f1o del tornillo de montaje:<\/strong> TR30<\/li>\n<\/ul><\/div>\n<\/p><\/div>\n<\/p><\/div>\n<\/p><\/div>\n<p> <!-- Separador --> <\/p>\n<hr style='border: 0; border-top: 1px solid rgba(150&comma; 150&comma; 150&comma; 0.3); margin: 30px 0;'> <\/div>\n","protected":false},"excerpt":{"rendered":"<p>Montaje en Techo SBP-900CMW \/ Peso 2.7 kg \/ Aluminio \/ Blanco \/ Tornillo de Montaje TR30 \/ Orificio Pasacables 19.1 mm \/ Compatible con Adaptadores y Extensiones<\/p>\n","protected":false},"featured_media":100095,"comment_status":"open","ping_status":"closed","template":"","meta":[],"product_brand":[],"product_cat":[416],"product_tag":[417,1055,418],"class_list":{"0":"post-100096","1":"product","2":"type-product","3":"status-publish","4":"has-post-thumbnail","6":"product_cat-montajes-y-brackets-para-camaras","7":"product_tag-accesorios-generales","8":"product_tag-hanwha-vision","9":"product_tag-montajes-y-brackets-para-camaras","11":"first","12":"outofstock","13":"sale","14":"shipping-taxable","15":"purchasable","16":"product-type-simple"},"yoast_head":"<!-- This site is optimized with the Yoast SEO plugin v27.4 - https:\/\/yoast.com\/product\/yoast-seo-wordpress\/ -->\r\n<title>Montaje en Techo SBP-900CMW \/ Peso 2.7 kg \/ Aluminio \/ Blanco \/ Tornillo de Montaje TR30 \/ Orificio Pasacables 19.1 mm \/ Compatible con Adaptadores y Extensiones - Instalaci\u00f3n de C\u00e1maras de Seguridad en Pachuca<\/title>\r\n<meta name=\"robots\" content=\"index, follow, max-snippet:-1, max-image-preview:large, max-video-preview:-1\" \/>\r\n<link rel=\"canonical\" href=\"https:\/\/soydeaqui.ddns.net\/pachuca\/index.php\/producto\/montaje-en-techo-sbp-900cmw-peso-2-7-kg-aluminio-blanco-tornillo-de-montaje-tr30-orificio-pasacables-19-1-mm-compatible-con-adaptadores-y-extensiones\/\" \/>\r\n<meta property=\"og:locale\" content=\"es_MX\" \/>\r\n<meta property=\"og:type\" content=\"article\" \/>\r\n<meta property=\"og:title\" content=\"Montaje en Techo SBP-900CMW \/ Peso 2.7 kg \/ Aluminio \/ Blanco \/ Tornillo de Montaje TR30 \/ Orificio Pasacables 19.1 mm \/ Compatible con Adaptadores y Extensiones - Instalaci\u00f3n de C\u00e1maras de Seguridad en Pachuca\" \/>\r\n<meta property=\"og:description\" content=\"Montaje en Techo SBP-900CMW \/ Peso 2.7 kg \/ Aluminio \/ Blanco \/ Tornillo de Montaje TR30 \/ Orificio Pasacables 19.1 mm \/ Compatible con Adaptadores y Extensiones\" \/>\r\n<meta property=\"og:url\" content=\"https:\/\/soydeaqui.ddns.net\/pachuca\/index.php\/producto\/montaje-en-techo-sbp-900cmw-peso-2-7-kg-aluminio-blanco-tornillo-de-montaje-tr30-orificio-pasacables-19-1-mm-compatible-con-adaptadores-y-extensiones\/\" \/>\r\n<meta property=\"og:site_name\" content=\"Instalaci\u00f3n de C\u00e1maras de Seguridad en Pachuca\" \/>\r\n<meta property=\"article:modified_time\" content=\"2026-03-20T10:58:01+00:00\" \/>\r\n<meta property=\"og:image\" content=\"https:\/\/soydeaqui.ddns.net\/pachuca\/wp-content\/uploads\/2026\/03\/portada_0S1000-4054.png\" \/>\r\n\t<meta property=\"og:image:width\" content=\"1024\" \/>\r\n\t<meta property=\"og:image:height\" content=\"1024\" \/>\r\n\t<meta property=\"og:image:type\" content=\"image\/png\" \/>\r\n<meta name=\"twitter:card\" content=\"summary_large_image\" \/>\r\n<meta name=\"twitter:label1\" content=\"Tiempo de lectura\" \/>\n\t<meta name=\"twitter:data1\" content=\"1 minuto\" \/>\r\n<script type=\"application\/ld+json\" class=\"yoast-schema-graph\">{\"@context\":\"https:\\\/\\\/schema.org\",\"@graph\":[{\"@type\":\"WebPage\",\"@id\":\"https:\\\/\\\/soydeaqui.ddns.net\\\/pachuca\\\/index.php\\\/producto\\\/montaje-en-techo-sbp-900cmw-peso-2-7-kg-aluminio-blanco-tornillo-de-montaje-tr30-orificio-pasacables-19-1-mm-compatible-con-adaptadores-y-extensiones\\\/\",\"url\":\"https:\\\/\\\/soydeaqui.ddns.net\\\/pachuca\\\/index.php\\\/producto\\\/montaje-en-techo-sbp-900cmw-peso-2-7-kg-aluminio-blanco-tornillo-de-montaje-tr30-orificio-pasacables-19-1-mm-compatible-con-adaptadores-y-extensiones\\\/\",\"name\":\"Montaje en Techo SBP-900CMW \\\/ Peso 2.7 kg \\\/ Aluminio \\\/ Blanco \\\/ Tornillo de Montaje TR30 \\\/ Orificio Pasacables 19.1 mm \\\/ Compatible con Adaptadores y Extensiones - Instalaci\u00f3n de C\u00e1maras de Seguridad en Pachuca\",\"isPartOf\":{\"@id\":\"https:\\\/\\\/soydeaqui.ddns.net\\\/pachuca\\\/#website\"},\"primaryImageOfPage\":{\"@id\":\"https:\\\/\\\/soydeaqui.ddns.net\\\/pachuca\\\/index.php\\\/producto\\\/montaje-en-techo-sbp-900cmw-peso-2-7-kg-aluminio-blanco-tornillo-de-montaje-tr30-orificio-pasacables-19-1-mm-compatible-con-adaptadores-y-extensiones\\\/#primaryimage\"},\"image\":{\"@id\":\"https:\\\/\\\/soydeaqui.ddns.net\\\/pachuca\\\/index.php\\\/producto\\\/montaje-en-techo-sbp-900cmw-peso-2-7-kg-aluminio-blanco-tornillo-de-montaje-tr30-orificio-pasacables-19-1-mm-compatible-con-adaptadores-y-extensiones\\\/#primaryimage\"},\"thumbnailUrl\":\"https:\\\/\\\/soydeaqui.ddns.net\\\/pachuca\\\/wp-content\\\/uploads\\\/2026\\\/03\\\/portada_0S1000-4054.png\",\"datePublished\":\"2026-03-20T10:57:57+00:00\",\"dateModified\":\"2026-03-20T10:58:01+00:00\",\"breadcrumb\":{\"@id\":\"https:\\\/\\\/soydeaqui.ddns.net\\\/pachuca\\\/index.php\\\/producto\\\/montaje-en-techo-sbp-900cmw-peso-2-7-kg-aluminio-blanco-tornillo-de-montaje-tr30-orificio-pasacables-19-1-mm-compatible-con-adaptadores-y-extensiones\\\/#breadcrumb\"},\"inLanguage\":\"es\",\"potentialAction\":[{\"@type\":\"ReadAction\",\"target\":[\"https:\\\/\\\/soydeaqui.ddns.net\\\/pachuca\\\/index.php\\\/producto\\\/montaje-en-techo-sbp-900cmw-peso-2-7-kg-aluminio-blanco-tornillo-de-montaje-tr30-orificio-pasacables-19-1-mm-compatible-con-adaptadores-y-extensiones\\\/\"]}]},{\"@type\":\"ImageObject\",\"inLanguage\":\"es\",\"@id\":\"https:\\\/\\\/soydeaqui.ddns.net\\\/pachuca\\\/index.php\\\/producto\\\/montaje-en-techo-sbp-900cmw-peso-2-7-kg-aluminio-blanco-tornillo-de-montaje-tr30-orificio-pasacables-19-1-mm-compatible-con-adaptadores-y-extensiones\\\/#primaryimage\",\"url\":\"https:\\\/\\\/soydeaqui.ddns.net\\\/pachuca\\\/wp-content\\\/uploads\\\/2026\\\/03\\\/portada_0S1000-4054.png\",\"contentUrl\":\"https:\\\/\\\/soydeaqui.ddns.net\\\/pachuca\\\/wp-content\\\/uploads\\\/2026\\\/03\\\/portada_0S1000-4054.png\",\"width\":1024,\"height\":1024},{\"@type\":\"BreadcrumbList\",\"@id\":\"https:\\\/\\\/soydeaqui.ddns.net\\\/pachuca\\\/index.php\\\/producto\\\/montaje-en-techo-sbp-900cmw-peso-2-7-kg-aluminio-blanco-tornillo-de-montaje-tr30-orificio-pasacables-19-1-mm-compatible-con-adaptadores-y-extensiones\\\/#breadcrumb\",\"itemListElement\":[{\"@type\":\"ListItem\",\"position\":1,\"name\":\"Inicio\",\"item\":\"https:\\\/\\\/soydeaqui.ddns.net\\\/pachuca\\\/\"},{\"@type\":\"ListItem\",\"position\":2,\"name\":\"Shop\",\"item\":\"https:\\\/\\\/soydeaqui.ddns.net\\\/pachuca\\\/index.php\\\/shop\\\/\"},{\"@type\":\"ListItem\",\"position\":3,\"name\":\"Montaje en Techo SBP-900CMW \\\/ Peso 2.7 kg \\\/ Aluminio \\\/ Blanco \\\/ Tornillo de Montaje TR30 \\\/ Orificio Pasacables 19.1 mm \\\/ Compatible con Adaptadores y Extensiones\"}]},{\"@type\":\"WebSite\",\"@id\":\"https:\\\/\\\/soydeaqui.ddns.net\\\/pachuca\\\/#website\",\"url\":\"https:\\\/\\\/soydeaqui.ddns.net\\\/pachuca\\\/\",\"name\":\"Instalaci\u00f3n de C\u00e1maras de Seguridad en Pachuca\",\"description\":\"Instalaci\u00f3n de CCTV en Pachuca\",\"potentialAction\":[{\"@type\":\"SearchAction\",\"target\":{\"@type\":\"EntryPoint\",\"urlTemplate\":\"https:\\\/\\\/soydeaqui.ddns.net\\\/pachuca\\\/?s={search_term_string}\"},\"query-input\":{\"@type\":\"PropertyValueSpecification\",\"valueRequired\":true,\"valueName\":\"search_term_string\"}}],\"inLanguage\":\"es\"}]}<\/script>\r\n<!-- \/ Yoast SEO plugin. -->","yoast_head_json":{"title":"Montaje en Techo SBP-900CMW \/ Peso 2.7 kg \/ Aluminio \/ Blanco \/ Tornillo de Montaje TR30 \/ Orificio Pasacables 19.1 mm \/ Compatible con Adaptadores y Extensiones - Instalaci\u00f3n de C\u00e1maras de Seguridad en Pachuca","robots":{"index":"index","follow":"follow","max-snippet":"max-snippet:-1","max-image-preview":"max-image-preview:large","max-video-preview":"max-video-preview:-1"},"canonical":"https:\/\/soydeaqui.ddns.net\/pachuca\/index.php\/producto\/montaje-en-techo-sbp-900cmw-peso-2-7-kg-aluminio-blanco-tornillo-de-montaje-tr30-orificio-pasacables-19-1-mm-compatible-con-adaptadores-y-extensiones\/","og_locale":"es_MX","og_type":"article","og_title":"Montaje en Techo SBP-900CMW \/ Peso 2.7 kg \/ Aluminio \/ Blanco \/ Tornillo de Montaje TR30 \/ Orificio Pasacables 19.1 mm \/ Compatible con Adaptadores y Extensiones - Instalaci\u00f3n de C\u00e1maras de Seguridad en Pachuca","og_description":"Montaje en Techo SBP-900CMW \/ Peso 2.7 kg \/ Aluminio \/ Blanco \/ Tornillo de Montaje TR30 \/ Orificio Pasacables 19.1 mm \/ Compatible con Adaptadores y Extensiones","og_url":"https:\/\/soydeaqui.ddns.net\/pachuca\/index.php\/producto\/montaje-en-techo-sbp-900cmw-peso-2-7-kg-aluminio-blanco-tornillo-de-montaje-tr30-orificio-pasacables-19-1-mm-compatible-con-adaptadores-y-extensiones\/","og_site_name":"Instalaci\u00f3n de C\u00e1maras de Seguridad en Pachuca","article_modified_time":"2026-03-20T10:58:01+00:00","og_image":[{"width":1024,"height":1024,"url":"https:\/\/soydeaqui.ddns.net\/pachuca\/wp-content\/uploads\/2026\/03\/portada_0S1000-4054.png","type":"image\/png"}],"twitter_card":"summary_large_image","twitter_misc":{"Tiempo de lectura":"1 minuto"},"schema":{"@context":"https:\/\/schema.org","@graph":[{"@type":"WebPage","@id":"https:\/\/soydeaqui.ddns.net\/pachuca\/index.php\/producto\/montaje-en-techo-sbp-900cmw-peso-2-7-kg-aluminio-blanco-tornillo-de-montaje-tr30-orificio-pasacables-19-1-mm-compatible-con-adaptadores-y-extensiones\/","url":"https:\/\/soydeaqui.ddns.net\/pachuca\/index.php\/producto\/montaje-en-techo-sbp-900cmw-peso-2-7-kg-aluminio-blanco-tornillo-de-montaje-tr30-orificio-pasacables-19-1-mm-compatible-con-adaptadores-y-extensiones\/","name":"Montaje en Techo SBP-900CMW \/ Peso 2.7 kg \/ Aluminio \/ Blanco \/ Tornillo de Montaje TR30 \/ Orificio Pasacables 19.1 mm \/ Compatible con Adaptadores y Extensiones - Instalaci\u00f3n de C\u00e1maras de Seguridad en Pachuca","isPartOf":{"@id":"https:\/\/soydeaqui.ddns.net\/pachuca\/#website"},"primaryImageOfPage":{"@id":"https:\/\/soydeaqui.ddns.net\/pachuca\/index.php\/producto\/montaje-en-techo-sbp-900cmw-peso-2-7-kg-aluminio-blanco-tornillo-de-montaje-tr30-orificio-pasacables-19-1-mm-compatible-con-adaptadores-y-extensiones\/#primaryimage"},"image":{"@id":"https:\/\/soydeaqui.ddns.net\/pachuca\/index.php\/producto\/montaje-en-techo-sbp-900cmw-peso-2-7-kg-aluminio-blanco-tornillo-de-montaje-tr30-orificio-pasacables-19-1-mm-compatible-con-adaptadores-y-extensiones\/#primaryimage"},"thumbnailUrl":"https:\/\/soydeaqui.ddns.net\/pachuca\/wp-content\/uploads\/2026\/03\/portada_0S1000-4054.png","datePublished":"2026-03-20T10:57:57+00:00","dateModified":"2026-03-20T10:58:01+00:00","breadcrumb":{"@id":"https:\/\/soydeaqui.ddns.net\/pachuca\/index.php\/producto\/montaje-en-techo-sbp-900cmw-peso-2-7-kg-aluminio-blanco-tornillo-de-montaje-tr30-orificio-pasacables-19-1-mm-compatible-con-adaptadores-y-extensiones\/#breadcrumb"},"inLanguage":"es","potentialAction":[{"@type":"ReadAction","target":["https:\/\/soydeaqui.ddns.net\/pachuca\/index.php\/producto\/montaje-en-techo-sbp-900cmw-peso-2-7-kg-aluminio-blanco-tornillo-de-montaje-tr30-orificio-pasacables-19-1-mm-compatible-con-adaptadores-y-extensiones\/"]}]},{"@type":"ImageObject","inLanguage":"es","@id":"https:\/\/soydeaqui.ddns.net\/pachuca\/index.php\/producto\/montaje-en-techo-sbp-900cmw-peso-2-7-kg-aluminio-blanco-tornillo-de-montaje-tr30-orificio-pasacables-19-1-mm-compatible-con-adaptadores-y-extensiones\/#primaryimage","url":"https:\/\/soydeaqui.ddns.net\/pachuca\/wp-content\/uploads\/2026\/03\/portada_0S1000-4054.png","contentUrl":"https:\/\/soydeaqui.ddns.net\/pachuca\/wp-content\/uploads\/2026\/03\/portada_0S1000-4054.png","width":1024,"height":1024},{"@type":"BreadcrumbList","@id":"https:\/\/soydeaqui.ddns.net\/pachuca\/index.php\/producto\/montaje-en-techo-sbp-900cmw-peso-2-7-kg-aluminio-blanco-tornillo-de-montaje-tr30-orificio-pasacables-19-1-mm-compatible-con-adaptadores-y-extensiones\/#breadcrumb","itemListElement":[{"@type":"ListItem","position":1,"name":"Inicio","item":"https:\/\/soydeaqui.ddns.net\/pachuca\/"},{"@type":"ListItem","position":2,"name":"Shop","item":"https:\/\/soydeaqui.ddns.net\/pachuca\/index.php\/shop\/"},{"@type":"ListItem","position":3,"name":"Montaje en Techo SBP-900CMW \/ Peso 2.7 kg \/ Aluminio \/ Blanco \/ Tornillo de Montaje TR30 \/ Orificio Pasacables 19.1 mm \/ Compatible con Adaptadores y Extensiones"}]},{"@type":"WebSite","@id":"https:\/\/soydeaqui.ddns.net\/pachuca\/#website","url":"https:\/\/soydeaqui.ddns.net\/pachuca\/","name":"Instalaci\u00f3n de C\u00e1maras de Seguridad en Pachuca","description":"Instalaci\u00f3n de CCTV en Pachuca","potentialAction":[{"@type":"SearchAction","target":{"@type":"EntryPoint","urlTemplate":"https:\/\/soydeaqui.ddns.net\/pachuca\/?s={search_term_string}"},"query-input":{"@type":"PropertyValueSpecification","valueRequired":true,"valueName":"search_term_string"}}],"inLanguage":"es"}]}},"_links":{"self":[{"href":"https:\/\/soydeaqui.ddns.net\/pachuca\/index.php\/wp-json\/wp\/v2\/product\/100096","targetHints":{"allow":["GET"]}}],"collection":[{"href":"https:\/\/soydeaqui.ddns.net\/pachuca\/index.php\/wp-json\/wp\/v2\/product"}],"about":[{"href":"https:\/\/soydeaqui.ddns.net\/pachuca\/index.php\/wp-json\/wp\/v2\/types\/product"}],"replies":[{"embeddable":true,"href":"https:\/\/soydeaqui.ddns.net\/pachuca\/index.php\/wp-json\/wp\/v2\/comments?post=100096"}],"wp:featuredmedia":[{"embeddable":true,"href":"https:\/\/soydeaqui.ddns.net\/pachuca\/index.php\/wp-json\/wp\/v2\/media\/100095"}],"wp:attachment":[{"href":"https:\/\/soydeaqui.ddns.net\/pachuca\/index.php\/wp-json\/wp\/v2\/media?parent=100096"}],"wp:term":[{"taxonomy":"product_brand","embeddable":true,"href":"https:\/\/soydeaqui.ddns.net\/pachuca\/index.php\/wp-json\/wp\/v2\/product_brand?post=100096"},{"taxonomy":"product_cat","embeddable":true,"href":"https:\/\/soydeaqui.ddns.net\/pachuca\/index.php\/wp-json\/wp\/v2\/product_cat?post=100096"},{"taxonomy":"product_tag","embeddable":true,"href":"https:\/\/soydeaqui.ddns.net\/pachuca\/index.php\/wp-json\/wp\/v2\/product_tag?post=100096"}],"curies":[{"name":"wp","href":"https:\/\/api.w.org\/{rel}","templated":true}]}}