{"id":100048,"date":"2026-03-20T10:55:34","date_gmt":"2026-03-20T10:55:34","guid":{"rendered":"https:\/\/soydeaqui.ddns.net\/pachuca\/index.php\/producto\/dvr-movil-2-megapixel-1080p-4-canales-turbohd-tecnologia-ia-integrada-soporta-4g-wifi-gps-sensor-g-soporta-2-memorias-sd-512-gb-c-u-alarmas-i-o\/"},"modified":"2026-03-20T10:55:36","modified_gmt":"2026-03-20T10:55:36","slug":"dvr-movil-2-megapixel-1080p-4-canales-turbohd-tecnologia-ia-integrada-soporta-4g-wifi-gps-sensor-g-soporta-2-memorias-sd-512-gb-c-u-alarmas-i-o","status":"publish","type":"product","link":"https:\/\/soydeaqui.ddns.net\/pachuca\/index.php\/producto\/dvr-movil-2-megapixel-1080p-4-canales-turbohd-tecnologia-ia-integrada-soporta-4g-wifi-gps-sensor-g-soporta-2-memorias-sd-512-gb-c-u-alarmas-i-o\/","title":{"rendered":"DVR M\u00f3vil 2 Megapixel (1080p) \/ 4 Canales TURBOHD \/ Tecnolog\u00eda IA Integrada \/ Soporta 4G \/ WiFi \/ GPS \/ Sensor G \/ Soporta 2 Memorias SD (512 GB c\/u) \/ Alarmas I\/O"},"content":{"rendered":"<div style='width: 100%; max-width: 1200px; margin: 0 auto; font-family: sans-serif; line-height: 1.6; color: inherit; background-color: transparent;'> <!-- Logo Hikvision --> <\/p>\n<div style='text-align: center; margin: 20px 0;'> <img style='width: 45%; height: auto; border: 1px solid rgba(150&comma;150&comma;150&comma;0.3); border-radius: 8px;' src='https:\/\/ftp3.syscom.mx\/usuarios\/jsosa\/HIKVISION\/imagenes\/logo\/hikvision%20see%20far.png' alt='Logo Hikvision'> <\/div>\n<p> <!-- Video YouTube --> <\/p>\n<div style='position: relative; padding-bottom: 56.25%; height: 0; overflow: hidden; margin: 30px 0;'>   <\/div>\n<p> <!-- Secci\u00f3n de caracter\u00edsticas --> <\/p>\n<div style='display: flex; flex-wrap: wrap; gap: 30px; margin: 30px 0;'>\n<div style='flex: 1 1 300px; min-width: 280px;'>\n<h3 style='font-size: 22px; border-bottom: 2px solid currentColor; padding-bottom: 5px; margin-top: 0; color: inherit; opacity: 0.8;'>Caracter\u00edsticas principales<\/h3>\n<ul style='padding-left: 20px; font-size: 15px; color: inherit;'>\n<li style='margin-bottom: 5px;'>Soporta 4 c\u00e1maras m\u00f3vil TURBO 1080p<\/li>\n<li style='margin-bottom: 5px;'>Soporta audio canal 2&comma; 3&comma; y 4 (canal uno por micr\u00f3fono externo)<\/li>\n<li style='margin-bottom: 5px;'>Compresi\u00f3n H.264 \/ H.265<\/li>\n<li style='margin-bottom: 5px;'>Soporta 2 memorias SD de hasta 256 GB cada uno (no incluida)<\/li>\n<li style='margin-bottom: 5px;'>Incluye m\u00f3dulo de GPS<\/li>\n<li style='margin-bottom: 5px;'>Incluye m\u00f3dulo de 4G (requiere SIM de datos para transmisi\u00f3n de informaci\u00f3n remota y licencias del software Hik-Central)<\/li>\n<li style='margin-bottom: 5px;'>Incluye m\u00f3dulo de WiFi (2.4 GHz y 5.8 GHz)<\/li>\n<li style='margin-bottom: 5px; font-weight: bold;'>Soporta c\u00e1maras con Inteligencia Artificial&comma; ADAS&comma; DSM y BSD<\/li>\n<li style='margin-bottom: 5px; font-weight: bold;'>Notificaciones audibles para el conductor con el parlante <a href='https:\/\/www.syscom.mx\/principal\/searchcont?route=DS-1350HMAE-HIKVISION-211021&#038;autodetect=ds1350' style='color: inherit; text-decoration: underline;'>DS-1350HM(AE)<\/a><\/li>\n<li style='margin-bottom: 5px;'>Soporta apagado tard\u00edo calendarizado (0 hasta 6 horas)<\/li>\n<li style='margin-bottom: 5px;'>Audio de dos v\u00edas plataforma y cabina (Necesario <a href='https:\/\/www.syscom.mx\/principal\/searchcont?route=DS-1350HMAE-HIKVISION-211021&#038;autodetect=ds1350' style='color: inherit; text-decoration: underline;'>DS-1350HM(AE)<\/a>&comma; <a href='https:\/\/www.syscom.mx\/principal\/searchcont?route=DS-MP1351AE-HIKVISION-207160&#038;autodetect=ds1350' style='color: inherit; text-decoration: underline;'>DS-MP1351(AE)<\/a>)<\/li>\n<\/ul>\n<p style='margin-top: 20px; font-style: italic;'>Nota: El consumo de datos (3G \/ 4G) depender\u00e1 de la configuraci\u00f3n de resoluci\u00f3n y el tiempo de visualizaci\u00f3n en tiempo real.<\/p>\n<\/p><\/div>\n<div style='flex: 1 1 300px; min-width: 280px;'>\n<h3 style='font-size: 22px; border-bottom: 2px solid currentColor; padding-bottom: 5px; margin-top: 0; color: inherit; opacity: 0.8;'>Caracter\u00edsticas F\u00edsicas y El\u00e9ctricas<\/h3>\n<ul style='padding-left: 20px; font-size: 15px; color: inherit;'>\n<li style='margin-bottom: 5px;'>1 Puerto de red (10M \/ 100M) \/ Conector tipo aviador<\/li>\n<li style='margin-bottom: 5px;'>4 Entradas de alarma<\/li>\n<li style='margin-bottom: 5px;'>2 Salidas de alarma (requerido el relay <a href='https:\/\/www.syscom.mx\/producto\/RBSNT-TL-ALTRONIX-73594.html' style='color: inherit; text-decoration: underline;'>RBSNT-TL<\/a>)<\/li>\n<li style='margin-bottom: 5px;'>Sensor G incorporado<\/li>\n<li style='margin-bottom: 5px;'>Alimentaci\u00f3n: 9 &#8211; 32 Vcc (se alimenta directa de la bater\u00eda del autom\u00f3vil)<\/li>\n<li style='margin-bottom: 5px;'>Dimensiones: 184 x 134.4 x 44 mm<\/li>\n<li style='margin-bottom: 5px;'>Peso: 0.8 kg<\/li>\n<\/ul><\/div>\n<\/p><\/div>\n<p> <!-- Soluciones de transmisi\u00f3n y centralizaci\u00f3n remota --> <\/p>\n<div style='margin: 30px 0;'>\n<h3 style='font-size: 22px; border-bottom: 2px solid currentColor; padding-bottom: 5px; margin-top: 0; color: inherit; opacity: 0.8;'>Soluciones de transmisi\u00f3n y centralizaci\u00f3n remota<\/h3>\n<h4 style='font-size: 18px; margin-top: 20px; color: inherit;'>1.- Usando la plataforma de Hik-Central Profesional:<\/h4>\n<ul style='padding-left: 20px; font-size: 15px; color: inherit;'>\n<li style='margin-bottom: 5px;'><a href='https:\/\/www.syscom.mx\/principal\/searchcont?route=DS-MP5604-HIKVISION-188780&#038;autodetect=HC-P-MS-B' target='_blank' rel='noopener' style='color: inherit; text-decoration: underline;'><strong>HC-P-MS-B<\/strong><\/a>: Esta licencia a\u00f1ade la base para dispositivos m\u00f3viles&comma; incluye 10 unidades y tambi\u00e9n m\u00f3dulo de Business Intelligence.<\/li>\n<li style='margin-bottom: 5px;'><a href='https:\/\/www.syscom.mx\/producto\/HC-P-MS-1-HIKVISION-200925.html' target='_blank' rel='noopener' style='color: inherit; text-decoration: underline;'><strong>HC-P-MS\/1<\/strong><\/a>: Esta licencia agrega 1 dispositivo m\u00f3vil adicional&comma; se requiere tener una licencia base activa. (Se usa a partir del dispositivo n\u00famero 11 en adelante).<\/li>\n<\/ul>\n<p style='margin: 15px 0; font-size: 15px; color: inherit;'>Esta soluci\u00f3n requiere infraestructura de red adicional:<\/p>\n<ul style='padding-left: 20px; font-size: 15px; color: inherit;'>\n<li style='margin-bottom: 5px;'>Se requiere un servidor (PC) dedicada para colocar las licencias del software Hik-Central Profesional&comma; en este servidor se dejan corriendo los servicios para poder consultar el video en vivo&comma; ver grabaciones y posicionamiento de manera remota. (Se recomienda un servidor como m\u00ednimo Core i5 y 8 GB RAM).<\/li>\n<li style='margin-bottom: 5px;'>Se requiere tener una IP p\u00fablica fija (dedicada) y un buen ancho de banda que depender\u00e1 de la cantidad del n\u00famero de DVR\u00b4s m\u00f3viles a centralizar.<\/li>\n<\/ul>\n<h4 style='font-size: 18px; margin-top: 20px; color: inherit;'>2.- Usando la plataforma de HikConnect Teams:<\/h4>\n<ul style='padding-left: 20px; font-size: 15px; color: inherit;'>\n<li style='margin-bottom: 5px;'><a href='https:\/\/www.syscom.mx\/principal\/searchcont?route=HCT-VEHICULO-1D-1A-HIKVISION-226162&#038;autodetect=HCTvehiculo' target='_blank' rel='noopener' style='color: inherit; text-decoration: underline;'><strong>HCT-VEHICULO-1D-1A<\/strong><\/a>: Licencia Anual HikConnect Teams\/ Monitoreo Vehicular de GPS (Ubicaci\u00f3n) y Video en Tiempo Real por 1 A\u00f1o para 1 Dispositivo \/ Compatible con Dash Cam y DVR\u00b4s Moviles. (<a href='https:\/\/soporte.syscom.mx\/es\/articles\/6645147-hikcentral-connect-agregar-mdvr-modelo-ds-mp5604' target='_blank' rel='noopener' style='color: inherit; text-decoration: underline;'>Tutorial de configuraci\u00f3n<\/a>)<\/li>\n<\/ul>\n<p style='margin: 15px 0; font-size: 15px; color: inherit;'>Esta soluci\u00f3n se maneja en la nube&comma; no requiere servidores (PC) de por medio&comma; toda la administraci\u00f3n es por interfaz web.<\/p>\n<p style='margin: 15px 0; font-size: 15px; color: inherit;'><strong>Nota:<\/strong> Generando su cuenta desde el portal Hik-Connect.com se le otorga 10 equipos gratis&comma; temporalmente por ajustes de la plataforma no se puede agregar m\u00e1s licencias&comma; fecha tentativa de liberaci\u00f3n de la plataforma para nuevas licencias es 15 Enero 2024&comma; para m\u00e1s informaci\u00f3n cont\u00e1ctenos.<\/p>\n<p style='margin: 15px 0; font-size: 15px; color: inherit;'><a href='https:\/\/soporte.syscom.mx\/es\/articles\/8507358-hikconnect-for-teams-crear-cuenta-hikconnect-for-teams' style='color: inherit; text-decoration: underline;'>Crear cuenta HikConnect teams desde p\u00e1gina web.<\/a><\/p>\n<\/p><\/div>\n<p> <!-- C\u00e1maras compatibles --> <\/p>\n<div style='margin: 30px 0;'>\n<h3 style='font-size: 22px; border-bottom: 2px solid currentColor; padding-bottom: 5px; margin-top: 0; color: inherit; opacity: 0.8;'>C\u00e1maras compatibles<\/h3>\n<div style='margin: 20px 0;'>\n<h4 style='font-size: 18px; margin-top: 0; color: inherit;'>C\u00e1mara Compatible para An\u00e1lisis de Comportamiento del conductor (DBA)<\/h4>\n<p style='margin: 10px 0; font-size: 15px; color: inherit;'><a href='https:\/\/www.syscom.mx\/principal\/searchcont?route=AE-VC154T-IT3.1-HIKVISION-219714&#038;autodetect=AEVC154' style='color: inherit; text-decoration: underline;'>AE-VC154T-IT(3.1)<\/a><\/p>\n<div style='margin: 15px 0;'> <img style='width: 100%; height: auto; border: 1px solid rgba(150&comma;150&comma;150&comma;0.3); border-radius: 8px;' src='https:\/\/ftp3.syscom.mx\/usuarios\/fotos\/BancoFotografiasSyscom\/HIKVISION\/AEVC154TIT(3.1)\/AEVC154TIT(3.1)-l.PNG' alt='AE-VC154T-IT(3.1)'> <\/div>\n<\/p><\/div>\n<div style='margin: 20px 0;'>\n<h4 style='font-size: 18px; margin-top: 0; color: inherit;'>C\u00e1mara Compatible para Asistencia a la conducci\u00f3n (ADAS)<\/h4>\n<p style='margin: 10px 0; font-size: 15px; color: inherit;'><a href='https:\/\/www.syscom.mx\/principal\/searchcont?route=AE-VC155T3.1-HIKVISION-220907&#038;autodetect=AEVC155' style='color: inherit; text-decoration: underline;'>AE-VC155T(3.1)<\/a><\/p>\n<div style='margin: 15px 0;'> <img style='width: 100%; height: auto; border: 1px solid rgba(150&comma;150&comma;150&comma;0.3); border-radius: 8px;' src='https:\/\/www.hikvision.com\/content\/dam\/hikvision\/products\/S000000001\/S000005940\/S000005995\/S000005996\/OFR008110\/M000052756\/images\/%E4%B8%BB%E8%A7%86%E5%9B%BE.png.thumb.319.319.png?f=webp' alt='AE-VC155T(3.1)'> <\/div>\n<\/p><\/div>\n<\/p><\/div>\n<p> <!-- Im\u00e1genes adicionales --> <\/p>\n<div style='margin: 30px 0;'>\n<h3 style='font-size: 22px; border-bottom: 2px solid currentColor; padding-bottom: 5px; margin-top: 0; color: inherit; opacity: 0.8;'>Diagrama y ejemplos<\/h3>\n<div style='margin: 15px 0;'> <img style='width: 100%; height: auto; border: 1px solid rgba(150&comma;150&comma;150&comma;0.3); border-radius: 8px;' src='https:\/\/ftp3.syscom.mx\/usuarios\/jsosa\/HIKVISION\/imagenes\/movil\/digrama%20dvr%20movil%20hikvision.png' alt='Diagrama DVR M\u00f3vil Hikvision'> <\/div>\n<p> <!-- Im\u00e1genes adicionales de gifs --> <\/p>\n<div style='display: flex; flex-wrap: wrap; gap: 15px; margin-top: 20px;'>\n<div style='flex: 1 1 300px; min-width: 200px;'> <img style='width: 100%; height: auto; border: 1px solid rgba(150&comma;150&comma;150&comma;0.3); border-radius: 8px;' src='https:\/\/i.imgur.com\/4aaVVDY.png' alt='Ejemplo 1'> <\/div>\n<div style='flex: 1 1 300px; min-width: 200px;'> <img style='width: 100%; height: auto; border: 1px solid rgba(150&comma;150&comma;150&comma;0.3); border-radius: 8px;' src='https:\/\/i.imgur.com\/d2o6uq2.gif' alt='Ejemplo 2'> <\/div>\n<div style='flex: 1 1 300px; min-width: 200px;'> <img style='width: 100%; height: auto; border: 1px solid rgba(150&comma;150&comma;150&comma;0.3); border-radius: 8px;' src='https:\/\/i.imgur.com\/fvJ6HI6.gif' alt='Ejemplo 3'> <\/div>\n<div style='flex: 1 1 300px; min-width: 200px;'> <img style='width: 100%; height: auto; border: 1px solid rgba(150&comma;150&comma;150&comma;0.3); border-radius: 8px;' src='https:\/\/i.imgur.com\/qyaoREq.gif' alt='Ejemplo 4'> <\/div>\n<div style='flex: 1 1 300px; min-width: 200px;'> <img style='width: 100%; height: auto; border: 1px solid rgba(150&comma;150&comma;150&comma;0.3); border-radius: 8px;' src='https:\/\/i.imgur.com\/QtjAhwx.gif' alt='Ejemplo 5'> <\/div>\n<\/p><\/div>\n<\/p><\/div>\n<p> <!-- Separador final --> <\/p>\n<hr style='border: 0; border-top: 1px solid rgba(150&comma; 150&comma; 150&comma; 0.3); margin: 30px 0;'> <\/div>\n","protected":false},"excerpt":{"rendered":"<p>DVR M\u00f3vil 2 Megapixel (1080p) \/ 4 Canales TURBOHD \/ Tecnolog\u00eda IA Integrada \/ Soporta 4G \/ WiFi \/ GPS \/ Sensor G \/ Soporta 2 Memorias SD (512 GB c\/u) \/ Alarmas I\/O<\/p>\n","protected":false},"featured_media":100047,"comment_status":"open","ping_status":"closed","template":"","meta":[],"product_brand":[],"product_cat":[1343],"product_tag":[54,1345,1344],"class_list":{"0":"post-100048","1":"product","2":"type-product","3":"status-publish","4":"has-post-thumbnail","6":"product_cat-videograbadoras-moviles","7":"product_tag-hikvision","8":"product_tag-videograbadoras-moviles","9":"product_tag-videograbadoras-moviles-y-portatiles","11":"first","12":"outofstock","13":"sale","14":"shipping-taxable","15":"purchasable","16":"product-type-simple"},"_links":{"self":[{"href":"https:\/\/soydeaqui.ddns.net\/pachuca\/index.php\/wp-json\/wp\/v2\/product\/100048","targetHints":{"allow":["GET"]}}],"collection":[{"href":"https:\/\/soydeaqui.ddns.net\/pachuca\/index.php\/wp-json\/wp\/v2\/product"}],"about":[{"href":"https:\/\/soydeaqui.ddns.net\/pachuca\/index.php\/wp-json\/wp\/v2\/types\/product"}],"replies":[{"embeddable":true,"href":"https:\/\/soydeaqui.ddns.net\/pachuca\/index.php\/wp-json\/wp\/v2\/comments?post=100048"}],"wp:featuredmedia":[{"embeddable":true,"href":"https:\/\/soydeaqui.ddns.net\/pachuca\/index.php\/wp-json\/wp\/v2\/media\/100047"}],"wp:attachment":[{"href":"https:\/\/soydeaqui.ddns.net\/pachuca\/index.php\/wp-json\/wp\/v2\/media?parent=100048"}],"wp:term":[{"taxonomy":"product_brand","embeddable":true,"href":"https:\/\/soydeaqui.ddns.net\/pachuca\/index.php\/wp-json\/wp\/v2\/product_brand?post=100048"},{"taxonomy":"product_cat","embeddable":true,"href":"https:\/\/soydeaqui.ddns.net\/pachuca\/index.php\/wp-json\/wp\/v2\/product_cat?post=100048"},{"taxonomy":"product_tag","embeddable":true,"href":"https:\/\/soydeaqui.ddns.net\/pachuca\/index.php\/wp-json\/wp\/v2\/product_tag?post=100048"}],"curies":[{"name":"wp","href":"https:\/\/api.w.org\/{rel}","templated":true}]}}