{"id":100037,"date":"2026-03-20T10:55:05","date_gmt":"2026-03-20T10:55:05","guid":{"rendered":"https:\/\/soydeaqui.ddns.net\/pachuca\/index.php\/producto\/camara-ip-de-doble-lente-8-mp-6-mm-50-8-2-mp-2-8-mm-106-1-wdr-120-db-canal-1-microfono-integrado-poe-microsd-512-gb-uso-interior\/"},"modified":"2026-03-20T10:55:09","modified_gmt":"2026-03-20T10:55:09","slug":"camara-ip-de-doble-lente-8-mp-6-mm-50-8-2-mp-2-8-mm-106-1-wdr-120-db-canal-1-microfono-integrado-poe-microsd-512-gb-uso-interior","status":"publish","type":"product","link":"https:\/\/soydeaqui.ddns.net\/pachuca\/index.php\/producto\/camara-ip-de-doble-lente-8-mp-6-mm-50-8-2-mp-2-8-mm-106-1-wdr-120-db-canal-1-microfono-integrado-poe-microsd-512-gb-uso-interior\/","title":{"rendered":"C\u00e1mara IP de Doble Lente: 8 MP (6 mm \/ 50.8\u00b0) + 2 MP (2.8 mm \/ 106.1\u00b0) \/ WDR 120 dB (Canal 1) \/ Micr\u00f3fono Integrado \/ PoE \/ MicroSD 512 GB \/ Uso Interior"},"content":{"rendered":"<div style='width: 100%; max-width: 1200px; margin: 0 auto; font-family: sans-serif; line-height: 1.6; color: inherit; background-color: transparent;'> <!-- Secci\u00f3n de t\u00edtulo --> <\/p>\n<div style='width: 100%; text-align: center; margin-bottom: 30px;'>\n<h1 style='font-size: 28px; color: #232a6f; border-bottom: 2px solid currentColor; padding-bottom: 10px; margin: 0; opacity: 0.85; display: inline-block;'>Especificaciones<\/h1>\n<\/p><\/div>\n<p> <!-- Secci\u00f3n principal con grid --> <\/p>\n<div style='display: grid; grid-template-columns: 1fr; gap: 30px; margin-bottom: 30px;'> <!-- Contenedor para las dos columnas en pantallas grandes --> <\/p>\n<div style='display: flex; flex-wrap: wrap; gap: 30px;'> <!-- Columna Izquierda --> <\/p>\n<div style='flex: 1 1 300px; min-width: 280px;'> <!-- Tarjeta: Caracter\u00edsticas Principales --> <\/p>\n<div style='border: 1px solid rgba(150&comma; 150&comma; 150&comma; 0.4); border-radius: 8px; overflow: hidden; display: flex; flex-direction: column;'>\n<div style='padding: 15px; border-bottom: 1px solid rgba(150&comma; 150&comma; 150&comma; 0.2); font-weight: bold; font-size: 18px; background: #df001e; color: white; border-bottom: #a80000;'> Caracter\u00edsticas Principales: <\/div>\n<div style='padding: 15px; color: inherit;'>\n<ul style='padding-left: 20px; margin: 0; font-size: 14px; list-style-type: disc;'>\n<li style='margin-bottom: 10px;'> <strong>Resoluci\u00f3n m\u00e1xima:<\/strong>\n<ul style='padding-left: 20px; margin-top: 8px;'>\n<li style='margin-bottom: 5px;'>Variante 2 MP (Canal 1): 1920 \u00d7 1080<\/li>\n<li style='margin-bottom: 5px;'>Variante 8 MP (Canal 2): 3840 \u00d7 2160<\/li>\n<\/ul>\n<\/li>\n<li style='margin-bottom: 10px;'> <strong>Iluminaci\u00f3n m\u00ednima:<\/strong>\n<ul style='padding-left: 20px; margin-top: 8px;'>\n<li style='margin-bottom: 5px;'>Canal 1: 0.002 Lux @ (F1.0&comma; AGC ON)<\/li>\n<li style='margin-bottom: 5px;'>Canal 2: 0.003 Lux @ (F1.2&comma; AGC ON)<\/li>\n<\/ul>\n<\/li>\n<li style='margin-bottom: 10px;'> <strong>Lente 2.8mm\/6mm:<\/strong>\n<ul style='padding-left: 20px; margin-top: 8px;'>\n<li style='margin-bottom: 5px;'>Canal 1: FOV 106.1\u00b0 (H)&comma; 56.8\u00b0 (V)&comma; 126.5\u00b0 (D)<\/li>\n<li style='margin-bottom: 5px;'>Canal 2: FOV 50.8\u00b0 (H)&comma; 27.6\u00b0 (V)&comma; 59\u00b0 (D)<\/li>\n<\/ul>\n<\/li>\n<li style='margin-bottom: 10px;'> <strong>WDR:<\/strong>\n<ul style='padding-left: 20px; margin-top: 8px;'>\n<li style='margin-bottom: 5px;'>Canal 1: 120 dB<\/li>\n<li style='margin-bottom: 5px;'>Canal 2: Digital WDR<\/li>\n<\/ul>\n<\/li>\n<li style='margin-bottom: 5px;'>Detecci\u00f3n de movimiento<\/li>\n<li style='margin-bottom: 5px;'>Compresi\u00f3n de video: H.265&comma; H.264<\/li>\n<li style='margin-bottom: 5px;'>Micr\u00f3fono integrado para audio en tiempo real<\/li>\n<\/ul><\/div>\n<\/p><\/div>\n<p> <!-- Tarjeta: Entradas y Salidas de Audio \/ Alarmas \/ Red \/ Almacenamiento --> <\/p>\n<div style='border: 1px solid rgba(150&comma; 150&comma; 150&comma; 0.4); border-radius: 8px; overflow: hidden; display: flex; flex-direction: column; margin-top: 20px;'>\n<div style='padding: 15px; border-bottom: 1px solid rgba(150&comma; 150&comma; 150&comma; 0.2); font-weight: bold; font-size: 18px; background: #df001e; color: white; border-bottom: #a80000;'> Entradas y Salidas de Audio \/ Alarmas \/ Red \/ Almacenamiento: <\/div>\n<div style='padding: 15px; color: inherit;'>\n<ul style='padding-left: 20px; margin: 0; font-size: 14px; list-style-type: disc;'>\n<li style='margin-bottom: 5px;'><strong>Micr\u00f3fono Integrado: 1 micr\u00f3fono incorporado<\/strong><\/li>\n<li style='margin-bottom: 5px;'>Almacenamiento: Soporta microSD\/microSDHC\/microSDXC&comma; hasta 512 GB<\/li>\n<li style='margin-bottom: 5px;'>Puerto de red: 1 RJ45 10\/100 Mbps (PoE IEEE 802.3af)<\/li>\n<\/ul><\/div>\n<\/p><\/div>\n<\/p><\/div>\n<p> <!-- Columna Derecha --> <\/p>\n<div style='flex: 1 1 300px; min-width: 280px;'> <!-- Tarjeta: Caracter\u00edsticas F\u00edsicas y El\u00e9ctricas --> <\/p>\n<div style='border: 1px solid rgba(150&comma; 150&comma; 150&comma; 0.4); border-radius: 8px; overflow: hidden; display: flex; flex-direction: column;'>\n<div style='padding: 15px; border-bottom: 1px solid rgba(150&comma; 150&comma; 150&comma; 0.2); font-weight: bold; font-size: 18px; background: #df001e; color: white; border-bottom: #a80000;'> Caracter\u00edsticas F\u00edsicas y El\u00e9ctricas: <\/div>\n<div style='padding: 15px; color: inherit;'>\n<ul style='padding-left: 20px; margin: 0; font-size: 14px; list-style-type: disc;'>\n<li style='margin-bottom: 5px;'>Temperatura de Operaci\u00f3n: -30 \u00b0C a 50 \u00b0C<\/li>\n<li style='margin-bottom: 5px;'>Alimentaci\u00f3n: 12 VDC \u00b1 25%&comma; 0.46 A&comma; max. 5.5 W<\/li>\n<li style='margin-bottom: 5px;'>PoE: IEEE 802.3af&comma; Class 3&comma; max. 8.4W<\/li>\n<li style='margin-bottom: 5px;'>Protecci\u00f3n: No espec\u00edfica (seg\u00fan hoja t\u00e9cnica)<\/li>\n<li style='margin-bottom: 5px;'>Material: Aleaci\u00f3n de aluminio + pl\u00e1stico<\/li>\n<li style='margin-bottom: 5px;'>Dimensiones: 457.8 mm \u00d7 72.9 mm \u00d7 72 mm<\/li>\n<li style='margin-bottom: 5px;'>Peso: 555 g (aproximadamente)<\/li>\n<\/ul><\/div>\n<\/p><\/div>\n<p> <!-- Tarjeta: Accesorios Compatibles --> <\/p>\n<div style='border: 1px solid rgba(150&comma; 150&comma; 150&comma; 0.4); border-radius: 8px; overflow: hidden; display: flex; flex-direction: column; margin-top: 20px;'>\n<div style='padding: 15px; border-bottom: 1px solid rgba(150&comma; 150&comma; 150&comma; 0.2); font-weight: bold; font-size: 18px; background: #df001e; color: white; border-bottom: #a80000;'> Accesorios Compatibles: <\/div>\n<div style='padding: 15px; color: inherit;'>\n<ul style='padding-left: 20px; margin: 0; font-size: 14px; list-style-type: disc;'>\n<li style='text-align: left;'> <strong> <a href='https:\/\/ftp3.syscom.mx\/usuarios\/alexh\/Hikvision\/Specsheet\/DS-2CD6F82G0-S_Datasheet_20250224.pdf?_gl=1*1szofpt*_gcl_au*MTc3NjMxMDk4MS4xNzUwMTgxMDMx' target='_blank' rel='noopener' style='color: inherit; text-decoration: underline;'> Consulte la ficha t\u00e9cnica para validar los accesorios compatibles&comma; de clic Aqu\u00ed <\/a> <\/strong> <\/li>\n<\/ul><\/div>\n<\/p><\/div>\n<\/p><\/div>\n<\/p><\/div>\n<p> <!-- Tarjeta: Caracter\u00edsticas Destacadas --> <\/p>\n<div style='border: 1px solid rgba(150&comma; 150&comma; 150&comma; 0.4); border-radius: 8px; overflow: hidden; display: flex; flex-direction: column;'>\n<div style='padding: 15px; border-bottom: 1px solid rgba(150&comma; 150&comma; 150&comma; 0.2); font-weight: bold; font-size: 18px; background: #df001e; color: white; border-bottom: #a80000;'> Caracter\u00edsticas Destacadas: <\/div>\n<div style='padding: 15px; color: inherit;'>\n<ul style='padding-left: 20px; margin: 0; font-size: 14px; list-style-type: disc;'>\n<li style='margin-bottom: 5px;'>Tecnolog\u00eda WDR de 120 dB para im\u00e1genes claras incluso con luz intensa.<\/li>\n<li style='margin-bottom: 5px;'>Doble lente con capacidades de imagen de alta resoluci\u00f3n (8 MP y 2 MP).<\/li>\n<li style='margin-bottom: 5px;'>Compatibilidad con m\u00faltiples protocolos de red&comma; incluyendo IPv6&comma; ONVIF&comma; y m\u00e1s.<\/li>\n<li style='margin-bottom: 5px;'>Soporte para Hik-Connect y otras plataformas de gesti\u00f3n.<\/li>\n<li style='margin-bottom: 5px;'>Seguridad avanzada con cifrado HTTPS&comma; autenticaci\u00f3n 802.1X&comma; y m\u00e1s.<\/li>\n<\/ul><\/div>\n<\/p><\/div>\n<\/p><\/div>\n<p> <!-- Imagen --> <\/p>\n<div style='width: 100%; margin: 30px 0;'> <img style='width: 100%; height: auto; border: 1px solid rgba(150&comma;150&comma;150&comma;0.3); border-radius: 8px;' src='https:\/\/ftp3.syscom.mx\/usuarios\/jsosa\/HIKVISION\/imagenes\/banners\/solution%20complete.png' alt=''> <\/div>\n<\/p><\/div>\n","protected":false},"excerpt":{"rendered":"<p>C\u00e1mara IP de Doble Lente: 8 MP (6 mm \/ 50.8\u00b0) + 2 MP (2.8 mm \/ 106.1\u00b0) \/ WDR 120 dB (Canal 1) \/ Micr\u00f3fono Integrado \/ PoE \/ MicroSD 512 GB \/ Uso Interior<\/p>\n","protected":false},"featured_media":100036,"comment_status":"open","ping_status":"closed","template":"","meta":[],"product_brand":[],"product_cat":[438],"product_tag":[439,122,54],"class_list":{"0":"post-100037","1":"product","2":"type-product","3":"status-publish","4":"has-post-thumbnail","6":"product_cat-bala","7":"product_tag-bala","8":"product_tag-camaras-ip-y-nvrs","9":"product_tag-hikvision","11":"first","12":"instock","13":"sale","14":"shipping-taxable","15":"purchasable","16":"product-type-simple"},"_links":{"self":[{"href":"https:\/\/soydeaqui.ddns.net\/pachuca\/index.php\/wp-json\/wp\/v2\/product\/100037","targetHints":{"allow":["GET"]}}],"collection":[{"href":"https:\/\/soydeaqui.ddns.net\/pachuca\/index.php\/wp-json\/wp\/v2\/product"}],"about":[{"href":"https:\/\/soydeaqui.ddns.net\/pachuca\/index.php\/wp-json\/wp\/v2\/types\/product"}],"replies":[{"embeddable":true,"href":"https:\/\/soydeaqui.ddns.net\/pachuca\/index.php\/wp-json\/wp\/v2\/comments?post=100037"}],"wp:featuredmedia":[{"embeddable":true,"href":"https:\/\/soydeaqui.ddns.net\/pachuca\/index.php\/wp-json\/wp\/v2\/media\/100036"}],"wp:attachment":[{"href":"https:\/\/soydeaqui.ddns.net\/pachuca\/index.php\/wp-json\/wp\/v2\/media?parent=100037"}],"wp:term":[{"taxonomy":"product_brand","embeddable":true,"href":"https:\/\/soydeaqui.ddns.net\/pachuca\/index.php\/wp-json\/wp\/v2\/product_brand?post=100037"},{"taxonomy":"product_cat","embeddable":true,"href":"https:\/\/soydeaqui.ddns.net\/pachuca\/index.php\/wp-json\/wp\/v2\/product_cat?post=100037"},{"taxonomy":"product_tag","embeddable":true,"href":"https:\/\/soydeaqui.ddns.net\/pachuca\/index.php\/wp-json\/wp\/v2\/product_tag?post=100037"}],"curies":[{"name":"wp","href":"https:\/\/api.w.org\/{rel}","templated":true}]}}