{"id":100029,"date":"2026-03-20T10:54:42","date_gmt":"2026-03-20T10:54:42","guid":{"rendered":"https:\/\/soydeaqui.ddns.net\/pachuca\/index.php\/producto\/dock-station-de-escritorio-con-8-estaciones-de-carga-para-body-cams-doble-interfaz-de-red-4-bahias-de-hdd-carga-y-respaldo-automatico-prevencion-de-perdida-de-datos-cobertura-ciclica-repro\/"},"modified":"2026-03-20T10:54:49","modified_gmt":"2026-03-20T10:54:49","slug":"dock-station-de-escritorio-con-8-estaciones-de-carga-para-body-cams-doble-interfaz-de-red-4-bahias-de-hdd-carga-y-respaldo-automatico-prevencion-de-perdida-de-datos-cobertura-ciclica-repro","status":"publish","type":"product","link":"https:\/\/soydeaqui.ddns.net\/pachuca\/index.php\/producto\/dock-station-de-escritorio-con-8-estaciones-de-carga-para-body-cams-doble-interfaz-de-red-4-bahias-de-hdd-carga-y-respaldo-automatico-prevencion-de-perdida-de-datos-cobertura-ciclica-repro\/","title":{"rendered":"Dock Station de Escritorio con 8 Estaciones de Carga para Body Cams \/ Doble Interfaz de Red \/ 4 Bah\u00edas de HDD \/ Carga y Respaldo Autom\u00e1tico \/ Prevenci\u00f3n de P\u00e9rdida de Datos \/ Cobertura C\u00edclica \/ Reproducci\u00f3n d"},"content":{"rendered":"<div style='width: 100%; max-width: 1200px; margin: 0 auto; font-family: sans-serif; line-height: 1.6; color: inherit; background-color: transparent;'>\n<div style='display: flex; flex-direction: column; gap: 30px;'>\n<div style='width: 100%; text-align: center;'> <img style='width: 45%; height: auto; border: 1px solid rgba(150&comma;150&comma;150&comma;0.3); border-radius: 8px;' src='https:\/\/ftp3.syscom.mx\/usuarios\/jsosa\/HIKVISION\/imagenes\/logo\/hikvision%20see%20far.png' alt='Logo Hikvision'> <\/div>\n<div style='font-size: 15px;'>\n<p>La estaci\u00f3n Dock de escritorio con 8 puertos est\u00e1 dise\u00f1ada para la recolecci\u00f3n de datos de c\u00e1maras corporales. Proporciona una manera simplificada de acceder y respaldar datos&comma; utilizando una interfaz de red dual de 1000 M para evitar la p\u00e9rdida de datos mediante ANR y cobertura c\u00edclica de archivos. Adem\u00e1s&comma; ofrece reproducci\u00f3n de medios y gesti\u00f3n de registros.<\/p>\n<\/p><\/div>\n<div style='display: flex; flex-wrap: wrap; gap: 30px;'>\n<div style='flex: 1 1 300px; min-width: 280px;'>\n<h3 style='font-size: 22px; border-bottom: 2px solid currentColor; padding-bottom: 5px; margin-top: 0; color: inherit; opacity: 0.8;'>Caracter\u00edsticas Principales<\/h3>\n<ul style='padding-left: 20px; font-size: 15px; color: inherit;'>\n<li style='margin-bottom: 5px;'>8 Puertos para C\u00e1maras Corporales<\/li>\n<li style='margin-bottom: 5px;'>Interfaz de Red Dual de 1000 Mbps<\/li>\n<li style='margin-bottom: 5px;'>Lectura Autom\u00e1tica de Hora y Fecha<\/li>\n<li style='margin-bottom: 5px;'>Reproducci\u00f3n de Videos&comma; Audios e Im\u00e1genes<\/li>\n<li style='margin-bottom: 5px;'>Gesti\u00f3n de Registros<\/li>\n<li style='margin-bottom: 5px;'>Carga&comma; Subida de Datos y Limpieza de Espacio Autom\u00e1ticamente<\/li>\n<li style='margin-bottom: 5px;'>Prevenci\u00f3n de P\u00e9rdida de Datos con ANR (Reposici\u00f3n Autom\u00e1tica de Red)<\/li>\n<li style='margin-bottom: 5px;'>Cobertura C\u00edclica de Archivos<\/li>\n<li style='margin-bottom: 5px;'>Compatible con HikCentral Pro y HikCentral Master<\/li>\n<li style='margin-bottom: 5px;'>Navegadores Compatibles: IE 10+&comma; Chrome 57.0+&comma; Firefox 52.0+<\/li>\n<li style='margin-bottom: 5px;'>Integraci\u00f3n fluida con plataformas de video muro y almacenamiento h\u00edbrido SAN<\/li>\n<li style='margin-bottom: 5px;'>Aplicaci\u00f3n ideal para seguridad p\u00fablica y departamentos policiales<\/li>\n<\/ul><\/div>\n<div style='flex: 1 1 300px; min-width: 280px;'>\n<h3 style='font-size: 22px; border-bottom: 2px solid currentColor; padding-bottom: 5px; margin-top: 0; color: inherit; opacity: 0.8;'>Caracter\u00edsticas F\u00edsicas y El\u00e9ctricas<\/h3>\n<ul style='padding-left: 20px; font-size: 15px; color: inherit;'>\n<li style='margin-bottom: 5px;'>Interfaces: 1 \u00d7 USB 3.0&comma; 2 \u00d7 USB 2.0&comma; HDMI<\/li>\n<li style='margin-bottom: 5px;'>Protocolos de Red: HTTPS&comma; FTP&comma; NTP&comma; SADP&comma; ISAPI<\/li>\n<li style='margin-bottom: 5px;'>Indicadores LED: energ\u00eda&comma; disco duro&comma; red&comma; carga y grabaci\u00f3n<\/li>\n<li style='margin-bottom: 5px;'>Sistema Operativo: Linux<\/li>\n<li style='margin-bottom: 5px;'>Poder: 100 a 240 VAC&comma; m\u00e1x. 250 W<\/li>\n<li style='margin-bottom: 5px;'>Condiciones Operativas: -10 \u00b0C a 55 \u00b0C; Humedad menor al 95% (no condensante)<\/li>\n<li style='margin-bottom: 5px;'>Capacidad de HDD: 4 \u00d7 8 TB (incluye 1 HDD de 2 TB)<\/li>\n<li style='margin-bottom: 5px;'>Dimensiones: 400 \u00d7 300 \u00d7 124 mm<\/li>\n<li style='margin-bottom: 5px;'>Peso: 7.1 kg<\/li>\n<li style='margin-bottom: 5px;'>Puertos USB: 1 Puerto USB 3.0<\/li>\n<\/ul><\/div>\n<\/p><\/div>\n<div style='display: flex; flex-direction: column; gap: 15px;'>\n<h3 style='font-size: 22px; border-bottom: 2px solid currentColor; padding-bottom: 5px; margin-top: 0; color: inherit; opacity: 0.8;'>Consideraciones para poder tener transmisi\u00f3n y centralizaci\u00f3n remota<\/h3>\n<div style='border: 1px solid rgba(150&comma;150&comma;150&comma;0.4); border-radius: 8px; overflow: hidden; display: flex; flex-direction: column;'>\n<div style='padding: 15px; border-bottom: 1px solid rgba(150&comma;150&comma;150&comma;0.2); font-weight: bold; font-size: 18px; color: inherit;'>Licencias Requeridas<\/div>\n<div style='padding: 15px; color: inherit;'>\n<ul style='padding-left: 20px; margin: 0; font-size: 14px; list-style-type: disc;'>\n<li style='margin-bottom: 10px;'> <a href='https:\/\/www.syscom.mx\/principal\/searchcont?route=HC-P-VSS-B\/0C-HIKVISION-188079&#038;autodetect=hcp' style='color: #005cb9; text-decoration: none; font-weight: 600;'>HC-P-VSS-B\/0C<\/a>: Licencia Base para el software HikCentral Professional. <\/li>\n<li style='margin-bottom: 10px;'> <a href='https:\/\/www.syscom.mx\/principal\/searchcont?route=HC-P-BWC\/1C-HIKVISION-224585&#038;autodetect=hcpbwc' style='color: #005cb9; text-decoration: none; font-weight: 600;'>HC-P-BWC\/1C<\/a>: Licencia para a\u00f1adir una Body Camera Port\u00e1til (incluye el uso de Dock Station). <\/li>\n<li style='margin-bottom: 10px;'> <a href='https:\/\/www.syscom.mx\/principal\/searchcont?route=HC-PSTORE\/SB-HIKVISION-165615&#038;autodetect=hcp' style='color: #005cb9; text-decoration: none; font-weight: 600;'>HC-PSTORE\/SB<\/a>: Licencia Base de Pstore para captura de imagen (solo una por servidor). <\/li>\n<\/ul><\/div>\n<\/p><\/div>\n<div style='border: 1px solid rgba(150&comma;150&comma;150&comma;0.4); border-radius: 8px; overflow: hidden; display: flex; flex-direction: column;'>\n<div style='padding: 15px; border-bottom: 1px solid rgba(150&comma;150&comma;150&comma;0.2); font-weight: bold; font-size: 18px; color: inherit;'>Requisitos de Infraestructura<\/div>\n<div style='padding: 15px; color: inherit;'>\n<ul style='padding-left: 20px; margin: 0; font-size: 14px; list-style-type: disc;'>\n<li style='margin-bottom: 10px;'>Se requiere un servidor (PC) dedicado para colocar las licencias del software HikCentral Professional. En este servidor se dejan corriendo los servicios para poder consultar video en vivo&comma; ver grabaciones y posicionamiento de manera remota. (Recomendado: servidor m\u00ednimo Core i5 y 8 GB de RAM).<\/li>\n<li style='margin-bottom: 10px;'>Se requiere tener una IP p\u00fablica fija (dedicada) y un buen ancho de banda&comma; dependiendo del n\u00famero de DVRs m\u00f3viles a centralizar.<\/li>\n<\/ul><\/div>\n<\/p><\/div>\n<\/p><\/div>\n<div style='width: 100%;'> <img style='width: 100%; height: auto; border: 1px solid rgba(150&comma;150&comma;150&comma;0.3); border-radius: 8px;' src='' alt=''> <\/div>\n<\/p><\/div>\n<\/p><\/div>\n","protected":false},"excerpt":{"rendered":"<p>Dock Station de Escritorio con 8 Estaciones de Carga para Body Cams \/ Doble Interfaz de Red \/ 4 Bah\u00edas de HDD \/ Carga y Respaldo Autom\u00e1tico \/ Prevenci\u00f3n de P\u00e9rdida de Datos \/ Cobertura C\u00edclica \/ Reproducci\u00f3n d<\/p>\n","protected":false},"featured_media":100028,"comment_status":"open","ping_status":"closed","template":"","meta":[],"product_brand":[],"product_cat":[1408,1406],"product_tag":[93,1409,54,1345],"class_list":{"0":"post-100029","1":"product","2":"type-product","3":"status-publish","4":"has-post-thumbnail","6":"product_cat-accesorios-dash-cams-y-body-cams","7":"product_cat-videograbadoras-moviles-videovigilancia","8":"product_tag-accesorios","9":"product_tag-dash-cams-y-body-cams","10":"product_tag-hikvision","11":"product_tag-videograbadoras-moviles","13":"first","14":"instock","15":"sale","16":"shipping-taxable","17":"purchasable","18":"product-type-simple"},"_links":{"self":[{"href":"https:\/\/soydeaqui.ddns.net\/pachuca\/index.php\/wp-json\/wp\/v2\/product\/100029","targetHints":{"allow":["GET"]}}],"collection":[{"href":"https:\/\/soydeaqui.ddns.net\/pachuca\/index.php\/wp-json\/wp\/v2\/product"}],"about":[{"href":"https:\/\/soydeaqui.ddns.net\/pachuca\/index.php\/wp-json\/wp\/v2\/types\/product"}],"replies":[{"embeddable":true,"href":"https:\/\/soydeaqui.ddns.net\/pachuca\/index.php\/wp-json\/wp\/v2\/comments?post=100029"}],"wp:featuredmedia":[{"embeddable":true,"href":"https:\/\/soydeaqui.ddns.net\/pachuca\/index.php\/wp-json\/wp\/v2\/media\/100028"}],"wp:attachment":[{"href":"https:\/\/soydeaqui.ddns.net\/pachuca\/index.php\/wp-json\/wp\/v2\/media?parent=100029"}],"wp:term":[{"taxonomy":"product_brand","embeddable":true,"href":"https:\/\/soydeaqui.ddns.net\/pachuca\/index.php\/wp-json\/wp\/v2\/product_brand?post=100029"},{"taxonomy":"product_cat","embeddable":true,"href":"https:\/\/soydeaqui.ddns.net\/pachuca\/index.php\/wp-json\/wp\/v2\/product_cat?post=100029"},{"taxonomy":"product_tag","embeddable":true,"href":"https:\/\/soydeaqui.ddns.net\/pachuca\/index.php\/wp-json\/wp\/v2\/product_tag?post=100029"}],"curies":[{"name":"wp","href":"https:\/\/api.w.org\/{rel}","templated":true}]}}