{"id":100018,"date":"2026-03-20T10:54:13","date_gmt":"2026-03-20T10:54:13","guid":{"rendered":"https:\/\/soydeaqui.ddns.net\/pachuca\/index.php\/producto\/nvr-de-12-megapixel-sistema-operativo-ubuntu-linux-hasta-32-canales-6tb-incluidos-16-puertos-poe-h-265-wisestream-incluye-1-licencia-de-4-canales\/"},"modified":"2026-03-20T10:54:18","modified_gmt":"2026-03-20T10:54:18","slug":"nvr-de-12-megapixel-sistema-operativo-ubuntu-linux-hasta-32-canales-6tb-incluidos-16-puertos-poe-h-265-wisestream-incluye-1-licencia-de-4-canales","status":"publish","type":"product","link":"https:\/\/soydeaqui.ddns.net\/pachuca\/index.php\/producto\/nvr-de-12-megapixel-sistema-operativo-ubuntu-linux-hasta-32-canales-6tb-incluidos-16-puertos-poe-h-265-wisestream-incluye-1-licencia-de-4-canales\/","title":{"rendered":"NVR de 12 Megap\u00edxel sistema operativo Ubuntu Linux \/ Hasta 32 canales \/ 6TB Incluidos \/ 16 puertos PoE+ \/ H.265 &#038; WiseStream \/ Incluye 1 Licencia de 4 canales"},"content":{"rendered":"<div style='width: 100%; max-width: 1200px; margin: 0 auto; font-family: sans-serif; line-height: 1.6; color: inherit; background-color: transparent;'> <!-- Secci\u00f3n introductoria --> <\/p>\n<div style='margin-bottom: 30px; text-align: center;'>\n<p style='font-size: 20px; margin: 0 0 15px;'><strong>Un NVR con un VMS integrado para usted<\/strong><\/p>\n<p style='font-size: 18px; margin: 0; color: inherit; opacity: 0.8;'>Cada caracter\u00edstica de Wisenet WAVE est\u00e1 dise\u00f1ada cuidadosamente para proporcionar una experiencia simple pero poderosa&comma; ya sea usuario final&comma; integrador de sistemas o socio tecnol\u00f3gico.<\/p>\n<\/p><\/div>\n<p> <!-- T\u00edtulo Funciones principales --> <\/p>\n<div style='text-align: center; margin: 30px 0;'>\n<h2 style='font-size: 28px; margin: 0; color: inherit;'><strong>Funciones principales<\/strong><\/h2>\n<\/p><\/div>\n<p> <!-- Secci\u00f3n de videos y texto --> <\/p>\n<div style='display: flex; flex-wrap: wrap; gap: 30px; margin-bottom: 30px;'> <!-- Video 1 --> <\/p>\n<div style='flex: 1 1 560px; min-width: 280px;'>\n<div style='position: relative; padding-bottom: 56.25%; height: 0; overflow: hidden;'>   <\/div>\n<\/p><\/div>\n<p> <!-- Contenido texto 1 --> <\/p>\n<div style='flex: 1 1 300px; min-width: 280px;'>\n<h3 style='font-size: 22px; border-bottom: 2px solid currentColor; padding-bottom: 5px; margin-top: 0; color: inherit; opacity: 0.8;'>F\u00e1cil manejo de PTZ<\/h3>\n<p style='font-size: 15px; color: inherit; margin-top: 10px;'>Controle las PTZ de su sistema con el rat\u00f3n de su NVR&comma; es m\u00e1s sencillo que utilizar un controlador. Solamente <strong><span style='color: #f37934;'>dibuje<\/span><\/strong> un cuadro hacia d\u00f3nde quiere que la PTZ haga zoom&comma; presione un solo <span style='color: #f37934;'><strong>click<\/strong><\/span> para que se mueva a donde el cursor indica&comma; <strong><span style='color: #f37934;'>doble click<\/span><\/strong> para regresar el zoom y haga el enfoque de manera autom\u00e1tica.<\/p>\n<\/p><\/div>\n<\/p><\/div>\n<p> <!-- Secci\u00f3n de texto y video 2 --> <\/p>\n<div style='display: flex; flex-wrap: wrap; gap: 30px; margin-bottom: 30px;'> <!-- Contenido texto 2 --> <\/p>\n<div style='flex: 1 1 300px; min-width: 280px;'>\n<h3 style='font-size: 22px; border-bottom: 2px solid currentColor; padding-bottom: 5px; margin-top: 0; color: inherit; opacity: 0.8;'>El acomodo de c\u00e1maras m\u00e1s \u00e1gil del mercado<\/h3>\n<ul style='padding-left: 20px; margin-top: 15px; font-size: 15px; color: inherit;'>\n<li style='margin-bottom: 5px;'>El monitorista gozar\u00e1 del acomodo de c\u00e1maras m\u00e1s f\u00e1cil e intuitivo que existe en un software&comma; con dar solamente <span style='color: #f37934;'><strong>doble click<\/strong><\/span> sobre las c\u00e1maras el software se encargar\u00e1 de acomodarlas sobre el panel de visualizaci\u00f3n.<\/li>\n<li style='margin-bottom: 5px;'><span style='color: #f37934;'><strong>Arrastre<\/strong><\/span> las im\u00e1genes para hacerlas m\u00e1s grandes o peque\u00f1as.<\/li>\n<li style='margin-bottom: 5px;'><span style='color: #f37934;'><strong>Dibuje<\/strong><\/span> un recuadro sobre un punto de inter\u00e9s para que el software abra una ventana especial solo para visualizar ese punto.<\/li>\n<\/ul><\/div>\n<p> <!-- Video 2 --> <\/p>\n<div style='flex: 1 1 560px; min-width: 280px;'>\n<div style='position: relative; padding-bottom: 56.25%; height: 0; overflow: hidden;'>   <\/div>\n<\/p><\/div>\n<\/p><\/div>\n<p> <!-- Secci\u00f3n de video y texto 3 --> <\/p>\n<div style='display: flex; flex-wrap: wrap; gap: 30px; margin-bottom: 30px;'> <!-- Video 3 --> <\/p>\n<div style='flex: 1 1 560px; min-width: 280px;'>\n<div style='position: relative; padding-bottom: 56.25%; height: 0; overflow: hidden;'>   <\/div>\n<\/p><\/div>\n<p> <!-- Contenido texto 3 --> <\/p>\n<div style='flex: 1 1 300px; min-width: 280px;'>\n<h3 style='font-size: 22px; border-bottom: 2px solid currentColor; padding-bottom: 5px; margin-top: 0; color: inherit; opacity: 0.8;'>Integre sus c\u00e1maras en 2 pasos al sistema<\/h3>\n<p style='font-size: 15px; color: inherit; margin-top: 10px;'>Con ayuda del buscador de c\u00e1maras IP en la red&comma; encuentre todos los dispositivos que tenga conectados en red para as\u00ed solamente tenga que ingresar el usuario y contrase\u00f1a para poder integrar sus c\u00e1maras al sistema. <span style='color: #f37934;'><strong>Facilitando la configuraci\u00f3n del sistema<\/strong><\/span>.<\/p>\n<\/p><\/div>\n<\/p><\/div>\n<p> <!-- Secci\u00f3n de b\u00fasqueda inteligente --> <\/p>\n<div style='display: flex; flex-wrap: wrap; gap: 30px; margin-bottom: 30px;'> <!-- Contenido texto 4 --> <\/p>\n<div style='flex: 1 1 300px; min-width: 280px;'>\n<h3 style='font-size: 22px; border-bottom: 2px solid currentColor; padding-bottom: 5px; margin-top: 0; color: inherit; opacity: 0.8;'>B\u00fasqueda inteligente de grabaciones<\/h3>\n<p style='font-size: 15px; color: inherit; margin-top: 10px;'><span style='color: #f37934;'><strong>Ahorre tiempo<\/strong><\/span> en buscar un evento utilizando la funci\u00f3n de b\u00fasqueda inteligente. Ingrese a la grabaci\u00f3n y dibuje un \u00e1rea en donde ocurri\u00f3 el evento&comma; el software se encargar\u00e1 de filtrar y mostrar todos los videos en donde haya habido movimiento dentro de esa \u00e1rea.<\/p>\n<\/p><\/div>\n<p> <!-- Video 4 --> <\/p>\n<div style='flex: 1 1 560px; min-width: 280px;'>\n<div style='position: relative; padding-bottom: 56.25%; height: 0; overflow: hidden;'>   <\/div>\n<\/p><\/div>\n<\/p><\/div>\n<p> <!-- Secci\u00f3n de cards de especificaciones --> <\/p>\n<div style='display: flex; flex-wrap: wrap; gap: 20px; margin-bottom: 30px;'> <!-- Caracter\u00edsticas principales --> <\/p>\n<div style='flex: 1 1 300px; border: 1px solid rgba(150&comma; 150&comma; 150&comma; 0.4); border-radius: 8px; overflow: hidden; display: flex; flex-direction: column;'>\n<div style='padding: 15px; border-bottom: 1px solid rgba(150&comma; 150&comma; 150&comma; 0.2); font-weight: bold; font-size: 18px; color: inherit; background-color: rgba(243&comma; 115&comma; 36&comma; 0.05);'>Caracter\u00edsticas principales:<\/div>\n<div style='padding: 15px; color: inherit;'>\n<ul style='padding-left: 20px; margin: 0; font-size: 14px; list-style-type: disc;'>\n<li style='margin-bottom: 5px;'>Hasta 32 canales de 12 MP (<strong>Requiere licencias WAVE-PRO<\/strong>)<\/li>\n<li style='margin-bottom: 5px;'>Soporta 4 HDD de hasta 10TB cada uno <strong>(Incluye 6TB)<\/strong><\/li>\n<li style='margin-bottom: 5px;'>Cuenta con 16 puertos POE \/ POE+ \/ 200W M\u00e1ximo<\/li>\n<li style='margin-bottom: 5px;'>Ancho de banda del grabador <strong>250Mbps<\/strong><\/li>\n<li style='margin-bottom: 5px;'>Formatos de compresi\u00f3n H.265 y H.264<\/li>\n<li style='margin-bottom: 5px;'>Salida de video: HDMI \/ DP<\/li>\n<li style='margin-bottom: 5px;'>Ubuntu Linux 22.04 LTS &#038; WAVE VMS client &#038; server<\/li>\n<li style='margin-bottom: 5px;'>Soporta AI Metadata<\/li>\n<\/ul><\/div>\n<\/p><\/div>\n<p> <!-- Funciones especiales --> <\/p>\n<div style='flex: 1 1 300px; border: 1px solid rgba(150&comma; 150&comma; 150&comma; 0.4); border-radius: 8px; overflow: hidden; display: flex; flex-direction: column;'>\n<div style='padding: 15px; border-bottom: 1px solid rgba(150&comma; 150&comma; 150&comma; 0.2); font-weight: bold; font-size: 18px; color: inherit; background-color: rgba(243&comma; 115&comma; 36&comma; 0.05);'>Funciones especiales:<\/div>\n<div style='padding: 15px; color: inherit;'>\n<ul style='padding-left: 20px; margin: 0; font-size: 14px; list-style-type: disc;'>\n<li style='margin-bottom: 5px;'>Soporta m\u00faltiples instancias de cliente.<\/li>\n<li style='margin-bottom: 5px;'>Dewarping de c\u00e1maras fisheye.<\/li>\n<li style='margin-bottom: 5px;'>Vistas administrables por el usuario.<\/li>\n<li style='margin-bottom: 5px;'>Administraci\u00f3n de eventos.<\/li>\n<li style='margin-bottom: 5px;'>Control PTZ avanzado.<\/li>\n<li style='margin-bottom: 5px;'>Soporta m\u00faltiples marcas de c\u00e1maras<\/li>\n<li style='margin-bottom: 5px;'>Compatible con ONVIF<\/li>\n<li style='margin-bottom: 5px;'>M\u00faltiples actualizaciones en un solo click.<\/li>\n<li style='margin-bottom: 5px;'>WAVE Sync para visualizaci\u00f3n remota.<\/li>\n<li style='margin-bottom: 5px;'>Soporta AI Metadata<\/li>\n<\/ul><\/div>\n<\/p><\/div>\n<p> <!-- Caracter\u00edsticas f\u00edsicas --> <\/p>\n<div style='flex: 1 1 300px; border: 1px solid rgba(150&comma; 150&comma; 150&comma; 0.4); border-radius: 8px; overflow: hidden; display: flex; flex-direction: column;'>\n<div style='padding: 15px; border-bottom: 1px solid rgba(150&comma; 150&comma; 150&comma; 0.2); font-weight: bold; font-size: 18px; color: inherit; background-color: rgba(243&comma; 115&comma; 36&comma; 0.05);'>Caracter\u00edsticas f\u00edsicas:<\/div>\n<div style='padding: 15px; color: inherit;'>\n<ul style='padding-left: 20px; margin: 0; font-size: 14px; list-style-type: disc;'>\n<li style='margin-bottom: 5px;'>Procesador Quad core<\/li>\n<li style='margin-bottom: 5px;'>Memoria RAM DDR4 8GB<\/li>\n<li style='margin-bottom: 5px;'>OS HDD: eMMC 32GB<\/li>\n<li style='margin-bottom: 5px;'>2 puertos RJ45 1Gbps<\/li>\n<li style='margin-bottom: 5px;'>16 puertos POE 100Mbps para conexi\u00f3n de c\u00e1maras.<\/li>\n<li style='margin-bottom: 5px;'>Consumo de energ\u00eda M\u00e1ximo 340W<\/li>\n<li style='margin-bottom: 5px;'>Dimensiones: 440 x 89.8 x 428.4mm<\/li>\n<li style='margin-bottom: 5px;'>Peso: 5.56Kg.<\/li>\n<\/ul><\/div>\n<\/p><\/div>\n<\/p><\/div>\n<p> <!-- Imagen de enlace --> <\/p>\n<div style='text-align: center; margin: 30px 0;'> <a href='https:\/\/wavevms.com\/resources\/compatible-devices\/\/' target='_blank' rel='noopener' style='text-decoration: none;'> <img style='width: 100%; max-width: 374px; height: auto; border: 1px solid rgba(150&comma;150&comma;150&comma;0.3); border-radius: 8px;' src='https:\/\/ftp3.syscom.mx\/usuarios\/imendez\/Hanwha\/Click%20aqui%203.jpg' alt=''> <\/a> <\/div>\n<p> <!-- T\u00edtulo otros videos --> <\/p>\n<div style='text-align: center; margin: 30px 0 20px;'>\n<h3 style='font-size: 24px; margin: 0; color: inherit;'><strong>Otros videos<\/strong><\/h3>\n<\/p><\/div>\n<p> <!-- Secci\u00f3n de videos adicionales --> <\/p>\n<div style='display: flex; flex-wrap: wrap; gap: 20px; margin-bottom: 30px;'>\n<div style='flex: 1 1 250px;'>\n<div style='border-left: 5px solid #F37934; border-radius: 8px; overflow: hidden;'>\n<div style='padding: 10px; background-color: rgba(243&comma; 115&comma; 36&comma; 0.05); font-weight: bold; color: inherit;'>Audio de 2 V\u00edas:<\/div>\n<\/p><\/div>\n<div style='position: relative; padding-bottom: 56.25%; height: 0; overflow: hidden; margin-top: 10px;'>   <\/div>\n<\/p><\/div>\n<div style='flex: 1 1 250px;'>\n<div style='border-left: 5px solid #F37934; border-radius: 8px; overflow: hidden;'>\n<div style='padding: 10px; background-color: rgba(243&comma; 115&comma; 36&comma; 0.05); font-weight: bold; color: inherit;'>Mapas Digitales:<\/div>\n<\/p><\/div>\n<div style='position: relative; padding-bottom: 56.25%; height: 0; overflow: hidden; margin-top: 10px;'>   <\/div>\n<\/p><\/div>\n<div style='flex: 1 1 250px;'>\n<div style='border-left: 5px solid #F37934; border-radius: 8px; overflow: hidden;'>\n<div style='padding: 10px; background-color: rgba(243&comma; 115&comma; 36&comma; 0.05); font-weight: bold; color: inherit;'>Dewarping en Fisheyes:<\/div>\n<\/p><\/div>\n<div style='position: relative; padding-bottom: 56.25%; height: 0; overflow: hidden; margin-top: 10px;'>   <\/div>\n<\/p><\/div>\n<\/p><\/div>\n<p> <!-- Secci\u00f3n de videos adicionales 2 --> <\/p>\n<div style='display: flex; flex-wrap: wrap; gap: 20px; margin-bottom: 30px;'>\n<div style='flex: 1 1 250px;'>\n<div style='border-left: 5px solid #F37934; border-radius: 8px; overflow: hidden;'>\n<div style='padding: 10px; background-color: rgba(243&comma; 115&comma; 36&comma; 0.05); font-weight: bold; color: inherit;'>Salud del Sistema:<\/div>\n<\/p><\/div>\n<div style='position: relative; padding-bottom: 56.25%; height: 0; overflow: hidden; margin-top: 10px;'>   <\/div>\n<\/p><\/div>\n<div style='flex: 1 1 250px;'>\n<div style='border-left: 5px solid #F37934; border-radius: 8px; overflow: hidden;'>\n<div style='padding: 10px; background-color: rgba(243&comma; 115&comma; 36&comma; 0.05); font-weight: bold; color: inherit;'>Integraci\u00f3n de Video Anal\u00edticos:<\/div>\n<\/p><\/div>\n<div style='position: relative; padding-bottom: 56.25%; height: 0; overflow: hidden; margin-top: 10px;'>   <\/div>\n<\/p><\/div>\n<div style='flex: 1 1 250px;'>\n<div style='border-left: 5px solid #F37934; border-radius: 8px; overflow: hidden;'>\n<div style='padding: 10px; background-color: rgba(243&comma; 115&comma; 36&comma; 0.05); font-weight: bold; color: inherit;'>Exportaci\u00f3n de Videos:<\/div>\n<\/p><\/div>\n<div style='position: relative; padding-bottom: 56.25%; height: 0; overflow: hidden; margin-top: 10px;'>   <\/div>\n<\/p><\/div>\n<\/p><\/div>\n<p> <!-- Garant\u00eda --> <\/p>\n<div style='margin-top: 30px; padding: 15px; border: 1px solid rgba(150&comma;150&comma;150&comma;0.3); border-radius: 8px; text-align: center; font-size: 16px; color: inherit;'> <strong>Garant\u00eda de 3 a\u00f1os.<\/strong> <\/div>\n<\/p><\/div>\n","protected":false},"excerpt":{"rendered":"<p>NVR de 12 Megap\u00edxel sistema operativo Ubuntu Linux \/ Hasta 32 canales \/ 6TB Incluidos \/ 16 puertos PoE+ \/ H.265 &#038; WiseStream \/ Incluye 1 Licencia de 4 canales<\/p>\n","protected":false},"featured_media":100017,"comment_status":"open","ping_status":"closed","template":"","meta":[],"product_brand":[],"product_cat":[2234],"product_tag":[122,1055,2235],"class_list":{"0":"post-100018","1":"product","2":"type-product","3":"status-publish","4":"has-post-thumbnail","6":"product_cat-nvrs-network-video-recorders","7":"product_tag-camaras-ip-y-nvrs","8":"product_tag-hanwha-vision","9":"product_tag-nvrs-network-video-recorders","11":"first","12":"outofstock","13":"sale","14":"shipping-taxable","15":"purchasable","16":"product-type-simple"},"_links":{"self":[{"href":"https:\/\/soydeaqui.ddns.net\/pachuca\/index.php\/wp-json\/wp\/v2\/product\/100018","targetHints":{"allow":["GET"]}}],"collection":[{"href":"https:\/\/soydeaqui.ddns.net\/pachuca\/index.php\/wp-json\/wp\/v2\/product"}],"about":[{"href":"https:\/\/soydeaqui.ddns.net\/pachuca\/index.php\/wp-json\/wp\/v2\/types\/product"}],"replies":[{"embeddable":true,"href":"https:\/\/soydeaqui.ddns.net\/pachuca\/index.php\/wp-json\/wp\/v2\/comments?post=100018"}],"wp:featuredmedia":[{"embeddable":true,"href":"https:\/\/soydeaqui.ddns.net\/pachuca\/index.php\/wp-json\/wp\/v2\/media\/100017"}],"wp:attachment":[{"href":"https:\/\/soydeaqui.ddns.net\/pachuca\/index.php\/wp-json\/wp\/v2\/media?parent=100018"}],"wp:term":[{"taxonomy":"product_brand","embeddable":true,"href":"https:\/\/soydeaqui.ddns.net\/pachuca\/index.php\/wp-json\/wp\/v2\/product_brand?post=100018"},{"taxonomy":"product_cat","embeddable":true,"href":"https:\/\/soydeaqui.ddns.net\/pachuca\/index.php\/wp-json\/wp\/v2\/product_cat?post=100018"},{"taxonomy":"product_tag","embeddable":true,"href":"https:\/\/soydeaqui.ddns.net\/pachuca\/index.php\/wp-json\/wp\/v2\/product_tag?post=100018"}],"curies":[{"name":"wp","href":"https:\/\/api.w.org\/{rel}","templated":true}]}}